{"id":5642,"date":"2016-05-02T22:44:33","date_gmt":"2016-05-02T20:44:33","guid":{"rendered":"http:\/\/culturesconnection.com\/fr\/?page_id=5642"},"modified":"2023-05-10T23:45:24","modified_gmt":"2023-05-10T21:45:24","slug":"traducteur-professionnel","status":"publish","type":"page","link":"https:\/\/culturesconnection.com\/fr\/traducteur-professionnel\/","title":{"rendered":"Traducteurs professionnels | dans plus de 80 langues"},"content":{"rendered":"\n<h2 class=\"wp-block-heading\">Plus de 80 langues&nbsp;traduites<\/h2>\n\n\n\n<p>Nous proposons des <a href=\"https:\/\/culturesconnection.com\/fr\/services-de-traduction\/\">services de traduction professionnelle<\/a> dans plus de <strong>80 langues et des dizaines de combinaisons linguistiques<\/strong>. Nous traduisons de et vers l&rsquo;anglais, le fran\u00e7ais, l\u2019espagnol, l&rsquo;allemand, l&rsquo;italien\u2026 Qu\u2019il s\u2019agisse d\u2019une traduction en anglais ou d\u2019une traduction en japonais, nos chefs de projet veillent \u00e0 s\u00e9lectionner, pour vous, le professionnel ayant le profil le plus adapt\u00e9 \u00e0 vos besoins. D\u00e9couvrez nos langues et l\u2019avis de nos traducteurs experts :<\/p>\n\n\n\n<figure class=\"wp-block-table\"><table><tbody><tr><td><a href=\"https:\/\/culturesconnection.com\/fr\/services-de-traduction-anglais\/\">ANGLAIS<\/a><\/td><td><a href=\"https:\/\/culturesconnection.com\/fr\/services-de-traduction-neerlandais\/\">N\u00c9ERLANDAIS<\/a><\/td><td><a href=\"https:\/\/culturesconnection.com\/fr\/services-de-traduction-japonais\/\">JAPONAIS<\/a><\/td><td><a href=\"https:\/\/culturesconnection.com\/fr\/services-de-traduction-suedois\/\">SU\u00c9DOIS<\/a><\/td><td><a href=\"https:\/\/culturesconnection.com\/fr\/services-de-traduction-bosniaque-bosnien\/\">BOSNIAQUE<\/a><\/td><\/tr><tr><td><a href=\"https:\/\/culturesconnection.com\/fr\/services-de-traduction-espagnol\/\">ESPAGNOL<\/a><\/td><td><a href=\"https:\/\/culturesconnection.com\/fr\/services-de-traduction-en-turc\/\">TURC<\/a><\/td><td><a href=\"https:\/\/culturesconnection.com\/fr\/services-de-traduction-coreen\/\">COR\u00c9EN<\/a><\/td><td><a href=\"https:\/\/culturesconnection.com\/fr\/services-de-traduction-danois\/\">DANOIS<\/a><\/td><td><a href=\"https:\/\/culturesconnection.com\/fr\/services-de-traduction-hongrois\/\">HONGROIS<\/a><\/td><\/tr><tr><td><a href=\"https:\/\/culturesconnection.com\/fr\/services-de-traduction-allemand\/\">ALLEMAND<\/a><\/td><td><a href=\"https:\/\/culturesconnection.com\/fr\/services-de-traduction-arabe\/\">ARABE<\/a><\/td><td><a href=\"https:\/\/culturesconnection.com\/fr\/services-de-traduction-ourdou\/\">OURDOU<\/a><\/td><td><a href=\"https:\/\/culturesconnection.com\/fr\/services-de-traduction-norvegien\/\">NORV\u00c9GIEN<\/a><\/td><td><a href=\"https:\/\/culturesconnection.com\/fr\/services-de-traduction-roumain\/\">ROUMAIN<\/a><\/td><\/tr><tr><td><a href=\"https:\/\/culturesconnection.com\/fr\/services-de-traduction-italien\/\">ITALIEN<\/a><\/td><td><a href=\"https:\/\/culturesconnection.com\/fr\/services-de-traduction-russe\/\">RUSSE<\/a><\/td><td><a href=\"https:\/\/culturesconnection.com\/fr\/services-de-traduction-grec\/\">GREC<\/a><\/td><td><a href=\"https:\/\/culturesconnection.com\/fr\/service-de-traduction-polonais\/\">POLONAIS<\/a><\/td><td><a href=\"https:\/\/culturesconnection.com\/fr\/services-de-traduction-croate\/\">CROATE<\/a><\/td><\/tr><tr><td><a href=\"https:\/\/culturesconnection.com\/fr\/services-de-traduction-portugais\/\">PORTUGAIS<\/a><\/td><td><a href=\"https:\/\/culturesconnection.com\/fr\/services-de-traduction-chinois\/\">CHINOIS<\/a><\/td><td><a href=\"https:\/\/culturesconnection.com\/fr\/services-de-traduction-finnois\/\">FINNOIS<\/a><\/td><td><a href=\"https:\/\/culturesconnection.com\/fr\/services-de-traduction-tcheque\/\">TCH\u00c8QUE<\/a><\/td><td><a href=\"https:\/\/culturesconnection.com\/fr\/service-traduction-bulgare\/\">BULGARE<\/a><\/td><\/tr><\/tbody><\/table><\/figure>\n\n\n\n<h2 class=\"wp-block-heading\">Un r\u00e9seau de traducteurs professionnels \u00e0 votre service<\/h2>\n\n\n\n<p>Forte de son exp\u00e9rience dans le domaine des langues, notre <a href=\"https:\/\/culturesconnection.com\/fr\/\">agence de traduction<\/a> s\u2019est entour\u00e9e de <strong>traducteurs fiables, rigoureux et comp\u00e9tents<\/strong>. Pour garantir au client un service conforme \u00e0 ses attentes, le processus de recrutement de Cultures Connection est bas\u00e9 sur des crit\u00e8res tr\u00e8s stricts. Nous ne recrutons que des traducteurs titulaires d\u2019un dipl\u00f4me reconnu par les autorit\u00e9s officielles de leur pays et ayant au minimum cinq ans d\u2019exp\u00e9rience.<\/p>\n\n\n\n<p>Ces derniers doivent valider une s\u00e9rie d\u2019\u00e9preuves afin d\u2019int\u00e9grer notre \u00e9quipe d\u2019experts et sont r\u00e9guli\u00e8rement soumis \u00e0 des tests de niveau. Outre leurs comp\u00e9tences linguistiques, nos traducteurs professionnels sont des sp\u00e9cialistes hors pair dans leur domaine (finance, commerce, sciences, m\u00e9decine, juridique, audiovisuel&#8230;). Conform\u00e9ment \u00e0 la r\u00e9glementation europ\u00e9enne en vigueur, ils ne travaillent que vers leur langue maternelle.<\/p>\n\n\n\n<h2 class=\"wp-block-heading\">Des services de traduction adapt\u00e9s \u00e0 votre secteur d\u2019activit\u00e9<\/h2>\n\n\n\n<p>Cultures Connection travaille pour des entreprises aux secteurs d\u2019activit\u00e9s tr\u00e8s distincts. Bas\u00e9e \u00e0 <a href=\"https:\/\/culturesconnection.com\/fr\/agence-de-traduction-paris\/\">Paris<\/a>, \u00e0 <a href=\"https:\/\/culturesconnection.com\/fr\/agence-de-traduction-nice\/\">Nice<\/a>, \u00e0 <a href=\"https:\/\/culturesconnection.com\/fr\/agence-de-traduction-buenos-aires\/\">Buenos Aires<\/a> et \u00e0 <a href=\"https:\/\/culturesconnection.com\/fr\/agence-de-traduction-a-new-york\/\">New York<\/a>, notre soci\u00e9t\u00e9 de traduction s\u2019appuie sur un r\u00e9seau de plus de <strong>740 traducteurs professionnels \u00e0 travers le monde<\/strong> pr\u00eats \u00e0 vous accompagner dans l\u2019internationalisation de votre communication. Que vous ayez besoin d\u2019une traduction technique, d\u2019une traduction juridique ou d\u2019une traduction commerciale, nos chefs de projets s\u2019engagent \u00e0 s\u00e9lectionner les experts linguistiques les plus qualifi\u00e9s pour votre projet.<\/p>\n\n\n\n<h2 class=\"wp-block-heading\">Notre top 10 des combinaisons linguistiques<\/h2>\n\n\n\n<ul class=\"wp-block-list\">\n<li><a href=\"https:\/\/culturesconnection.com\/fr\/services-de-traduction-francais-anglais\/\">Traduction fran\u00e7ais anglais<\/a><\/li>\n\n\n\n<li><a href=\"https:\/\/culturesconnection.com\/fr\/services-de-traduction-francais-espagnol\/\">Traduction fran\u00e7ais espagnol<\/a><\/li>\n\n\n\n<li><a href=\"https:\/\/culturesconnection.com\/fr\/services-de-traduction-allemand\/\">Traduction fran\u00e7ais allemand<\/a><\/li>\n\n\n\n<li><a href=\"https:\/\/culturesconnection.com\/fr\/services-de-traduction-francais-chinois\/\">Traduction fran\u00e7ais chinois<\/a><\/li>\n\n\n\n<li><a href=\"https:\/\/culturesconnection.com\/fr\/services-de-traduction-francais-arabe\/\">Traduction fran\u00e7ais arabe<\/a><\/li>\n\n\n\n<li><a href=\"https:\/\/culturesconnection.com\/fr\/services-de-traduction-francais-portugais\/\">Traduction fran\u00e7ais portugais<\/a><\/li>\n\n\n\n<li><a href=\"https:\/\/culturesconnection.com\/fr\/services-de-traduction-francais-italien\/\">Traduction fran\u00e7ais italien<\/a><\/li>\n\n\n\n<li><a href=\"https:\/\/culturesconnection.com\/fr\/services-de-traduction-francais-neerlandais\/\">Traduction fran\u00e7ais n\u00e9erlandais<\/a><\/li>\n\n\n\n<li><a href=\"https:\/\/culturesconnection.com\/fr\/services-de-traduction-francais-turc\/\">Traduction fran\u00e7ais turc<\/a><\/li>\n\n\n\n<li><a href=\"https:\/\/culturesconnection.com\/fr\/services-de-traduction-francais-japonais\/\">Traduction fran\u00e7ais japonais<\/a><\/li>\n\n\n\n<li><a href=\"https:\/\/culturesconnection.com\/fr\/services-de-traduction-francais-russe\/\">Traduction fran\u00e7ais russe<\/a><\/li>\n<\/ul>\n","protected":false},"excerpt":{"rendered":"<p>Plus de 80 langues&nbsp;traduites Nous proposons des services de traduction professionnelle dans plus de 80 langues et des dizaines de combinaisons linguistiques. Nous traduisons de [&#8230;]<\/p>\n<p><a class=\"btn btn-secondary understrap-read-more-link\" href=\"https:\/\/culturesconnection.com\/fr\/traducteur-professionnel\/\">Lire la suite\u2026<span class=\"screen-reader-text\"> from Traducteurs professionnels | dans plus de 80 langues<\/span><\/a><\/p>\n","protected":false},"author":26,"featured_media":5682,"parent":0,"menu_order":0,"comment_status":"closed","ping_status":"closed","template":"","meta":{"_acf_changed":false,"_editorskit_title_hidden":false,"_editorskit_reading_time":1,"_editorskit_is_block_options_detached":false,"_editorskit_block_options_position":"{}","footnotes":""},"class_list":["post-5642","page","type-page","status-publish","has-post-thumbnail","hentry"],"acf":[],"_links":{"self":[{"href":"https:\/\/culturesconnection.com\/fr\/wp-json\/wp\/v2\/pages\/5642","targetHints":{"allow":["GET"]}}],"collection":[{"href":"https:\/\/culturesconnection.com\/fr\/wp-json\/wp\/v2\/pages"}],"about":[{"href":"https:\/\/culturesconnection.com\/fr\/wp-json\/wp\/v2\/types\/page"}],"author":[{"embeddable":true,"href":"https:\/\/culturesconnection.com\/fr\/wp-json\/wp\/v2\/users\/26"}],"replies":[{"embeddable":true,"href":"https:\/\/culturesconnection.com\/fr\/wp-json\/wp\/v2\/comments?post=5642"}],"version-history":[{"count":0,"href":"https:\/\/culturesconnection.com\/fr\/wp-json\/wp\/v2\/pages\/5642\/revisions"}],"wp:featuredmedia":[{"embeddable":true,"href":"https:\/\/culturesconnection.com\/fr\/wp-json\/wp\/v2\/media\/5682"}],"wp:attachment":[{"href":"https:\/\/culturesconnection.com\/fr\/wp-json\/wp\/v2\/media?parent=5642"}],"curies":[{"name":"wp","href":"https:\/\/api.w.org\/{rel}","templated":true}]}}