{"id":5634,"date":"2016-05-02T18:06:56","date_gmt":"2016-05-02T17:06:56","guid":{"rendered":"http:\/\/culturesconnection.com\/fr\/?page_id=5634"},"modified":"2023-03-15T16:37:09","modified_gmt":"2023-03-15T15:37:09","slug":"services-de-traduction-en-turc","status":"publish","type":"page","link":"https:\/\/culturesconnection.com\/fr\/services-de-traduction-en-turc\/","title":{"rendered":"Agence de traduction en turc"},"content":{"rendered":"\n<h2 class=\"wp-block-heading\">Services professionnels de traduction en turc<\/h2>\n\n\n\n<p>Vous cherchez une agence de traduction turc fran\u00e7ais et fran\u00e7ais turc\u00a0? Cultures Connection est une agence de traduction professionnelle, qui fournit des services de traduction de qualit\u00e9 depuis de nombreuses ann\u00e9es. Si vous avez besoin de services de traduction depuis le turc ou vers le turc, pour un document technique ou juridique, une pr\u00e9sentation marketing ou un site web, notre \u00e9quipe a la solution. Notre agence propose \u00e9galement un service de r\u00e9vision pour un document d\u00e9j\u00e0 traduit, un service audiovisuel (sous-titres) ou encore un service de localisation.<\/p>\n\n\n\n<p>Les \u00e9changes commerciaux entre la France et la Turquie continuent de progresser et occupent une place non n\u00e9gligeable dans le paysage \u00e9conomique fran\u00e7ais. La France est le septi\u00e8me fournisseur de la Turquie et son cinqui\u00e8me client. Les exportations fran\u00e7aises en Turquie concernent principalement les secteurs de l\u2019a\u00e9ronautique et de l\u2019automobile suivis par les produits pharmaceutiques, ferroviaires et agroalimentaires.<\/p>\n\n\n\n<p>Votre entreprise aspire \u00e0 se d\u00e9velopper sur les march\u00e9s turcs ? La traduction en turc de vos documents ou de votre site web peut offrir un s\u00e9rieux avantage comp\u00e9titif par rapport \u00e0 vos concurrents fran\u00e7ais ou \u00e9trangers, avec de nouveaux clients qui appr\u00e9cieront votre effort de communication dans leur langue maternelle. Cultures Connection vous propose ses services de traduction depuis ou vers le turc quels que soient la nature de votre projet ou votre secteur d\u2019activit\u00e9. Pour toutes les traductions et les autres services linguistiques, nous sommes tr\u00e8s vigilants avec les documents de nos clients. Avec notre agence, la confidentialit\u00e9 du contenu source et du contenu final est garantie. Faites appel \u00e0 nos services de traduction professionnels pour la langue turque&nbsp;!<\/p>\n\n\n\n<h2 class=\"wp-block-heading\">\u00c0 la recherche d\u2019un traducteur turc ?<\/h2>\n\n\n\n<p>Besoin d\u2019un traducteur fran\u00e7ais &#8211; turc ? D\u2019un traducteur turc &#8211; fran\u00e7ais ? Que vous soyez un grand groupe ou une PME, l\u2019agence Cultures Connection met \u00e0 votre service des traducteurs professionnels pour toutes vos traductions. Notre&nbsp;<a href=\"https:\/\/culturesconnection.com\/fr\/\">agence de traduction<\/a>&nbsp;est en relation avec de nombreux traducteurs de nationalit\u00e9 turque et s\u2019engage \u00e0 s\u00e9lectionner les experts linguistiques les plus qualifi\u00e9s pour traduire votre texte. Notre vaste r\u00e9seau de sp\u00e9cialistes nous permet de g\u00e9rer rapidement des demandes de traduction pour des secteurs d\u2019activit\u00e9s tr\u00e8s vari\u00e9s.<\/p>\n\n\n\n<p>En plus de leurs comp\u00e9tences linguistiques, nos traducteurs sont des sp\u00e9cialistes hors pair dans leur domaine. Ainsi, si vous avez besoin d\u2019une traduction commerciale en turc, notre soci\u00e9t\u00e9 de traduction fera appel \u00e0 un professionnel dot\u00e9 d&rsquo;une exp\u00e9rience av\u00e9r\u00e9e dans les m\u00e9tiers de la vente ou du marketing. Tous nos traducteurs turcs sont dipl\u00f4m\u00e9s et justifient d\u2019une exp\u00e9rience professionnelle d\u2019au moins cinq ann\u00e9es. Chaque traducteur r\u00e9alise la traduction de documents uniquement vers sa&nbsp;<a href=\"https:\/\/culturesconnection.com\/fr\/traducteur-professionnel\/\">langue<\/a> maternelle.<\/p>\n","protected":false},"excerpt":{"rendered":"<p>Services professionnels de traduction en turc Vous cherchez une agence de traduction turc fran\u00e7ais et fran\u00e7ais turc\u00a0? Cultures Connection est une agence de traduction professionnelle, [&#8230;]<\/p>\n<p><a class=\"btn btn-secondary understrap-read-more-link\" href=\"https:\/\/culturesconnection.com\/fr\/services-de-traduction-en-turc\/\">Lire la suite\u2026<span class=\"screen-reader-text\"> from Agence de traduction en turc<\/span><\/a><\/p>\n","protected":false},"author":26,"featured_media":23251,"parent":0,"menu_order":0,"comment_status":"closed","ping_status":"closed","template":"","meta":{"_acf_changed":false,"_editorskit_title_hidden":false,"_editorskit_reading_time":2,"_editorskit_is_block_options_detached":false,"_editorskit_block_options_position":"{}","footnotes":""},"class_list":["post-5634","page","type-page","status-publish","has-post-thumbnail","hentry"],"acf":[],"_links":{"self":[{"href":"https:\/\/culturesconnection.com\/fr\/wp-json\/wp\/v2\/pages\/5634","targetHints":{"allow":["GET"]}}],"collection":[{"href":"https:\/\/culturesconnection.com\/fr\/wp-json\/wp\/v2\/pages"}],"about":[{"href":"https:\/\/culturesconnection.com\/fr\/wp-json\/wp\/v2\/types\/page"}],"author":[{"embeddable":true,"href":"https:\/\/culturesconnection.com\/fr\/wp-json\/wp\/v2\/users\/26"}],"replies":[{"embeddable":true,"href":"https:\/\/culturesconnection.com\/fr\/wp-json\/wp\/v2\/comments?post=5634"}],"version-history":[{"count":0,"href":"https:\/\/culturesconnection.com\/fr\/wp-json\/wp\/v2\/pages\/5634\/revisions"}],"wp:featuredmedia":[{"embeddable":true,"href":"https:\/\/culturesconnection.com\/fr\/wp-json\/wp\/v2\/media\/23251"}],"wp:attachment":[{"href":"https:\/\/culturesconnection.com\/fr\/wp-json\/wp\/v2\/media?parent=5634"}],"curies":[{"name":"wp","href":"https:\/\/api.w.org\/{rel}","templated":true}]}}