{"id":5632,"date":"2016-05-02T17:25:07","date_gmt":"2016-05-02T16:25:07","guid":{"rendered":"http:\/\/culturesconnection.com\/fr\/?page_id=5632"},"modified":"2022-11-04T12:12:39","modified_gmt":"2022-11-04T11:12:39","slug":"services-de-traduction-russe","status":"publish","type":"page","link":"https:\/\/culturesconnection.com\/fr\/services-de-traduction-russe\/","title":{"rendered":"Agence de traduction en russe"},"content":{"rendered":"\n<h2 class=\"wp-block-heading\">Services professionnels de traduction en russe<\/h2>\n\n\n\n<p>Saviez-vous que le russe est la 6e langue la plus parl\u00e9e dans le monde ? Langue officielle du plus grand pays de la plan\u00e8te, la Russie, le russe est \u00e9galement parl\u00e9 en Bi\u00e9lorussie, au Kazakhstan, au Kirghizstan et compris dans de nombreux pays : Arm\u00e9nie, G\u00e9orgie, Ouzb\u00e9kistan, pays baltes\u2026 La Russie exporte des volumes tr\u00e8s importants d\u2019hydrocarbures et de produits p\u00e9troliers vers notre pays.<\/p>\n\n\n\n<p>Quant \u00e0 la France, elle a investi en Russie, notamment dans les secteurs financier, \u00e9nerg\u00e9tique, agroalimentaire, automobile, du luxe, de la grande distribution et des transports. La traduction en russe de documents ou d\u2019un site web est une \u00e9tape essentielle pour les entreprises qui souhaitent s\u2019implanter sur les march\u00e9s russes. Vos partenaires commerciaux russes appr\u00e9cieront sans nul doute cet effort de votre part mais il est capital que vos traductions en russe soient d\u2019une qualit\u00e9 irr\u00e9prochable pour avoir l\u2019effet escompt\u00e9.<\/p>\n\n\n\n<h2 class=\"wp-block-heading\">Vous recherchez un traducteur russe ?<\/h2>\n\n\n\n<p>Besoin de services de traduction russe &#8211; fran\u00e7ais ? D\u2019une traduction fran\u00e7ais &#8211; russe ? Consciente de la difficult\u00e9 que repr\u00e9sente la recherche d\u2019un traducteur russe, Cultures Connection met son expertise \u00e0 votre service. Afin de vous permettre de b\u00e9n\u00e9ficier de traductions de qualit\u00e9, nos chefs de projet s\u00e9lectionnent rigoureusement des traducteurs de nationalit\u00e9 russe parlant couramment fran\u00e7ais. Nous recrutons uniquement des traducteurs titulaires d\u2019un dipl\u00f4me reconnu par les autorit\u00e9s officielles de leur pays et ayant cinq ans d\u2019exp\u00e9rience dans le secteur de la traduction. Avant d\u2019int\u00e9grer notre&nbsp;<a href=\"https:\/\/culturesconnection.com\/fr\/\">agence de traduction<\/a>, ces derniers doivent passer une s\u00e9rie de test afin de valider leurs acquis et leurs comp\u00e9tences.<\/p>\n\n\n\n<p>Chez Cultures Connection, nous vous proposons le meilleur rapport qualit\u00e9-prix. \u00c0 cette fin, nos services de traduction se d\u00e9clinent en quatre cat\u00e9gories (basique, standard, professionnelle et premium). Forte de son exp\u00e9rience dans ce domaine, notre \u00e9quipe de traducteurs professionnels s\u2019adapte \u00e0 vos exigences et assure la livraison de vos traductions en russe dans les meilleurs d\u00e9lais m\u00eame en cas de traduction urgente. Nous travaillons avec de nombreuses&nbsp;<a href=\"https:\/\/culturesconnection.com\/fr\/traducteur-professionnel\/\">langues<\/a>.<\/p>\n","protected":false},"excerpt":{"rendered":"<p>Services professionnels de traduction en russe Saviez-vous que le russe est la 6e langue la plus parl\u00e9e dans le monde ? Langue officielle du plus [&#8230;]<\/p>\n<p><a class=\"btn btn-secondary understrap-read-more-link\" href=\"https:\/\/culturesconnection.com\/fr\/services-de-traduction-russe\/\">Lire la suite\u2026<span class=\"screen-reader-text\"> from Agence de traduction en russe<\/span><\/a><\/p>\n","protected":false},"author":26,"featured_media":23251,"parent":0,"menu_order":0,"comment_status":"closed","ping_status":"closed","template":"","meta":{"_acf_changed":false,"_editorskit_title_hidden":false,"_editorskit_reading_time":1,"_editorskit_is_block_options_detached":false,"_editorskit_block_options_position":"{}","footnotes":""},"class_list":["post-5632","page","type-page","status-publish","has-post-thumbnail","hentry"],"acf":[],"_links":{"self":[{"href":"https:\/\/culturesconnection.com\/fr\/wp-json\/wp\/v2\/pages\/5632","targetHints":{"allow":["GET"]}}],"collection":[{"href":"https:\/\/culturesconnection.com\/fr\/wp-json\/wp\/v2\/pages"}],"about":[{"href":"https:\/\/culturesconnection.com\/fr\/wp-json\/wp\/v2\/types\/page"}],"author":[{"embeddable":true,"href":"https:\/\/culturesconnection.com\/fr\/wp-json\/wp\/v2\/users\/26"}],"replies":[{"embeddable":true,"href":"https:\/\/culturesconnection.com\/fr\/wp-json\/wp\/v2\/comments?post=5632"}],"version-history":[{"count":0,"href":"https:\/\/culturesconnection.com\/fr\/wp-json\/wp\/v2\/pages\/5632\/revisions"}],"wp:featuredmedia":[{"embeddable":true,"href":"https:\/\/culturesconnection.com\/fr\/wp-json\/wp\/v2\/media\/23251"}],"wp:attachment":[{"href":"https:\/\/culturesconnection.com\/fr\/wp-json\/wp\/v2\/media?parent=5632"}],"curies":[{"name":"wp","href":"https:\/\/api.w.org\/{rel}","templated":true}]}}