{"id":5631,"date":"2016-05-02T16:47:57","date_gmt":"2016-05-02T15:47:57","guid":{"rendered":"http:\/\/culturesconnection.com\/fr\/?page_id=5631"},"modified":"2023-03-14T12:01:44","modified_gmt":"2023-03-14T11:01:44","slug":"services-de-traduction-portugais","status":"publish","type":"page","link":"https:\/\/culturesconnection.com\/fr\/services-de-traduction-portugais\/","title":{"rendered":"Agence de traduction en portugais"},"content":{"rendered":"\n<h2 class=\"wp-block-heading\">Services de traduction en portugais de qualit\u00e9<\/h2>\n\n\n\n<p>Vous avez besoin de services de traduction en fran\u00e7ais ou depuis le fran\u00e7ais en portugais, pour un document technique ou juridique, un site web ou une pr\u00e9sentation marketing\u00a0? Notre agence de traduction fournit des traductions de qualit\u00e9 en portugais. Notre \u00e9quipe propose \u00e9galement un service de r\u00e9vision pour un document d\u00e9j\u00e0 traduit, ou encore un service de localisation. Nous pouvons \u00e9galement traduire des sous-titres en portugais (du Portugal et du Br\u00e9sil).<\/p>\n\n\n\n<p>Le portugais fait partie des dix\u00a0langues les plus parl\u00e9es dans le monde. M\u00eame si la langue portugaise compte plus de 250\u00a0millions de locuteurs, elle reste peu enseign\u00e9e en France. Pourtant, Paris et Lisbonne sont des partenaires commerciaux privil\u00e9gi\u00e9s depuis longtemps. Les Fran\u00e7ais sont class\u00e9s parmi les premiers fournisseurs et clients du Portugal. De nombreux Fran\u00e7ais vivent dans la capitale portugaise et d\u2019autres villes comme Porto, o\u00f9 ils travaillent dans le secteur du tourisme, de l\u2019agro-alimentaire, des services.<\/p>\n\n\n\n<p>Outre-Atlantique, le Br\u00e9sil est le principal march\u00e9 de la France en Am\u00e9rique latine o\u00f9 la pr\u00e9sence des entreprises fran\u00e7aises s\u2019est renforc\u00e9e ces derni\u00e8res ann\u00e9es. Malgr\u00e9 la proximit\u00e9 g\u00e9ographique du Portugal avec l\u2019Hexagone, le portugais est une langue consid\u00e9r\u00e9e comme rare sur le march\u00e9 du travail. En outre, le portugais du Portugal et le portugais du Br\u00e9sil sont deux langues qui se distinguent au niveau de l\u2019accent, de la grammaire et du vocabulaire. Certains mots sont compl\u00e8tement diff\u00e9rents dans les deux langues et seuls des traducteurs professionnels seront \u00e0 m\u00eame de ma\u00eetriser ses subtilit\u00e9s culturelles et ses diff\u00e9rences dialectales.<\/p>\n\n\n\n<p>Notre <a href=\"https:\/\/culturesconnection.com\/fr\/\">cabinet de traduction<\/a>\u00a0collabore avec de nombreuses entreprises sp\u00e9cialis\u00e9es dans les secteurs de l\u2019\u00e9lectronique, de l\u2019environnement, de la chimie, de l\u2019\u00e9quipement automobile, de l\u2019agro-alimentaire, du tourisme, de la grande distribution et des banques et assurance o\u00f9 la traduction de documents en portugais repr\u00e9sente un enjeu strat\u00e9gique.<\/p>\n\n\n\n<h2 class=\"wp-block-heading\">Besoin d\u2019un traducteur portugais ?<\/h2>\n\n\n\n<p>Vous \u00eates \u00e0 la recherche d\u2019un traducteur fran\u00e7ais &#8211; portugais professionnel pour vos projets \u00e0 l&rsquo;international\u00a0? Ou d\u2019un traducteur portugais &#8211; fran\u00e7ais ? En mati\u00e8re de services de traduction en portugais, Cultures Connection vous propose des solutions personnalis\u00e9es, qualitatives et \u00e0 des prix comp\u00e9titifs. La localisation de nos succursales, en particulier notre antenne en Am\u00e9rique Latine (voir notre agence de traduction \u00e0 Buenos Aires), nous a permis de construire de relations p\u00e9rennes avec des traducteurs portugais qualifi\u00e9s. Notre \u00e9quipe vous propose des traductions en portugais (portugais europ\u00e9en, portugais du Br\u00e9sil\u2026) adapt\u00e9es \u00e0 vos exigences, vos d\u00e9lais et votre budget. \u00c0 chaque fois que nous g\u00e9rons un projet de traduction, nous sommes tr\u00e8s vigilants avec les documents de nos clients. La confidentialit\u00e9 du contenu source et de la traduction est garantie.<\/p>\n\n\n\n<p>Notre agence\u00a0de traduction collabore notamment avec des natifs du Portugal, du Br\u00e9sil mais aussi de l&rsquo;Angola, du Cap Vert et du Mozambique. Nos traducteurs doivent passer des tests de traductions pointus avant de pouvoir int\u00e9grer notre r\u00e9seau d\u2019experts linguistiques. Cinq ann\u00e9es d\u2019exp\u00e9rience professionnelle sont exig\u00e9es. Chaque traducteur r\u00e9alise la traduction de documents uniquement vers sa <a href=\"https:\/\/culturesconnection.com\/fr\/traducteur-professionnel\/\">langue<\/a> maternelle.<\/p>\n","protected":false},"excerpt":{"rendered":"<p>Services de traduction en portugais de qualit\u00e9 Vous avez besoin de services de traduction en fran\u00e7ais ou depuis le fran\u00e7ais en portugais, pour un document [&#8230;]<\/p>\n<p><a class=\"btn btn-secondary understrap-read-more-link\" href=\"https:\/\/culturesconnection.com\/fr\/services-de-traduction-portugais\/\">Lire la suite\u2026<span class=\"screen-reader-text\"> from Agence de traduction en portugais<\/span><\/a><\/p>\n","protected":false},"author":26,"featured_media":23251,"parent":0,"menu_order":0,"comment_status":"closed","ping_status":"closed","template":"","meta":{"_acf_changed":false,"_editorskit_title_hidden":false,"_editorskit_reading_time":2,"_editorskit_is_block_options_detached":false,"_editorskit_block_options_position":"{}","footnotes":""},"class_list":["post-5631","page","type-page","status-publish","has-post-thumbnail","hentry"],"acf":[],"_links":{"self":[{"href":"https:\/\/culturesconnection.com\/fr\/wp-json\/wp\/v2\/pages\/5631","targetHints":{"allow":["GET"]}}],"collection":[{"href":"https:\/\/culturesconnection.com\/fr\/wp-json\/wp\/v2\/pages"}],"about":[{"href":"https:\/\/culturesconnection.com\/fr\/wp-json\/wp\/v2\/types\/page"}],"author":[{"embeddable":true,"href":"https:\/\/culturesconnection.com\/fr\/wp-json\/wp\/v2\/users\/26"}],"replies":[{"embeddable":true,"href":"https:\/\/culturesconnection.com\/fr\/wp-json\/wp\/v2\/comments?post=5631"}],"version-history":[{"count":0,"href":"https:\/\/culturesconnection.com\/fr\/wp-json\/wp\/v2\/pages\/5631\/revisions"}],"wp:featuredmedia":[{"embeddable":true,"href":"https:\/\/culturesconnection.com\/fr\/wp-json\/wp\/v2\/media\/23251"}],"wp:attachment":[{"href":"https:\/\/culturesconnection.com\/fr\/wp-json\/wp\/v2\/media?parent=5631"}],"curies":[{"name":"wp","href":"https:\/\/api.w.org\/{rel}","templated":true}]}}