{"id":5622,"date":"2016-04-29T21:13:53","date_gmt":"2016-04-29T20:13:53","guid":{"rendered":"http:\/\/culturesconnection.com\/fr\/?page_id=5622"},"modified":"2022-11-04T11:56:02","modified_gmt":"2022-11-04T10:56:02","slug":"services-de-traduction-espagnol","status":"publish","type":"page","link":"https:\/\/culturesconnection.com\/fr\/services-de-traduction-espagnol\/","title":{"rendered":"Agence de traduction en espagnol"},"content":{"rendered":"\n<h2 class=\"wp-block-heading\">Services professionnels de traduction en espagnol<\/h2>\n\n\n\n<p>Parl\u00e9 par pr\u00e8s de 500 millions de personnes, l\u2019espagnol est la troisi\u00e8me langue mondiale apr\u00e8s l\u2019anglais et le mandarin. La France et l\u2019Espagne sont des partenaires \u00e9conomiques majeurs de longue date. En d\u00e9pit de la crise \u00e9conomique qui a fragilis\u00e9 la p\u00e9ninsule ib\u00e9rique, la France reste le premier client de l\u2019Espagne, son deuxi\u00e8me fournisseur et son deuxi\u00e8me investisseur. Nombreuses sont les entreprises fran\u00e7aises ou espagnoles implant\u00e9es respectivement dans le pays de Cervantes ou dans l\u2019Hexagone.<\/p>\n\n\n\n<p>L\u2019espagnol est consid\u00e9r\u00e9 \u00e0 tort comme une langue facile, en effet, seuls des traducteurs professionnels seront \u00e0 m\u00eame de ma\u00eetriser ses subtilit\u00e9s culturelles et ses variations dialectales. Par exemple, un m\u00eame mot peut signifier deux choses diff\u00e9rentes selon que vous soyez en Espagne ou en Am\u00e9rique latine. Cultures Connection travaille avec de nombreuses entreprises sp\u00e9cialis\u00e9es dans les secteurs de l\u2019a\u00e9ronautique, de l\u2019\u00e9nerg\u00e9tique, du commerce, de l\u2019habillement et du tourisme o\u00f9 l\u2019usage de l\u2019espagnol est une r\u00e9alit\u00e9. La traduction de documents en espagnol repr\u00e9sente un volume important de notre activit\u00e9.<\/p>\n\n\n\n<h2 class=\"wp-block-heading\">\u00c0 la recherche d\u2019un traducteur espagnol ?<\/h2>\n\n\n\n<p>Besoin d\u2019un traducteur espagnol &#8211; fran\u00e7ais ? D\u2019un traducteur fran\u00e7ais &#8211; espagnol ? En mati\u00e8re de services de traduction en espagnol, Cultures Connection vous propose des solutions personnalis\u00e9es, qualitatives et \u00e0 des prix comp\u00e9titifs. La localisation de nos agences de traduction, en particulier notre de antenne en Argentine, nous a permis d\u2019\u00e9tablir de solides relations avec des traducteurs professionnels espagnols qualifi\u00e9s. Nous vous proposons des traductions en espagnol (castillan, catalan\u2026) adapt\u00e9es \u00e0 vos exigences.<\/p>\n\n\n\n<p>Notre <a href=\"https:\/\/culturesconnection.com\/fr\/\">soci\u00e9t\u00e9 de traduction<\/a> collabore notamment avec des natifs d\u2019Espagne, d\u2019Am\u00e9rique centrale ou d\u2019Am\u00e9rique latine aux sp\u00e9cialisations les plus diverses. Nos experts linguistiques doivent valider des tests de traduction pointus avant de pouvoir \u00eatre inscrits dans notre base de donn\u00e9es et ne travaillent que dans leur <a href=\"https:\/\/culturesconnection.com\/fr\/traducteur-professionnel\/\">langue <\/a>maternelle, conform\u00e9ment aux r\u00e9glementations en vigueur.<\/p>\n","protected":false},"excerpt":{"rendered":"<p>Services professionnels de traduction en espagnol Parl\u00e9 par pr\u00e8s de 500 millions de personnes, l\u2019espagnol est la troisi\u00e8me langue mondiale apr\u00e8s l\u2019anglais et le mandarin. [&#8230;]<\/p>\n<p><a class=\"btn btn-secondary understrap-read-more-link\" href=\"https:\/\/culturesconnection.com\/fr\/services-de-traduction-espagnol\/\">Lire la suite\u2026<span class=\"screen-reader-text\"> from Agence de traduction en espagnol<\/span><\/a><\/p>\n","protected":false},"author":26,"featured_media":23251,"parent":0,"menu_order":0,"comment_status":"closed","ping_status":"closed","template":"","meta":{"_acf_changed":false,"_editorskit_title_hidden":false,"_editorskit_reading_time":0,"_editorskit_is_block_options_detached":false,"_editorskit_block_options_position":"{}","footnotes":""},"class_list":["post-5622","page","type-page","status-publish","has-post-thumbnail","hentry"],"acf":[],"_links":{"self":[{"href":"https:\/\/culturesconnection.com\/fr\/wp-json\/wp\/v2\/pages\/5622","targetHints":{"allow":["GET"]}}],"collection":[{"href":"https:\/\/culturesconnection.com\/fr\/wp-json\/wp\/v2\/pages"}],"about":[{"href":"https:\/\/culturesconnection.com\/fr\/wp-json\/wp\/v2\/types\/page"}],"author":[{"embeddable":true,"href":"https:\/\/culturesconnection.com\/fr\/wp-json\/wp\/v2\/users\/26"}],"replies":[{"embeddable":true,"href":"https:\/\/culturesconnection.com\/fr\/wp-json\/wp\/v2\/comments?post=5622"}],"version-history":[{"count":0,"href":"https:\/\/culturesconnection.com\/fr\/wp-json\/wp\/v2\/pages\/5622\/revisions"}],"wp:featuredmedia":[{"embeddable":true,"href":"https:\/\/culturesconnection.com\/fr\/wp-json\/wp\/v2\/media\/23251"}],"wp:attachment":[{"href":"https:\/\/culturesconnection.com\/fr\/wp-json\/wp\/v2\/media?parent=5622"}],"curies":[{"name":"wp","href":"https:\/\/api.w.org\/{rel}","templated":true}]}}