{"id":5618,"date":"2016-04-29T20:24:12","date_gmt":"2016-04-29T19:24:12","guid":{"rendered":"http:\/\/culturesconnection.com\/fr\/?page_id=5618"},"modified":"2022-11-04T12:10:59","modified_gmt":"2022-11-04T11:10:59","slug":"services-de-traduction-chinois","status":"publish","type":"page","link":"https:\/\/culturesconnection.com\/fr\/services-de-traduction-chinois\/","title":{"rendered":"Agence de traduction en chinois"},"content":{"rendered":"\n<h2 class=\"wp-block-heading\">Services professionnels de traduction en chinois<\/h2>\n\n\n\n<p>Deuxi\u00e8me plus gros PIB \u00e0 l\u2019\u00e9chelle mondiale, et en voie de devenir le premier, la Chine est une immense zone commerciale qui offre de belles possibilit\u00e9s d\u2019investissement pour les entreprises. Le march\u00e9 chinois est particuli\u00e8rement attractif pour les grands groupes et les PME. Mais, avant de se lancer \u00e0 la conqu\u00eate de l\u2019Empire du Milieu, il est important de conna\u00eetre sa culture commerciale et de proc\u00e9der \u00e0 la traduction de ses documents en chinois.<\/p>\n\n\n\n<p>Seul un traducteur chinois qualifi\u00e9 pourra restituer avec pr\u00e9cision les subtilit\u00e9s de cette langue r\u00e9put\u00e9e pour sa complexit\u00e9. Cultures Connection g\u00e8re de nombreux projets de traduction en chinois (mandarin ou cantonais) pour des secteurs aussi vari\u00e9s que l\u2019a\u00e9ronautique, l\u2019agroalimentaire, l\u2019agriculture, la chimie, la pharmacie et les cosm\u00e9tiques.<\/p>\n\n\n\n<h2 class=\"wp-block-heading\">\u00c0 la recherche d\u2019un traducteur chinois ?<\/h2>\n\n\n\n<p>Avez-vous besoin d\u2019un traducteur chinois &#8211; fran\u00e7ais ? D\u2019un traducteur fran\u00e7ais &#8211; chinois ? L\u2019agence Cultures Connection vous propose les services de traduction d\u2019experts comp\u00e9tents, fiables et passionn\u00e9s par leur m\u00e9tier. Nos traducteurs professionnels sont inscrits dans notre base de donn\u00e9es apr\u00e8s avoir r\u00e9ussi, au pr\u00e9alable, des tests de comp\u00e9tences linguistiques et de traduction.<\/p>\n\n\n\n<p>Notre <a href=\"https:\/\/culturesconnection.com\/fr\/\">agence\u00a0de traduction<\/a> met un point d\u2019honneur \u00e0 s\u00e9lectionner des traducteurs dont le savoir-faire est en ad\u00e9quation avec la nature de votre projet. Par exemple, si vous avez besoin d\u2019une traduction technique en chinois, Cultures Connection fera appel \u00e0 un professionnel dot\u00e9 d\u2019une exp\u00e9rience av\u00e9r\u00e9e dans ce domaine. Tous nos traducteurs de langue chinoise sont dipl\u00f4m\u00e9s et justifient d\u2019une exp\u00e9rience professionnelle d\u2019au moins cinq ans. Dans le respect des normes qualit\u00e9, ils ne travaillent que vers leur <a href=\"https:\/\/culturesconnection.com\/fr\/traducteur-professionnel\/\">langue <\/a>maternelle.<\/p>\n","protected":false},"excerpt":{"rendered":"<p>Services professionnels de traduction en chinois Deuxi\u00e8me plus gros PIB \u00e0 l\u2019\u00e9chelle mondiale, et en voie de devenir le premier, la Chine est une immense [&#8230;]<\/p>\n<p><a class=\"btn btn-secondary understrap-read-more-link\" href=\"https:\/\/culturesconnection.com\/fr\/services-de-traduction-chinois\/\">Lire la suite\u2026<span class=\"screen-reader-text\"> from Agence de traduction en chinois<\/span><\/a><\/p>\n","protected":false},"author":26,"featured_media":23251,"parent":0,"menu_order":0,"comment_status":"closed","ping_status":"closed","template":"","meta":{"_acf_changed":false,"_editorskit_title_hidden":false,"_editorskit_reading_time":1,"_editorskit_is_block_options_detached":false,"_editorskit_block_options_position":"{}","footnotes":""},"class_list":["post-5618","page","type-page","status-publish","has-post-thumbnail","hentry"],"acf":[],"yoast_head":"<!-- This site is optimized with the Yoast SEO Premium plugin v23.4 (Yoast SEO v27.3) - https:\/\/yoast.com\/product\/yoast-seo-premium-wordpress\/ -->\n<title>Traduction chinois | Services en ligne<\/title>\n<meta name=\"description\" content=\"Avez-vous besoin de services de traduction en chinois ? Traduction de documents ou de sites web de et vers le chinois ? Demandez un devis gratuit.\" \/>\n<meta name=\"robots\" content=\"index, follow, max-snippet:-1, max-image-preview:large, max-video-preview:-1\" \/>\n<link rel=\"canonical\" href=\"https:\/\/culturesconnection.com\/fr\/services-de-traduction-chinois\/\" \/>\n<meta property=\"og:locale\" content=\"fr_FR\" \/>\n<meta property=\"og:type\" content=\"article\" \/>\n<meta property=\"og:title\" content=\"Agence de traduction en chinois\" \/>\n<meta property=\"og:description\" content=\"Avez-vous besoin de services de traduction en chinois ? Traduction de documents ou de sites web de et vers le chinois ? Demandez un devis gratuit.\" \/>\n<meta property=\"og:url\" content=\"https:\/\/culturesconnection.com\/fr\/services-de-traduction-chinois\/\" \/>\n<meta property=\"og:site_name\" content=\"Cultures Connection\" \/>\n<meta property=\"article:publisher\" content=\"https:\/\/www.facebook.com\/CulturesConnection\" \/>\n<meta property=\"article:modified_time\" content=\"2022-11-04T11:10:59+00:00\" \/>\n<meta property=\"og:image\" content=\"https:\/\/culturesconnection.com\/wp-content\/uploads\/2020\/09\/P\u00e4gina_Servicios_de_traducci\u00f3n_por_idioma.png\" \/>\n\t<meta property=\"og:image:width\" content=\"1417\" \/>\n\t<meta property=\"og:image:height\" content=\"561\" \/>\n\t<meta property=\"og:image:type\" content=\"image\/png\" \/>\n<meta name=\"twitter:card\" content=\"summary_large_image\" \/>\n<meta name=\"twitter:site\" content=\"@CulturesCo_\" \/>\n<meta name=\"twitter:label1\" content=\"Dur\u00e9e de lecture estim\u00e9e\" \/>\n\t<meta name=\"twitter:data1\" content=\"2 minutes\" \/>\n<script type=\"application\/ld+json\" class=\"yoast-schema-graph\">{\"@context\":\"https:\\\/\\\/schema.org\",\"@graph\":[{\"@type\":\"WebPage\",\"@id\":\"https:\\\/\\\/culturesconnection.com\\\/fr\\\/services-de-traduction-chinois\\\/\",\"url\":\"https:\\\/\\\/culturesconnection.com\\\/fr\\\/services-de-traduction-chinois\\\/\",\"name\":\"Traduction chinois | Services en ligne\",\"isPartOf\":{\"@id\":\"https:\\\/\\\/culturesconnection.com\\\/fr\\\/#website\"},\"primaryImageOfPage\":{\"@id\":\"https:\\\/\\\/culturesconnection.com\\\/fr\\\/services-de-traduction-chinois\\\/#primaryimage\"},\"image\":{\"@id\":\"https:\\\/\\\/culturesconnection.com\\\/fr\\\/services-de-traduction-chinois\\\/#primaryimage\"},\"thumbnailUrl\":\"https:\\\/\\\/culturesconnection.com\\\/wp-content\\\/uploads\\\/2020\\\/09\\\/P\u00e4gina_Servicios_de_traducci\u00f3n_por_idioma.png\",\"datePublished\":\"2016-04-29T19:24:12+00:00\",\"dateModified\":\"2022-11-04T11:10:59+00:00\",\"description\":\"Avez-vous besoin de services de traduction en chinois ? Traduction de documents ou de sites web de et vers le chinois ? Demandez un devis gratuit.\",\"breadcrumb\":{\"@id\":\"https:\\\/\\\/culturesconnection.com\\\/fr\\\/services-de-traduction-chinois\\\/#breadcrumb\"},\"inLanguage\":\"fr-FR\",\"potentialAction\":[{\"@type\":\"ReadAction\",\"target\":[\"https:\\\/\\\/culturesconnection.com\\\/fr\\\/services-de-traduction-chinois\\\/\"]}]},{\"@type\":\"ImageObject\",\"inLanguage\":\"fr-FR\",\"@id\":\"https:\\\/\\\/culturesconnection.com\\\/fr\\\/services-de-traduction-chinois\\\/#primaryimage\",\"url\":\"https:\\\/\\\/culturesconnection.com\\\/wp-content\\\/uploads\\\/2020\\\/09\\\/P\u00e4gina_Servicios_de_traducci\u00f3n_por_idioma.png\",\"contentUrl\":\"https:\\\/\\\/culturesconnection.com\\\/wp-content\\\/uploads\\\/2020\\\/09\\\/P\u00e4gina_Servicios_de_traducci\u00f3n_por_idioma.png\",\"width\":1417,\"height\":561},{\"@type\":\"BreadcrumbList\",\"@id\":\"https:\\\/\\\/culturesconnection.com\\\/fr\\\/services-de-traduction-chinois\\\/#breadcrumb\",\"itemListElement\":[{\"@type\":\"ListItem\",\"position\":1,\"name\":\"Home\",\"item\":\"https:\\\/\\\/culturesconnection.com\\\/fr\\\/\"},{\"@type\":\"ListItem\",\"position\":2,\"name\":\"Agence de traduction en chinois\"}]},{\"@type\":\"WebSite\",\"@id\":\"https:\\\/\\\/culturesconnection.com\\\/fr\\\/#website\",\"url\":\"https:\\\/\\\/culturesconnection.com\\\/fr\\\/\",\"name\":\"Cultures Connection\",\"description\":\"Cultures Connection is a translation agency dedicated to the success of its international clients.\",\"publisher\":{\"@id\":\"https:\\\/\\\/culturesconnection.com\\\/fr\\\/#organization\"},\"potentialAction\":[{\"@type\":\"SearchAction\",\"target\":{\"@type\":\"EntryPoint\",\"urlTemplate\":\"https:\\\/\\\/culturesconnection.com\\\/fr\\\/?s={search_term_string}\"},\"query-input\":{\"@type\":\"PropertyValueSpecification\",\"valueRequired\":true,\"valueName\":\"search_term_string\"}}],\"inLanguage\":\"fr-FR\"},{\"@type\":\"Organization\",\"@id\":\"https:\\\/\\\/culturesconnection.com\\\/fr\\\/#organization\",\"name\":\"Cultures Connection\",\"url\":\"https:\\\/\\\/culturesconnection.com\\\/fr\\\/\",\"logo\":{\"@type\":\"ImageObject\",\"inLanguage\":\"fr-FR\",\"@id\":\"https:\\\/\\\/culturesconnection.com\\\/fr\\\/#\\\/schema\\\/logo\\\/image\\\/\",\"url\":\"https:\\\/\\\/culturesconnection.com\\\/wp-content\\\/uploads\\\/2022\\\/06\\\/cropped-favicon512x512.png\",\"contentUrl\":\"https:\\\/\\\/culturesconnection.com\\\/wp-content\\\/uploads\\\/2022\\\/06\\\/cropped-favicon512x512.png\",\"width\":512,\"height\":512,\"caption\":\"Cultures Connection\"},\"image\":{\"@id\":\"https:\\\/\\\/culturesconnection.com\\\/fr\\\/#\\\/schema\\\/logo\\\/image\\\/\"},\"sameAs\":[\"https:\\\/\\\/www.facebook.com\\\/CulturesConnection\",\"https:\\\/\\\/x.com\\\/CulturesCo_\"]}]}<\/script>\n<!-- \/ Yoast SEO Premium plugin. -->","yoast_head_json":{"title":"Traduction chinois | Services en ligne","description":"Avez-vous besoin de services de traduction en chinois ? Traduction de documents ou de sites web de et vers le chinois ? Demandez un devis gratuit.","robots":{"index":"index","follow":"follow","max-snippet":"max-snippet:-1","max-image-preview":"max-image-preview:large","max-video-preview":"max-video-preview:-1"},"canonical":"https:\/\/culturesconnection.com\/fr\/services-de-traduction-chinois\/","og_locale":"fr_FR","og_type":"article","og_title":"Agence de traduction en chinois","og_description":"Avez-vous besoin de services de traduction en chinois ? Traduction de documents ou de sites web de et vers le chinois ? Demandez un devis gratuit.","og_url":"https:\/\/culturesconnection.com\/fr\/services-de-traduction-chinois\/","og_site_name":"Cultures Connection","article_publisher":"https:\/\/www.facebook.com\/CulturesConnection","article_modified_time":"2022-11-04T11:10:59+00:00","og_image":[{"width":1417,"height":561,"url":"https:\/\/culturesconnection.com\/wp-content\/uploads\/2020\/09\/P\u00e4gina_Servicios_de_traducci\u00f3n_por_idioma.png","type":"image\/png"}],"twitter_card":"summary_large_image","twitter_site":"@CulturesCo_","twitter_misc":{"Dur\u00e9e de lecture estim\u00e9e":"2 minutes"},"schema":{"@context":"https:\/\/schema.org","@graph":[{"@type":"WebPage","@id":"https:\/\/culturesconnection.com\/fr\/services-de-traduction-chinois\/","url":"https:\/\/culturesconnection.com\/fr\/services-de-traduction-chinois\/","name":"Traduction chinois | Services en ligne","isPartOf":{"@id":"https:\/\/culturesconnection.com\/fr\/#website"},"primaryImageOfPage":{"@id":"https:\/\/culturesconnection.com\/fr\/services-de-traduction-chinois\/#primaryimage"},"image":{"@id":"https:\/\/culturesconnection.com\/fr\/services-de-traduction-chinois\/#primaryimage"},"thumbnailUrl":"https:\/\/culturesconnection.com\/wp-content\/uploads\/2020\/09\/P\u00e4gina_Servicios_de_traducci\u00f3n_por_idioma.png","datePublished":"2016-04-29T19:24:12+00:00","dateModified":"2022-11-04T11:10:59+00:00","description":"Avez-vous besoin de services de traduction en chinois ? Traduction de documents ou de sites web de et vers le chinois ? Demandez un devis gratuit.","breadcrumb":{"@id":"https:\/\/culturesconnection.com\/fr\/services-de-traduction-chinois\/#breadcrumb"},"inLanguage":"fr-FR","potentialAction":[{"@type":"ReadAction","target":["https:\/\/culturesconnection.com\/fr\/services-de-traduction-chinois\/"]}]},{"@type":"ImageObject","inLanguage":"fr-FR","@id":"https:\/\/culturesconnection.com\/fr\/services-de-traduction-chinois\/#primaryimage","url":"https:\/\/culturesconnection.com\/wp-content\/uploads\/2020\/09\/P\u00e4gina_Servicios_de_traducci\u00f3n_por_idioma.png","contentUrl":"https:\/\/culturesconnection.com\/wp-content\/uploads\/2020\/09\/P\u00e4gina_Servicios_de_traducci\u00f3n_por_idioma.png","width":1417,"height":561},{"@type":"BreadcrumbList","@id":"https:\/\/culturesconnection.com\/fr\/services-de-traduction-chinois\/#breadcrumb","itemListElement":[{"@type":"ListItem","position":1,"name":"Home","item":"https:\/\/culturesconnection.com\/fr\/"},{"@type":"ListItem","position":2,"name":"Agence de traduction en chinois"}]},{"@type":"WebSite","@id":"https:\/\/culturesconnection.com\/fr\/#website","url":"https:\/\/culturesconnection.com\/fr\/","name":"Cultures Connection","description":"Cultures Connection is a translation agency dedicated to the success of its international clients.","publisher":{"@id":"https:\/\/culturesconnection.com\/fr\/#organization"},"potentialAction":[{"@type":"SearchAction","target":{"@type":"EntryPoint","urlTemplate":"https:\/\/culturesconnection.com\/fr\/?s={search_term_string}"},"query-input":{"@type":"PropertyValueSpecification","valueRequired":true,"valueName":"search_term_string"}}],"inLanguage":"fr-FR"},{"@type":"Organization","@id":"https:\/\/culturesconnection.com\/fr\/#organization","name":"Cultures Connection","url":"https:\/\/culturesconnection.com\/fr\/","logo":{"@type":"ImageObject","inLanguage":"fr-FR","@id":"https:\/\/culturesconnection.com\/fr\/#\/schema\/logo\/image\/","url":"https:\/\/culturesconnection.com\/wp-content\/uploads\/2022\/06\/cropped-favicon512x512.png","contentUrl":"https:\/\/culturesconnection.com\/wp-content\/uploads\/2022\/06\/cropped-favicon512x512.png","width":512,"height":512,"caption":"Cultures Connection"},"image":{"@id":"https:\/\/culturesconnection.com\/fr\/#\/schema\/logo\/image\/"},"sameAs":["https:\/\/www.facebook.com\/CulturesConnection","https:\/\/x.com\/CulturesCo_"]}]}},"_links":{"self":[{"href":"https:\/\/culturesconnection.com\/fr\/wp-json\/wp\/v2\/pages\/5618","targetHints":{"allow":["GET"]}}],"collection":[{"href":"https:\/\/culturesconnection.com\/fr\/wp-json\/wp\/v2\/pages"}],"about":[{"href":"https:\/\/culturesconnection.com\/fr\/wp-json\/wp\/v2\/types\/page"}],"author":[{"embeddable":true,"href":"https:\/\/culturesconnection.com\/fr\/wp-json\/wp\/v2\/users\/26"}],"replies":[{"embeddable":true,"href":"https:\/\/culturesconnection.com\/fr\/wp-json\/wp\/v2\/comments?post=5618"}],"version-history":[{"count":0,"href":"https:\/\/culturesconnection.com\/fr\/wp-json\/wp\/v2\/pages\/5618\/revisions"}],"wp:featuredmedia":[{"embeddable":true,"href":"https:\/\/culturesconnection.com\/fr\/wp-json\/wp\/v2\/media\/23251"}],"wp:attachment":[{"href":"https:\/\/culturesconnection.com\/fr\/wp-json\/wp\/v2\/media?parent=5618"}],"curies":[{"name":"wp","href":"https:\/\/api.w.org\/{rel}","templated":true}]}}