{"id":5602,"date":"2016-04-29T20:23:18","date_gmt":"2016-04-29T19:23:18","guid":{"rendered":"http:\/\/culturesconnection.com\/fr\/?page_id=5602"},"modified":"2023-03-20T11:03:54","modified_gmt":"2023-03-20T10:03:54","slug":"services-de-traduction-arabe","status":"publish","type":"page","link":"https:\/\/culturesconnection.com\/fr\/services-de-traduction-arabe\/","title":{"rendered":"Agence de traduction en arabe"},"content":{"rendered":"\n<h2 class=\"wp-block-heading\">Services professionnels de traduction en arabe<\/h2>\n\n\n\n<p>Vous avez besoin de services de traduction en arabe, pour des documents professionnels, une pr\u00e9sentation marketing ou un site web&nbsp;? Notre agence de traduction fournit des traductions de qualit\u00e9 en langue arabe depuis de nombreuses ann\u00e9es. Notre \u00e9quipe propose \u00e9galement un service de localisation, un service de traduction SEO, ou encore un service de r\u00e9vision pour un texte d\u00e9j\u00e0 traduit en arabe.<\/p>\n\n\n\n<p>La France et les pays arabes cultivent des relations commerciales importantes, pour les produits comme pour les services. Il existe ainsi des relations \u00e9conomiques \u00e9troites entre la France et le Maghreb. Investisseur num\u00e9ro un au Maroc et en Tunisie, dans le top&nbsp;3 des investisseurs en Alg\u00e9rie, la France est un partenaire commercial majeur pour ces trois pays d\u2019Afrique du Nord. En outre, les \u00e9changes commerciaux entre les pays du Moyen-Orient et l&rsquo;Hexagone ont tendance \u00e0 s\u2019amplifier ces derni\u00e8res ann\u00e9es. Les investissements directs de la France au Qatar et aux \u00c9mirats Arabes Unis continuent de progresser. Les entreprises fran\u00e7aises ont r\u00e9ussi \u00e0 s\u2019imposer dans de nombreux secteurs tels que l\u2019a\u00e9ronautique, le luxe, la grande distribution, la construction, l\u2019\u00e9nergie, les transports et l\u2019armement. Face \u00e0 cette r\u00e9alit\u00e9, en plus de la traduction en anglais, la traduction en arabe s\u2019est impos\u00e9e comme un outil strat\u00e9gique pour les PME comme pour les grands groupes fran\u00e7ais qui souhaitent conqu\u00e9rir les march\u00e9s arabes. Les services de traduction fran\u00e7ais \u2013 arabe professionnelle et de traduction arabe \u2013 fran\u00e7ais professionnelle font d\u2019ailleurs partie de nos prestations les plus demand\u00e9es.<\/p>\n\n\n\n<h2 class=\"wp-block-heading\">Besoin d\u2019un traducteur arabe ?<\/h2>\n\n\n\n<p>Vous recherchez un traducteur arabe professionnel en France ou \u00e0 l\u2019\u00e9tranger\u00a0? Cultures Connection fait appel \u00e0 des traducteurs qualifi\u00e9s qui savent \u00e0 la fois ma\u00eetriser une langue aussi complexe que l\u2019arabe et qui sont, de surcro\u00eet, sp\u00e9cialis\u00e9s dans un domaine technique particulier. Il suffit de nous pr\u00e9ciser quel profil de traducteur vous souhaitez pour la traduction arabe &#8211; fran\u00e7ais de vos documents.<\/p>\n\n\n\n<p>Forte de son exp\u00e9rience en mati\u00e8re de services de traduction, notre <a href=\"https:\/\/culturesconnection.com\/fr\/\">agence de traduction<\/a> a d\u00e9velopp\u00e9 un r\u00e9seau de traducteurs arabes &#8211; fran\u00e7ais et fran\u00e7ais &#8211; arabe fiables, rigoureux et comp\u00e9tents. Nos traducteurs fran\u00e7ais arabe assurent un travail de qualit\u00e9, dans les meilleurs d\u00e9lais. Tous nos traducteurs doivent valider une s\u00e9rie de tests de traduction avant de pouvoir \u00eatre approuv\u00e9s dans notre base de donn\u00e9es. De la r\u00e9ception des documents \u00e0 traduire jusqu\u2019\u00e0 la livraison, votre projet de traduction est entre de bonnes mains. <\/p>\n\n\n\n<p>En compl\u00e9ment \u00e0 la traduction, nous proposons des services professionnels de r\u00e9vision, de relecture, de correction et de r\u00e9daction dans de nombreuses <a href=\"https:\/\/culturesconnection.com\/fr\/traducteur-professionnel\/\">langues<\/a>. Contactez-nous pour un service de traduction de qualit\u00e9\u00a0!<\/p>\n","protected":false},"excerpt":{"rendered":"<p>Services professionnels de traduction en arabe Vous avez besoin de services de traduction en arabe, pour des documents professionnels, une pr\u00e9sentation marketing ou un site [&#8230;]<\/p>\n<p><a class=\"btn btn-secondary understrap-read-more-link\" href=\"https:\/\/culturesconnection.com\/fr\/services-de-traduction-arabe\/\">Lire la suite\u2026<span class=\"screen-reader-text\"> from Agence de traduction en arabe<\/span><\/a><\/p>\n","protected":false},"author":26,"featured_media":23251,"parent":0,"menu_order":0,"comment_status":"closed","ping_status":"closed","template":"","meta":{"_acf_changed":false,"_editorskit_title_hidden":false,"_editorskit_reading_time":2,"_editorskit_is_block_options_detached":false,"_editorskit_block_options_position":"{}","footnotes":""},"class_list":["post-5602","page","type-page","status-publish","has-post-thumbnail","hentry"],"acf":[],"_links":{"self":[{"href":"https:\/\/culturesconnection.com\/fr\/wp-json\/wp\/v2\/pages\/5602","targetHints":{"allow":["GET"]}}],"collection":[{"href":"https:\/\/culturesconnection.com\/fr\/wp-json\/wp\/v2\/pages"}],"about":[{"href":"https:\/\/culturesconnection.com\/fr\/wp-json\/wp\/v2\/types\/page"}],"author":[{"embeddable":true,"href":"https:\/\/culturesconnection.com\/fr\/wp-json\/wp\/v2\/users\/26"}],"replies":[{"embeddable":true,"href":"https:\/\/culturesconnection.com\/fr\/wp-json\/wp\/v2\/comments?post=5602"}],"version-history":[{"count":0,"href":"https:\/\/culturesconnection.com\/fr\/wp-json\/wp\/v2\/pages\/5602\/revisions"}],"wp:featuredmedia":[{"embeddable":true,"href":"https:\/\/culturesconnection.com\/fr\/wp-json\/wp\/v2\/media\/23251"}],"wp:attachment":[{"href":"https:\/\/culturesconnection.com\/fr\/wp-json\/wp\/v2\/media?parent=5602"}],"curies":[{"name":"wp","href":"https:\/\/api.w.org\/{rel}","templated":true}]}}