{"id":5601,"date":"2016-04-29T20:24:50","date_gmt":"2016-04-29T19:24:50","guid":{"rendered":"http:\/\/culturesconnection.com\/fr\/?page_id=5601"},"modified":"2022-12-07T12:04:59","modified_gmt":"2022-12-07T11:04:59","slug":"services-de-traduction-allemand","status":"publish","type":"page","link":"https:\/\/culturesconnection.com\/fr\/services-de-traduction-allemand\/","title":{"rendered":"Agence de traduction en allemand"},"content":{"rendered":"\n<h2 class=\"wp-block-heading\">Services professionnels de traduction en allemand<\/h2>\n\n\n\n<p>Premi\u00e8re puissance \u00e9conomique d\u2019Europe et puissance importante au niveau mondial, l\u2019Allemagne est la championne des exportations. 500 000 Fran\u00e7ais travaillent dans les 2 500 entreprises allemandes implant\u00e9es dans l\u2019Hexagone. Si l\u2019usage de la langue allemande n\u2019est pas un crit\u00e8re essentiel pour travailler avec nos voisins germaniques, la traduction de documents en allemand est un avantage non n\u00e9gligeable. Et m\u00eame cruciale lorsqu\u2019il s\u2019agit de n\u00e9gociations commerciales avec une entreprise ou d\u2019\u00e9changes d\u2019informations.<\/p>\n\n\n\n<p>Vos partenaires germanophones appr\u00e9cieront sans nul doute cet effort de votre part mais il est capital que vos traductions fran\u00e7ais &#8211; allemand soient d\u2019une qualit\u00e9 optimale pour avoir l\u2019effet escompt\u00e9. Notre <a href=\"https:\/\/culturesconnection.com\/fr\/\">agence de traduction<\/a> r\u00e9alise de nombreux projets de traduction dans des domaines o\u00f9 l\u2019allemand est pratique courante (commerce, sciences, recherche, innovation, tourisme, nouvelles technologies\u2026). En outre, nombre d\u2019entreprises fran\u00e7aises ont des filiales en Allemagne, c\u2019est pourquoi les traductions allemand &#8211; fran\u00e7ais font partie de nos prestations les plus reconnues.<\/p>\n\n\n\n<h2 class=\"wp-block-heading\">Vous recherchez un traducteur allemand ?<\/h2>\n\n\n\n<p>Besoin d\u2019un traducteur allemand &#8211; fran\u00e7ais professionnel ? D\u2019un traducteur fran\u00e7ais &#8211; allemand ? Pourquoi ne pas faire appel \u00e0 notre agence de traduction ? Cultures Connection collabore avec des experts de la traduction depuis ou vers l\u2019allemand dont la ou les sp\u00e9cialit\u00e9s recouvrent des secteurs aussi divers que la finance, le marketing, la m\u00e9decine, l\u2019a\u00e9ronautique, l\u2019informatique et le web. Ces professionnels sont pr\u00e9alablement s\u00e9lectionn\u00e9s sur la base de leurs comp\u00e9tences linguistiques et de leurs dipl\u00f4mes ; ils justifient d\u2019au moins cinq ann\u00e9es d\u2019exp\u00e9rience et sont soumis \u00e0 des tests r\u00e9guliers. Nos traducteurs traduisent vers leur <a href=\"https:\/\/culturesconnection.com\/fr\/traducteur-professionnel\/\">langue <\/a>maternelle.<\/p>\n\n\n\n<p>Afin de vous garantir le meilleur rapport qualit\u00e9-prix, nos services de traduction se d\u00e9clinent en quatre volets (basique, standard, professionnelle et premium). L\u2019\u00e9quipe de Cultures Connection s\u2019adapte \u00e0 vos exigences et vous garantit la livraison de vos traductions en allemand dans les meilleurs d\u00e9lais m\u00eame en cas de traduction urgente.<\/p>\n","protected":false},"excerpt":{"rendered":"<p>Services professionnels de traduction en allemand Premi\u00e8re puissance \u00e9conomique d\u2019Europe et puissance importante au niveau mondial, l\u2019Allemagne est la championne des exportations. 500 000 Fran\u00e7ais [&#8230;]<\/p>\n<p><a class=\"btn btn-secondary understrap-read-more-link\" href=\"https:\/\/culturesconnection.com\/fr\/services-de-traduction-allemand\/\">Lire la suite\u2026<span class=\"screen-reader-text\"> from Agence de traduction en allemand<\/span><\/a><\/p>\n","protected":false},"author":26,"featured_media":23251,"parent":0,"menu_order":0,"comment_status":"closed","ping_status":"closed","template":"","meta":{"_acf_changed":false,"_editorskit_title_hidden":false,"_editorskit_reading_time":1,"_editorskit_is_block_options_detached":false,"_editorskit_block_options_position":"{}","footnotes":""},"class_list":["post-5601","page","type-page","status-publish","has-post-thumbnail","hentry"],"acf":[],"_links":{"self":[{"href":"https:\/\/culturesconnection.com\/fr\/wp-json\/wp\/v2\/pages\/5601","targetHints":{"allow":["GET"]}}],"collection":[{"href":"https:\/\/culturesconnection.com\/fr\/wp-json\/wp\/v2\/pages"}],"about":[{"href":"https:\/\/culturesconnection.com\/fr\/wp-json\/wp\/v2\/types\/page"}],"author":[{"embeddable":true,"href":"https:\/\/culturesconnection.com\/fr\/wp-json\/wp\/v2\/users\/26"}],"replies":[{"embeddable":true,"href":"https:\/\/culturesconnection.com\/fr\/wp-json\/wp\/v2\/comments?post=5601"}],"version-history":[{"count":0,"href":"https:\/\/culturesconnection.com\/fr\/wp-json\/wp\/v2\/pages\/5601\/revisions"}],"wp:featuredmedia":[{"embeddable":true,"href":"https:\/\/culturesconnection.com\/fr\/wp-json\/wp\/v2\/media\/23251"}],"wp:attachment":[{"href":"https:\/\/culturesconnection.com\/fr\/wp-json\/wp\/v2\/media?parent=5601"}],"curies":[{"name":"wp","href":"https:\/\/api.w.org\/{rel}","templated":true}]}}