{"id":5569,"date":"2016-04-29T19:38:48","date_gmt":"2016-04-29T18:38:48","guid":{"rendered":"http:\/\/culturesconnection.com\/fr\/?page_id=5569"},"modified":"2022-11-07T12:33:57","modified_gmt":"2022-11-07T11:33:57","slug":"services-de-traduction-anglais","status":"publish","type":"page","link":"https:\/\/culturesconnection.com\/fr\/services-de-traduction-anglais\/","title":{"rendered":"Agence de traduction en anglais"},"content":{"rendered":"\n<h2 class=\"wp-block-heading\">Services professionnels de traduction en anglais<\/h2>\n\n\n\n<p>Parl\u00e9 par pr\u00e8s de 850 millions de personnes, l\u2019anglais est la langue du monde des affaires et de la diplomatie. La traduction de documents en anglais est devenue le passage oblig\u00e9 pour toute entreprise qui souhaite se d\u00e9velopper et communiquer \u00e0 l\u2019international. Cultures Connection travaille pour de nombreux secteurs (commerce, finance, sciences, organisations internationales, nouvelles technologies\u2026) o\u00f9 l\u2019usage de l\u2019anglais pr\u00e9domine. Les traductions anglais \u2013 fran\u00e7ais et traductions fran\u00e7ais \u2013 anglais font d\u2019ailleurs partie des prestations linguistiques les plus demand\u00e9es par nos clients.<\/p>\n\n\n\n<h2 class=\"wp-block-heading\">Besoin d&rsquo;un traducteur anglais ?<\/h2>\n\n\n\n<p>Que vous recherchiez un traducteur anglais \u00e0 Paris, en province ou \u00e0 l\u2019\u00e9tranger, Cultures Connection est l\u2019agence professionnelle \u00e0 contacter. Notre<a href=\"https:\/\/cc21.wpengine.com\/fr\/\" target=\"_blank\" rel=\"noopener\">\u00a0agence de traduction<\/a>\u00a0collabore avec de nombreux traducteurs anglophones et met un point d\u2019honneur \u00e0 s\u00e9lectionner les experts linguistiques les plus qualifi\u00e9s pour votre projet. Notre vaste r\u00e9seau de traducteurs anglais \u2013 fran\u00e7ais et fran\u00e7ais \u2013 anglais nous permet de g\u00e9rer des demandes de traduction pour des secteurs d\u2019activit\u00e9s tr\u00e8s vari\u00e9s.<\/p>\n\n\n\n<p>Outre leurs comp\u00e9tences linguistiques, nos traducteurs sont sp\u00e9cialis\u00e9s dans des domaines pr\u00e9cis. Ainsi, si vous avez besoin de faire effectuer une traduction commerciale, notre entreprise fera appel \u00e0 un professionnel dot\u00e9 d\u2019une exp\u00e9rience av\u00e9r\u00e9e dans les m\u00e9tiers de la vente et\/ou du marketing. Tous nos traducteurs anglophones sont dipl\u00f4m\u00e9s et justifient d\u2019une exp\u00e9rience d\u2019au moins cinq ans. Afin de restituer parfaitement les subtilit\u00e9s culturelles et linguistiques des Etats-Unis, de Grande-Bretagne, d&rsquo;Australie, du Canada ou d&rsquo;autres pays anglophones, ces professionnels ne travaillent que vers leur\u00a0<a href=\"https:\/\/cc21.wpengine.com\/fr\/traducteur-professionnel\/\" target=\"_blank\" rel=\"noopener\">langue\u00a0<\/a>maternelle. <\/p>\n\n\n\n<p>Demandez <a href=\"https:\/\/culturesconnection.com\/fr\/devis-de-traduction-gratuit\/\" class=\"ek-link\">un devis<\/a> !<\/p>\n","protected":false},"excerpt":{"rendered":"<p>Services professionnels de traduction en anglais Parl\u00e9 par pr\u00e8s de 850 millions de personnes, l\u2019anglais est la langue du monde des affaires et de la [&#8230;]<\/p>\n<p><a class=\"btn btn-secondary understrap-read-more-link\" href=\"https:\/\/culturesconnection.com\/fr\/services-de-traduction-anglais\/\">Lire la suite\u2026<span class=\"screen-reader-text\"> from Agence de traduction en anglais<\/span><\/a><\/p>\n","protected":false},"author":26,"featured_media":23251,"parent":0,"menu_order":0,"comment_status":"closed","ping_status":"closed","template":"","meta":{"_acf_changed":false,"_editorskit_title_hidden":false,"_editorskit_reading_time":1,"_editorskit_is_block_options_detached":false,"_editorskit_block_options_position":"{}","footnotes":""},"class_list":["post-5569","page","type-page","status-publish","has-post-thumbnail","hentry"],"acf":[],"_links":{"self":[{"href":"https:\/\/culturesconnection.com\/fr\/wp-json\/wp\/v2\/pages\/5569","targetHints":{"allow":["GET"]}}],"collection":[{"href":"https:\/\/culturesconnection.com\/fr\/wp-json\/wp\/v2\/pages"}],"about":[{"href":"https:\/\/culturesconnection.com\/fr\/wp-json\/wp\/v2\/types\/page"}],"author":[{"embeddable":true,"href":"https:\/\/culturesconnection.com\/fr\/wp-json\/wp\/v2\/users\/26"}],"replies":[{"embeddable":true,"href":"https:\/\/culturesconnection.com\/fr\/wp-json\/wp\/v2\/comments?post=5569"}],"version-history":[{"count":0,"href":"https:\/\/culturesconnection.com\/fr\/wp-json\/wp\/v2\/pages\/5569\/revisions"}],"wp:featuredmedia":[{"embeddable":true,"href":"https:\/\/culturesconnection.com\/fr\/wp-json\/wp\/v2\/media\/23251"}],"wp:attachment":[{"href":"https:\/\/culturesconnection.com\/fr\/wp-json\/wp\/v2\/media?parent=5569"}],"curies":[{"name":"wp","href":"https:\/\/api.w.org\/{rel}","templated":true}]}}