{"id":5519,"date":"2016-04-20T20:40:24","date_gmt":"2016-04-20T18:40:24","guid":{"rendered":"http:\/\/culturesconnection.com\/fr\/?page_id=5519"},"modified":"2022-11-18T15:02:58","modified_gmt":"2022-11-18T14:02:58","slug":"traduction-scientifique-italien","status":"publish","type":"page","link":"https:\/\/culturesconnection.com\/fr\/services-de-traduction-italien\/traduction-scientifique-italien\/","title":{"rendered":"Agence de traduction scientifique en italien"},"content":{"rendered":"\n<h2 class=\"wp-block-heading\">Traduction scientifique\u00a0italien fran\u00e7ais <\/h2>\n\n\n\n<p>La traduction scientifique couvre de nombreux domaines de sp\u00e9cialisation. Avant de s\u2019atteler \u00e0 une traduction, le traducteur scientifique doit effectuer une recherche approfondie de la terminologie \u00e0 utiliser en fonction du contexte. Il s\u2019agit d\u2019un travail de pr\u00e9cision et d\u2019exactitude, deux qualit\u00e9s intrins\u00e8ques \u00e0 la traduction scientifique. Nous mettons tout en \u0153uvre pour trouver le terme le plus ad\u00e9quat car nous savons l\u2019importance que les mots peuvent avoir, surtout dans un domaine aussi pointu que celui-ci.<\/p>\n\n\n\n<h2 class=\"wp-block-heading\">Notre soci\u00e9t\u00e9 de traduction<\/h2>\n\n\n\n<p>Notre <a href=\"https:\/\/culturesconnection.com\/fr\/\">agence de traduction<\/a><a href=\"https:\/\/culturesconnection.com\/fr\/agence-de-traduction\/\">\u00a0<\/a>poss\u00e8de un vaste r\u00e9seau de collaborateurs : chefs de projets, traducteurs, r\u00e9viseurs, correcteurs et graphistes. Parmi eux, de nombreux experts de la traduction scientifique en italien sp\u00e9cialis\u00e9s dans des domaines aussi divers que la physiologie mol\u00e9culaire, la zoologie, les \u00e9nergies renouvelables ou encore la virologie. Il est indispensable de toujours confier vos traductions scientifiques en italien \u00e0 des personnes famili\u00e8res avec le sujet et avec les langues de travail ; le fran\u00e7ais et l\u2019italien en l\u2019occurrence. Chez Cultures Connection, nous avons le traducteur qu\u2019il vous faut pour vos documents techniques en italien et nous r\u00e9alisons des <a href=\"https:\/\/culturesconnection.com\/fr\/services-de-traduction\/\">services de traduction<\/a> de grande qualit\u00e9.<\/p>\n\n\n\n<h2 class=\"wp-block-heading\">Vos documents scientifiques en italien<\/h2>\n\n\n\n<p>Ci-dessous, quelques exemples de <a href=\"https:\/\/culturesconnection.com\/fr\/traduction-scientifique\/\">documents scientifiques<\/a> que notre soci\u00e9t\u00e9 de traduction a d\u00e9j\u00e0 traduits de et vers l\u2019italien :<\/p>\n\n\n\n<ul class=\"wp-block-list\"><li>Lexiques, encyclop\u00e9dies scientifiques et glossaires<\/li><li>Documents techniques et articles de recherche<\/li><li>Manuels op\u00e9rateurs et utilisateurs<\/li><li>Essais de laboratoire, protocoles d\u2019essais<\/li><li>Documents juridiques, brevets et directives<\/li><li>Cahiers des charges<\/li><li>Projets et \u00e9tudes de march\u00e9 multipays<\/li><li>Logiciels de simulation (biotech, environnement, r\u00e9habilitation de sites industriels)<\/li><li>Pr\u00e9sentations multim\u00e9dia et vid\u00e9os<\/li><li>Traduction et localisation de sites web<\/li><li>Traduction de notices techniques, pr\u00e9sentation de congr\u00e8s<\/li><\/ul>\n","protected":false},"excerpt":{"rendered":"<p>Traduction scientifique\u00a0italien fran\u00e7ais La traduction scientifique couvre de nombreux domaines de sp\u00e9cialisation. Avant de s\u2019atteler \u00e0 une traduction, le traducteur scientifique doit effectuer une recherche [&#8230;]<\/p>\n<p><a class=\"btn btn-secondary understrap-read-more-link\" href=\"https:\/\/culturesconnection.com\/fr\/services-de-traduction-italien\/traduction-scientifique-italien\/\">Lire la suite\u2026<span class=\"screen-reader-text\"> from Agence de traduction scientifique en italien<\/span><\/a><\/p>\n","protected":false},"author":29,"featured_media":24329,"parent":5623,"menu_order":0,"comment_status":"closed","ping_status":"closed","template":"","meta":{"_acf_changed":false,"_editorskit_title_hidden":false,"_editorskit_reading_time":0,"_editorskit_is_block_options_detached":false,"_editorskit_block_options_position":"{}","footnotes":""},"class_list":["post-5519","page","type-page","status-publish","has-post-thumbnail","hentry"],"acf":[],"_links":{"self":[{"href":"https:\/\/culturesconnection.com\/fr\/wp-json\/wp\/v2\/pages\/5519","targetHints":{"allow":["GET"]}}],"collection":[{"href":"https:\/\/culturesconnection.com\/fr\/wp-json\/wp\/v2\/pages"}],"about":[{"href":"https:\/\/culturesconnection.com\/fr\/wp-json\/wp\/v2\/types\/page"}],"author":[{"embeddable":true,"href":"https:\/\/culturesconnection.com\/fr\/wp-json\/wp\/v2\/users\/29"}],"replies":[{"embeddable":true,"href":"https:\/\/culturesconnection.com\/fr\/wp-json\/wp\/v2\/comments?post=5519"}],"version-history":[{"count":0,"href":"https:\/\/culturesconnection.com\/fr\/wp-json\/wp\/v2\/pages\/5519\/revisions"}],"up":[{"embeddable":true,"href":"https:\/\/culturesconnection.com\/fr\/wp-json\/wp\/v2\/pages\/5623"}],"wp:featuredmedia":[{"embeddable":true,"href":"https:\/\/culturesconnection.com\/fr\/wp-json\/wp\/v2\/media\/24329"}],"wp:attachment":[{"href":"https:\/\/culturesconnection.com\/fr\/wp-json\/wp\/v2\/media?parent=5519"}],"curies":[{"name":"wp","href":"https:\/\/api.w.org\/{rel}","templated":true}]}}