{"id":5517,"date":"2016-04-20T20:37:39","date_gmt":"2016-04-20T18:37:39","guid":{"rendered":"http:\/\/culturesconnection.com\/fr\/?page_id=5517"},"modified":"2022-11-17T10:57:39","modified_gmt":"2022-11-17T09:57:39","slug":"traduction-scientifique-portugais","status":"publish","type":"page","link":"https:\/\/culturesconnection.com\/fr\/services-de-traduction-portugais\/traduction-scientifique-portugais\/","title":{"rendered":"Agence de traduction scientifique en portugais"},"content":{"rendered":"\n<h2 class=\"wp-block-heading\">Des sp\u00e9cialistes de la traduction scientifique portugais-fran\u00e7ais \u00e0 votre service<\/h2>\n\n\n\n<p>\u00c0 l\u2019heure de confier une traduction scientifique en portugais \u00e0 une agence de traduction, il est primordial d\u2019\u00eatre certain que cette derni\u00e8re attribuera votre projet aux professionnels comp\u00e9tents. Tous les documents scientifiques contiennent une terminologie sp\u00e9cifique et ce, qu\u2019ils traitent de biotechnologies, de manipulations d\u2019ADN ou encore de biodiversit\u00e9. Si vous aspirez \u00e0 des r\u00e9sultats infaillibles, votre projet devra passer entre les mains d\u2019un expert de la traduction scientifique depuis ou vers le portugais. Ne cherchez plus la perle rare, elle se trouve sans aucun doute dans notre agence. Notre r\u00f4le est de s\u00e9lectionner le meilleur traducteur scientifique et de vous accompagner de la r\u00e9ception des documents jusqu\u2019\u00e0 leur livraison.<\/p>\n\n\n\n<h2 class=\"wp-block-heading\">Notre agence de traduction professionnelle<\/h2>\n\n\n\n<p>Notre <a href=\"https:\/\/culturesconnection.com\/fr\/\">soci\u00e9t\u00e9 de traduction<\/a> vous propose les services de nombreux traducteurs portugais-fran\u00e7ais et de traducteurs fran\u00e7ais-portugais, experts de la traduction scientifique. En outre, notre chef de projet se chargera du suivi et du bon d\u00e9roulement des op\u00e9rations. Avant m\u00eame que le traducteur n\u2019entame son travail, une recherche terminologique approfondie sera men\u00e9e afin de livrer au client une traduction de haute qualit\u00e9. Nous savons qu\u2019un seul mot peut engendrer diverses traductions, c\u2019est pourquoi nous veillons \u00e0 ce que nos collaborateurs mettent toujours le doigt sur le terme exact \u00e0 employer en fonction du contexte. Nous sommes en contact permanent avec nos clients et avons \u00e0 notre disposition des ouvrages de r\u00e9f\u00e9rence pour mener \u00e0 bien la t\u00e2che qui nous incombe. Cultures Connection vous assure des <a href=\"https:\/\/culturesconnection.com\/fr\/services-de-traduction\/\">services de traduction<\/a> de haute qualit\u00e9.<\/p>\n\n\n\n<h2 class=\"wp-block-heading\">Vos documents scientifiques en portugais<\/h2>\n\n\n\n<p>Les <a href=\"https:\/\/culturesconnection.com\/fr\/traduction-scientifique\/\">traductions scientifiques<\/a> qui nous sont confi\u00e9es sont nombreuses. Voici quelques exemples de documents que nous traduisons quotidiennement depuis et vers le portugais :<\/p>\n\n\n\n<ul class=\"wp-block-list\"><li>Lexiques, encyclop\u00e9dies scientifiques et glossaires<\/li><li>Documents techniques et articles de recherche<\/li><li>Manuels op\u00e9rateurs et utilisateurs<\/li><li>Essais de laboratoire, protocoles d\u2019essais<\/li><li>Documents juridiques, brevets et directives<\/li><li>Cahiers des charges<\/li><li>Projets et \u00e9tudes de march\u00e9 multipays<\/li><li>Logiciels de simulation (biotech, environnement, r\u00e9habilitation de sites industriels)<\/li><li>Pr\u00e9sentations multim\u00e9dia et vid\u00e9os<\/li><li>Traduction et localisation de sites Web<\/li><li>Traduction de notices techniques, pr\u00e9sentation de congr\u00e8s<\/li><\/ul>\n","protected":false},"excerpt":{"rendered":"<p>Des sp\u00e9cialistes de la traduction scientifique portugais-fran\u00e7ais \u00e0 votre service \u00c0 l\u2019heure de confier une traduction scientifique en portugais \u00e0 une agence de traduction, il [&#8230;]<\/p>\n<p><a class=\"btn btn-secondary understrap-read-more-link\" href=\"https:\/\/culturesconnection.com\/fr\/services-de-traduction-portugais\/traduction-scientifique-portugais\/\">Lire la suite\u2026<span class=\"screen-reader-text\"> from Agence de traduction scientifique en portugais<\/span><\/a><\/p>\n","protected":false},"author":29,"featured_media":24329,"parent":5631,"menu_order":0,"comment_status":"closed","ping_status":"closed","template":"","meta":{"_acf_changed":false,"_editorskit_title_hidden":false,"_editorskit_reading_time":0,"_editorskit_is_block_options_detached":false,"_editorskit_block_options_position":"{}","footnotes":""},"class_list":["post-5517","page","type-page","status-publish","has-post-thumbnail","hentry"],"acf":[],"_links":{"self":[{"href":"https:\/\/culturesconnection.com\/fr\/wp-json\/wp\/v2\/pages\/5517","targetHints":{"allow":["GET"]}}],"collection":[{"href":"https:\/\/culturesconnection.com\/fr\/wp-json\/wp\/v2\/pages"}],"about":[{"href":"https:\/\/culturesconnection.com\/fr\/wp-json\/wp\/v2\/types\/page"}],"author":[{"embeddable":true,"href":"https:\/\/culturesconnection.com\/fr\/wp-json\/wp\/v2\/users\/29"}],"replies":[{"embeddable":true,"href":"https:\/\/culturesconnection.com\/fr\/wp-json\/wp\/v2\/comments?post=5517"}],"version-history":[{"count":0,"href":"https:\/\/culturesconnection.com\/fr\/wp-json\/wp\/v2\/pages\/5517\/revisions"}],"up":[{"embeddable":true,"href":"https:\/\/culturesconnection.com\/fr\/wp-json\/wp\/v2\/pages\/5631"}],"wp:featuredmedia":[{"embeddable":true,"href":"https:\/\/culturesconnection.com\/fr\/wp-json\/wp\/v2\/media\/24329"}],"wp:attachment":[{"href":"https:\/\/culturesconnection.com\/fr\/wp-json\/wp\/v2\/media?parent=5517"}],"curies":[{"name":"wp","href":"https:\/\/api.w.org\/{rel}","templated":true}]}}