{"id":5510,"date":"2016-04-19T21:26:17","date_gmt":"2016-04-19T19:26:17","guid":{"rendered":"http:\/\/culturesconnection.com\/fr\/?page_id=5510"},"modified":"2022-12-08T11:14:58","modified_gmt":"2022-12-08T10:14:58","slug":"traduction-marketing-turc","status":"publish","type":"page","link":"https:\/\/culturesconnection.com\/fr\/services-de-traduction-en-turc\/traduction-marketing-turc\/","title":{"rendered":"Agence de traduction marketing en turc"},"content":{"rendered":"\n<h2 class=\"wp-block-heading\">Nos services de traduction marketing turc, ou de localisation marketing vers le turc<\/h2>\n\n\n\n<p>En traduction marketing, il est important de prendre en compte le message du texte source plut\u00f4t que les mots qu\u2019il contient. Il ne s\u2019agit donc pas de transposer des mots d\u2019une langue \u00e0 une autre mais bien d\u2019adapter le message en fonction des variantes socioculturelles du public cible : on ne fait pas de la publicit\u00e9 de la m\u00eame fa\u00e7on en France qu&rsquo;en Turquie. C\u2019est pour ces raisons que nous parlerons plus facilement de localisation marketing plut\u00f4t que de traduction marketing. Le but de ces textes est de susciter l\u2019int\u00e9r\u00eat du march\u00e9 cible et de soutenir les ventes. Cependant, il faut faire attention car une mauvaise traduction pourrait avoir l\u2019effet inverse et nuire \u00e0 l\u2019image de votre entreprise.<\/p>\n\n\n\n<h2 class=\"wp-block-heading\">Notre agence de traduction<\/h2>\n\n\n\n<p>Qui de mieux plac\u00e9 qu\u2019un traducteur de documents marketing et issu du march\u00e9 que vous ciblez pour prendre en charge votre projet ? Avec notre <a href=\"https:\/\/culturesconnection.com\/fr\/\">agence de traduction<\/a>, c\u2019est possible. Au sein notre vaste r\u00e9seau de partenaires linguistiques se trouve le traducteur turc sp\u00e9cialis\u00e9 en traduction marketing dont vous avez besoin ; un expert ma\u00eetrisant parfaitement le fran\u00e7ais et le turc, les cultures propres \u00e0 ces langues, mais aussi les r\u00e9alit\u00e9s du march\u00e9 sur lequel vous essayez de vous implanter. Pour la localisation de vos documents marketing en turc, choisir Cultures Connection vous assurera d\u2019un <a href=\"https:\/\/culturesconnection.com\/fr\/services-de-traduction\/\">service de traduction<\/a>&nbsp;de qualit\u00e9.<\/p>\n\n\n\n<h2 class=\"wp-block-heading\">Vos documents marketing en turc<\/h2>\n\n\n\n<p>Ci-dessous, nous vous pr\u00e9sentons quelques exemples de <a href=\"https:\/\/culturesconnection.com\/fr\/traduction-marketing\/\">documents marketings<\/a> que notre soci\u00e9t\u00e9 de traduction a d\u00e9j\u00e0 pris en charge :<\/p>\n\n\n\n<ul class=\"wp-block-list\">\n<li>Brochures<\/li>\n\n\n\n<li>Supports publicitaires<\/li>\n\n\n\n<li>Newsletters<\/li>\n\n\n\n<li>Sites e-commerce<\/li>\n\n\n\n<li>Prospectus<\/li>\n\n\n\n<li>Campagnes marketing<\/li>\n\n\n\n<li>Publicit\u00e9s<\/li>\n\n\n\n<li>Sites Web<\/li>\n\n\n\n<li>Slogans<\/li>\n\n\n\n<li>Logotypes<\/li>\n\n\n\n<li>Pr\u00e9sentations<\/li>\n\n\n\n<li>Lancements de produits<\/li>\n\n\n\n<li>Notes de presse<\/li>\n\n\n\n<li>E-book<\/li>\n<\/ul>\n","protected":false},"excerpt":{"rendered":"<p>Nos services de traduction marketing turc, ou de localisation marketing vers le turc En traduction marketing, il est important de prendre en compte le message [&#8230;]<\/p>\n<p><a class=\"btn btn-secondary understrap-read-more-link\" href=\"https:\/\/culturesconnection.com\/fr\/services-de-traduction-en-turc\/traduction-marketing-turc\/\">Lire la suite\u2026<span class=\"screen-reader-text\"> from Agence de traduction marketing en turc<\/span><\/a><\/p>\n","protected":false},"author":32,"featured_media":24329,"parent":5634,"menu_order":0,"comment_status":"closed","ping_status":"closed","template":"","meta":{"_acf_changed":false,"_editorskit_title_hidden":false,"_editorskit_reading_time":0,"_editorskit_is_block_options_detached":false,"_editorskit_block_options_position":"{}","footnotes":""},"class_list":["post-5510","page","type-page","status-publish","has-post-thumbnail","hentry"],"acf":[],"_links":{"self":[{"href":"https:\/\/culturesconnection.com\/fr\/wp-json\/wp\/v2\/pages\/5510","targetHints":{"allow":["GET"]}}],"collection":[{"href":"https:\/\/culturesconnection.com\/fr\/wp-json\/wp\/v2\/pages"}],"about":[{"href":"https:\/\/culturesconnection.com\/fr\/wp-json\/wp\/v2\/types\/page"}],"author":[{"embeddable":true,"href":"https:\/\/culturesconnection.com\/fr\/wp-json\/wp\/v2\/users\/32"}],"replies":[{"embeddable":true,"href":"https:\/\/culturesconnection.com\/fr\/wp-json\/wp\/v2\/comments?post=5510"}],"version-history":[{"count":0,"href":"https:\/\/culturesconnection.com\/fr\/wp-json\/wp\/v2\/pages\/5510\/revisions"}],"up":[{"embeddable":true,"href":"https:\/\/culturesconnection.com\/fr\/wp-json\/wp\/v2\/pages\/5634"}],"wp:featuredmedia":[{"embeddable":true,"href":"https:\/\/culturesconnection.com\/fr\/wp-json\/wp\/v2\/media\/24329"}],"wp:attachment":[{"href":"https:\/\/culturesconnection.com\/fr\/wp-json\/wp\/v2\/media?parent=5510"}],"curies":[{"name":"wp","href":"https:\/\/api.w.org\/{rel}","templated":true}]}}