{"id":5502,"date":"2016-04-26T18:41:57","date_gmt":"2016-04-26T16:41:57","guid":{"rendered":"http:\/\/culturesconnection.com\/fr\/?page_id=5502"},"modified":"2022-11-10T10:48:47","modified_gmt":"2022-11-10T09:48:47","slug":"traduction-marketing-arabe","status":"publish","type":"page","link":"https:\/\/culturesconnection.com\/fr\/services-de-traduction-arabe\/traduction-marketing-arabe\/","title":{"rendered":"Agence de traduction marketing en arabe"},"content":{"rendered":"\n<h2 class=\"wp-block-heading\">Des sp\u00e9cialistes de la traduction marketing arabe-fran\u00e7ais<\/h2>\n\n\n\n<p>La technicit\u00e9 et la difficult\u00e9 de la traduction marketing en arabe implique que celle-ci doit toujours \u00eatre r\u00e9alis\u00e9e par un professionnel rod\u00e9 et exp\u00e9riment\u00e9. Il est indispensable d\u2019\u00eatre dot\u00e9 de connaissances linguistiques pouss\u00e9es et d\u2019une habilet\u00e9 unique \u00e0 manier les concepts et les th\u00e9ories du marketing. Notre<a href=\"https:\/\/culturesconnection.com\/fr\/\"> cabinet de traduction<\/a> en a conscience et a mis sur pied un large r\u00e9seau d\u2019experts de la traduction arabe-fran\u00e7ais, et inversement, \u00e0 m\u00eame de vous remettre des documents marketing parfaitement traduits. Nous les avons s\u00e9lectionn\u00e9s pour vous en prenant en compte leurs dipl\u00f4mes, leurs qualifications et leur exp\u00e9rience dans le domaine du marketing.<\/p>\n\n\n\n<h2 class=\"wp-block-heading\">Notre agence de traduction professionnelle<\/h2>\n\n\n\n<p>Forte de nombreuses ann\u00e9es d\u2019exp\u00e9rience dans le secteur, notre entreprise de traduction respecte toujours ses engagements. Nous mettons un point d\u2019honneur \u00e0 toujours livrer des traductions de qualit\u00e9. Nous prenons \u00e9galement soin de localiser les documents marketing qui nous sont fournis. En d\u2019autres termes, si votre document marketing est destin\u00e9 \u00e0 un pays du monde arabe, il conviendra d\u2019adapter sa traduction au public cible. Par exemple, la culture fran\u00e7aise et la culture tunisienne sont diam\u00e9tralement oppos\u00e9es, il faut donc adapter votre message \u00e0 ce march\u00e9. Il s\u2019agit d\u2019un travail difficile et minutieux, mais in\u00e9vitable pour vous assurer un impact positif. Chez Cultures Connection, nous vous promettons des<a href=\"https:\/\/culturesconnection.com\/fr\/services-de-traduction\/\"> services de traduction<\/a> de qualit\u00e9 !<\/p>\n\n\n\n<h2 class=\"wp-block-heading\">Vos documents marketing en arabe<\/h2>\n\n\n\n<p>Peu importe le type de <a href=\"https:\/\/culturesconnection.com\/fr\/traduction-marketing\/\">document marketing<\/a> ou de contenu que vous avez besoin de faire traduire, notre agence a des ann\u00e9es d\u2019exp\u00e9rience. Notre \u00e9quipe est donc apte \u00e0 traduire de nombreux types de documents diff\u00e9rents, notamment :<\/p>\n\n\n\n<ul class=\"wp-block-list\"><li>Brochures<\/li><li>Supports publicitaires<\/li><li>Newsletters<\/li><li>Sites e-commerce<\/li><li>Prospectus<\/li><li>Campagnes marketing<\/li><li>Publicit\u00e9s<\/li><li>Sites web et blogs<\/li><li>Slogans<\/li><li>Logos et infographies<\/li><li>Pr\u00e9sentations<\/li><li>Lancements de produits<\/li><li>Notes et communiqu\u00e9s de presse<\/li><li>E-books<\/li><\/ul>\n","protected":false},"excerpt":{"rendered":"<p>Des sp\u00e9cialistes de la traduction marketing arabe-fran\u00e7ais La technicit\u00e9 et la difficult\u00e9 de la traduction marketing en arabe implique que celle-ci doit toujours \u00eatre r\u00e9alis\u00e9e [&#8230;]<\/p>\n<p><a class=\"btn btn-secondary understrap-read-more-link\" href=\"https:\/\/culturesconnection.com\/fr\/services-de-traduction-arabe\/traduction-marketing-arabe\/\">Lire la suite\u2026<span class=\"screen-reader-text\"> from Agence de traduction marketing en arabe<\/span><\/a><\/p>\n","protected":false},"author":32,"featured_media":24329,"parent":5602,"menu_order":0,"comment_status":"closed","ping_status":"closed","template":"","meta":{"_acf_changed":false,"_editorskit_title_hidden":false,"_editorskit_reading_time":0,"_editorskit_is_block_options_detached":false,"_editorskit_block_options_position":"{}","footnotes":""},"class_list":["post-5502","page","type-page","status-publish","has-post-thumbnail","hentry"],"acf":[],"_links":{"self":[{"href":"https:\/\/culturesconnection.com\/fr\/wp-json\/wp\/v2\/pages\/5502","targetHints":{"allow":["GET"]}}],"collection":[{"href":"https:\/\/culturesconnection.com\/fr\/wp-json\/wp\/v2\/pages"}],"about":[{"href":"https:\/\/culturesconnection.com\/fr\/wp-json\/wp\/v2\/types\/page"}],"author":[{"embeddable":true,"href":"https:\/\/culturesconnection.com\/fr\/wp-json\/wp\/v2\/users\/32"}],"replies":[{"embeddable":true,"href":"https:\/\/culturesconnection.com\/fr\/wp-json\/wp\/v2\/comments?post=5502"}],"version-history":[{"count":0,"href":"https:\/\/culturesconnection.com\/fr\/wp-json\/wp\/v2\/pages\/5502\/revisions"}],"up":[{"embeddable":true,"href":"https:\/\/culturesconnection.com\/fr\/wp-json\/wp\/v2\/pages\/5602"}],"wp:featuredmedia":[{"embeddable":true,"href":"https:\/\/culturesconnection.com\/fr\/wp-json\/wp\/v2\/media\/24329"}],"wp:attachment":[{"href":"https:\/\/culturesconnection.com\/fr\/wp-json\/wp\/v2\/media?parent=5502"}],"curies":[{"name":"wp","href":"https:\/\/api.w.org\/{rel}","templated":true}]}}