{"id":5495,"date":"2016-04-19T18:45:41","date_gmt":"2016-04-19T16:45:41","guid":{"rendered":"http:\/\/culturesconnection.com\/fr\/?page_id=5495"},"modified":"2022-11-09T15:53:46","modified_gmt":"2022-11-09T14:53:46","slug":"traduction-marketing-allemand","status":"publish","type":"page","link":"https:\/\/culturesconnection.com\/fr\/services-de-traduction-allemand\/traduction-marketing-allemand\/","title":{"rendered":"Agence de traduction marketing en allemand"},"content":{"rendered":"\n<h2 class=\"wp-block-heading\">Confiez \u00e0 notre soci\u00e9t\u00e9 votre traduction marketing allemand<\/h2>\n\n\n\n<p>La traduction des documents marketing en allemand est loin d\u2019\u00eatre un exercice facile. Elle demande non seulement des comp\u00e9tences linguistiques ind\u00e9niables, mais aussi et surtout des connaissances pointues en marketing et dans le domaine commercial. Chez Cultures Connection, nous avons conscience de l\u2019importance des traductions de vos documents marketing, nous savons qu\u2019elles vous repr\u00e9sentent et qu\u2019elles auront toujours un impact sur l\u2019image de votre entreprise. C\u2019est pourquoi nous faisons appel aux traducteurs les plus qualifi\u00e9s, de v\u00e9ritables experts dans leur domaine. Vos projets seront toujours confi\u00e9s aux experts marketing les plus adapt\u00e9s et les plus comp\u00e9tents que ce soit pour une traduction fran\u00e7ais-allemand ou allemand-fran\u00e7ais.<\/p>\n\n\n\n<h2 class=\"wp-block-heading\">Des services de traduction marketing fournis par des experts<\/h2>\n\n\n\n<p>Vous d\u00e9sirez lancer une campagne publicitaire en Allemagne et vos supports sont en fran\u00e7ais ? Choisissez la s\u00e9curit\u00e9 et la fiabilit\u00e9, confiez votre projet \u00e0 notre <a href=\"https:\/\/culturesconnection.com\/fr\/\">agence de traduction<\/a>. Nous travaillons dans ce secteur depuis de nombreuses ann\u00e9es, nous connaissons les enjeux de ce type de processus et surtout, nous comptons sur un vaste r\u00e9seau de professionnels sp\u00e9cialis\u00e9s dans la traduction marketing. Ils ma\u00eetrisent parfaitement l\u2019allemand, le fran\u00e7ais et tous les concepts li\u00e9s au marketing. Ils se chargeront de traduire vos documents et de les localiser, c\u2019est-\u00e0-dire de les adapter \u00e0 la culture du public cible. N&rsquo;h\u00e9sitez plus \u00e0 faire appel \u00e0 nos <a href=\"https:\/\/culturesconnection.com\/fr\/services-de-traduction\/\">services de traduction<\/a> professionnels !<\/p>\n\n\n\n<h2 class=\"wp-block-heading\">Vos documents marketing en allemand<\/h2>\n\n\n\n<p>Nos services de <a href=\"https:\/\/culturesconnection.com\/fr\/traduction-marketing\/\">traduction marketing<\/a> portent sur diff\u00e9rents types de documents. Voici quelques exemples :<\/p>\n\n\n\n<ul class=\"wp-block-list\"><li>Brochures<\/li><li>Supports publicitaires<\/li><li>Newsletters<\/li><li>Sites e-commerce<\/li><li>Prospectus<\/li><li>Campagnes marketing<\/li><li>Publicit\u00e9s<\/li><li>Sites Web<\/li><li>Slogans<\/li><li>Logotypes<\/li><li>Pr\u00e9sentations<\/li><li>Lancements de produits<\/li><li>Notes de presse<\/li><li>E-book<\/li><\/ul>\n","protected":false},"excerpt":{"rendered":"<p>Confiez \u00e0 notre soci\u00e9t\u00e9 votre traduction marketing allemand La traduction des documents marketing en allemand est loin d\u2019\u00eatre un exercice facile. Elle demande non seulement [&#8230;]<\/p>\n<p><a class=\"btn btn-secondary understrap-read-more-link\" href=\"https:\/\/culturesconnection.com\/fr\/services-de-traduction-allemand\/traduction-marketing-allemand\/\">Lire la suite\u2026<span class=\"screen-reader-text\"> from Agence de traduction marketing en allemand<\/span><\/a><\/p>\n","protected":false},"author":32,"featured_media":24329,"parent":5601,"menu_order":0,"comment_status":"closed","ping_status":"closed","template":"","meta":{"_acf_changed":false,"_editorskit_title_hidden":false,"_editorskit_reading_time":0,"_editorskit_is_block_options_detached":false,"_editorskit_block_options_position":"{}","footnotes":""},"class_list":["post-5495","page","type-page","status-publish","has-post-thumbnail","hentry"],"acf":[],"_links":{"self":[{"href":"https:\/\/culturesconnection.com\/fr\/wp-json\/wp\/v2\/pages\/5495","targetHints":{"allow":["GET"]}}],"collection":[{"href":"https:\/\/culturesconnection.com\/fr\/wp-json\/wp\/v2\/pages"}],"about":[{"href":"https:\/\/culturesconnection.com\/fr\/wp-json\/wp\/v2\/types\/page"}],"author":[{"embeddable":true,"href":"https:\/\/culturesconnection.com\/fr\/wp-json\/wp\/v2\/users\/32"}],"replies":[{"embeddable":true,"href":"https:\/\/culturesconnection.com\/fr\/wp-json\/wp\/v2\/comments?post=5495"}],"version-history":[{"count":0,"href":"https:\/\/culturesconnection.com\/fr\/wp-json\/wp\/v2\/pages\/5495\/revisions"}],"up":[{"embeddable":true,"href":"https:\/\/culturesconnection.com\/fr\/wp-json\/wp\/v2\/pages\/5601"}],"wp:featuredmedia":[{"embeddable":true,"href":"https:\/\/culturesconnection.com\/fr\/wp-json\/wp\/v2\/media\/24329"}],"wp:attachment":[{"href":"https:\/\/culturesconnection.com\/fr\/wp-json\/wp\/v2\/media?parent=5495"}],"curies":[{"name":"wp","href":"https:\/\/api.w.org\/{rel}","templated":true}]}}