{"id":5491,"date":"2016-04-25T21:19:43","date_gmt":"2016-04-25T19:19:43","guid":{"rendered":"http:\/\/culturesconnection.com\/fr\/?page_id=5491"},"modified":"2023-08-16T22:52:51","modified_gmt":"2023-08-16T20:52:51","slug":"traduction-technique-turc","status":"publish","type":"page","link":"https:\/\/culturesconnection.com\/fr\/services-de-traduction-en-turc\/traduction-technique-turc\/","title":{"rendered":"Traduction technique en turc"},"content":{"rendered":"\n<h2 class=\"wp-block-heading\">NOS SERVICES DE TRADUCTION TECHNIQUE\u00a0TURC FRAN\u00c7AIS<\/h2>\n\n\n\n<p>Avec la mondialisation, la traduction de documents techniques est devenue un exercice incontournable pour les entreprises qui veulent \u00e9tendre leur activit\u00e9 et atteindre d\u2019autres march\u00e9s. Loin d\u2019\u00eatre facile, la traduction technique demande des comp\u00e9tences sp\u00e9cifiques. Il ne suffit pas de traduire mot \u00e0 mot, il faut avant tout comprendre le fonctionnement du produit afin de pouvoir l\u2019expliquer avec exactitude dans la traduction. Les traducteurs techniques doivent donc poss\u00e9der des connaissances approfondies des termes techniques pr\u00e9sents dans le texte, et en fournir une traduction pr\u00e9cise.<\/p>\n\n\n\n<h2 class=\"wp-block-heading\">NOTRE AGENCE DE TRADUCTION TECHNIQUE<\/h2>\n\n\n\n<p>Cultures Connection ne travaille qu\u2019avec des traducteurs turcs sp\u00e9cialis\u00e9s dans la traduction techniques. Ils ont tous \u00e9t\u00e9 s\u00e9lectionn\u00e9s sur la base de leurs dipl\u00f4mes et de leur exp\u00e9rience. Ce savoir-faire, ils l\u2019ont acquis gr\u00e2ce \u00e0 une carri\u00e8re dans le domaine technique avant une reconversion, ou gr\u00e2ce \u00e0 une solide formation. Ils poss\u00e8dent une parfaite ma\u00eetrise du turc et du fran\u00e7ais, ainsi que des termes techniques qui leur sont propres. Dans un souci de qualit\u00e9 et de pr\u00e9cision, ils travaillent tous vers leur langue maternelle. Les traducteurs techniques\u00a0de notre\u00a0<a href=\"\/fr\/\" class=\"ek-link\">agence de traduction<\/a>\u00a0sont qualifi\u00e9s dans des domaines aussi vari\u00e9s que le g\u00e9nie m\u00e9canique, l\u2019industrie a\u00e9ronautique, les commandes num\u00e9riques, et bien d\u2019autres encore ! Les\u00a0<a href=\"\/fr\/services-de-traduction\/\" class=\"ek-link\">services de traduction<\/a>\u00a0que nous vous proposons sont de haute qualit\u00e9.<\/p>\n\n\n\n<h2 class=\"wp-block-heading\">VOS DOCUMENTS TECHNIQUES EN TURC<\/h2>\n\n\n\n<p>Voici quelques exemples de\u00a0<a href=\"\/fr\/traduction-technique\/\" class=\"ek-link\">documents techniques<\/a>\u00a0que notre agence de traduction traduit depuis et vers le turc :<\/p>\n\n\n\n<ul class=\"wp-block-list\">\n<li>Devis<\/li>\n\n\n\n<li>Textes d\u2019ing\u00e9nierie<\/li>\n\n\n\n<li>Modes d\u2019emploi de machine-outils (ou d\u2019autres types de machines)<\/li>\n\n\n\n<li>Descriptifs et fiches techniques<\/li>\n\n\n\n<li>Normes<\/li>\n\n\n\n<li>Cahiers des charges<\/li>\n\n\n\n<li>Brevets techniques<\/li>\n\n\n\n<li>Notices techniques<\/li>\n\n\n\n<li>Modes d\u2019emploi<\/li>\n\n\n\n<li>Guides d\u2019utilisateurs<\/li>\n<\/ul>\n","protected":false},"excerpt":{"rendered":"<p>NOS SERVICES DE TRADUCTION TECHNIQUE\u00a0TURC FRAN\u00c7AIS Avec la mondialisation, la traduction de documents techniques est devenue un exercice incontournable pour les entreprises qui veulent \u00e9tendre [&#8230;]<\/p>\n<p><a class=\"btn btn-secondary understrap-read-more-link\" href=\"https:\/\/culturesconnection.com\/fr\/services-de-traduction-en-turc\/traduction-technique-turc\/\">Lire la suite\u2026<span class=\"screen-reader-text\"> from Traduction technique en turc<\/span><\/a><\/p>\n","protected":false},"author":29,"featured_media":24329,"parent":5634,"menu_order":0,"comment_status":"closed","ping_status":"closed","template":"","meta":{"_acf_changed":false,"_editorskit_title_hidden":false,"_editorskit_reading_time":0,"_editorskit_is_block_options_detached":false,"_editorskit_block_options_position":"{}","footnotes":""},"class_list":["post-5491","page","type-page","status-publish","has-post-thumbnail","hentry"],"acf":[],"_links":{"self":[{"href":"https:\/\/culturesconnection.com\/fr\/wp-json\/wp\/v2\/pages\/5491","targetHints":{"allow":["GET"]}}],"collection":[{"href":"https:\/\/culturesconnection.com\/fr\/wp-json\/wp\/v2\/pages"}],"about":[{"href":"https:\/\/culturesconnection.com\/fr\/wp-json\/wp\/v2\/types\/page"}],"author":[{"embeddable":true,"href":"https:\/\/culturesconnection.com\/fr\/wp-json\/wp\/v2\/users\/29"}],"replies":[{"embeddable":true,"href":"https:\/\/culturesconnection.com\/fr\/wp-json\/wp\/v2\/comments?post=5491"}],"version-history":[{"count":0,"href":"https:\/\/culturesconnection.com\/fr\/wp-json\/wp\/v2\/pages\/5491\/revisions"}],"up":[{"embeddable":true,"href":"https:\/\/culturesconnection.com\/fr\/wp-json\/wp\/v2\/pages\/5634"}],"wp:featuredmedia":[{"embeddable":true,"href":"https:\/\/culturesconnection.com\/fr\/wp-json\/wp\/v2\/media\/24329"}],"wp:attachment":[{"href":"https:\/\/culturesconnection.com\/fr\/wp-json\/wp\/v2\/media?parent=5491"}],"curies":[{"name":"wp","href":"https:\/\/api.w.org\/{rel}","templated":true}]}}