{"id":5487,"date":"2016-04-25T22:49:16","date_gmt":"2016-04-25T20:49:16","guid":{"rendered":"http:\/\/culturesconnection.com\/fr\/?page_id=5487"},"modified":"2022-11-24T14:29:29","modified_gmt":"2022-11-24T13:29:29","slug":"traduction-technique-neerlandais","status":"publish","type":"page","link":"https:\/\/culturesconnection.com\/fr\/services-de-traduction-neerlandais\/traduction-technique-neerlandais\/","title":{"rendered":"Agence de traduction technique en n\u00e9erlandais"},"content":{"rendered":"\n<h2 class=\"wp-block-heading\">Service de traduction technique n\u00e9erlandais fran\u00e7ais<\/h2>\n\n\n\n<p>La traduction de documents techniques est devenue un outil incontournable pour les entreprises qui d\u00e9sirent exporter leur marchandise ou leurs services sur d\u2019autres march\u00e9s. La traduction technique est un exercice qui requiert des comp\u00e9tences sp\u00e9cifiques. Avant de commencer \u00e0 traduire, le traducteur technique doit s\u2019assurer qu\u2019il comprend parfaitement le fonctionnement du produit avant de pouvoir \u00e0 son tour l\u2019expliquer dans une autre langue, car une simple transposition des mots ne suffit pas. Il doit fournir une traduction pr\u00e9cise des termes techniques et les adapter \u00e0 la culture cible. Faites confiance \u00e0 notre <a href=\"https:\/\/culturesconnection.com\/fr\/\" class=\"ek-link\">soci\u00e9t\u00e9 de traduction<\/a> !<\/p>\n\n\n\n<h2 class=\"wp-block-heading\">Notre agence de traduction technique<\/h2>\n\n\n\n<p>Les traducteurs n\u00e9erlandais avec lesquels travaille Cultures Connection sont sp\u00e9cialis\u00e9s dans la traduction de documents techniques. Leurs domaines d\u2019expertise vont de la fabrication industrielle \u00e0 l\u2019industrie chimique, en passant par les technologies solaires, l\u2019a\u00e9rospatial, l\u2019informatique et bien d\u2019autres encore. Nos&nbsp;traducteurs techniques n\u00e9erlandais ont tous un dipl\u00f4me et une grande exp\u00e9rience, soit gr\u00e2ce \u00e0 la formation qu\u2019ils ont suivie ou \u00e0 une carri\u00e8re pr\u00e9alable dans le milieu technique. Ils poss\u00e8dent une ma\u00eetrise parfaite du fran\u00e7ais et du n\u00e9erlandais, ainsi que des termes techniques propres \u00e0 ces langues, et ne travaillent que vers leur langue maternelle. Choisir notre entreprise de traduction, c\u2019est vous assurer de toujours avoir des <a href=\"https:\/\/culturesconnection.com\/fr\/services-de-traduction\/\">services de traduction<\/a> de grande qualit\u00e9.<\/p>\n\n\n\n<h2 class=\"wp-block-heading\">Vos documents techniques traduits en n\u00e9erlandais<\/h2>\n\n\n\n<p>Cultures Connection propose ses services pour de nombreux <a href=\"https:\/\/culturesconnection.com\/fr\/traduction-technique\/\">documents techniques<\/a>. Voici quelques exemples des traductions techniques d\u00e9j\u00e0 r\u00e9alis\u00e9es par notre agence de traduction :<\/p>\n\n\n\n<ul class=\"wp-block-list\"><li>Devis<\/li><li>Textes d&rsquo;ing\u00e9nierie<\/li><li>Modes d&#8217;emploi de machine-outils (ou d&rsquo;autres types de machines)<\/li><li>Descriptifs et fiches techniques<\/li><li>Normes<\/li><li>Cahiers des charges<\/li><li>Brevets techniques<\/li><li>Notices techniques<\/li><li>Modes d&#8217;emploi<\/li><li>Guides d&rsquo;utilisateurs<\/li><\/ul>\n","protected":false},"excerpt":{"rendered":"<p>Service de traduction technique n\u00e9erlandais fran\u00e7ais La traduction de documents techniques est devenue un outil incontournable pour les entreprises qui d\u00e9sirent exporter leur marchandise ou [&#8230;]<\/p>\n<p><a class=\"btn btn-secondary understrap-read-more-link\" href=\"https:\/\/culturesconnection.com\/fr\/services-de-traduction-neerlandais\/traduction-technique-neerlandais\/\">Lire la suite\u2026<span class=\"screen-reader-text\"> from Agence de traduction technique en n\u00e9erlandais<\/span><\/a><\/p>\n","protected":false},"author":29,"featured_media":24329,"parent":5627,"menu_order":0,"comment_status":"closed","ping_status":"closed","template":"","meta":{"_acf_changed":false,"_editorskit_title_hidden":false,"_editorskit_reading_time":0,"_editorskit_is_block_options_detached":false,"_editorskit_block_options_position":"{}","footnotes":""},"class_list":["post-5487","page","type-page","status-publish","has-post-thumbnail","hentry"],"acf":[],"_links":{"self":[{"href":"https:\/\/culturesconnection.com\/fr\/wp-json\/wp\/v2\/pages\/5487","targetHints":{"allow":["GET"]}}],"collection":[{"href":"https:\/\/culturesconnection.com\/fr\/wp-json\/wp\/v2\/pages"}],"about":[{"href":"https:\/\/culturesconnection.com\/fr\/wp-json\/wp\/v2\/types\/page"}],"author":[{"embeddable":true,"href":"https:\/\/culturesconnection.com\/fr\/wp-json\/wp\/v2\/users\/29"}],"replies":[{"embeddable":true,"href":"https:\/\/culturesconnection.com\/fr\/wp-json\/wp\/v2\/comments?post=5487"}],"version-history":[{"count":0,"href":"https:\/\/culturesconnection.com\/fr\/wp-json\/wp\/v2\/pages\/5487\/revisions"}],"up":[{"embeddable":true,"href":"https:\/\/culturesconnection.com\/fr\/wp-json\/wp\/v2\/pages\/5627"}],"wp:featuredmedia":[{"embeddable":true,"href":"https:\/\/culturesconnection.com\/fr\/wp-json\/wp\/v2\/media\/24329"}],"wp:attachment":[{"href":"https:\/\/culturesconnection.com\/fr\/wp-json\/wp\/v2\/media?parent=5487"}],"curies":[{"name":"wp","href":"https:\/\/api.w.org\/{rel}","templated":true}]}}