{"id":5486,"date":"2016-04-25T23:22:57","date_gmt":"2016-04-25T21:22:57","guid":{"rendered":"http:\/\/culturesconnection.com\/fr\/?page_id=5486"},"modified":"2022-12-07T12:16:45","modified_gmt":"2022-12-07T11:16:45","slug":"traduction-technique-italien","status":"publish","type":"page","link":"https:\/\/culturesconnection.com\/fr\/services-de-traduction-italien\/traduction-technique-italien\/","title":{"rendered":"Agence de traduction technique en italien"},"content":{"rendered":"\n<h2 class=\"wp-block-heading\">Des sp\u00e9cialistes de la traduction technique&nbsp;italien fran\u00e7ais<\/h2>\n\n\n\n<p>La traduction de documents techniques est devenue incontournable pour les entreprises qui souhaitent se d\u00e9velopper \u00e0 l\u2019international. Les soci\u00e9t\u00e9s qui veulent exporter leurs marchandises en Italie auront tout int\u00e9r\u00eat \u00e0 faire traduire leurs documents techniques en italien. La traduction technique n\u2019est pas un exercice facile, le traducteur technique ne se contente pas seulement de traduire des mots, il doit comprendre comment fonctionne son produit afin que les clients soient en mesure de l\u2019utiliser correctement. En plus de ma\u00eetriser parfaitement les deux langues dans lesquelles il travaille et produire une traduction pr\u00e9cise des termes techniques, il doit les adapter \u00e0 la culture cible.<\/p>\n\n\n\n<h2 class=\"wp-block-heading\">Notre agence de traduction technique <\/h2>\n\n\n\n<p>Notre <a href=\"https:\/\/culturesconnection.com\/fr\/\">soci\u00e9t\u00e9 de traduction<\/a>&nbsp;professionnelle peut compter sur son \u00e9quipe de traducteurs techniques italiens pour vos notices, manuels, fiches et brevets techniques. Leurs domaines d\u2019expertise comprennent notamment la fabrication industrielle, l\u2019industrie chimique, la sid\u00e9rurgie et les \u00e9nergies renouvelables. Nos traducteurs et relecteurs sp\u00e9cialis\u00e9s en traduction technique sont soigneusement s\u00e9lectionn\u00e9s sur la base de leurs dipl\u00f4mes et de leur exp\u00e9rience. Leurs comp\u00e9tences linguistiques sont excellentes ; ils ma\u00eetrisent parfaitement l\u2019italien et le fran\u00e7ais, ainsi que les termes techniques propres \u00e0 ces deux langues. Afin de garantir un travail de pr\u00e9cision, tous travaillent vers leur langue maternelle. Choisir notre soci\u00e9t\u00e9 de traduction, c\u2019est s\u2019assurer d\u2019un travail de qualit\u00e9.<\/p>\n\n\n\n<h2 class=\"wp-block-heading\">Vos documents techniques traduits en italien<\/h2>\n\n\n\n<p>Cultures Connection vous propose ses <a href=\"https:\/\/culturesconnection.com\/fr\/services-de-traduction\/\">services de traduction<\/a> pour une vaste gamme de <a href=\"https:\/\/culturesconnection.com\/fr\/traduction-technique\/\">documents techniques<\/a>. En voici quelques exemples :<\/p>\n\n\n\n<ul class=\"wp-block-list\"><li>Devis<\/li><li>Textes d&rsquo;ing\u00e9nierie<\/li><li>Modes d&#8217;emploi de machine-outils (ou d&rsquo;autres types de machines)<\/li><li>Descriptifs et fiches techniques<\/li><li>Normes<\/li><li>Cahiers des charges<\/li><li>Brevets techniques<\/li><li>Notices techniques<\/li><li>Modes d&#8217;emploi<\/li><li>Guides d&rsquo;utilisateurs<\/li><\/ul>\n","protected":false},"excerpt":{"rendered":"<p>Des sp\u00e9cialistes de la traduction technique&nbsp;italien fran\u00e7ais La traduction de documents techniques est devenue incontournable pour les entreprises qui souhaitent se d\u00e9velopper \u00e0 l\u2019international. Les [&#8230;]<\/p>\n<p><a class=\"btn btn-secondary understrap-read-more-link\" href=\"https:\/\/culturesconnection.com\/fr\/services-de-traduction-italien\/traduction-technique-italien\/\">Lire la suite\u2026<span class=\"screen-reader-text\"> from Agence de traduction technique en italien<\/span><\/a><\/p>\n","protected":false},"author":29,"featured_media":24329,"parent":5623,"menu_order":0,"comment_status":"closed","ping_status":"closed","template":"","meta":{"_acf_changed":false,"_editorskit_title_hidden":false,"_editorskit_reading_time":0,"_editorskit_is_block_options_detached":false,"_editorskit_block_options_position":"{}","footnotes":""},"class_list":["post-5486","page","type-page","status-publish","has-post-thumbnail","hentry"],"acf":[],"_links":{"self":[{"href":"https:\/\/culturesconnection.com\/fr\/wp-json\/wp\/v2\/pages\/5486","targetHints":{"allow":["GET"]}}],"collection":[{"href":"https:\/\/culturesconnection.com\/fr\/wp-json\/wp\/v2\/pages"}],"about":[{"href":"https:\/\/culturesconnection.com\/fr\/wp-json\/wp\/v2\/types\/page"}],"author":[{"embeddable":true,"href":"https:\/\/culturesconnection.com\/fr\/wp-json\/wp\/v2\/users\/29"}],"replies":[{"embeddable":true,"href":"https:\/\/culturesconnection.com\/fr\/wp-json\/wp\/v2\/comments?post=5486"}],"version-history":[{"count":0,"href":"https:\/\/culturesconnection.com\/fr\/wp-json\/wp\/v2\/pages\/5486\/revisions"}],"up":[{"embeddable":true,"href":"https:\/\/culturesconnection.com\/fr\/wp-json\/wp\/v2\/pages\/5623"}],"wp:featuredmedia":[{"embeddable":true,"href":"https:\/\/culturesconnection.com\/fr\/wp-json\/wp\/v2\/media\/24329"}],"wp:attachment":[{"href":"https:\/\/culturesconnection.com\/fr\/wp-json\/wp\/v2\/media?parent=5486"}],"curies":[{"name":"wp","href":"https:\/\/api.w.org\/{rel}","templated":true}]}}