{"id":5485,"date":"2016-04-25T22:47:39","date_gmt":"2016-04-25T20:47:39","guid":{"rendered":"http:\/\/culturesconnection.com\/fr\/?page_id=5485"},"modified":"2023-08-16T22:44:16","modified_gmt":"2023-08-16T20:44:16","slug":"traduction-medicale-espagnol","status":"publish","type":"page","link":"https:\/\/culturesconnection.com\/fr\/services-de-traduction-espagnol\/traduction-medicale-espagnol\/","title":{"rendered":"Traduction m\u00e9dicale en espagnol"},"content":{"rendered":"\n<h2 class=\"wp-block-heading\">LA TRADUCTION M\u00c9DICALE ESPAGNOL FRAN\u00c7AIS: RENDRE LE SAVOIR ACCESSIBLE \u00c0 TOUS<\/h2>\n\n\n\n<p>De nos jours, il est incontestable que le partage du savoir m\u00e9dical est primordial, et surtout, vital. Saviez-vous que plus de 400 millions de personnes \u00e0 travers le monde ont l\u2019espagnol pour langue maternelle ? En proc\u00e9dant \u00e0 une traduction m\u00e9dicale vers l\u2019espagnol, vous rendez donc un m\u00e9dicament accessible \u00e0 ces 400 millions de personnes. Comment proc\u00e9der? Notre\u00a0<a href=\"\/fr\/\" class=\"ek-link\">agence\u00a0de traduction<\/a>\u00a0se charge de tout. Confiez-nous votre projet ! Nous traduisons vos documents techniques, vos \u00e9tiquettes, vos notices et vos manuels afin que vos produits soient parfaitement conformes aux march\u00e9s locaux que vous visez.<\/p>\n\n\n\n<h2 class=\"wp-block-heading\">UN TRADUCTEUR M\u00c9DICAL \u00c0 VOTRE SERVICE<\/h2>\n\n\n\n<p>Vous recherchez un traducteur m\u00e9dical fran\u00e7ais-espagnol ou espagnol-fran\u00e7ais ? Notre agence de traduction travaille depuis des ann\u00e9es dans le secteur de la traduction m\u00e9dicale. Notre exp\u00e9rience nous a permis de nous cr\u00e9er petit \u00e0 petit un r\u00e9seau fort de 740 traducteurs professionnels. Parmi ces derniers figurent des experts de la traduction m\u00e9dicale de et vers l\u2019espagnol. Ils ont \u00e9t\u00e9 s\u00e9lectionn\u00e9s par nos soins en fonction de leur exp\u00e9rience, de leurs comp\u00e9tences linguistiques et de leur connaissance du jargon m\u00e9dical. Votre projet traite de cardiologie, de radiologie ou peut-\u00eatre de biom\u00e9decine ? Nous aurons toujours l\u2019expert qu\u2019il vous faut. Faites confiance \u00e0 nos<a href=\"\/fr\/services-de-traduction\/\" class=\"ek-link\">\u00a0services de traduction<\/a>\u00a0et optez pour l\u2019expertise et la qualit\u00e9 !<\/p>\n\n\n\n<h2 class=\"wp-block-heading\">VOS DOCUMENTS M\u00c9DICAUX EN ESPAGNOL<\/h2>\n\n\n\n<p>Quel que soit votre projet, soyez certain que nous avons l\u2019habitude de traduire ce type de document. Notre longue exp\u00e9rience dans le domaine de la\u00a0<a href=\"\/fr\/traduction-medicale\/\" class=\"ek-link\">traduction m\u00e9dicale<\/a>\u00a0nous permet d\u2019\u00eatre sp\u00e9cialis\u00e9s dans de nombreux types de documentation m\u00e9dicale. En voici quelques exemples :<\/p>\n\n\n\n<ul class=\"wp-block-list\">\n<li>Revues<\/li>\n\n\n\n<li>Rapports de conf\u00e9rence<\/li>\n\n\n\n<li>Publications<\/li>\n\n\n\n<li>Projets et comptes rendus de recherche<\/li>\n\n\n\n<li>R\u00e9sultats d\u2019\u00e9tudes et \u00e9tats de nouvelles recherches<\/li>\n\n\n\n<li>Ouvrages de vulgarisation<\/li>\n\n\n\n<li>Rapports d\u2019essais<\/li>\n\n\n\n<li>Questionnaires<\/li>\n\n\n\n<li>Notices<\/li>\n\n\n\n<li>Posologies de nouveaux produits<\/li>\n\n\n\n<li>R\u00e9sultats d\u2019essais cliniques<\/li>\n\n\n\n<li>R\u00e9glementations pharmaceutiques<\/li>\n\n\n\n<li>Rapports d\u2019expertise m\u00e9dicale<\/li>\n<\/ul>\n","protected":false},"excerpt":{"rendered":"<p>LA TRADUCTION M\u00c9DICALE ESPAGNOL FRAN\u00c7AIS: RENDRE LE SAVOIR ACCESSIBLE \u00c0 TOUS De nos jours, il est incontestable que le partage du savoir m\u00e9dical est primordial, [&#8230;]<\/p>\n<p><a class=\"btn btn-secondary understrap-read-more-link\" href=\"https:\/\/culturesconnection.com\/fr\/services-de-traduction-espagnol\/traduction-medicale-espagnol\/\">Lire la suite\u2026<span class=\"screen-reader-text\"> from Traduction m\u00e9dicale en espagnol<\/span><\/a><\/p>\n","protected":false},"author":32,"featured_media":24329,"parent":5622,"menu_order":0,"comment_status":"closed","ping_status":"closed","template":"","meta":{"_acf_changed":false,"_editorskit_title_hidden":false,"_editorskit_reading_time":0,"_editorskit_is_block_options_detached":false,"_editorskit_block_options_position":"{}","footnotes":""},"class_list":["post-5485","page","type-page","status-publish","has-post-thumbnail","hentry"],"acf":[],"_links":{"self":[{"href":"https:\/\/culturesconnection.com\/fr\/wp-json\/wp\/v2\/pages\/5485","targetHints":{"allow":["GET"]}}],"collection":[{"href":"https:\/\/culturesconnection.com\/fr\/wp-json\/wp\/v2\/pages"}],"about":[{"href":"https:\/\/culturesconnection.com\/fr\/wp-json\/wp\/v2\/types\/page"}],"author":[{"embeddable":true,"href":"https:\/\/culturesconnection.com\/fr\/wp-json\/wp\/v2\/users\/32"}],"replies":[{"embeddable":true,"href":"https:\/\/culturesconnection.com\/fr\/wp-json\/wp\/v2\/comments?post=5485"}],"version-history":[{"count":0,"href":"https:\/\/culturesconnection.com\/fr\/wp-json\/wp\/v2\/pages\/5485\/revisions"}],"up":[{"embeddable":true,"href":"https:\/\/culturesconnection.com\/fr\/wp-json\/wp\/v2\/pages\/5622"}],"wp:featuredmedia":[{"embeddable":true,"href":"https:\/\/culturesconnection.com\/fr\/wp-json\/wp\/v2\/media\/24329"}],"wp:attachment":[{"href":"https:\/\/culturesconnection.com\/fr\/wp-json\/wp\/v2\/media?parent=5485"}],"curies":[{"name":"wp","href":"https:\/\/api.w.org\/{rel}","templated":true}]}}