{"id":5484,"date":"2016-04-29T19:18:49","date_gmt":"2016-04-29T17:18:49","guid":{"rendered":"http:\/\/culturesconnection.com\/fr\/?page_id=5484"},"modified":"2022-11-23T15:34:39","modified_gmt":"2022-11-23T14:34:39","slug":"traduction-technique-espagnol","status":"publish","type":"page","link":"https:\/\/culturesconnection.com\/fr\/services-de-traduction-espagnol\/traduction-technique-espagnol\/","title":{"rendered":"Agence de traduction technique en espagnol"},"content":{"rendered":"\n<h2 class=\"wp-block-heading\">Des sp\u00e9cialistes de la traduction technique espagnol-fran\u00e7ais \u00e0 votre service<\/h2>\n\n\n\n<p>Le monde des sciences et des technologies repose sur des documents qui exigent clart\u00e9 et pr\u00e9cision. C\u2019est pourquoi, chez Cultures Connection, l\u2019exactitude est la cl\u00e9 de vo\u00fbte de notre travail. Notre \u00e9quipe accompagne les entreprises qui d\u00e9sirent \u00e9tendre leurs activit\u00e9s en Espagne ou en Am\u00e9rique Latine en leur fournissant des traductions techniques en espagnol d\u2019une qualit\u00e9 irr\u00e9prochable. Dans ce secteur, les traducteurs doivent poss\u00e9der de grandes comp\u00e9tences linguistiques et techniques. Il peut s\u2019agir d\u2019ing\u00e9nieurs, de m\u00e9decins ou encore de techniciens qui se reconvertissent dans la traduction technique, ou bien des traducteurs qui suivent des formations intensives afin d\u2019avoir suffisamment de connaissances techniques pour pouvoir s\u2019atteler \u00e0 cette t\u00e2che ardue.<\/p>\n\n\n\n<h2 class=\"wp-block-heading\">Notre service de traduction technique<\/h2>\n\n\n\n<p>Avec notre <a href=\"https:\/\/culturesconnection.com\/fr\/\">agence de traduction<\/a>&nbsp;technique, vous \u00eates certain que votre projet sera entre de bonnes mains. Il sera toujours confi\u00e9 \u00e0 la personne la plus apte \u00e0 traduire vos documents depuis ou vers l\u2019espagnol. Nous avons parfaitement conscience que la terminologie est cruciale et essentielle, et qu\u2019en aucun cas des erreurs ou des impr\u00e9cisions ne peuvent appara\u00eetre dans le document cible. Les sp\u00e9cialistes qui le liront risqueraient de ne pas vous prendre au s\u00e9rieux et de se m\u00e9fier. Pour \u00e9viter ce genre de situation, nous faisons appel \u00e0 notre r\u00e9seau de traducteurs techniques espagnols. Ils sont qualifi\u00e9s, exp\u00e9riment\u00e9s et traduisent toujours vers leur langue maternelle. Votre projet peut traiter d\u2019a\u00e9ronautique, de chimie ou de sid\u00e9rurgie : nous aurons toujours le professionnel qu\u2019il vous faut pour vos traductions de documents techniques en espagnol. Chez Cultures Connection, nous vous assurons des <a href=\"https:\/\/culturesconnection.com\/fr\/services-de-traduction\/\">services de traduction<\/a> de qualit\u00e9.<\/p>\n\n\n\n<h2 class=\"wp-block-heading\">Vos documents techniques en espagnol<\/h2>\n\n\n\n<p>Nos clients nous confient de nombreux types de <a href=\"https:\/\/culturesconnection.com\/fr\/traduction-technique\/\">documents techniques<\/a> \u00e0 traduire depuis ou vers l\u2019espagnol. Cette liste n\u2019en \u00e9num\u00e8re que quelques-uns :<\/p>\n\n\n\n<ul class=\"wp-block-list\"><li>Devis<\/li><li>Textes d&rsquo;ing\u00e9nierie<\/li><li>Modes d&#8217;emploi de machine-outils (ou d&rsquo;autres types de machines)<\/li><li>Descriptifs et fiches techniques<\/li><li>Normes<\/li><li>Cahiers des charges<\/li><li>Brevets techniques<\/li><li>Notices techniques<\/li><li>Modes d&#8217;emploi<\/li><li>Guides d&rsquo;utilisateurs<\/li><\/ul>\n","protected":false},"excerpt":{"rendered":"<p>Des sp\u00e9cialistes de la traduction technique espagnol-fran\u00e7ais \u00e0 votre service Le monde des sciences et des technologies repose sur des documents qui exigent clart\u00e9 et [&#8230;]<\/p>\n<p><a class=\"btn btn-secondary understrap-read-more-link\" href=\"https:\/\/culturesconnection.com\/fr\/services-de-traduction-espagnol\/traduction-technique-espagnol\/\">Lire la suite\u2026<span class=\"screen-reader-text\"> from Agence de traduction technique en espagnol<\/span><\/a><\/p>\n","protected":false},"author":29,"featured_media":24329,"parent":5622,"menu_order":0,"comment_status":"closed","ping_status":"closed","template":"","meta":{"_acf_changed":false,"_editorskit_title_hidden":false,"_editorskit_reading_time":0,"_editorskit_is_block_options_detached":false,"_editorskit_block_options_position":"{}","footnotes":""},"class_list":["post-5484","page","type-page","status-publish","has-post-thumbnail","hentry"],"acf":[],"yoast_head":"<!-- This site is optimized with the Yoast SEO Premium plugin v23.4 (Yoast SEO v27.3) - https:\/\/yoast.com\/product\/yoast-seo-premium-wordpress\/ -->\n<title>Services de traduction technique espagnol<\/title>\n<meta name=\"description\" content=\"Cultures Connection met \u00e0 votre disposition ses experts de la traduction technique espagnol-fran\u00e7ais. Obtenez ici votre devis gratuit.\" \/>\n<meta name=\"robots\" content=\"index, follow, max-snippet:-1, max-image-preview:large, max-video-preview:-1\" \/>\n<link rel=\"canonical\" href=\"https:\/\/culturesconnection.com\/fr\/services-de-traduction-espagnol\/traduction-technique-espagnol\/\" \/>\n<meta property=\"og:locale\" content=\"fr_FR\" \/>\n<meta property=\"og:type\" content=\"article\" \/>\n<meta property=\"og:title\" content=\"Agence de traduction technique en espagnol\" \/>\n<meta property=\"og:description\" content=\"Cultures Connection met \u00e0 votre disposition ses experts de la traduction technique espagnol-fran\u00e7ais. Obtenez ici votre devis gratuit.\" \/>\n<meta property=\"og:url\" content=\"https:\/\/culturesconnection.com\/fr\/services-de-traduction-espagnol\/traduction-technique-espagnol\/\" \/>\n<meta property=\"og:site_name\" content=\"Cultures Connection\" \/>\n<meta property=\"article:publisher\" content=\"https:\/\/www.facebook.com\/CulturesConnection\" \/>\n<meta property=\"article:modified_time\" content=\"2022-11-23T14:34:39+00:00\" \/>\n<meta property=\"og:image\" content=\"https:\/\/culturesconnection.com\/wp-content\/uploads\/2020\/09\/P\u00e1gina_Subservicios_de_traducci\u00f3n_por_idioma.png\" \/>\n\t<meta property=\"og:image:width\" content=\"1417\" \/>\n\t<meta property=\"og:image:height\" content=\"561\" \/>\n\t<meta property=\"og:image:type\" content=\"image\/png\" \/>\n<meta name=\"twitter:card\" content=\"summary_large_image\" \/>\n<meta name=\"twitter:site\" content=\"@CulturesCo_\" \/>\n<meta name=\"twitter:label1\" content=\"Dur\u00e9e de lecture estim\u00e9e\" \/>\n\t<meta name=\"twitter:data1\" content=\"2 minutes\" \/>\n<script type=\"application\/ld+json\" class=\"yoast-schema-graph\">{\"@context\":\"https:\\\/\\\/schema.org\",\"@graph\":[{\"@type\":\"WebPage\",\"@id\":\"https:\\\/\\\/culturesconnection.com\\\/fr\\\/services-de-traduction-espagnol\\\/traduction-technique-espagnol\\\/\",\"url\":\"https:\\\/\\\/culturesconnection.com\\\/fr\\\/services-de-traduction-espagnol\\\/traduction-technique-espagnol\\\/\",\"name\":\"Services de traduction technique espagnol\",\"isPartOf\":{\"@id\":\"https:\\\/\\\/culturesconnection.com\\\/fr\\\/#website\"},\"primaryImageOfPage\":{\"@id\":\"https:\\\/\\\/culturesconnection.com\\\/fr\\\/services-de-traduction-espagnol\\\/traduction-technique-espagnol\\\/#primaryimage\"},\"image\":{\"@id\":\"https:\\\/\\\/culturesconnection.com\\\/fr\\\/services-de-traduction-espagnol\\\/traduction-technique-espagnol\\\/#primaryimage\"},\"thumbnailUrl\":\"https:\\\/\\\/culturesconnection.com\\\/wp-content\\\/uploads\\\/2020\\\/09\\\/P\u00e1gina_Subservicios_de_traducci\u00f3n_por_idioma.png\",\"datePublished\":\"2016-04-29T17:18:49+00:00\",\"dateModified\":\"2022-11-23T14:34:39+00:00\",\"description\":\"Cultures Connection met \u00e0 votre disposition ses experts de la traduction technique espagnol-fran\u00e7ais. Obtenez ici votre devis gratuit.\",\"breadcrumb\":{\"@id\":\"https:\\\/\\\/culturesconnection.com\\\/fr\\\/services-de-traduction-espagnol\\\/traduction-technique-espagnol\\\/#breadcrumb\"},\"inLanguage\":\"fr-FR\",\"potentialAction\":[{\"@type\":\"ReadAction\",\"target\":[\"https:\\\/\\\/culturesconnection.com\\\/fr\\\/services-de-traduction-espagnol\\\/traduction-technique-espagnol\\\/\"]}]},{\"@type\":\"ImageObject\",\"inLanguage\":\"fr-FR\",\"@id\":\"https:\\\/\\\/culturesconnection.com\\\/fr\\\/services-de-traduction-espagnol\\\/traduction-technique-espagnol\\\/#primaryimage\",\"url\":\"https:\\\/\\\/culturesconnection.com\\\/wp-content\\\/uploads\\\/2020\\\/09\\\/P\u00e1gina_Subservicios_de_traducci\u00f3n_por_idioma.png\",\"contentUrl\":\"https:\\\/\\\/culturesconnection.com\\\/wp-content\\\/uploads\\\/2020\\\/09\\\/P\u00e1gina_Subservicios_de_traducci\u00f3n_por_idioma.png\",\"width\":1417,\"height\":561},{\"@type\":\"BreadcrumbList\",\"@id\":\"https:\\\/\\\/culturesconnection.com\\\/fr\\\/services-de-traduction-espagnol\\\/traduction-technique-espagnol\\\/#breadcrumb\",\"itemListElement\":[{\"@type\":\"ListItem\",\"position\":1,\"name\":\"Home\",\"item\":\"https:\\\/\\\/culturesconnection.com\\\/fr\\\/\"},{\"@type\":\"ListItem\",\"position\":2,\"name\":\"Agence de traduction en espagnol\",\"item\":\"https:\\\/\\\/culturesconnection.com\\\/fr\\\/services-de-traduction-espagnol\\\/\"},{\"@type\":\"ListItem\",\"position\":3,\"name\":\"Agence de traduction technique en espagnol\"}]},{\"@type\":\"WebSite\",\"@id\":\"https:\\\/\\\/culturesconnection.com\\\/fr\\\/#website\",\"url\":\"https:\\\/\\\/culturesconnection.com\\\/fr\\\/\",\"name\":\"Cultures Connection\",\"description\":\"Cultures Connection is a translation agency dedicated to the success of its international clients.\",\"publisher\":{\"@id\":\"https:\\\/\\\/culturesconnection.com\\\/fr\\\/#organization\"},\"potentialAction\":[{\"@type\":\"SearchAction\",\"target\":{\"@type\":\"EntryPoint\",\"urlTemplate\":\"https:\\\/\\\/culturesconnection.com\\\/fr\\\/?s={search_term_string}\"},\"query-input\":{\"@type\":\"PropertyValueSpecification\",\"valueRequired\":true,\"valueName\":\"search_term_string\"}}],\"inLanguage\":\"fr-FR\"},{\"@type\":\"Organization\",\"@id\":\"https:\\\/\\\/culturesconnection.com\\\/fr\\\/#organization\",\"name\":\"Cultures Connection\",\"url\":\"https:\\\/\\\/culturesconnection.com\\\/fr\\\/\",\"logo\":{\"@type\":\"ImageObject\",\"inLanguage\":\"fr-FR\",\"@id\":\"https:\\\/\\\/culturesconnection.com\\\/fr\\\/#\\\/schema\\\/logo\\\/image\\\/\",\"url\":\"https:\\\/\\\/culturesconnection.com\\\/wp-content\\\/uploads\\\/2022\\\/06\\\/cropped-favicon512x512.png\",\"contentUrl\":\"https:\\\/\\\/culturesconnection.com\\\/wp-content\\\/uploads\\\/2022\\\/06\\\/cropped-favicon512x512.png\",\"width\":512,\"height\":512,\"caption\":\"Cultures Connection\"},\"image\":{\"@id\":\"https:\\\/\\\/culturesconnection.com\\\/fr\\\/#\\\/schema\\\/logo\\\/image\\\/\"},\"sameAs\":[\"https:\\\/\\\/www.facebook.com\\\/CulturesConnection\",\"https:\\\/\\\/x.com\\\/CulturesCo_\"]}]}<\/script>\n<!-- \/ Yoast SEO Premium plugin. -->","yoast_head_json":{"title":"Services de traduction technique espagnol","description":"Cultures Connection met \u00e0 votre disposition ses experts de la traduction technique espagnol-fran\u00e7ais. Obtenez ici votre devis gratuit.","robots":{"index":"index","follow":"follow","max-snippet":"max-snippet:-1","max-image-preview":"max-image-preview:large","max-video-preview":"max-video-preview:-1"},"canonical":"https:\/\/culturesconnection.com\/fr\/services-de-traduction-espagnol\/traduction-technique-espagnol\/","og_locale":"fr_FR","og_type":"article","og_title":"Agence de traduction technique en espagnol","og_description":"Cultures Connection met \u00e0 votre disposition ses experts de la traduction technique espagnol-fran\u00e7ais. Obtenez ici votre devis gratuit.","og_url":"https:\/\/culturesconnection.com\/fr\/services-de-traduction-espagnol\/traduction-technique-espagnol\/","og_site_name":"Cultures Connection","article_publisher":"https:\/\/www.facebook.com\/CulturesConnection","article_modified_time":"2022-11-23T14:34:39+00:00","og_image":[{"width":1417,"height":561,"url":"https:\/\/culturesconnection.com\/wp-content\/uploads\/2020\/09\/P\u00e1gina_Subservicios_de_traducci\u00f3n_por_idioma.png","type":"image\/png"}],"twitter_card":"summary_large_image","twitter_site":"@CulturesCo_","twitter_misc":{"Dur\u00e9e de lecture estim\u00e9e":"2 minutes"},"schema":{"@context":"https:\/\/schema.org","@graph":[{"@type":"WebPage","@id":"https:\/\/culturesconnection.com\/fr\/services-de-traduction-espagnol\/traduction-technique-espagnol\/","url":"https:\/\/culturesconnection.com\/fr\/services-de-traduction-espagnol\/traduction-technique-espagnol\/","name":"Services de traduction technique espagnol","isPartOf":{"@id":"https:\/\/culturesconnection.com\/fr\/#website"},"primaryImageOfPage":{"@id":"https:\/\/culturesconnection.com\/fr\/services-de-traduction-espagnol\/traduction-technique-espagnol\/#primaryimage"},"image":{"@id":"https:\/\/culturesconnection.com\/fr\/services-de-traduction-espagnol\/traduction-technique-espagnol\/#primaryimage"},"thumbnailUrl":"https:\/\/culturesconnection.com\/wp-content\/uploads\/2020\/09\/P\u00e1gina_Subservicios_de_traducci\u00f3n_por_idioma.png","datePublished":"2016-04-29T17:18:49+00:00","dateModified":"2022-11-23T14:34:39+00:00","description":"Cultures Connection met \u00e0 votre disposition ses experts de la traduction technique espagnol-fran\u00e7ais. Obtenez ici votre devis gratuit.","breadcrumb":{"@id":"https:\/\/culturesconnection.com\/fr\/services-de-traduction-espagnol\/traduction-technique-espagnol\/#breadcrumb"},"inLanguage":"fr-FR","potentialAction":[{"@type":"ReadAction","target":["https:\/\/culturesconnection.com\/fr\/services-de-traduction-espagnol\/traduction-technique-espagnol\/"]}]},{"@type":"ImageObject","inLanguage":"fr-FR","@id":"https:\/\/culturesconnection.com\/fr\/services-de-traduction-espagnol\/traduction-technique-espagnol\/#primaryimage","url":"https:\/\/culturesconnection.com\/wp-content\/uploads\/2020\/09\/P\u00e1gina_Subservicios_de_traducci\u00f3n_por_idioma.png","contentUrl":"https:\/\/culturesconnection.com\/wp-content\/uploads\/2020\/09\/P\u00e1gina_Subservicios_de_traducci\u00f3n_por_idioma.png","width":1417,"height":561},{"@type":"BreadcrumbList","@id":"https:\/\/culturesconnection.com\/fr\/services-de-traduction-espagnol\/traduction-technique-espagnol\/#breadcrumb","itemListElement":[{"@type":"ListItem","position":1,"name":"Home","item":"https:\/\/culturesconnection.com\/fr\/"},{"@type":"ListItem","position":2,"name":"Agence de traduction en espagnol","item":"https:\/\/culturesconnection.com\/fr\/services-de-traduction-espagnol\/"},{"@type":"ListItem","position":3,"name":"Agence de traduction technique en espagnol"}]},{"@type":"WebSite","@id":"https:\/\/culturesconnection.com\/fr\/#website","url":"https:\/\/culturesconnection.com\/fr\/","name":"Cultures Connection","description":"Cultures Connection is a translation agency dedicated to the success of its international clients.","publisher":{"@id":"https:\/\/culturesconnection.com\/fr\/#organization"},"potentialAction":[{"@type":"SearchAction","target":{"@type":"EntryPoint","urlTemplate":"https:\/\/culturesconnection.com\/fr\/?s={search_term_string}"},"query-input":{"@type":"PropertyValueSpecification","valueRequired":true,"valueName":"search_term_string"}}],"inLanguage":"fr-FR"},{"@type":"Organization","@id":"https:\/\/culturesconnection.com\/fr\/#organization","name":"Cultures Connection","url":"https:\/\/culturesconnection.com\/fr\/","logo":{"@type":"ImageObject","inLanguage":"fr-FR","@id":"https:\/\/culturesconnection.com\/fr\/#\/schema\/logo\/image\/","url":"https:\/\/culturesconnection.com\/wp-content\/uploads\/2022\/06\/cropped-favicon512x512.png","contentUrl":"https:\/\/culturesconnection.com\/wp-content\/uploads\/2022\/06\/cropped-favicon512x512.png","width":512,"height":512,"caption":"Cultures Connection"},"image":{"@id":"https:\/\/culturesconnection.com\/fr\/#\/schema\/logo\/image\/"},"sameAs":["https:\/\/www.facebook.com\/CulturesConnection","https:\/\/x.com\/CulturesCo_"]}]}},"_links":{"self":[{"href":"https:\/\/culturesconnection.com\/fr\/wp-json\/wp\/v2\/pages\/5484","targetHints":{"allow":["GET"]}}],"collection":[{"href":"https:\/\/culturesconnection.com\/fr\/wp-json\/wp\/v2\/pages"}],"about":[{"href":"https:\/\/culturesconnection.com\/fr\/wp-json\/wp\/v2\/types\/page"}],"author":[{"embeddable":true,"href":"https:\/\/culturesconnection.com\/fr\/wp-json\/wp\/v2\/users\/29"}],"replies":[{"embeddable":true,"href":"https:\/\/culturesconnection.com\/fr\/wp-json\/wp\/v2\/comments?post=5484"}],"version-history":[{"count":0,"href":"https:\/\/culturesconnection.com\/fr\/wp-json\/wp\/v2\/pages\/5484\/revisions"}],"up":[{"embeddable":true,"href":"https:\/\/culturesconnection.com\/fr\/wp-json\/wp\/v2\/pages\/5622"}],"wp:featuredmedia":[{"embeddable":true,"href":"https:\/\/culturesconnection.com\/fr\/wp-json\/wp\/v2\/media\/24329"}],"wp:attachment":[{"href":"https:\/\/culturesconnection.com\/fr\/wp-json\/wp\/v2\/media?parent=5484"}],"curies":[{"name":"wp","href":"https:\/\/api.w.org\/{rel}","templated":true}]}}