{"id":5481,"date":"2016-04-25T22:45:18","date_gmt":"2016-04-25T20:45:18","guid":{"rendered":"http:\/\/culturesconnection.com\/fr\/?page_id=5481"},"modified":"2022-11-25T10:04:09","modified_gmt":"2022-11-25T09:04:09","slug":"traduction-medicale-japonais","status":"publish","type":"page","link":"https:\/\/culturesconnection.com\/fr\/services-de-traduction-japonais\/traduction-medicale-japonais\/","title":{"rendered":"Agence de traduction m\u00e9dicale en japonais"},"content":{"rendered":"\n<h2 class=\"wp-block-heading\">Des professionnels de la traduction m\u00e9dicale japonais-fran\u00e7ais<\/h2>\n\n\n\n<p>La m\u00e9decine est un domaine qui ne cesse de s\u2019internationaliser. \u00c0 l\u2019instar d\u2019une erreur m\u00e9dicale, une erreur de traduction peut se payer tr\u00e8s cher et m\u00eame mettre la vie de personnes en danger. Traduire un texte m\u00e9dical du fran\u00e7ais vers le japonais est un travail complexe en raison de la difficult\u00e9 de la langue cible et du domaine trait\u00e9. La terminologie utilis\u00e9e doit donc \u00eatre pr\u00e9cise et conforme au texte source. Il est indispensable de recourir aux services de traducteurs professionnels dans le secteur m\u00e9dical et dont la sp\u00e9cialisation co\u00efncide avec le th\u00e8me abord\u00e9 dans le document m\u00e9dical que vous souhaitez faire traduire. C&rsquo;est ce que notre agence de traduction vous propose !<\/p>\n\n\n\n<h2 class=\"wp-block-heading\">Besoin d\u2019un traducteur m\u00e9dical ?<\/h2>\n\n\n\n<p>Vous avez besoin des services d\u2019un traducteur m\u00e9dical japonais-fran\u00e7ais ou d\u2019un traducteur fran\u00e7ais-japonais ? Notre \u00e9quipe d\u2019experts poss\u00e8de des comp\u00e9tences m\u00e9dicales coupl\u00e9es \u00e0 d\u2019excellentes comp\u00e9tences linguistiques. Notre <a href=\"https:\/\/culturesconnection.com\/fr\/\">agence de traduction<\/a> aide \u00e0 la diffusion du savoir m\u00e9dical entre le Japon et la France. Notre soci\u00e9t\u00e9 de traduction peut traduire des documents dans de nombreuses sp\u00e9cialit\u00e9s: la biochimie, la chirurgie, la dermatologie, la g\u00e9riatrie, l\u2019h\u00e9matologie, la neurochirurgie, et bien d\u2019autres encore ! Cultures Connection traduit vos documents en toute confidentialit\u00e9 et vous assure des <a href=\"https:\/\/culturesconnection.com\/fr\/services-de-traduction\/\">services de traduction<\/a> de haute qualit\u00e9.<\/p>\n\n\n\n<h2 class=\"wp-block-heading\">Vos documents m\u00e9dicaux en japonais<\/h2>\n\n\n\n<p>Cultures Connection vous propose des traductions pour une large gamme de <a href=\"https:\/\/culturesconnection.com\/fr\/traduction-medicale\/\">documents m\u00e9dicaux<\/a> de et vers le japonais. En voici quelques exemples :<\/p>\n\n\n\n<ul class=\"wp-block-list\"><li>Revues<\/li><li>Rapports de conf\u00e9rence<\/li><li>Publications<\/li><li>Projets et comptes rendus de recherche<\/li><li>R\u00e9sultats d\u2019\u00e9tudes et \u00e9tats de nouvelles recherches<\/li><li>Ouvrages de vulgarisation<\/li><li>Rapports d\u2019essais<\/li><li>Questionnaires<\/li><li>Notices<\/li><li>Posologies de nouveaux produits<\/li><li>R\u00e9sultats d\u2019essais cliniques<\/li><li>R\u00e9glementations pharmaceutiques<\/li><li>Rapports d\u2019expertise m\u00e9dicale<\/li><\/ul>\n","protected":false},"excerpt":{"rendered":"<p>Des professionnels de la traduction m\u00e9dicale japonais-fran\u00e7ais La m\u00e9decine est un domaine qui ne cesse de s\u2019internationaliser. \u00c0 l\u2019instar d\u2019une erreur m\u00e9dicale, une erreur de [&#8230;]<\/p>\n<p><a class=\"btn btn-secondary understrap-read-more-link\" href=\"https:\/\/culturesconnection.com\/fr\/services-de-traduction-japonais\/traduction-medicale-japonais\/\">Lire la suite\u2026<span class=\"screen-reader-text\"> from Agence de traduction m\u00e9dicale en japonais<\/span><\/a><\/p>\n","protected":false},"author":32,"featured_media":24329,"parent":5625,"menu_order":0,"comment_status":"closed","ping_status":"closed","template":"","meta":{"_acf_changed":false,"_editorskit_title_hidden":false,"_editorskit_reading_time":0,"_editorskit_is_block_options_detached":false,"_editorskit_block_options_position":"{}","footnotes":""},"class_list":["post-5481","page","type-page","status-publish","has-post-thumbnail","hentry"],"acf":[],"_links":{"self":[{"href":"https:\/\/culturesconnection.com\/fr\/wp-json\/wp\/v2\/pages\/5481","targetHints":{"allow":["GET"]}}],"collection":[{"href":"https:\/\/culturesconnection.com\/fr\/wp-json\/wp\/v2\/pages"}],"about":[{"href":"https:\/\/culturesconnection.com\/fr\/wp-json\/wp\/v2\/types\/page"}],"author":[{"embeddable":true,"href":"https:\/\/culturesconnection.com\/fr\/wp-json\/wp\/v2\/users\/32"}],"replies":[{"embeddable":true,"href":"https:\/\/culturesconnection.com\/fr\/wp-json\/wp\/v2\/comments?post=5481"}],"version-history":[{"count":0,"href":"https:\/\/culturesconnection.com\/fr\/wp-json\/wp\/v2\/pages\/5481\/revisions"}],"up":[{"embeddable":true,"href":"https:\/\/culturesconnection.com\/fr\/wp-json\/wp\/v2\/pages\/5625"}],"wp:featuredmedia":[{"embeddable":true,"href":"https:\/\/culturesconnection.com\/fr\/wp-json\/wp\/v2\/media\/24329"}],"wp:attachment":[{"href":"https:\/\/culturesconnection.com\/fr\/wp-json\/wp\/v2\/media?parent=5481"}],"curies":[{"name":"wp","href":"https:\/\/api.w.org\/{rel}","templated":true}]}}