{"id":5478,"date":"2016-04-25T21:22:02","date_gmt":"2016-04-25T19:22:02","guid":{"rendered":"http:\/\/culturesconnection.com\/fr\/?page_id=5478"},"modified":"2022-12-08T09:37:04","modified_gmt":"2022-12-08T08:37:04","slug":"traduction-medicale-turc","status":"publish","type":"page","link":"https:\/\/culturesconnection.com\/fr\/services-de-traduction-en-turc\/traduction-medicale-turc\/","title":{"rendered":"Agence de traduction m\u00e9dicale en turc"},"content":{"rendered":"\n<h2 class=\"wp-block-heading\">Agence de traduction m\u00e9dicale turc-fran\u00e7ais<\/h2>\n\n\n\n<p>Afin de faire conna\u00eetre au monde les avanc\u00e9es de la m\u00e9decine, la traduction m\u00e9dicale est une \u00e9tape incontournable. Les erreurs ne sont pas tol\u00e9r\u00e9es car elles pourraient avoir de lourdes cons\u00e9quences et s\u2019av\u00e9rer dangereuses pour la sant\u00e9 de nombreuses personnes. Tous les domaines de sp\u00e9cialisation ont leur propre terminologie ; il est donc essentiel que le traducteur m\u00e9dical soit un professionnel de la sant\u00e9 et ma\u00eetrise parfaitement le jargon m\u00e9dical. Notre <a href=\"https:\/\/culturesconnection.com\/fr\/\">agence de traduction<\/a>&nbsp;vous propose des <a href=\"https:\/\/culturesconnection.com\/fr\/services-de-traduction\/\">services de traduction<\/a> qui couvrent des sp\u00e9cialisations comme la cardiologie, la chirurgie, l\u2019ophtalmologie, la psychiatrie et bien d\u2019autres.<\/p>\n\n\n\n<h2 class=\"wp-block-heading\">Vous recherchez un traducteur m\u00e9dical ?<\/h2>\n\n\n\n<p>Vous recherchez un traducteur m\u00e9dical fran\u00e7ais-turc ou un traducteur m\u00e9dical turc-fran\u00e7ais? Pour la traduction de vos documents m\u00e9dicaux, Cultures Connection vous offre les services de traducteurs exp\u00e9riment\u00e9s et consciencieux. Ils poss\u00e8dent une connaissance approfondie de leur domaine d\u2019expertise, ce qui leur permet de fournir des traductions de qualit\u00e9 dans les meilleurs d\u00e9lais. Nos experts de la <a href=\"https:\/\/culturesconnection.com\/fr\/traduction-medicale\/\">traduction m\u00e9dicale<\/a> respectent \u00e9galement les normes strictes r\u00e9gissant la forme des documents \u00e0 traduire en fonction de la langue de destination. Afin que vos projets soient compris en Turquie ou ailleurs, vous pouvez compter sur notre soci\u00e9t\u00e9 de traduction. Nous vous garantissons notre discr\u00e9tion et le respect du secret m\u00e9dical.<\/p>\n\n\n\n<h2 class=\"wp-block-heading\">Vos documents m\u00e9dicaux en turc<\/h2>\n\n\n\n<p>Ci-dessous, nous vous pr\u00e9sentons une liste d\u2019exemples de documents m\u00e9dicaux et contenus pharmaceutiques traduits par notre agence de traduction :<\/p>\n\n\n\n<ul class=\"wp-block-list\">\n<li>Revues<\/li>\n\n\n\n<li>Rapports de conf\u00e9rence<\/li>\n\n\n\n<li>Publications<\/li>\n\n\n\n<li>Projets et comptes rendus de recherche<\/li>\n\n\n\n<li>R\u00e9sultats d\u2019\u00e9tudes et \u00e9tats de nouvelles recherches<\/li>\n\n\n\n<li>Ouvrages de vulgarisation<\/li>\n\n\n\n<li>Rapports d\u2019essais<\/li>\n\n\n\n<li>Questionnaires<\/li>\n\n\n\n<li>Notices<\/li>\n\n\n\n<li>Posologies de nouveaux produits<\/li>\n\n\n\n<li>R\u00e9sultats d\u2019essais cliniques<\/li>\n\n\n\n<li>R\u00e9glementations pharmaceutiques<\/li>\n\n\n\n<li>Rapports d\u2019expertise m\u00e9dicale<\/li>\n<\/ul>\n","protected":false},"excerpt":{"rendered":"<p>Agence de traduction m\u00e9dicale turc-fran\u00e7ais Afin de faire conna\u00eetre au monde les avanc\u00e9es de la m\u00e9decine, la traduction m\u00e9dicale est une \u00e9tape incontournable. Les erreurs [&#8230;]<\/p>\n<p><a class=\"btn btn-secondary understrap-read-more-link\" href=\"https:\/\/culturesconnection.com\/fr\/services-de-traduction-en-turc\/traduction-medicale-turc\/\">Lire la suite\u2026<span class=\"screen-reader-text\"> from Agence de traduction m\u00e9dicale en turc<\/span><\/a><\/p>\n","protected":false},"author":32,"featured_media":24329,"parent":5634,"menu_order":0,"comment_status":"closed","ping_status":"closed","template":"","meta":{"_acf_changed":false,"_editorskit_title_hidden":false,"_editorskit_reading_time":1,"_editorskit_is_block_options_detached":false,"_editorskit_block_options_position":"{}","footnotes":""},"class_list":["post-5478","page","type-page","status-publish","has-post-thumbnail","hentry"],"acf":[],"yoast_head":"<!-- This site is optimized with the Yoast SEO Premium plugin v23.4 (Yoast SEO v27.3) - https:\/\/yoast.com\/product\/yoast-seo-premium-wordpress\/ -->\n<title>Services de traduction m\u00e9dicale turc<\/title>\n<meta name=\"description\" content=\"Vous recherchez un traducteur m\u00e9dical ? Faites le bon choix et choisissez Cultures Connection pour toute traduction m\u00e9dicale turc-fran\u00e7ais. Devis gratuit.\" \/>\n<meta name=\"robots\" content=\"index, follow, max-snippet:-1, max-image-preview:large, max-video-preview:-1\" \/>\n<link rel=\"canonical\" href=\"https:\/\/culturesconnection.com\/turkish-translation-services\/turkish-medical-translation-services\/\" \/>\n<meta property=\"og:locale\" content=\"fr_FR\" \/>\n<meta property=\"og:type\" content=\"article\" \/>\n<meta property=\"og:title\" content=\"Agence de traduction m\u00e9dicale en turc\" \/>\n<meta property=\"og:description\" content=\"Vous recherchez un traducteur m\u00e9dical ? Faites le bon choix et choisissez Cultures Connection pour toute traduction m\u00e9dicale turc-fran\u00e7ais. Devis gratuit.\" \/>\n<meta property=\"og:url\" content=\"https:\/\/culturesconnection.com\/turkish-translation-services\/turkish-medical-translation-services\/\" \/>\n<meta property=\"og:site_name\" content=\"Cultures Connection\" \/>\n<meta property=\"article:publisher\" content=\"https:\/\/www.facebook.com\/CulturesConnection\" \/>\n<meta property=\"article:modified_time\" content=\"2022-12-08T08:37:04+00:00\" \/>\n<meta property=\"og:image\" content=\"https:\/\/culturesconnection.com\/wp-content\/uploads\/2020\/09\/P\u00e1gina_Subservicios_de_traducci\u00f3n_por_idioma.png\" \/>\n\t<meta property=\"og:image:width\" content=\"1417\" \/>\n\t<meta property=\"og:image:height\" content=\"561\" \/>\n\t<meta property=\"og:image:type\" content=\"image\/png\" \/>\n<meta name=\"twitter:card\" content=\"summary_large_image\" \/>\n<meta name=\"twitter:site\" content=\"@CulturesCo_\" \/>\n<meta name=\"twitter:label1\" content=\"Dur\u00e9e de lecture estim\u00e9e\" \/>\n\t<meta name=\"twitter:data1\" content=\"2 minutes\" \/>\n<script type=\"application\/ld+json\" class=\"yoast-schema-graph\">{\"@context\":\"https:\\\/\\\/schema.org\",\"@graph\":[{\"@type\":\"WebPage\",\"@id\":\"https:\\\/\\\/culturesconnection.com\\\/turkish-translation-services\\\/turkish-medical-translation-services\\\/\",\"url\":\"https:\\\/\\\/culturesconnection.com\\\/turkish-translation-services\\\/turkish-medical-translation-services\\\/\",\"name\":\"Services de traduction m\u00e9dicale turc\",\"isPartOf\":{\"@id\":\"https:\\\/\\\/culturesconnection.com\\\/fr\\\/#website\"},\"primaryImageOfPage\":{\"@id\":\"https:\\\/\\\/culturesconnection.com\\\/turkish-translation-services\\\/turkish-medical-translation-services\\\/#primaryimage\"},\"image\":{\"@id\":\"https:\\\/\\\/culturesconnection.com\\\/turkish-translation-services\\\/turkish-medical-translation-services\\\/#primaryimage\"},\"thumbnailUrl\":\"https:\\\/\\\/culturesconnection.com\\\/wp-content\\\/uploads\\\/2020\\\/09\\\/P\u00e1gina_Subservicios_de_traducci\u00f3n_por_idioma.png\",\"datePublished\":\"2016-04-25T19:22:02+00:00\",\"dateModified\":\"2022-12-08T08:37:04+00:00\",\"description\":\"Vous recherchez un traducteur m\u00e9dical ? Faites le bon choix et choisissez Cultures Connection pour toute traduction m\u00e9dicale turc-fran\u00e7ais. Devis gratuit.\",\"breadcrumb\":{\"@id\":\"https:\\\/\\\/culturesconnection.com\\\/turkish-translation-services\\\/turkish-medical-translation-services\\\/#breadcrumb\"},\"inLanguage\":\"fr-FR\",\"potentialAction\":[{\"@type\":\"ReadAction\",\"target\":[\"https:\\\/\\\/culturesconnection.com\\\/turkish-translation-services\\\/turkish-medical-translation-services\\\/\"]}]},{\"@type\":\"ImageObject\",\"inLanguage\":\"fr-FR\",\"@id\":\"https:\\\/\\\/culturesconnection.com\\\/turkish-translation-services\\\/turkish-medical-translation-services\\\/#primaryimage\",\"url\":\"https:\\\/\\\/culturesconnection.com\\\/wp-content\\\/uploads\\\/2020\\\/09\\\/P\u00e1gina_Subservicios_de_traducci\u00f3n_por_idioma.png\",\"contentUrl\":\"https:\\\/\\\/culturesconnection.com\\\/wp-content\\\/uploads\\\/2020\\\/09\\\/P\u00e1gina_Subservicios_de_traducci\u00f3n_por_idioma.png\",\"width\":1417,\"height\":561},{\"@type\":\"BreadcrumbList\",\"@id\":\"https:\\\/\\\/culturesconnection.com\\\/turkish-translation-services\\\/turkish-medical-translation-services\\\/#breadcrumb\",\"itemListElement\":[{\"@type\":\"ListItem\",\"position\":1,\"name\":\"Home\",\"item\":\"https:\\\/\\\/culturesconnection.com\\\/fr\\\/\"},{\"@type\":\"ListItem\",\"position\":2,\"name\":\"Agence de traduction en turc\",\"item\":\"https:\\\/\\\/culturesconnection.com\\\/fr\\\/services-de-traduction-en-turc\\\/\"},{\"@type\":\"ListItem\",\"position\":3,\"name\":\"Agence de traduction m\u00e9dicale en turc\"}]},{\"@type\":\"WebSite\",\"@id\":\"https:\\\/\\\/culturesconnection.com\\\/fr\\\/#website\",\"url\":\"https:\\\/\\\/culturesconnection.com\\\/fr\\\/\",\"name\":\"Cultures Connection\",\"description\":\"Cultures Connection is a translation agency dedicated to the success of its international clients.\",\"publisher\":{\"@id\":\"https:\\\/\\\/culturesconnection.com\\\/fr\\\/#organization\"},\"potentialAction\":[{\"@type\":\"SearchAction\",\"target\":{\"@type\":\"EntryPoint\",\"urlTemplate\":\"https:\\\/\\\/culturesconnection.com\\\/fr\\\/?s={search_term_string}\"},\"query-input\":{\"@type\":\"PropertyValueSpecification\",\"valueRequired\":true,\"valueName\":\"search_term_string\"}}],\"inLanguage\":\"fr-FR\"},{\"@type\":\"Organization\",\"@id\":\"https:\\\/\\\/culturesconnection.com\\\/fr\\\/#organization\",\"name\":\"Cultures Connection\",\"url\":\"https:\\\/\\\/culturesconnection.com\\\/fr\\\/\",\"logo\":{\"@type\":\"ImageObject\",\"inLanguage\":\"fr-FR\",\"@id\":\"https:\\\/\\\/culturesconnection.com\\\/fr\\\/#\\\/schema\\\/logo\\\/image\\\/\",\"url\":\"https:\\\/\\\/culturesconnection.com\\\/wp-content\\\/uploads\\\/2022\\\/06\\\/cropped-favicon512x512.png\",\"contentUrl\":\"https:\\\/\\\/culturesconnection.com\\\/wp-content\\\/uploads\\\/2022\\\/06\\\/cropped-favicon512x512.png\",\"width\":512,\"height\":512,\"caption\":\"Cultures Connection\"},\"image\":{\"@id\":\"https:\\\/\\\/culturesconnection.com\\\/fr\\\/#\\\/schema\\\/logo\\\/image\\\/\"},\"sameAs\":[\"https:\\\/\\\/www.facebook.com\\\/CulturesConnection\",\"https:\\\/\\\/x.com\\\/CulturesCo_\"]}]}<\/script>\n<!-- \/ Yoast SEO Premium plugin. -->","yoast_head_json":{"title":"Services de traduction m\u00e9dicale turc","description":"Vous recherchez un traducteur m\u00e9dical ? Faites le bon choix et choisissez Cultures Connection pour toute traduction m\u00e9dicale turc-fran\u00e7ais. Devis gratuit.","robots":{"index":"index","follow":"follow","max-snippet":"max-snippet:-1","max-image-preview":"max-image-preview:large","max-video-preview":"max-video-preview:-1"},"canonical":"https:\/\/culturesconnection.com\/turkish-translation-services\/turkish-medical-translation-services\/","og_locale":"fr_FR","og_type":"article","og_title":"Agence de traduction m\u00e9dicale en turc","og_description":"Vous recherchez un traducteur m\u00e9dical ? Faites le bon choix et choisissez Cultures Connection pour toute traduction m\u00e9dicale turc-fran\u00e7ais. Devis gratuit.","og_url":"https:\/\/culturesconnection.com\/turkish-translation-services\/turkish-medical-translation-services\/","og_site_name":"Cultures Connection","article_publisher":"https:\/\/www.facebook.com\/CulturesConnection","article_modified_time":"2022-12-08T08:37:04+00:00","og_image":[{"width":1417,"height":561,"url":"https:\/\/culturesconnection.com\/wp-content\/uploads\/2020\/09\/P\u00e1gina_Subservicios_de_traducci\u00f3n_por_idioma.png","type":"image\/png"}],"twitter_card":"summary_large_image","twitter_site":"@CulturesCo_","twitter_misc":{"Dur\u00e9e de lecture estim\u00e9e":"2 minutes"},"schema":{"@context":"https:\/\/schema.org","@graph":[{"@type":"WebPage","@id":"https:\/\/culturesconnection.com\/turkish-translation-services\/turkish-medical-translation-services\/","url":"https:\/\/culturesconnection.com\/turkish-translation-services\/turkish-medical-translation-services\/","name":"Services de traduction m\u00e9dicale turc","isPartOf":{"@id":"https:\/\/culturesconnection.com\/fr\/#website"},"primaryImageOfPage":{"@id":"https:\/\/culturesconnection.com\/turkish-translation-services\/turkish-medical-translation-services\/#primaryimage"},"image":{"@id":"https:\/\/culturesconnection.com\/turkish-translation-services\/turkish-medical-translation-services\/#primaryimage"},"thumbnailUrl":"https:\/\/culturesconnection.com\/wp-content\/uploads\/2020\/09\/P\u00e1gina_Subservicios_de_traducci\u00f3n_por_idioma.png","datePublished":"2016-04-25T19:22:02+00:00","dateModified":"2022-12-08T08:37:04+00:00","description":"Vous recherchez un traducteur m\u00e9dical ? Faites le bon choix et choisissez Cultures Connection pour toute traduction m\u00e9dicale turc-fran\u00e7ais. Devis gratuit.","breadcrumb":{"@id":"https:\/\/culturesconnection.com\/turkish-translation-services\/turkish-medical-translation-services\/#breadcrumb"},"inLanguage":"fr-FR","potentialAction":[{"@type":"ReadAction","target":["https:\/\/culturesconnection.com\/turkish-translation-services\/turkish-medical-translation-services\/"]}]},{"@type":"ImageObject","inLanguage":"fr-FR","@id":"https:\/\/culturesconnection.com\/turkish-translation-services\/turkish-medical-translation-services\/#primaryimage","url":"https:\/\/culturesconnection.com\/wp-content\/uploads\/2020\/09\/P\u00e1gina_Subservicios_de_traducci\u00f3n_por_idioma.png","contentUrl":"https:\/\/culturesconnection.com\/wp-content\/uploads\/2020\/09\/P\u00e1gina_Subservicios_de_traducci\u00f3n_por_idioma.png","width":1417,"height":561},{"@type":"BreadcrumbList","@id":"https:\/\/culturesconnection.com\/turkish-translation-services\/turkish-medical-translation-services\/#breadcrumb","itemListElement":[{"@type":"ListItem","position":1,"name":"Home","item":"https:\/\/culturesconnection.com\/fr\/"},{"@type":"ListItem","position":2,"name":"Agence de traduction en turc","item":"https:\/\/culturesconnection.com\/fr\/services-de-traduction-en-turc\/"},{"@type":"ListItem","position":3,"name":"Agence de traduction m\u00e9dicale en turc"}]},{"@type":"WebSite","@id":"https:\/\/culturesconnection.com\/fr\/#website","url":"https:\/\/culturesconnection.com\/fr\/","name":"Cultures Connection","description":"Cultures Connection is a translation agency dedicated to the success of its international clients.","publisher":{"@id":"https:\/\/culturesconnection.com\/fr\/#organization"},"potentialAction":[{"@type":"SearchAction","target":{"@type":"EntryPoint","urlTemplate":"https:\/\/culturesconnection.com\/fr\/?s={search_term_string}"},"query-input":{"@type":"PropertyValueSpecification","valueRequired":true,"valueName":"search_term_string"}}],"inLanguage":"fr-FR"},{"@type":"Organization","@id":"https:\/\/culturesconnection.com\/fr\/#organization","name":"Cultures Connection","url":"https:\/\/culturesconnection.com\/fr\/","logo":{"@type":"ImageObject","inLanguage":"fr-FR","@id":"https:\/\/culturesconnection.com\/fr\/#\/schema\/logo\/image\/","url":"https:\/\/culturesconnection.com\/wp-content\/uploads\/2022\/06\/cropped-favicon512x512.png","contentUrl":"https:\/\/culturesconnection.com\/wp-content\/uploads\/2022\/06\/cropped-favicon512x512.png","width":512,"height":512,"caption":"Cultures Connection"},"image":{"@id":"https:\/\/culturesconnection.com\/fr\/#\/schema\/logo\/image\/"},"sameAs":["https:\/\/www.facebook.com\/CulturesConnection","https:\/\/x.com\/CulturesCo_"]}]}},"_links":{"self":[{"href":"https:\/\/culturesconnection.com\/fr\/wp-json\/wp\/v2\/pages\/5478","targetHints":{"allow":["GET"]}}],"collection":[{"href":"https:\/\/culturesconnection.com\/fr\/wp-json\/wp\/v2\/pages"}],"about":[{"href":"https:\/\/culturesconnection.com\/fr\/wp-json\/wp\/v2\/types\/page"}],"author":[{"embeddable":true,"href":"https:\/\/culturesconnection.com\/fr\/wp-json\/wp\/v2\/users\/32"}],"replies":[{"embeddable":true,"href":"https:\/\/culturesconnection.com\/fr\/wp-json\/wp\/v2\/comments?post=5478"}],"version-history":[{"count":0,"href":"https:\/\/culturesconnection.com\/fr\/wp-json\/wp\/v2\/pages\/5478\/revisions"}],"up":[{"embeddable":true,"href":"https:\/\/culturesconnection.com\/fr\/wp-json\/wp\/v2\/pages\/5634"}],"wp:featuredmedia":[{"embeddable":true,"href":"https:\/\/culturesconnection.com\/fr\/wp-json\/wp\/v2\/media\/24329"}],"wp:attachment":[{"href":"https:\/\/culturesconnection.com\/fr\/wp-json\/wp\/v2\/media?parent=5478"}],"curies":[{"name":"wp","href":"https:\/\/api.w.org\/{rel}","templated":true}]}}