{"id":5477,"date":"2016-04-28T20:52:55","date_gmt":"2016-04-28T18:52:55","guid":{"rendered":"http:\/\/culturesconnection.com\/fr\/?page_id=5477"},"modified":"2022-11-24T15:31:00","modified_gmt":"2022-11-24T14:31:00","slug":"traduction-medicale-neerlandais","status":"publish","type":"page","link":"https:\/\/culturesconnection.com\/fr\/services-de-traduction-neerlandais\/traduction-medicale-neerlandais\/","title":{"rendered":"Agence de traduction m\u00e9dicale en n\u00e9erlandais"},"content":{"rendered":"\n<h2 class=\"wp-block-heading\">Des experts de la traduction m\u00e9dicale n\u00e9erlandais-fran\u00e7ais <\/h2>\n\n\n\n<p>L\u2019internationalisation de la connaissance m\u00e9dicale progresse constamment. Les ressources, les techniques, les proc\u00e9dures, doivent \u00eatre traduites afin que le reste du monde puisse aussi y avoir acc\u00e8s. La traduction m\u00e9dicale est un domaine pointu o\u00f9 aucune place n\u2019est laiss\u00e9e au doute. La traduction doit \u00eatre aussi pr\u00e9cise et rigoureuse que possible. Une erreur pourrait avoir des cons\u00e9quences dramatiques et il est donc primordial que la traduction de documents m\u00e9dicaux soit r\u00e9alis\u00e9e par des professionnels, qui soient \u00e9galement sp\u00e9cialistes du sujet sur lequel porte votre texte.<\/p>\n\n\n\n<h2 class=\"wp-block-heading\">Vous recherchez un traducteur m\u00e9dical ?<\/h2>\n\n\n\n<p>La m\u00e9decine compte de nombreux sous-domaines. Notre <a href=\"https:\/\/culturesconnection.com\/fr\/\">agence de traduction<\/a> travaille avec des traducteurs professionnels sp\u00e9cialis\u00e9s en m\u00e9decine g\u00e9n\u00e9rale, neurologie, psychiatrie, rhumatologie, p\u00e9diatrie, urologie, pour ne citer que quelques exemples. Leur expertise technique et leur expertise linguistique sont remarquables. Nos traducteurs poss\u00e8dent une ma\u00eetrise parfaite de la terminologie propre au domaine concern\u00e9, tant en fran\u00e7ais qu\u2019en n\u00e9erlandais, et de nombreuses ann\u00e9es d\u2019exp\u00e9rience. Notre soci\u00e9t\u00e9 de traduction traduit vos documents m\u00e9dicaux en n\u00e9erlandais avec justesse et exactitude. Ne cherchez plus, pour des <a href=\"https:\/\/culturesconnection.com\/fr\/services-de-traduction\/\">services de traduction<\/a>\u00a0de qualit\u00e9, choisissez Cultures Connection.<\/p>\n\n\n\n<h2 class=\"wp-block-heading\">Vos documents m\u00e9dicaux en n\u00e9erlandais<\/h2>\n\n\n\n<p>Ci-dessous, vous trouverez certains exemples de traduction de <a href=\"https:\/\/culturesconnection.com\/fr\/traduction-medicale\/\">documents m\u00e9dicaux<\/a> qui nous ont d\u00e9j\u00e0 \u00e9t\u00e9 confi\u00e9s dans le pass\u00e9 :<\/p>\n\n\n\n<ul class=\"wp-block-list\"><li>Revues<\/li><li>Rapports de conf\u00e9rence<\/li><li>Publications<\/li><li>Projets et comptes rendus de recherche<\/li><li>R\u00e9sultats d\u2019\u00e9tudes et \u00e9tats de nouvelles recherches<\/li><li>Ouvrages de vulgarisation<\/li><li>Rapports d\u2019essais<\/li><li>Questionnaires<\/li><li>Notices<\/li><li>Posologies de nouveaux produits<\/li><li>R\u00e9sultats d\u2019essais cliniques<\/li><li>R\u00e9glementations pharmaceutiques<\/li><li>Rapports d\u2019expertise m\u00e9dicale<\/li><\/ul>\n","protected":false},"excerpt":{"rendered":"<p>Des experts de la traduction m\u00e9dicale n\u00e9erlandais-fran\u00e7ais L\u2019internationalisation de la connaissance m\u00e9dicale progresse constamment. Les ressources, les techniques, les proc\u00e9dures, doivent \u00eatre traduites afin que [&#8230;]<\/p>\n<p><a class=\"btn btn-secondary understrap-read-more-link\" href=\"https:\/\/culturesconnection.com\/fr\/services-de-traduction-neerlandais\/traduction-medicale-neerlandais\/\">Lire la suite\u2026<span class=\"screen-reader-text\"> from Agence de traduction m\u00e9dicale en n\u00e9erlandais<\/span><\/a><\/p>\n","protected":false},"author":32,"featured_media":24329,"parent":5627,"menu_order":0,"comment_status":"closed","ping_status":"closed","template":"","meta":{"_acf_changed":false,"_editorskit_title_hidden":false,"_editorskit_reading_time":0,"_editorskit_is_block_options_detached":false,"_editorskit_block_options_position":"{}","footnotes":""},"class_list":["post-5477","page","type-page","status-publish","has-post-thumbnail","hentry"],"acf":[],"_links":{"self":[{"href":"https:\/\/culturesconnection.com\/fr\/wp-json\/wp\/v2\/pages\/5477","targetHints":{"allow":["GET"]}}],"collection":[{"href":"https:\/\/culturesconnection.com\/fr\/wp-json\/wp\/v2\/pages"}],"about":[{"href":"https:\/\/culturesconnection.com\/fr\/wp-json\/wp\/v2\/types\/page"}],"author":[{"embeddable":true,"href":"https:\/\/culturesconnection.com\/fr\/wp-json\/wp\/v2\/users\/32"}],"replies":[{"embeddable":true,"href":"https:\/\/culturesconnection.com\/fr\/wp-json\/wp\/v2\/comments?post=5477"}],"version-history":[{"count":0,"href":"https:\/\/culturesconnection.com\/fr\/wp-json\/wp\/v2\/pages\/5477\/revisions"}],"up":[{"embeddable":true,"href":"https:\/\/culturesconnection.com\/fr\/wp-json\/wp\/v2\/pages\/5627"}],"wp:featuredmedia":[{"embeddable":true,"href":"https:\/\/culturesconnection.com\/fr\/wp-json\/wp\/v2\/media\/24329"}],"wp:attachment":[{"href":"https:\/\/culturesconnection.com\/fr\/wp-json\/wp\/v2\/media?parent=5477"}],"curies":[{"name":"wp","href":"https:\/\/api.w.org\/{rel}","templated":true}]}}