{"id":5476,"date":"2016-04-27T22:16:17","date_gmt":"2016-04-27T20:16:17","guid":{"rendered":"http:\/\/culturesconnection.com\/fr\/?page_id=5476"},"modified":"2022-11-18T15:05:10","modified_gmt":"2022-11-18T14:05:10","slug":"traduction-medicale-italien","status":"publish","type":"page","link":"https:\/\/culturesconnection.com\/fr\/services-de-traduction-italien\/traduction-medicale-italien\/","title":{"rendered":"Agence de traduction m\u00e9dicale en italien"},"content":{"rendered":"\n<h2 class=\"wp-block-heading\">Traduction m\u00e9dicale italien-fran\u00e7ais<\/h2>\n\n\n\n<p>La traduction m\u00e9dicale est une de nos sp\u00e9cialisations les plus demand\u00e9es, particuli\u00e8rement de et vers l\u2019italien. Il s\u2019agit d\u2019un domaine o\u00f9 la rigueur est de mise. Un traducteur m\u00e9dical italien-fran\u00e7ais ou fran\u00e7ais-italien ne peut en effet pas se permettre de faire des approximations, au risque de cons\u00e9quences d\u00e9sastreuses. Tout comme les m\u00e9decins se sp\u00e9cialisent dans certaines branches, les traducteurs ont eux aussi leurs domaines de pr\u00e9dilection. Il est important de choisir un prestataire linguistique qui soit familier avec le sujet du document m\u00e9dical que vous souhaitez faire traduire. Notre <a href=\"https:\/\/culturesconnection.com\/fr\/\">agence de traduction <\/a>s\u2019occupe de trouver cet expert pour vous.<\/p>\n\n\n\n<h2 class=\"wp-block-heading\">\u00c0 la recherche du traducteur m\u00e9dical expert<\/h2>\n\n\n\n<p>Nos traducteurs m\u00e9dicaux sont tous sp\u00e9cialis\u00e9s dans un domaine particulier et sont donc au fait des r\u00e9alit\u00e9s et des exigences du milieu. Les sp\u00e9cialit\u00e9s dans lesquelles Cultures Connection propose son expertise comprennent, entre autres, les m\u00e9decines g\u00e9n\u00e9rales, dentaires, v\u00e9t\u00e9rinaires et cardiologiques. Nos sp\u00e9cialistes ma\u00eetrisent aussi bien le jargon m\u00e9dical en fran\u00e7ais qu\u2019en italien afin de vous fournir un travail pr\u00e9cis et conforme au texte source. Pour la traduction de vos documents m\u00e9dicaux de et vers l\u2019italien, faites confiance \u00e0 notre <a href=\"https:\/\/culturesconnection.com\/fr\/services-de-traduction\/\">service de traduction<\/a>.<\/p>\n\n\n\n<h2 class=\"wp-block-heading\">Vos documents m\u00e9dicaux en italien<\/h2>\n\n\n\n<p>Voici une liste d\u2019exemples de certains documents m\u00e9dicaux que Cultures Connection, sp\u00e9cialiste dans le domaine de la <a href=\"https:\/\/culturesconnection.com\/fr\/traduction-medicale\/\">traduction m\u00e9dicale<\/a>,&nbsp;a d\u00e9j\u00e0 traduits dans le pass\u00e9 :<\/p>\n\n\n\n<ul class=\"wp-block-list\"><li>Revues<\/li><li>Rapports de conf\u00e9rence<\/li><li>Publications<\/li><li>Projets et comptes rendus de recherche<\/li><li>R\u00e9sultats d\u2019\u00e9tudes et \u00e9tats de nouvelles recherches<\/li><li>Ouvrages de vulgarisation<\/li><li>Rapports d\u2019essais<\/li><li>Questionnaires<\/li><li>Notices<\/li><li>Posologies de nouveaux produits<\/li><li>R\u00e9sultats d\u2019essais cliniques<\/li><li>R\u00e9glementations pharmaceutiques<\/li><li>Rapports d\u2019expertise m\u00e9dicale<\/li><\/ul>\n","protected":false},"excerpt":{"rendered":"<p>Traduction m\u00e9dicale italien-fran\u00e7ais La traduction m\u00e9dicale est une de nos sp\u00e9cialisations les plus demand\u00e9es, particuli\u00e8rement de et vers l\u2019italien. Il s\u2019agit d\u2019un domaine o\u00f9 la [&#8230;]<\/p>\n<p><a class=\"btn btn-secondary understrap-read-more-link\" href=\"https:\/\/culturesconnection.com\/fr\/services-de-traduction-italien\/traduction-medicale-italien\/\">Lire la suite\u2026<span class=\"screen-reader-text\"> from Agence de traduction m\u00e9dicale en italien<\/span><\/a><\/p>\n","protected":false},"author":32,"featured_media":24329,"parent":5623,"menu_order":0,"comment_status":"closed","ping_status":"closed","template":"","meta":{"_acf_changed":false,"_editorskit_title_hidden":false,"_editorskit_reading_time":0,"_editorskit_is_block_options_detached":false,"_editorskit_block_options_position":"{}","footnotes":""},"class_list":["post-5476","page","type-page","status-publish","has-post-thumbnail","hentry"],"acf":[],"_links":{"self":[{"href":"https:\/\/culturesconnection.com\/fr\/wp-json\/wp\/v2\/pages\/5476","targetHints":{"allow":["GET"]}}],"collection":[{"href":"https:\/\/culturesconnection.com\/fr\/wp-json\/wp\/v2\/pages"}],"about":[{"href":"https:\/\/culturesconnection.com\/fr\/wp-json\/wp\/v2\/types\/page"}],"author":[{"embeddable":true,"href":"https:\/\/culturesconnection.com\/fr\/wp-json\/wp\/v2\/users\/32"}],"replies":[{"embeddable":true,"href":"https:\/\/culturesconnection.com\/fr\/wp-json\/wp\/v2\/comments?post=5476"}],"version-history":[{"count":0,"href":"https:\/\/culturesconnection.com\/fr\/wp-json\/wp\/v2\/pages\/5476\/revisions"}],"up":[{"embeddable":true,"href":"https:\/\/culturesconnection.com\/fr\/wp-json\/wp\/v2\/pages\/5623"}],"wp:featuredmedia":[{"embeddable":true,"href":"https:\/\/culturesconnection.com\/fr\/wp-json\/wp\/v2\/media\/24329"}],"wp:attachment":[{"href":"https:\/\/culturesconnection.com\/fr\/wp-json\/wp\/v2\/media?parent=5476"}],"curies":[{"name":"wp","href":"https:\/\/api.w.org\/{rel}","templated":true}]}}