{"id":5471,"date":"2016-04-19T20:05:28","date_gmt":"2016-04-19T18:05:28","guid":{"rendered":"http:\/\/culturesconnection.com\/fr\/?page_id=5471"},"modified":"2022-11-17T10:54:01","modified_gmt":"2022-11-17T09:54:01","slug":"traduction-medicale-portugais","status":"publish","type":"page","link":"https:\/\/culturesconnection.com\/fr\/services-de-traduction-portugais\/traduction-medicale-portugais\/","title":{"rendered":"Agence de traduction m\u00e9dicale en portugais"},"content":{"rendered":"\n<h2 class=\"wp-block-heading\">Traduction m\u00e9dicale portugais-fran\u00e7ais : une terminologie pr\u00e9cise<\/h2>\n\n\n\n<p>La traduction m\u00e9dicale en portugais s\u2019av\u00e8re de plus en plus n\u00e9cessaire. Les fabricants de produits et appareils m\u00e9dicaux qui d\u00e9sirent les exporter au Portugal ou au Br\u00e9sil doivent faire traduire leurs documents techniques, leurs \u00e9tiquettes, leurs notices et leurs manuels en portugais. Il s\u2019agit d\u2019un exercice complexe qui exige une pr\u00e9cision sans faille et une tol\u00e9rance z\u00e9ro envers les erreurs et les impr\u00e9cisions. Par cons\u00e9quent, la r\u00e8gle d\u2019or est de toujours faire appel \u00e0 un professionnel de la traduction m\u00e9dicale en portugais. Notre <a href=\"https:\/\/culturesconnection.com\/fr\/\">agence de traduction<\/a>&nbsp;se charge de le trouver pour vous !<\/p>\n\n\n\n<h2 class=\"wp-block-heading\">\u00c0 la recherche du bon traducteur m\u00e9dical<\/h2>\n\n\n\n<p>Quels que soient vos besoins en traduction m\u00e9dicale, nos <a href=\"https:\/\/culturesconnection.com\/fr\/services-de-traduction\/\">services de traduction<\/a> vous offriront la solution la plus rentable tout en vous garantissant une conformit\u00e9 exemplaire aux r\u00e9glementations des march\u00e9s locaux. Vous n\u00e9cessitez les services d\u2019un traducteur m\u00e9dical portugais-fran\u00e7ais ou d\u2019un traducteur m\u00e9dical-fran\u00e7ais portugais ? Nous confierons avec professionnalisme votre projet \u00e0 notre vaste r\u00e9seau d\u2019experts de la <a href=\"https:\/\/culturesconnection.com\/fr\/traduction-medicale\/\">traduction m\u00e9dicale<\/a>. Nous les avons choisis car ils allient connaissances linguistiques irr\u00e9prochables et ma\u00eetrise du jargon et des concepts m\u00e9dicaux. Nos traducteurs m\u00e9dicaux op\u00e8rent tous vers leur langue maternelle et r\u00e9pondent \u00e0 des crit\u00e8res de s\u00e9lection extr\u00eamement stricts. Choisissez la s\u00e9curit\u00e9, la fiabilit\u00e9 et la qualit\u00e9 : choisissez Cultures Connection&nbsp;!<\/p>\n\n\n\n<h2 class=\"wp-block-heading\">Vos documents m\u00e9dicaux en portugais<\/h2>\n\n\n\n<p>Nous traduisons tous types de documentation m\u00e9dicale. Voici une liste de quelques exemples de supports que nous traduisons au quotidien :<\/p>\n\n\n\n<ul class=\"wp-block-list\"><li>Revues<\/li><li>Rapports de conf\u00e9rence<\/li><li>Publications<\/li><li>Projets et comptes rendus de recherche<\/li><li>R\u00e9sultats d\u2019\u00e9tudes et \u00e9tats de nouvelles recherches<\/li><li>Ouvrages de vulgarisation<\/li><li>Rapports d\u2019essais<\/li><li>Questionnaires<\/li><li>Notices<\/li><li>Posologies de nouveaux produits<\/li><li>R\u00e9sultats d\u2019essais cliniques<\/li><li>R\u00e9glementations pharmaceutiques<\/li><li>Rapports d\u2019expertise m\u00e9dicale<\/li><\/ul>\n","protected":false},"excerpt":{"rendered":"<p>Traduction m\u00e9dicale portugais-fran\u00e7ais : une terminologie pr\u00e9cise La traduction m\u00e9dicale en portugais s\u2019av\u00e8re de plus en plus n\u00e9cessaire. Les fabricants de produits et appareils m\u00e9dicaux [&#8230;]<\/p>\n<p><a class=\"btn btn-secondary understrap-read-more-link\" href=\"https:\/\/culturesconnection.com\/fr\/services-de-traduction-portugais\/traduction-medicale-portugais\/\">Lire la suite\u2026<span class=\"screen-reader-text\"> from Agence de traduction m\u00e9dicale en portugais<\/span><\/a><\/p>\n","protected":false},"author":32,"featured_media":24329,"parent":5631,"menu_order":0,"comment_status":"closed","ping_status":"closed","template":"","meta":{"_acf_changed":false,"_editorskit_title_hidden":false,"_editorskit_reading_time":1,"_editorskit_is_block_options_detached":false,"_editorskit_block_options_position":"{}","footnotes":""},"class_list":["post-5471","page","type-page","status-publish","has-post-thumbnail","hentry"],"acf":[],"_links":{"self":[{"href":"https:\/\/culturesconnection.com\/fr\/wp-json\/wp\/v2\/pages\/5471","targetHints":{"allow":["GET"]}}],"collection":[{"href":"https:\/\/culturesconnection.com\/fr\/wp-json\/wp\/v2\/pages"}],"about":[{"href":"https:\/\/culturesconnection.com\/fr\/wp-json\/wp\/v2\/types\/page"}],"author":[{"embeddable":true,"href":"https:\/\/culturesconnection.com\/fr\/wp-json\/wp\/v2\/users\/32"}],"replies":[{"embeddable":true,"href":"https:\/\/culturesconnection.com\/fr\/wp-json\/wp\/v2\/comments?post=5471"}],"version-history":[{"count":0,"href":"https:\/\/culturesconnection.com\/fr\/wp-json\/wp\/v2\/pages\/5471\/revisions"}],"up":[{"embeddable":true,"href":"https:\/\/culturesconnection.com\/fr\/wp-json\/wp\/v2\/pages\/5631"}],"wp:featuredmedia":[{"embeddable":true,"href":"https:\/\/culturesconnection.com\/fr\/wp-json\/wp\/v2\/media\/24329"}],"wp:attachment":[{"href":"https:\/\/culturesconnection.com\/fr\/wp-json\/wp\/v2\/media?parent=5471"}],"curies":[{"name":"wp","href":"https:\/\/api.w.org\/{rel}","templated":true}]}}