{"id":5470,"date":"2016-04-29T18:25:25","date_gmt":"2016-04-29T16:25:25","guid":{"rendered":"http:\/\/culturesconnection.com\/fr\/?page_id=5470"},"modified":"2022-11-24T15:44:54","modified_gmt":"2022-11-24T14:44:54","slug":"traduction-technique-chinois","status":"publish","type":"page","link":"https:\/\/culturesconnection.com\/fr\/services-de-traduction-chinois\/traduction-technique-chinois\/","title":{"rendered":"Agence de traduction technique en chinois"},"content":{"rendered":"\n<h2 class=\"wp-block-heading\">Traduction technique chinois-fran\u00e7ais : une terminologie pr\u00e9cise<\/h2>\n\n\n\n<p>Au vu de l\u2019omnipr\u00e9sence des sciences et des nouvelles technologies dans notre quotidien, la traduction de documents techniques depuis et vers le chinois est ind\u00e9niablement un service auquel devra avoir recours toute entreprise aux ambitions tourn\u00e9es vers l\u2019international. Pour ce faire, il convient de toujours confier vos projets \u00e0 un traducteur chinois-fran\u00e7ais ou fran\u00e7ais-chinois, expert en traduction technique. La technicit\u00e9 des termes employ\u00e9s implique que seul un traducteur technique est \u00e0 m\u00eame de vous fournir des r\u00e9sultats probants et irr\u00e9prochables. Il en va de la cr\u00e9dibilit\u00e9 et de la r\u00e9putation de votre entreprise !<\/p>\n\n\n\n<h2 class=\"wp-block-heading\">Notre agence de traduction technique<\/h2>\n\n\n\n<p>Au sein de notre <a href=\"https:\/\/culturesconnection.com\/fr\/\" class=\"ek-link\">soci\u00e9t\u00e9 de traduction<\/a> technique, qualit\u00e9 et fiabilit\u00e9 sont les ma\u00eetres-mots. Au fil des ann\u00e9es, nous avons \u00e9tabli un r\u00e9seau de collaborateurs sp\u00e9cialistes de la traduction technique en chinois. Ils sont fins connaisseurs de nombreux domaines : le g\u00e9nie de la m\u00e9canique, l\u2019a\u00e9ronautique, l\u2019\u00e9lectronique, l\u2019informatique, les \u00e9nergies renouvelables\u2026 Et bien d\u2019autres encore. Ils justifient tous d\u2019une exp\u00e9rience prouv\u00e9e dans ces domaines et font preuve d\u2019une double comp\u00e9tence technique et linguistique. Au-del\u00e0 des termes et concepts techniques li\u00e9s au domaine de votre projet, nos traducteurs techniques ma\u00eetrisent parfaitement le fran\u00e7ais et le chinois et traduisent toujours vers leur langue maternelle. Nous vous assurons des <a href=\"https:\/\/culturesconnection.com\/fr\/services-de-traduction\/\">services de traduction<\/a> de haute qualit\u00e9.<\/p>\n\n\n\n<h2 class=\"wp-block-heading\">Nos documents techniques en chinois<\/h2>\n\n\n\n<p>Vous trouverez ci-dessous quelques exemples de <a href=\"https:\/\/culturesconnection.com\/fr\/traduction-technique\/\">documents techniques<\/a> que Cultures Connection traduit r\u00e9guli\u00e8rement depuis et vers le chinois :<\/p>\n\n\n\n<ul class=\"wp-block-list\"><li>Devis<\/li><li>Textes d&rsquo;ing\u00e9nierie<\/li><li>Modes d&#8217;emploi de machine-outils (ou d&rsquo;autres types de machines)<\/li><li>Descriptifs et fiches techniques<\/li><li>Normes<\/li><li>Cahiers des charges<\/li><li>Brevets techniques<\/li><li>Notices techniques<\/li><li>Modes d&#8217;emploi<\/li><li>Guides d&rsquo;utilisateurs<\/li><\/ul>\n","protected":false},"excerpt":{"rendered":"<p>Traduction technique chinois-fran\u00e7ais : une terminologie pr\u00e9cise Au vu de l\u2019omnipr\u00e9sence des sciences et des nouvelles technologies dans notre quotidien, la traduction de documents techniques [&#8230;]<\/p>\n<p><a class=\"btn btn-secondary understrap-read-more-link\" href=\"https:\/\/culturesconnection.com\/fr\/services-de-traduction-chinois\/traduction-technique-chinois\/\">Lire la suite\u2026<span class=\"screen-reader-text\"> from Agence de traduction technique en chinois<\/span><\/a><\/p>\n","protected":false},"author":29,"featured_media":24329,"parent":5618,"menu_order":0,"comment_status":"closed","ping_status":"closed","template":"","meta":{"_acf_changed":false,"_editorskit_title_hidden":false,"_editorskit_reading_time":0,"_editorskit_is_block_options_detached":false,"_editorskit_block_options_position":"{}","footnotes":""},"class_list":["post-5470","page","type-page","status-publish","has-post-thumbnail","hentry"],"acf":[],"_links":{"self":[{"href":"https:\/\/culturesconnection.com\/fr\/wp-json\/wp\/v2\/pages\/5470","targetHints":{"allow":["GET"]}}],"collection":[{"href":"https:\/\/culturesconnection.com\/fr\/wp-json\/wp\/v2\/pages"}],"about":[{"href":"https:\/\/culturesconnection.com\/fr\/wp-json\/wp\/v2\/types\/page"}],"author":[{"embeddable":true,"href":"https:\/\/culturesconnection.com\/fr\/wp-json\/wp\/v2\/users\/29"}],"replies":[{"embeddable":true,"href":"https:\/\/culturesconnection.com\/fr\/wp-json\/wp\/v2\/comments?post=5470"}],"version-history":[{"count":0,"href":"https:\/\/culturesconnection.com\/fr\/wp-json\/wp\/v2\/pages\/5470\/revisions"}],"up":[{"embeddable":true,"href":"https:\/\/culturesconnection.com\/fr\/wp-json\/wp\/v2\/pages\/5618"}],"wp:featuredmedia":[{"embeddable":true,"href":"https:\/\/culturesconnection.com\/fr\/wp-json\/wp\/v2\/media\/24329"}],"wp:attachment":[{"href":"https:\/\/culturesconnection.com\/fr\/wp-json\/wp\/v2\/media?parent=5470"}],"curies":[{"name":"wp","href":"https:\/\/api.w.org\/{rel}","templated":true}]}}