{"id":5468,"date":"2016-04-29T18:22:33","date_gmt":"2016-04-29T16:22:33","guid":{"rendered":"http:\/\/culturesconnection.com\/fr\/?page_id=5468"},"modified":"2022-11-09T16:03:26","modified_gmt":"2022-11-09T15:03:26","slug":"traduction-technique-allemand","status":"publish","type":"page","link":"https:\/\/culturesconnection.com\/fr\/services-de-traduction-allemand\/traduction-technique-allemand\/","title":{"rendered":"Agence de traduction technique en allemand"},"content":{"rendered":"\n<h2 class=\"wp-block-heading\">La traduction technique allemand-fran\u00e7ais : une terminologie pr\u00e9cise<\/h2>\n\n\n\n<p>Il est aujourd\u2019hui ind\u00e9niable que les technologies et les sciences occupent une place importante dans notre vie de tous les jours. L&rsquo;Allemagne \u00e9tant la premi\u00e8re puissance \u00e9conomique de l&rsquo;Union europ\u00e9enne, les traductions de documents techniques depuis et vers l\u2019allemand sont in\u00e9vitables pour toute entreprise qui d\u00e9sire s\u2019implanter sur le march\u00e9 europ\u00e9en. Dans ce secteur, il n\u2019y a pas de place pour les erreurs et les impr\u00e9cisions. Chaque terme est irrempla\u00e7able et doit trouver son \u00e9quivalent parfait dans la langue cible afin de respecter le sens du texte source. Par ailleurs, les destinataires de ces traductions sont r\u00e9guli\u00e8rement des sp\u00e9cialistes qui fronceront les sourcils si les termes traduits portent \u00e0 confusion. Pour pr\u00e9server votre cr\u00e9dibilit\u00e9, confiez votre projet \u00e0 un expert de la traduction technique en allemand.<\/p>\n\n\n\n<h2 class=\"wp-block-heading\">Notre soci\u00e9t\u00e9 de traduction technique<\/h2>\n\n\n\n<p>Pour notre <a href=\"https:\/\/culturesconnection.com\/fr\/\">agence de traduction<\/a>, la qualit\u00e9 prime toujours. C\u2019est pourquoi nous prenons soin de toujours confier vos traductions aux experts les plus comp\u00e9tents, au niveau linguistique et technique. Ils sont qualifi\u00e9s dans des secteurs tr\u00e8s vari\u00e9s : de l\u2019industrie automobile aux logiciels graphiques en passant par les technologies solaires. Quel que soit le th\u00e8me trait\u00e9 par votre projet, notre vaste carnet d\u2019adresses nous permettra toujours de vous proposer le <a href=\"https:\/\/culturesconnection.com\/fr\/services-de-traduction\/\">service de traduction<\/a>&nbsp;le plus adapt\u00e9 \u00e0 votre besoin. Gr\u00e2ce \u00e0 notre \u00e9quipe professionnelle, vous obtiendrez des traductions pr\u00e9cises et fiables. Pour vos traductions techniques depuis et vers l\u2019allemand, faites confiance \u00e0 notre agence de traduction technique !<\/p>\n\n\n\n<h2 class=\"wp-block-heading\">Nos traductions de documents techniques en allemand<\/h2>\n\n\n\n<p>Voici une liste non exhaustive de<a href=\"https:\/\/culturesconnection.com\/fr\/traduction-technique\/\" class=\"ek-link\"> documents&nbsp;techniques<\/a> que notre agence de traduction traduit depuis et vers l\u2019allemand :<\/p>\n\n\n\n<ul class=\"wp-block-list\"><li>Devis<\/li><li>Contenus ing\u00e9nierie<\/li><li>Modes d&#8217;emploi de machines-outils et d&rsquo;autres types de machines<\/li><li>Descriptifs et fiches techniques<\/li><li>Normes<\/li><li>Cahiers des charges<\/li><li>Brevets techniques<\/li><li>Notices techniques<\/li><li>Modes d&#8217;emploi<\/li><li>Guides d&rsquo;utilisateurs<\/li><\/ul>\n","protected":false},"excerpt":{"rendered":"<p>La traduction technique allemand-fran\u00e7ais : une terminologie pr\u00e9cise Il est aujourd\u2019hui ind\u00e9niable que les technologies et les sciences occupent une place importante dans notre vie [&#8230;]<\/p>\n<p><a class=\"btn btn-secondary understrap-read-more-link\" href=\"https:\/\/culturesconnection.com\/fr\/services-de-traduction-allemand\/traduction-technique-allemand\/\">Lire la suite\u2026<span class=\"screen-reader-text\"> from Agence de traduction technique en allemand<\/span><\/a><\/p>\n","protected":false},"author":29,"featured_media":24329,"parent":5601,"menu_order":0,"comment_status":"closed","ping_status":"closed","template":"","meta":{"_acf_changed":false,"_editorskit_title_hidden":false,"_editorskit_reading_time":1,"_editorskit_is_block_options_detached":false,"_editorskit_block_options_position":"{}","footnotes":""},"class_list":["post-5468","page","type-page","status-publish","has-post-thumbnail","hentry"],"acf":[],"_links":{"self":[{"href":"https:\/\/culturesconnection.com\/fr\/wp-json\/wp\/v2\/pages\/5468","targetHints":{"allow":["GET"]}}],"collection":[{"href":"https:\/\/culturesconnection.com\/fr\/wp-json\/wp\/v2\/pages"}],"about":[{"href":"https:\/\/culturesconnection.com\/fr\/wp-json\/wp\/v2\/types\/page"}],"author":[{"embeddable":true,"href":"https:\/\/culturesconnection.com\/fr\/wp-json\/wp\/v2\/users\/29"}],"replies":[{"embeddable":true,"href":"https:\/\/culturesconnection.com\/fr\/wp-json\/wp\/v2\/comments?post=5468"}],"version-history":[{"count":0,"href":"https:\/\/culturesconnection.com\/fr\/wp-json\/wp\/v2\/pages\/5468\/revisions"}],"up":[{"embeddable":true,"href":"https:\/\/culturesconnection.com\/fr\/wp-json\/wp\/v2\/pages\/5601"}],"wp:featuredmedia":[{"embeddable":true,"href":"https:\/\/culturesconnection.com\/fr\/wp-json\/wp\/v2\/media\/24329"}],"wp:attachment":[{"href":"https:\/\/culturesconnection.com\/fr\/wp-json\/wp\/v2\/media?parent=5468"}],"curies":[{"name":"wp","href":"https:\/\/api.w.org\/{rel}","templated":true}]}}