{"id":5467,"date":"2016-04-28T20:15:38","date_gmt":"2016-04-28T18:15:38","guid":{"rendered":"http:\/\/culturesconnection.com\/fr\/?page_id=5467"},"modified":"2022-11-24T15:35:55","modified_gmt":"2022-11-24T14:35:55","slug":"traduction-medicale-chinois","status":"publish","type":"page","link":"https:\/\/culturesconnection.com\/fr\/services-de-traduction-chinois\/traduction-medicale-chinois\/","title":{"rendered":"Agence de traduction m\u00e9dicale en chinois"},"content":{"rendered":"\n<h2 class=\"wp-block-heading\">La traduction m\u00e9dicale chinois-fran\u00e7ais : l\u2019exactitude absolue<\/h2>\n\n\n\n<p>Dans le secteur de la traduction m\u00e9dicale en chinois, la terminologie et la technicit\u00e9 des contenus rendent la t\u00e2che du traducteur extr\u00eamement ardue. Il doit faire preuve de capacit\u00e9 particuli\u00e8res : non seulement sur le plan linguistique (il doit parfaitement ma\u00eetriser le chinois et le fran\u00e7ais) mais \u00e9galement sur le plan technique et m\u00e9dical. Une exp\u00e9rience dans le secteur ou alors une solide formation sont indispensables. Des traductions m\u00e9dicales de mauvaise qualit\u00e9 peuvent avoir de lourdes cons\u00e9quences en termes de co\u00fbt, de sant\u00e9 et de cr\u00e9dibilit\u00e9. Choisissez une <a href=\"https:\/\/culturesconnection.com\/fr\/\">agence de traduction<\/a> digne de confiance !<\/p>\n\n\n\n<h2 class=\"wp-block-heading\">Besoin d\u2019un traducteur m\u00e9dical chinois ?<\/h2>\n\n\n\n<p>Chez Cultures Connection, nous trouverons toujours l\u2019expert linguistique le plus adapt\u00e9 \u00e0 votre projet, que vous recherchiez un traducteur m\u00e9dical fran\u00e7ais-chinois ou chinois-fran\u00e7ais. Nous b\u00e9n\u00e9ficions d\u2019un vaste r\u00e9seau international de traducteurs exp\u00e9riment\u00e9s gr\u00e2ce auquel nous sommes aujourd\u2019hui une soci\u00e9t\u00e9 de traduction fiable, r\u00e9active et comp\u00e9titive. Nous nous sp\u00e9cialisons dans tous les domaines m\u00e9dicaux et confions vos projets \u00e0 des sp\u00e9cialistes de la traduction m\u00e9dicale en chinois, v\u00e9ritables linguistes \u00e0 l\u2019esprit scientifique aiguis\u00e9. Nous nous engageons \u00e0 traduire le plus fid\u00e8lement possible votre texte source tout en respectant des normes de qualit\u00e9 intransigeantes. Nous vous assurons des <a href=\"https:\/\/culturesconnection.com\/fr\/services-de-traduction\/\">services de traduction<\/a> de haute qualit\u00e9.<\/p>\n\n\n\n<h2 class=\"wp-block-heading\">Vos documents m\u00e9dicaux en chinois<\/h2>\n\n\n\n<p>Vous trouverez ci-dessous quelques exemples de documents et supports que notre \u00e9quipe traduit r\u00e9guli\u00e8rement. Cette liste n\u2019est pas exhaustive. Elle vous donne une id\u00e9e des projets de <a href=\"https:\/\/culturesconnection.com\/fr\/traduction-medicale\/\">traduction m\u00e9dicale<\/a> que vous pouvez nous confier :<\/p>\n\n\n\n<ul class=\"wp-block-list\"><li>Revues<\/li><li>Rapports de conf\u00e9rence<\/li><li>Publications<\/li><li>Projets et comptes rendus de recherche<\/li><li>R\u00e9sultats d\u2019\u00e9tudes et \u00e9tats de nouvelles recherches<\/li><li>Ouvrages de vulgarisation<\/li><li>Rapports d\u2019essais<\/li><li>Questionnaires<\/li><li>Notices<\/li><li>Posologies de nouveaux produits<\/li><li>R\u00e9sultats d\u2019essais cliniques<\/li><li>R\u00e9glementations pharmaceutiques<\/li><li>Rapports d\u2019expertise m\u00e9dicale<\/li><\/ul>\n","protected":false},"excerpt":{"rendered":"<p>La traduction m\u00e9dicale chinois-fran\u00e7ais : l\u2019exactitude absolue Dans le secteur de la traduction m\u00e9dicale en chinois, la terminologie et la technicit\u00e9 des contenus rendent la [&#8230;]<\/p>\n<p><a class=\"btn btn-secondary understrap-read-more-link\" href=\"https:\/\/culturesconnection.com\/fr\/services-de-traduction-chinois\/traduction-medicale-chinois\/\">Lire la suite\u2026<span class=\"screen-reader-text\"> from Agence de traduction m\u00e9dicale en chinois<\/span><\/a><\/p>\n","protected":false},"author":32,"featured_media":24329,"parent":5618,"menu_order":0,"comment_status":"closed","ping_status":"closed","template":"","meta":{"_acf_changed":false,"_editorskit_title_hidden":false,"_editorskit_reading_time":0,"_editorskit_is_block_options_detached":false,"_editorskit_block_options_position":"{}","footnotes":""},"class_list":["post-5467","page","type-page","status-publish","has-post-thumbnail","hentry"],"acf":[],"yoast_head":"<!-- This site is optimized with the Yoast SEO Premium plugin v23.4 (Yoast SEO v27.3) - https:\/\/yoast.com\/product\/yoast-seo-premium-wordpress\/ -->\n<title>Services de traduction m\u00e9dicale chinois<\/title>\n<meta name=\"description\" content=\"Vous avez besoin d&#039;une traduction m\u00e9dicale chinois-fran\u00e7ais ? Cultures Connection vous propose les services de ses sp\u00e9cialistes. Devis gratuit ici.\" \/>\n<meta name=\"robots\" content=\"index, follow, max-snippet:-1, max-image-preview:large, max-video-preview:-1\" \/>\n<link rel=\"canonical\" href=\"https:\/\/culturesconnection.com\/chinese-translation-services\/chinese-medical-translation-services\/\" \/>\n<meta property=\"og:locale\" content=\"fr_FR\" \/>\n<meta property=\"og:type\" content=\"article\" \/>\n<meta property=\"og:title\" content=\"Agence de traduction m\u00e9dicale en chinois\" \/>\n<meta property=\"og:description\" content=\"Vous avez besoin d&#039;une traduction m\u00e9dicale chinois-fran\u00e7ais ? Cultures Connection vous propose les services de ses sp\u00e9cialistes. Devis gratuit ici.\" \/>\n<meta property=\"og:url\" content=\"https:\/\/culturesconnection.com\/chinese-translation-services\/chinese-medical-translation-services\/\" \/>\n<meta property=\"og:site_name\" content=\"Cultures Connection\" \/>\n<meta property=\"article:publisher\" content=\"https:\/\/www.facebook.com\/CulturesConnection\" \/>\n<meta property=\"article:modified_time\" content=\"2022-11-24T14:35:55+00:00\" \/>\n<meta property=\"og:image\" content=\"https:\/\/culturesconnection.com\/wp-content\/uploads\/2020\/09\/P\u00e1gina_Subservicios_de_traducci\u00f3n_por_idioma.png\" \/>\n\t<meta property=\"og:image:width\" content=\"1417\" \/>\n\t<meta property=\"og:image:height\" content=\"561\" \/>\n\t<meta property=\"og:image:type\" content=\"image\/png\" \/>\n<meta name=\"twitter:card\" content=\"summary_large_image\" \/>\n<meta name=\"twitter:site\" content=\"@CulturesCo_\" \/>\n<meta name=\"twitter:label1\" content=\"Dur\u00e9e de lecture estim\u00e9e\" \/>\n\t<meta name=\"twitter:data1\" content=\"2 minutes\" \/>\n<script type=\"application\/ld+json\" class=\"yoast-schema-graph\">{\"@context\":\"https:\\\/\\\/schema.org\",\"@graph\":[{\"@type\":\"WebPage\",\"@id\":\"https:\\\/\\\/culturesconnection.com\\\/chinese-translation-services\\\/chinese-medical-translation-services\\\/\",\"url\":\"https:\\\/\\\/culturesconnection.com\\\/chinese-translation-services\\\/chinese-medical-translation-services\\\/\",\"name\":\"Services de traduction m\u00e9dicale chinois\",\"isPartOf\":{\"@id\":\"https:\\\/\\\/culturesconnection.com\\\/fr\\\/#website\"},\"primaryImageOfPage\":{\"@id\":\"https:\\\/\\\/culturesconnection.com\\\/chinese-translation-services\\\/chinese-medical-translation-services\\\/#primaryimage\"},\"image\":{\"@id\":\"https:\\\/\\\/culturesconnection.com\\\/chinese-translation-services\\\/chinese-medical-translation-services\\\/#primaryimage\"},\"thumbnailUrl\":\"https:\\\/\\\/culturesconnection.com\\\/wp-content\\\/uploads\\\/2020\\\/09\\\/P\u00e1gina_Subservicios_de_traducci\u00f3n_por_idioma.png\",\"datePublished\":\"2016-04-28T18:15:38+00:00\",\"dateModified\":\"2022-11-24T14:35:55+00:00\",\"description\":\"Vous avez besoin d'une traduction m\u00e9dicale chinois-fran\u00e7ais ? Cultures Connection vous propose les services de ses sp\u00e9cialistes. Devis gratuit ici.\",\"breadcrumb\":{\"@id\":\"https:\\\/\\\/culturesconnection.com\\\/chinese-translation-services\\\/chinese-medical-translation-services\\\/#breadcrumb\"},\"inLanguage\":\"fr-FR\",\"potentialAction\":[{\"@type\":\"ReadAction\",\"target\":[\"https:\\\/\\\/culturesconnection.com\\\/chinese-translation-services\\\/chinese-medical-translation-services\\\/\"]}]},{\"@type\":\"ImageObject\",\"inLanguage\":\"fr-FR\",\"@id\":\"https:\\\/\\\/culturesconnection.com\\\/chinese-translation-services\\\/chinese-medical-translation-services\\\/#primaryimage\",\"url\":\"https:\\\/\\\/culturesconnection.com\\\/wp-content\\\/uploads\\\/2020\\\/09\\\/P\u00e1gina_Subservicios_de_traducci\u00f3n_por_idioma.png\",\"contentUrl\":\"https:\\\/\\\/culturesconnection.com\\\/wp-content\\\/uploads\\\/2020\\\/09\\\/P\u00e1gina_Subservicios_de_traducci\u00f3n_por_idioma.png\",\"width\":1417,\"height\":561},{\"@type\":\"BreadcrumbList\",\"@id\":\"https:\\\/\\\/culturesconnection.com\\\/chinese-translation-services\\\/chinese-medical-translation-services\\\/#breadcrumb\",\"itemListElement\":[{\"@type\":\"ListItem\",\"position\":1,\"name\":\"Home\",\"item\":\"https:\\\/\\\/culturesconnection.com\\\/fr\\\/\"},{\"@type\":\"ListItem\",\"position\":2,\"name\":\"Agence de traduction en chinois\",\"item\":\"https:\\\/\\\/culturesconnection.com\\\/fr\\\/services-de-traduction-chinois\\\/\"},{\"@type\":\"ListItem\",\"position\":3,\"name\":\"Agence de traduction m\u00e9dicale en chinois\"}]},{\"@type\":\"WebSite\",\"@id\":\"https:\\\/\\\/culturesconnection.com\\\/fr\\\/#website\",\"url\":\"https:\\\/\\\/culturesconnection.com\\\/fr\\\/\",\"name\":\"Cultures Connection\",\"description\":\"Cultures Connection is a translation agency dedicated to the success of its international clients.\",\"publisher\":{\"@id\":\"https:\\\/\\\/culturesconnection.com\\\/fr\\\/#organization\"},\"potentialAction\":[{\"@type\":\"SearchAction\",\"target\":{\"@type\":\"EntryPoint\",\"urlTemplate\":\"https:\\\/\\\/culturesconnection.com\\\/fr\\\/?s={search_term_string}\"},\"query-input\":{\"@type\":\"PropertyValueSpecification\",\"valueRequired\":true,\"valueName\":\"search_term_string\"}}],\"inLanguage\":\"fr-FR\"},{\"@type\":\"Organization\",\"@id\":\"https:\\\/\\\/culturesconnection.com\\\/fr\\\/#organization\",\"name\":\"Cultures Connection\",\"url\":\"https:\\\/\\\/culturesconnection.com\\\/fr\\\/\",\"logo\":{\"@type\":\"ImageObject\",\"inLanguage\":\"fr-FR\",\"@id\":\"https:\\\/\\\/culturesconnection.com\\\/fr\\\/#\\\/schema\\\/logo\\\/image\\\/\",\"url\":\"https:\\\/\\\/culturesconnection.com\\\/wp-content\\\/uploads\\\/2022\\\/06\\\/cropped-favicon512x512.png\",\"contentUrl\":\"https:\\\/\\\/culturesconnection.com\\\/wp-content\\\/uploads\\\/2022\\\/06\\\/cropped-favicon512x512.png\",\"width\":512,\"height\":512,\"caption\":\"Cultures Connection\"},\"image\":{\"@id\":\"https:\\\/\\\/culturesconnection.com\\\/fr\\\/#\\\/schema\\\/logo\\\/image\\\/\"},\"sameAs\":[\"https:\\\/\\\/www.facebook.com\\\/CulturesConnection\",\"https:\\\/\\\/x.com\\\/CulturesCo_\"]}]}<\/script>\n<!-- \/ Yoast SEO Premium plugin. -->","yoast_head_json":{"title":"Services de traduction m\u00e9dicale chinois","description":"Vous avez besoin d'une traduction m\u00e9dicale chinois-fran\u00e7ais ? Cultures Connection vous propose les services de ses sp\u00e9cialistes. Devis gratuit ici.","robots":{"index":"index","follow":"follow","max-snippet":"max-snippet:-1","max-image-preview":"max-image-preview:large","max-video-preview":"max-video-preview:-1"},"canonical":"https:\/\/culturesconnection.com\/chinese-translation-services\/chinese-medical-translation-services\/","og_locale":"fr_FR","og_type":"article","og_title":"Agence de traduction m\u00e9dicale en chinois","og_description":"Vous avez besoin d'une traduction m\u00e9dicale chinois-fran\u00e7ais ? Cultures Connection vous propose les services de ses sp\u00e9cialistes. Devis gratuit ici.","og_url":"https:\/\/culturesconnection.com\/chinese-translation-services\/chinese-medical-translation-services\/","og_site_name":"Cultures Connection","article_publisher":"https:\/\/www.facebook.com\/CulturesConnection","article_modified_time":"2022-11-24T14:35:55+00:00","og_image":[{"width":1417,"height":561,"url":"https:\/\/culturesconnection.com\/wp-content\/uploads\/2020\/09\/P\u00e1gina_Subservicios_de_traducci\u00f3n_por_idioma.png","type":"image\/png"}],"twitter_card":"summary_large_image","twitter_site":"@CulturesCo_","twitter_misc":{"Dur\u00e9e de lecture estim\u00e9e":"2 minutes"},"schema":{"@context":"https:\/\/schema.org","@graph":[{"@type":"WebPage","@id":"https:\/\/culturesconnection.com\/chinese-translation-services\/chinese-medical-translation-services\/","url":"https:\/\/culturesconnection.com\/chinese-translation-services\/chinese-medical-translation-services\/","name":"Services de traduction m\u00e9dicale chinois","isPartOf":{"@id":"https:\/\/culturesconnection.com\/fr\/#website"},"primaryImageOfPage":{"@id":"https:\/\/culturesconnection.com\/chinese-translation-services\/chinese-medical-translation-services\/#primaryimage"},"image":{"@id":"https:\/\/culturesconnection.com\/chinese-translation-services\/chinese-medical-translation-services\/#primaryimage"},"thumbnailUrl":"https:\/\/culturesconnection.com\/wp-content\/uploads\/2020\/09\/P\u00e1gina_Subservicios_de_traducci\u00f3n_por_idioma.png","datePublished":"2016-04-28T18:15:38+00:00","dateModified":"2022-11-24T14:35:55+00:00","description":"Vous avez besoin d'une traduction m\u00e9dicale chinois-fran\u00e7ais ? Cultures Connection vous propose les services de ses sp\u00e9cialistes. Devis gratuit ici.","breadcrumb":{"@id":"https:\/\/culturesconnection.com\/chinese-translation-services\/chinese-medical-translation-services\/#breadcrumb"},"inLanguage":"fr-FR","potentialAction":[{"@type":"ReadAction","target":["https:\/\/culturesconnection.com\/chinese-translation-services\/chinese-medical-translation-services\/"]}]},{"@type":"ImageObject","inLanguage":"fr-FR","@id":"https:\/\/culturesconnection.com\/chinese-translation-services\/chinese-medical-translation-services\/#primaryimage","url":"https:\/\/culturesconnection.com\/wp-content\/uploads\/2020\/09\/P\u00e1gina_Subservicios_de_traducci\u00f3n_por_idioma.png","contentUrl":"https:\/\/culturesconnection.com\/wp-content\/uploads\/2020\/09\/P\u00e1gina_Subservicios_de_traducci\u00f3n_por_idioma.png","width":1417,"height":561},{"@type":"BreadcrumbList","@id":"https:\/\/culturesconnection.com\/chinese-translation-services\/chinese-medical-translation-services\/#breadcrumb","itemListElement":[{"@type":"ListItem","position":1,"name":"Home","item":"https:\/\/culturesconnection.com\/fr\/"},{"@type":"ListItem","position":2,"name":"Agence de traduction en chinois","item":"https:\/\/culturesconnection.com\/fr\/services-de-traduction-chinois\/"},{"@type":"ListItem","position":3,"name":"Agence de traduction m\u00e9dicale en chinois"}]},{"@type":"WebSite","@id":"https:\/\/culturesconnection.com\/fr\/#website","url":"https:\/\/culturesconnection.com\/fr\/","name":"Cultures Connection","description":"Cultures Connection is a translation agency dedicated to the success of its international clients.","publisher":{"@id":"https:\/\/culturesconnection.com\/fr\/#organization"},"potentialAction":[{"@type":"SearchAction","target":{"@type":"EntryPoint","urlTemplate":"https:\/\/culturesconnection.com\/fr\/?s={search_term_string}"},"query-input":{"@type":"PropertyValueSpecification","valueRequired":true,"valueName":"search_term_string"}}],"inLanguage":"fr-FR"},{"@type":"Organization","@id":"https:\/\/culturesconnection.com\/fr\/#organization","name":"Cultures Connection","url":"https:\/\/culturesconnection.com\/fr\/","logo":{"@type":"ImageObject","inLanguage":"fr-FR","@id":"https:\/\/culturesconnection.com\/fr\/#\/schema\/logo\/image\/","url":"https:\/\/culturesconnection.com\/wp-content\/uploads\/2022\/06\/cropped-favicon512x512.png","contentUrl":"https:\/\/culturesconnection.com\/wp-content\/uploads\/2022\/06\/cropped-favicon512x512.png","width":512,"height":512,"caption":"Cultures Connection"},"image":{"@id":"https:\/\/culturesconnection.com\/fr\/#\/schema\/logo\/image\/"},"sameAs":["https:\/\/www.facebook.com\/CulturesConnection","https:\/\/x.com\/CulturesCo_"]}]}},"_links":{"self":[{"href":"https:\/\/culturesconnection.com\/fr\/wp-json\/wp\/v2\/pages\/5467","targetHints":{"allow":["GET"]}}],"collection":[{"href":"https:\/\/culturesconnection.com\/fr\/wp-json\/wp\/v2\/pages"}],"about":[{"href":"https:\/\/culturesconnection.com\/fr\/wp-json\/wp\/v2\/types\/page"}],"author":[{"embeddable":true,"href":"https:\/\/culturesconnection.com\/fr\/wp-json\/wp\/v2\/users\/32"}],"replies":[{"embeddable":true,"href":"https:\/\/culturesconnection.com\/fr\/wp-json\/wp\/v2\/comments?post=5467"}],"version-history":[{"count":0,"href":"https:\/\/culturesconnection.com\/fr\/wp-json\/wp\/v2\/pages\/5467\/revisions"}],"up":[{"embeddable":true,"href":"https:\/\/culturesconnection.com\/fr\/wp-json\/wp\/v2\/pages\/5618"}],"wp:featuredmedia":[{"embeddable":true,"href":"https:\/\/culturesconnection.com\/fr\/wp-json\/wp\/v2\/media\/24329"}],"wp:attachment":[{"href":"https:\/\/culturesconnection.com\/fr\/wp-json\/wp\/v2\/media?parent=5467"}],"curies":[{"name":"wp","href":"https:\/\/api.w.org\/{rel}","templated":true}]}}