{"id":5462,"date":"2016-04-28T20:48:13","date_gmt":"2016-04-28T18:48:13","guid":{"rendered":"http:\/\/culturesconnection.com\/fr\/?page_id=5462"},"modified":"2022-11-07T14:14:11","modified_gmt":"2022-11-07T13:14:11","slug":"traduction-medicale-allemand","status":"publish","type":"page","link":"https:\/\/culturesconnection.com\/fr\/services-de-traduction-allemand\/traduction-medicale-allemand\/","title":{"rendered":"Agence de traduction m\u00e9dicale en allemand"},"content":{"rendered":"\n<h2 class=\"wp-block-heading\">La traduction m\u00e9dicale allemand-fran\u00e7ais : la terminologie avant tout<\/h2>\n\n\n\n<p>La traduction m\u00e9dicale en allemand repr\u00e9sente l\u2019un des exercices les plus compliqu\u00e9s du monde de la traduction. En effet, la complexit\u00e9 et la technicit\u00e9 des termes employ\u00e9s dans ce type de texte exige des normes de qualit\u00e9 et d\u2019exactitude extr\u00eamement strictes. Ne confiez pas votre projet \u00e0 n\u2019importe qui ! Les cons\u00e9quences et le prix des erreurs ou des impr\u00e9cisions dans une traduction m\u00e9dicale sont consid\u00e9rables. Choisir notre <a href=\"https:\/\/culturesconnection.com\/fr\/\">agence de traduction<\/a>, c\u2019est opter pour la s\u00e9curit\u00e9 et la qualit\u00e9. Nous prenons tous nos projets \u00e0 c\u0153ur et nous les traitons avec toute l\u2019attention qu\u2019ils m\u00e9ritent.<\/p>\n\n\n\n<h2 class=\"wp-block-heading\">Vous recherchez un traducteur m\u00e9dical ?<\/h2>\n\n\n\n<p>Besoin d\u2019un traducteur m\u00e9dical allemand-fran\u00e7ais ou fran\u00e7ais-allemand ? Faites confiance \u00e0 nos <a href=\"https:\/\/culturesconnection.com\/fr\/services-de-traduction\/\">services de traduction<\/a>\u00a0et offrez \u00e0 vos lecteurs des <a href=\"https:\/\/culturesconnection.com\/fr\/traduction-medicale\/\">traductions m\u00e9dicales<\/a> de qualit\u00e9. Nous nous sommes entour\u00e9s des traducteurs les plus comp\u00e9tents. Ils sont tous sp\u00e9cialis\u00e9s dans un domaine de la m\u00e9decine. Qu\u2019il s\u2019agisse de cardiologie, de radiologie ou de virologie, nous avons l\u2019expert qu\u2019il vous faut. Soumettez-nous votre projet et nous nous chargerons de le confier \u00e0 l\u2019un de nos collaborateurs allemands. Ils ma\u00eetrisent tous parfaitement la langue allemande et la langue fran\u00e7aise, et traduisent vers leur langue maternelle. Ils justifient tous d\u2019une exp\u00e9rience dans le secteur m\u00e9dical et sont \u00e0 m\u00eame de traduire les termes techniques de la sp\u00e9cialit\u00e9 m\u00e9dicale concern\u00e9e.<\/p>\n\n\n\n<h2 class=\"wp-block-heading\">Vos documents m\u00e9dicaux en allemand<\/h2>\n\n\n\n<p>Les documents m\u00e9dicaux peuvent varier \u00e9norm\u00e9ment. Voici une courte liste d\u2019exemples de textes que nous traduisons au quotidien en allemand :<\/p>\n\n\n\n<ul class=\"wp-block-list\"><li>Revues<\/li><li>Rapports de conf\u00e9rence<\/li><li>Publications<\/li><li>Projets et comptes rendus de recherche<\/li><li>R\u00e9sultats d\u2019\u00e9tudes et \u00e9tats de nouvelles recherches<\/li><li>Ouvrages de vulgarisation<\/li><li>Rapports d\u2019essais<\/li><li>Questionnaires<\/li><li>Notices<\/li><li>Posologies de nouveaux produits<\/li><li>R\u00e9sultats d\u2019essais cliniques<\/li><li>R\u00e9glementations pharmaceutiques<\/li><li>Rapports d\u2019expertise m\u00e9dicale<\/li><\/ul>\n","protected":false},"excerpt":{"rendered":"<p>La traduction m\u00e9dicale allemand-fran\u00e7ais : la terminologie avant tout La traduction m\u00e9dicale en allemand repr\u00e9sente l\u2019un des exercices les plus compliqu\u00e9s du monde de la [&#8230;]<\/p>\n<p><a class=\"btn btn-secondary understrap-read-more-link\" href=\"https:\/\/culturesconnection.com\/fr\/services-de-traduction-allemand\/traduction-medicale-allemand\/\">Lire la suite\u2026<span class=\"screen-reader-text\"> from Agence de traduction m\u00e9dicale en allemand<\/span><\/a><\/p>\n","protected":false},"author":32,"featured_media":24329,"parent":5601,"menu_order":0,"comment_status":"closed","ping_status":"closed","template":"","meta":{"_acf_changed":false,"_editorskit_title_hidden":false,"_editorskit_reading_time":1,"_editorskit_is_block_options_detached":false,"_editorskit_block_options_position":"{}","footnotes":""},"class_list":["post-5462","page","type-page","status-publish","has-post-thumbnail","hentry"],"acf":[],"_links":{"self":[{"href":"https:\/\/culturesconnection.com\/fr\/wp-json\/wp\/v2\/pages\/5462","targetHints":{"allow":["GET"]}}],"collection":[{"href":"https:\/\/culturesconnection.com\/fr\/wp-json\/wp\/v2\/pages"}],"about":[{"href":"https:\/\/culturesconnection.com\/fr\/wp-json\/wp\/v2\/types\/page"}],"author":[{"embeddable":true,"href":"https:\/\/culturesconnection.com\/fr\/wp-json\/wp\/v2\/users\/32"}],"replies":[{"embeddable":true,"href":"https:\/\/culturesconnection.com\/fr\/wp-json\/wp\/v2\/comments?post=5462"}],"version-history":[{"count":0,"href":"https:\/\/culturesconnection.com\/fr\/wp-json\/wp\/v2\/pages\/5462\/revisions"}],"up":[{"embeddable":true,"href":"https:\/\/culturesconnection.com\/fr\/wp-json\/wp\/v2\/pages\/5601"}],"wp:featuredmedia":[{"embeddable":true,"href":"https:\/\/culturesconnection.com\/fr\/wp-json\/wp\/v2\/media\/24329"}],"wp:attachment":[{"href":"https:\/\/culturesconnection.com\/fr\/wp-json\/wp\/v2\/media?parent=5462"}],"curies":[{"name":"wp","href":"https:\/\/api.w.org\/{rel}","templated":true}]}}