{"id":5461,"date":"2016-04-13T21:50:51","date_gmt":"2016-04-13T19:50:51","guid":{"rendered":"http:\/\/culturesconnection.com\/fr\/?page_id=5461"},"modified":"2023-03-19T18:32:45","modified_gmt":"2023-03-19T17:32:45","slug":"traduction-technique-anglais","status":"publish","type":"page","link":"https:\/\/culturesconnection.com\/fr\/services-de-traduction-anglais\/traduction-technique-anglais\/","title":{"rendered":"Agence de traduction technique en anglais"},"content":{"rendered":"\n<h2 class=\"wp-block-heading\">La traduction technique anglais-fran\u00e7ais : une terminologie pointue <\/h2>\n\n\n\n<p>Les sciences et les technologies sont omnipr\u00e9sentes. C\u2019est pourquoi la&nbsp;traduction technique est devenue&nbsp;incontournable. De nos jours, la traduction technique en anglais repr\u00e9sente un enjeu crucial pour toute soci\u00e9t\u00e9 qui souhaite se lancer \u00e0 l\u2019international. Dans ce domaine, chaque terme rev\u00eat une importance capitale : toute erreur peut entra\u00eener de lourdes cons\u00e9quences. Les documents techniques sont souvent destin\u00e9s \u00e0 des sp\u00e9cialistes, la m\u00e9connaissance des expressions consacr\u00e9es peut donc provoquer la m\u00e9fiance, voire le rejet, de la part du lecteur connaisseur. Outre ses connaissances, le traducteur technique devra proc\u00e9der \u00e0 un important travail de recherches et de documentation. Notre <a href=\"https:\/\/culturesconnection.com\/fr\/\">agence de traduction<\/a>&nbsp;r\u00e9alise de nombreux <a href=\"https:\/\/culturesconnection.com\/fr\/services-de-traduction\/\">services de traduction<\/a>. <\/p>\n\n\n\n<h2 class=\"wp-block-heading\">Notre agence de traduction technique<\/h2>\n\n\n\n<p>Pour notre agence de traduction technique, la qualit\u00e9 est toujours le meilleur choix. Dans cet objectif, nous confions toujours vos projets aux traducteurs qui allient connaissances pointues et comp\u00e9tences linguistiques irr\u00e9prochables. Nos traducteurs techniques anglais fran\u00e7ais sont qualifi\u00e9s et exp\u00e9riment\u00e9s dans de nombreux domaines, notamment l\u2019ing\u00e9nierie, la fabrication m\u00e9canique, l\u2019a\u00e9rospatiale ou encore la sid\u00e9rurgie. Quel que soit votre projet, Cultures Connection aura&nbsp;toujours l\u2019expert qu\u2019il vous faut ! Notre vaste carnet d\u2019adresses nous permet de vous fournir des r\u00e9sultats fiables, rapides, pr\u00e9cis et qualitatifs.<\/p>\n\n\n\n<h2 class=\"wp-block-heading\">Nos traductions de documents techniques en anglais <\/h2>\n\n\n\n<p>Voici quelques exemples de <a href=\"https:\/\/culturesconnection.com\/fr\/traduction-technique\/\">documents techniques<\/a> que notre cabinet de traduction traduit depuis et vers l\u2019anglais :<\/p>\n\n\n\n<ul class=\"wp-block-list\">\n<li>Textes d&rsquo;ing\u00e9nierie<\/li>\n\n\n\n<li>Modes d&#8217;emploi de machines-outils ou d&rsquo;autres types de machines<\/li>\n\n\n\n<li>Descriptifs et fiches techniques<\/li>\n\n\n\n<li>Normes<\/li>\n\n\n\n<li>Cahiers des charges<\/li>\n\n\n\n<li>Brevets techniques<\/li>\n\n\n\n<li>Notices techniques<\/li>\n\n\n\n<li>Modes d&#8217;emploi<\/li>\n\n\n\n<li>Guides d&rsquo;utilisateurs<\/li>\n\n\n\n<li>Infographies<\/li>\n\n\n\n<li>Audits techniques<\/li>\n<\/ul>\n","protected":false},"excerpt":{"rendered":"<p>La traduction technique anglais-fran\u00e7ais : une terminologie pointue Les sciences et les technologies sont omnipr\u00e9sentes. C\u2019est pourquoi la&nbsp;traduction technique est devenue&nbsp;incontournable. De nos jours, la [&#8230;]<\/p>\n<p><a class=\"btn btn-secondary understrap-read-more-link\" href=\"https:\/\/culturesconnection.com\/fr\/services-de-traduction-anglais\/traduction-technique-anglais\/\">Lire la suite\u2026<span class=\"screen-reader-text\"> from Agence de traduction technique en anglais<\/span><\/a><\/p>\n","protected":false},"author":29,"featured_media":24329,"parent":5569,"menu_order":0,"comment_status":"closed","ping_status":"closed","template":"","meta":{"_acf_changed":false,"_editorskit_title_hidden":false,"_editorskit_reading_time":1,"_editorskit_is_block_options_detached":false,"_editorskit_block_options_position":"{}","footnotes":""},"class_list":["post-5461","page","type-page","status-publish","has-post-thumbnail","hentry"],"acf":[],"_links":{"self":[{"href":"https:\/\/culturesconnection.com\/fr\/wp-json\/wp\/v2\/pages\/5461","targetHints":{"allow":["GET"]}}],"collection":[{"href":"https:\/\/culturesconnection.com\/fr\/wp-json\/wp\/v2\/pages"}],"about":[{"href":"https:\/\/culturesconnection.com\/fr\/wp-json\/wp\/v2\/types\/page"}],"author":[{"embeddable":true,"href":"https:\/\/culturesconnection.com\/fr\/wp-json\/wp\/v2\/users\/29"}],"replies":[{"embeddable":true,"href":"https:\/\/culturesconnection.com\/fr\/wp-json\/wp\/v2\/comments?post=5461"}],"version-history":[{"count":0,"href":"https:\/\/culturesconnection.com\/fr\/wp-json\/wp\/v2\/pages\/5461\/revisions"}],"up":[{"embeddable":true,"href":"https:\/\/culturesconnection.com\/fr\/wp-json\/wp\/v2\/pages\/5569"}],"wp:featuredmedia":[{"embeddable":true,"href":"https:\/\/culturesconnection.com\/fr\/wp-json\/wp\/v2\/media\/24329"}],"wp:attachment":[{"href":"https:\/\/culturesconnection.com\/fr\/wp-json\/wp\/v2\/media?parent=5461"}],"curies":[{"name":"wp","href":"https:\/\/api.w.org\/{rel}","templated":true}]}}