{"id":5460,"date":"2016-04-28T20:50:19","date_gmt":"2016-04-28T18:50:19","guid":{"rendered":"http:\/\/culturesconnection.com\/fr\/?page_id=5460"},"modified":"2022-11-17T10:17:42","modified_gmt":"2022-11-17T09:17:42","slug":"traduction-commerciale-portugais","status":"publish","type":"page","link":"https:\/\/culturesconnection.com\/fr\/services-de-traduction-portugais\/traduction-commerciale-portugais\/","title":{"rendered":"Agence de traduction commerciale en portugais"},"content":{"rendered":"\n<h2 class=\"wp-block-heading\">La traduction commerciale portugais &#8211; fran\u00e7ais, une \u00e9tape indispensable<\/h2>\n\n\n\n<p>Consciente que la mondialisation des \u00e9changes repr\u00e9sente de plus en plus un d\u00e9fi de taille pour les entreprises qui d\u00e9sirent s\u2019\u00e9tendre \u00e0 l\u2019international, notre <a href=\"https:\/\/culturesconnection.com\/fr\/\">cabinet de traduction<\/a>&nbsp;vous accompagne dans vos projets de d\u00e9veloppement dans les pays dont vous ne ma\u00eetrisez pas la langue. Les cultures d\u2019entreprise varient fortement d\u2019un endroit \u00e0 l\u2019autre, vous aurez par cons\u00e9quent besoin de professionnels de la traduction commerciale en portugais pour adapter vos textes commerciaux \u00e0 la culture du pays de destination. Un contrat ne sera jamais sign\u00e9 de la m\u00eame mani\u00e8re en France, au Portugal ou au Br\u00e9sil. Confiez-nous donc les traductions de vos documents commerciaux afin que vos partenaires \u00e9trangers soient satisfaits et vous accordent la confiance que vous m\u00e9ritez.<\/p>\n\n\n\n<h2 class=\"wp-block-heading\">Notre soci\u00e9t\u00e9 de traduction<\/h2>\n\n\n\n<p>Vous avez besoin que vos partenaires commerciaux lisent des documents dans leur langue maternelle ? Vous avez besoin de <a href=\"https:\/\/culturesconnection.com\/fr\/services-de-traduction\/\">services de traduction<\/a> ? Ne cherchez plus, vous \u00eates au bon endroit.\u00a0Notre agence de traduction est forte d\u2019une vaste \u00e9quipe de professionnels de la <a href=\"https:\/\/culturesconnection.com\/fr\/traduction-commerciale\/\">traduction commerciale<\/a> depuis et vers le portugais (du Portugal et du Br\u00e9sil). Ils justifient tous d\u2019une exp\u00e9rience de plusieurs ann\u00e9es dans le secteur commercial et connaissent sur le bout des doigts les cultures marchandes des pays en question. Ils sont soumis \u00e0 diff\u00e9rents tests, ma\u00eetrisent parfaitement le fran\u00e7ais et le portugais, et traduisent toujours vers leur langue maternelle afin d\u2019assurer des r\u00e9sultats de haute qualit\u00e9.<\/p>\n\n\n\n<h2 class=\"wp-block-heading\">Vos documents commerciaux en portugais<\/h2>\n\n\n\n<p>Notre cabinet de traduction est l\u2019alli\u00e9 de votre d\u00e9veloppement \u00e0 l\u2019\u00e9tranger. Nous traduisons de nombreux types de documents commerciaux, notamment :<\/p>\n\n\n\n<ul class=\"wp-block-list\"><li>\u00c9tudes de march\u00e9<\/li><li>Brochures<\/li><li>Plaquettes<\/li><li>Publicit\u00e9s<\/li><li>Cartes de visite<\/li><li>Communiqu\u00e9s<\/li><li>Campagnes<\/li><li>Sites web<\/li><li>Catalogues<\/li><li>Pr\u00e9sentations<\/li><li>Supports publicitaires<\/li><li>Lettres d\u2019information commerciales<\/li><li>Livres blancs<\/li><\/ul>\n","protected":false},"excerpt":{"rendered":"<p>La traduction commerciale portugais &#8211; fran\u00e7ais, une \u00e9tape indispensable Consciente que la mondialisation des \u00e9changes repr\u00e9sente de plus en plus un d\u00e9fi de taille pour [&#8230;]<\/p>\n<p><a class=\"btn btn-secondary understrap-read-more-link\" href=\"https:\/\/culturesconnection.com\/fr\/services-de-traduction-portugais\/traduction-commerciale-portugais\/\">Lire la suite\u2026<span class=\"screen-reader-text\"> from Agence de traduction commerciale en portugais<\/span><\/a><\/p>\n","protected":false},"author":26,"featured_media":24329,"parent":5631,"menu_order":0,"comment_status":"closed","ping_status":"closed","template":"","meta":{"_acf_changed":false,"_editorskit_title_hidden":false,"_editorskit_reading_time":0,"_editorskit_is_block_options_detached":false,"_editorskit_block_options_position":"{}","footnotes":""},"class_list":["post-5460","page","type-page","status-publish","has-post-thumbnail","hentry"],"acf":[],"_links":{"self":[{"href":"https:\/\/culturesconnection.com\/fr\/wp-json\/wp\/v2\/pages\/5460","targetHints":{"allow":["GET"]}}],"collection":[{"href":"https:\/\/culturesconnection.com\/fr\/wp-json\/wp\/v2\/pages"}],"about":[{"href":"https:\/\/culturesconnection.com\/fr\/wp-json\/wp\/v2\/types\/page"}],"author":[{"embeddable":true,"href":"https:\/\/culturesconnection.com\/fr\/wp-json\/wp\/v2\/users\/26"}],"replies":[{"embeddable":true,"href":"https:\/\/culturesconnection.com\/fr\/wp-json\/wp\/v2\/comments?post=5460"}],"version-history":[{"count":0,"href":"https:\/\/culturesconnection.com\/fr\/wp-json\/wp\/v2\/pages\/5460\/revisions"}],"up":[{"embeddable":true,"href":"https:\/\/culturesconnection.com\/fr\/wp-json\/wp\/v2\/pages\/5631"}],"wp:featuredmedia":[{"embeddable":true,"href":"https:\/\/culturesconnection.com\/fr\/wp-json\/wp\/v2\/media\/24329"}],"wp:attachment":[{"href":"https:\/\/culturesconnection.com\/fr\/wp-json\/wp\/v2\/media?parent=5460"}],"curies":[{"name":"wp","href":"https:\/\/api.w.org\/{rel}","templated":true}]}}