{"id":5459,"date":"2016-04-19T19:56:08","date_gmt":"2016-04-19T17:56:08","guid":{"rendered":"http:\/\/culturesconnection.com\/fr\/?page_id=5459"},"modified":"2022-11-23T15:45:10","modified_gmt":"2022-11-23T14:45:10","slug":"traduction-de-site-web-en-espagnol","status":"publish","type":"page","link":"https:\/\/culturesconnection.com\/fr\/services-de-traduction-espagnol\/traduction-de-site-web-en-espagnol\/","title":{"rendered":"Agence de traduction de site web en espagnol"},"content":{"rendered":"\n<h2 class=\"wp-block-heading\">Traduction de sites web en espagnol<\/h2>\n\n\n\n<p>La mondialisation vous ouvre les portes des march\u00e9s internationaux, et internet est un r\u00e9seau plan\u00e9taire interconnect\u00e9. Si vous souhaitez d\u00e9velopper votre business, votre site web est donc un excellent alli\u00e9. Pour que votre d\u00e9veloppement se d\u00e9roule avec succ\u00e8s, il est important de confier la traduction de votre site web \u00e0 des personnes comp\u00e9tentes. En effet, une page bien \u00e9crite inspirera plus facilement confiance qu\u2019une page truff\u00e9e d\u2019erreurs. Nos traducteurs espagnol &#8211; fran\u00e7ais et fran\u00e7ais &#8211; espagnol vous aident \u00e0 asseoir votre cr\u00e9dibilit\u00e9 et \u00e0 attirer une nouvelle client\u00e8le en r\u00e9alisant un travail de qualit\u00e9. Notre <a href=\"https:\/\/culturesconnection.com\/fr\/\">agence de traduction<\/a> vous propose ces services.<\/p>\n\n\n\n<h2 class=\"wp-block-heading\">Notre agence de traduction de site internet<\/h2>\n\n\n\n<p>Forte de son expertise dans le domaine de la localisation de sites web, Cultures Connection vous fournit des <a href=\"https:\/\/culturesconnection.com\/fr\/services-de-traduction\/\">services de traduction<\/a> r\u00e9pondant \u00e0 de hauts standards de qualit\u00e9. Que vous souhaitiez d\u00e9velopper votre activit\u00e9 en Espagne, en Am\u00e9rique Latine ou ailleurs dans le monde, nous confions toujours vos projets \u00e0 des traducteurs de sites web. Nos traducteurs adaptent \u00e9galement le contenu \u00e0 la culture locale. Si n\u00e9cessaire, ils ajustent les \u00e9l\u00e9ments graphiques car les couleurs ne sont pas per\u00e7ues de la m\u00eame fa\u00e7on partout dans le monde.<\/p>\n\n\n\n<h2 class=\"wp-block-heading\">Votre site internet en espagnol<\/h2>\n\n\n\n<p>Notre agence vous propose diff\u00e9rents services de <a href=\"https:\/\/culturesconnection.com\/fr\/traduction-site-internet\/\" class=\"ek-link\">traduction de site web<\/a>. Cultures Connection traduit de nombreux supports web diff\u00e9rents. Ci-dessous, en voici quelques exemples :<\/p>\n\n\n\n<ul class=\"wp-block-list\"><li>Contenus web<\/li><li>Sites e-commerce<\/li><li>Applications mobiles<\/li><li>Plateformes marchandes<\/li><li>Fiches produits<\/li><\/ul>\n","protected":false},"excerpt":{"rendered":"<p>Traduction de sites web en espagnol La mondialisation vous ouvre les portes des march\u00e9s internationaux, et internet est un r\u00e9seau plan\u00e9taire interconnect\u00e9. Si vous souhaitez [&#8230;]<\/p>\n<p><a class=\"btn btn-secondary understrap-read-more-link\" href=\"https:\/\/culturesconnection.com\/fr\/services-de-traduction-espagnol\/traduction-de-site-web-en-espagnol\/\">Lire la suite\u2026<span class=\"screen-reader-text\"> from Agence de traduction de site web en espagnol<\/span><\/a><\/p>\n","protected":false},"author":29,"featured_media":24329,"parent":5622,"menu_order":0,"comment_status":"closed","ping_status":"closed","template":"","meta":{"_acf_changed":false,"_editorskit_title_hidden":false,"_editorskit_reading_time":0,"_editorskit_is_block_options_detached":false,"_editorskit_block_options_position":"{}","footnotes":""},"class_list":["post-5459","page","type-page","status-publish","has-post-thumbnail","hentry"],"acf":[],"_links":{"self":[{"href":"https:\/\/culturesconnection.com\/fr\/wp-json\/wp\/v2\/pages\/5459","targetHints":{"allow":["GET"]}}],"collection":[{"href":"https:\/\/culturesconnection.com\/fr\/wp-json\/wp\/v2\/pages"}],"about":[{"href":"https:\/\/culturesconnection.com\/fr\/wp-json\/wp\/v2\/types\/page"}],"author":[{"embeddable":true,"href":"https:\/\/culturesconnection.com\/fr\/wp-json\/wp\/v2\/users\/29"}],"replies":[{"embeddable":true,"href":"https:\/\/culturesconnection.com\/fr\/wp-json\/wp\/v2\/comments?post=5459"}],"version-history":[{"count":0,"href":"https:\/\/culturesconnection.com\/fr\/wp-json\/wp\/v2\/pages\/5459\/revisions"}],"up":[{"embeddable":true,"href":"https:\/\/culturesconnection.com\/fr\/wp-json\/wp\/v2\/pages\/5622"}],"wp:featuredmedia":[{"embeddable":true,"href":"https:\/\/culturesconnection.com\/fr\/wp-json\/wp\/v2\/media\/24329"}],"wp:attachment":[{"href":"https:\/\/culturesconnection.com\/fr\/wp-json\/wp\/v2\/media?parent=5459"}],"curies":[{"name":"wp","href":"https:\/\/api.w.org\/{rel}","templated":true}]}}