{"id":5455,"date":"2016-04-27T21:11:54","date_gmt":"2016-04-27T19:11:54","guid":{"rendered":"http:\/\/culturesconnection.com\/fr\/?page_id=5455"},"modified":"2022-11-23T15:21:34","modified_gmt":"2022-11-23T14:21:34","slug":"traduction-juridique-espagnol","status":"publish","type":"page","link":"https:\/\/culturesconnection.com\/fr\/traduction-juridique-espagnol\/","title":{"rendered":"Agence de traduction juridique en espagnol"},"content":{"rendered":"\n<h2 class=\"wp-block-heading\">La traduction juridique espagnol fran\u00e7ais, un v\u00e9ritable d\u00e9fi<\/h2>\n\n\n\n<p>La traduction juridique depuis ou vers l\u2019espagnol est un exercice extr\u00eamement technique qui exige des connaissances linguistiques approfondies ainsi que des qualifications et des comp\u00e9tences sp\u00e9cifiques dans le secteur juridique. De nombreux concepts juridiques n\u2019ont pas d\u2019\u00e9quivalents dans un autre pays ou une autre juridiction, il convient par cons\u00e9quent de confier vos projets \u00e0 un traducteur professionnel sp\u00e9cialis\u00e9 dans la traduction juridique en espagnol.<\/p>\n\n\n\n<h2 class=\"wp-block-heading\">Notre agence de traduction juridique<\/h2>\n\n\n\n<p>Notre <a href=\"https:\/\/culturesconnection.com\/fr\/\" class=\"ek-link\">cabinet de traduction<\/a> met \u00e0 votre disposition son large r\u00e9seau de traducteurs et de relecteurs professionnels sp\u00e9cialis\u00e9s dans le domaine de la traduction juridique en espagnol. Nos traducteurs sp\u00e9cialistes du droit sont hautement exp\u00e9riment\u00e9s. Ils ont \u00e9t\u00e9 s\u00e9lectionn\u00e9s en fonction de leurs comp\u00e9tences et de leurs qualifications dans le secteur de la traduction juridique en espagnol. Ces traducteurs professionnels justifient bien s\u00fbr d\u2019une connaissance approfondie des questions juridiques et l\u00e9gales et sont parfaitement \u00e0 m\u00eame de rendre un travail fiable, pr\u00e9cis et rapide. Ils sont \u00e9valu\u00e9s tout au long de leur collaboration avec notre soci\u00e9t\u00e9 de traduction juridique et r\u00e9pondent \u00e0 des crit\u00e8res exigeants.<\/p>\n\n\n\n<h2 class=\"wp-block-heading\">Vos documents juridiques traduits en espagnol <\/h2>\n\n\n\n<p>Nos <a href=\"https:\/\/culturesconnection.com\/fr\/services-de-traduction\/\">services de traduction<\/a> sont vari\u00e9s. Nous traitons divers types de <a href=\"https:\/\/culturesconnection.com\/fr\/traduction-juridique\/\">documents juridiques<\/a> en espagnol. \u00c0 titre d\u2019exemple, voici une courte liste de travaux que nos clients nous confient r\u00e9guli\u00e8rement :<\/p>\n\n\n\n<ul class=\"wp-block-list\"><li>Contrats de distribution, de vente et de travail<\/li><li>D\u00e9p\u00f4ts de plaintes<\/li><li>Proc\u00e9dures judiciaires<\/li><li>Conditions g\u00e9n\u00e9rales<\/li><li>Rapports d\u2019expertises<\/li><li>R\u00e9glementation<\/li><li>Dossiers d\u2019h\u00e9ritage<\/li><li>Demandes de divorce<\/li><li>Clauses de non-concurrence et de non-confidentialit\u00e9<\/li><li>Lettres d\u2019intention<\/li><li>Procurations<\/li><li>Mainlev\u00e9es judiciaires<\/li><li>Statuts de soci\u00e9t\u00e9<\/li><\/ul>\n","protected":false},"excerpt":{"rendered":"<p>La traduction juridique espagnol fran\u00e7ais, un v\u00e9ritable d\u00e9fi La traduction juridique depuis ou vers l\u2019espagnol est un exercice extr\u00eamement technique qui exige des connaissances linguistiques [&#8230;]<\/p>\n<p><a class=\"btn btn-secondary understrap-read-more-link\" href=\"https:\/\/culturesconnection.com\/fr\/traduction-juridique-espagnol\/\">Lire la suite\u2026<span class=\"screen-reader-text\"> from Agence de traduction juridique en espagnol<\/span><\/a><\/p>\n","protected":false},"author":32,"featured_media":24329,"parent":0,"menu_order":0,"comment_status":"closed","ping_status":"closed","template":"","meta":{"_acf_changed":false,"_editorskit_title_hidden":false,"_editorskit_reading_time":0,"_editorskit_is_block_options_detached":false,"_editorskit_block_options_position":"{}","footnotes":""},"class_list":["post-5455","page","type-page","status-publish","has-post-thumbnail","hentry"],"acf":[],"_links":{"self":[{"href":"https:\/\/culturesconnection.com\/fr\/wp-json\/wp\/v2\/pages\/5455","targetHints":{"allow":["GET"]}}],"collection":[{"href":"https:\/\/culturesconnection.com\/fr\/wp-json\/wp\/v2\/pages"}],"about":[{"href":"https:\/\/culturesconnection.com\/fr\/wp-json\/wp\/v2\/types\/page"}],"author":[{"embeddable":true,"href":"https:\/\/culturesconnection.com\/fr\/wp-json\/wp\/v2\/users\/32"}],"replies":[{"embeddable":true,"href":"https:\/\/culturesconnection.com\/fr\/wp-json\/wp\/v2\/comments?post=5455"}],"version-history":[{"count":0,"href":"https:\/\/culturesconnection.com\/fr\/wp-json\/wp\/v2\/pages\/5455\/revisions"}],"wp:featuredmedia":[{"embeddable":true,"href":"https:\/\/culturesconnection.com\/fr\/wp-json\/wp\/v2\/media\/24329"}],"wp:attachment":[{"href":"https:\/\/culturesconnection.com\/fr\/wp-json\/wp\/v2\/media?parent=5455"}],"curies":[{"name":"wp","href":"https:\/\/api.w.org\/{rel}","templated":true}]}}