{"id":5453,"date":"2016-04-27T21:06:42","date_gmt":"2016-04-27T19:06:42","guid":{"rendered":"http:\/\/culturesconnection.com\/fr\/?page_id=5453"},"modified":"2022-12-13T09:42:16","modified_gmt":"2022-12-13T08:42:16","slug":"traduction-juridique-russe","status":"publish","type":"page","link":"https:\/\/culturesconnection.com\/fr\/services-de-traduction-russe\/traduction-juridique-russe\/","title":{"rendered":"Agence de traduction juridique en russe"},"content":{"rendered":"\n<h2 class=\"wp-block-heading\">Un travail r\u00e9alis\u00e9 par des experts de la traduction juridique russe &#8211; fran\u00e7ais<\/h2>\n\n\n\n<p>Traduire un document juridique n\u2019est pas toujours une t\u00e2che facile. Cet exercice demande des connaissances approfondies dans ce domaine. Outre les diff\u00e9rents concepts juridiques utilis\u00e9s dans chaque pays et juridiction, les termes utilis\u00e9s varient \u00e9galement d\u2019une langue \u00e0 l\u2019autre et n\u2019ont parfois aucun \u00e9quivalent. Dans le milieu juridique, et surtout en droit des soci\u00e9t\u00e9s, une petite erreur peut avoir de graves cons\u00e9quences. Une grande pr\u00e9cision doit \u00eatre port\u00e9e quant au choix des mots utilis\u00e9s. Les termes l\u00e9gaux qui apparaissent dans les documents juridiques \u00e0 traduire n\u2019ont aucun secret pour notre \u00e9quipe de traducteurs juridiques professionnels.<\/p>\n\n\n\n<h2 class=\"wp-block-heading\">Notre agence de traduction juridique<\/h2>\n\n\n\n<p>En alliant qualit\u00e9, pr\u00e9cision et rapidit\u00e9, Cultures Connection est le meilleur choix pour vos traductions juridiques en russe. Notre <a href=\"https:\/\/culturesconnection.com\/fr\/\">agence de traduction<\/a> propose ses services pour un large \u00e9ventail de documents juridiques en russe. L\u2019\u00e9quipe dont notre entreprise de traduction s\u2019est entour\u00e9e rassemble des traducteurs et des relecteurs hautement qualifi\u00e9s. Ils ont soit de l\u2019exp\u00e9rience dans ce milieu apr\u00e8s y avoir travaill\u00e9, comme c\u2019est le cas pour d\u2019anciens juristes ou avocats, ou apr\u00e8s avoir suivi une formation avanc\u00e9e. Nos traducteurs professionnels ma\u00eetrisent leurs deux langues de travail \u00e0 la perfection afin de fournir un <a href=\"https:\/\/culturesconnection.com\/fr\/services-de-traduction\/\">service de traduction<\/a> de haute qualit\u00e9. L\u2019attention tout particuli\u00e8re qui doit \u00eatre accord\u00e9e aux <a href=\"https:\/\/culturesconnection.com\/fr\/traduction-juridique\/\">traductions juridiques<\/a> explique que leur prix soit g\u00e9n\u00e9ralement plus on\u00e9reux que pour une traduction classique.<\/p>\n\n\n\n<h2 class=\"wp-block-heading\">Vos documents juridiques en russe<\/h2>\n\n\n\n<p>Voici ci-dessous une liste non exhaustive des documents dans le domaine du Droit que notre cabinet de traduction a d\u00e9j\u00e0 eu \u00e0 traduire :<\/p>\n\n\n\n<ul class=\"wp-block-list\">\n<li>Contrats de distribution, de vente et de travail<\/li>\n\n\n\n<li>D\u00e9p\u00f4ts de plaintes<\/li>\n\n\n\n<li>Proc\u00e9dures judiciaires<\/li>\n\n\n\n<li>Conditions g\u00e9n\u00e9rales<\/li>\n\n\n\n<li>Rapports d\u2019expertises<\/li>\n\n\n\n<li>R\u00e9glementation<\/li>\n\n\n\n<li>Dossiers d\u2019h\u00e9ritage<\/li>\n\n\n\n<li>Demandes de divorce<\/li>\n\n\n\n<li>Clauses de non-concurrence et de non-confidentialit\u00e9<\/li>\n\n\n\n<li>Lettres d\u2019intention<\/li>\n\n\n\n<li>Procurations<\/li>\n\n\n\n<li>Mainlev\u00e9es judiciaires<\/li>\n\n\n\n<li>Statuts de soci\u00e9t\u00e9<\/li>\n<\/ul>\n","protected":false},"excerpt":{"rendered":"<p>Un travail r\u00e9alis\u00e9 par des experts de la traduction juridique russe &#8211; fran\u00e7ais Traduire un document juridique n\u2019est pas toujours une t\u00e2che facile. Cet exercice [&#8230;]<\/p>\n<p><a class=\"btn btn-secondary understrap-read-more-link\" href=\"https:\/\/culturesconnection.com\/fr\/services-de-traduction-russe\/traduction-juridique-russe\/\">Lire la suite\u2026<span class=\"screen-reader-text\"> from Agence de traduction juridique en russe<\/span><\/a><\/p>\n","protected":false},"author":32,"featured_media":24329,"parent":5632,"menu_order":0,"comment_status":"closed","ping_status":"closed","template":"","meta":{"_acf_changed":false,"_editorskit_title_hidden":false,"_editorskit_reading_time":0,"_editorskit_is_block_options_detached":false,"_editorskit_block_options_position":"{}","footnotes":""},"class_list":["post-5453","page","type-page","status-publish","has-post-thumbnail","hentry"],"acf":[],"_links":{"self":[{"href":"https:\/\/culturesconnection.com\/fr\/wp-json\/wp\/v2\/pages\/5453","targetHints":{"allow":["GET"]}}],"collection":[{"href":"https:\/\/culturesconnection.com\/fr\/wp-json\/wp\/v2\/pages"}],"about":[{"href":"https:\/\/culturesconnection.com\/fr\/wp-json\/wp\/v2\/types\/page"}],"author":[{"embeddable":true,"href":"https:\/\/culturesconnection.com\/fr\/wp-json\/wp\/v2\/users\/32"}],"replies":[{"embeddable":true,"href":"https:\/\/culturesconnection.com\/fr\/wp-json\/wp\/v2\/comments?post=5453"}],"version-history":[{"count":0,"href":"https:\/\/culturesconnection.com\/fr\/wp-json\/wp\/v2\/pages\/5453\/revisions"}],"up":[{"embeddable":true,"href":"https:\/\/culturesconnection.com\/fr\/wp-json\/wp\/v2\/pages\/5632"}],"wp:featuredmedia":[{"embeddable":true,"href":"https:\/\/culturesconnection.com\/fr\/wp-json\/wp\/v2\/media\/24329"}],"wp:attachment":[{"href":"https:\/\/culturesconnection.com\/fr\/wp-json\/wp\/v2\/media?parent=5453"}],"curies":[{"name":"wp","href":"https:\/\/api.w.org\/{rel}","templated":true}]}}