{"id":5449,"date":"2016-04-19T21:29:51","date_gmt":"2016-04-19T19:29:51","guid":{"rendered":"http:\/\/culturesconnection.com\/fr\/?page_id=5449"},"modified":"2022-11-18T15:33:51","modified_gmt":"2022-11-18T14:33:51","slug":"traduction-commerciale-italien","status":"publish","type":"page","link":"https:\/\/culturesconnection.com\/fr\/services-de-traduction-italien\/traduction-commerciale-italien\/","title":{"rendered":"Agence de traduction commerciale en italien"},"content":{"rendered":"\n<h2 class=\"wp-block-heading\">La traduction commerciale italien &#8211; fran\u00e7ais, un choix strat\u00e9gique<\/h2>\n\n\n\n<p>Vous avez besoin des services de notre <a href=\"https:\/\/culturesconnection.com\/fr\/\">agence de traduction<\/a> ? Les entreprises qui souhaitent acqu\u00e9rir des parts de march\u00e9 \u00e0 l\u2019international oublient souvent une \u00e9tape essentielle : la traduction des documents commerciaux. C\u2019est d\u2019autant plus le cas en Italie, pays dans lequel les relations commerciales s\u2019\u00e9tablissent le plus souvent en italien. Un document pr\u00e9sent\u00e9 dans la langue du client aura bien plus d\u2019impact que s\u2019il est \u00e9crit dans une autre langue, m\u00eame si le lecteur la domine. Il faut cependant tenir compte des pratiques courantes, des comportements et des styles d\u2019\u00e9criture propres \u00e0 chaque culture, car ceux-ci peuvent ne pas \u00eatre les m\u00eames partout. Les traducteurs de documents commerciaux et marketing doivent \u00eatre familiers avec les cultures des langues dans lesquelles ils travaillent afin d\u2019\u00e9viter tout malentendu ou situation g\u00eanante. Il est donc important d\u2019avoir recours \u00e0 un <a href=\"https:\/\/culturesconnection.com\/fr\/services-de-traduction\/\">service de traduction<\/a> de qualit\u00e9.<\/p>\n\n\n\n<h2 class=\"wp-block-heading\">Notre agence de traduction<\/h2>\n\n\n\n<p>Chez Cultures Connection, les prestataires linguistiques sont soigneusement choisis en fonction de leurs dipl\u00f4mes, de leur technique et de leur exp\u00e9rience. Nos traducteurs italiens ont acquis leur exp\u00e9rience gr\u00e2ce \u00e0 des formations intensives ou \u00e0 une carri\u00e8re dans des entreprises aux secteurs divers et vari\u00e9s et sont sp\u00e9cialistes de la <a href=\"https:\/\/culturesconnection.com\/fr\/traduction-commerciale\/\">traduction commerciale<\/a>. Leurs langues de travail, le fran\u00e7ais et l\u2019italien, n\u2019ont plus de secrets pour eux, ils en connaissent toutes les ficelles. Ils savent \u00e9galement quelles sont les pratiques en vigueur en Italie et en France. En outre, ils ne travaillent que vers leur langue maternelle et sont donc bien plac\u00e9s pour en conna\u00eetre ses sp\u00e9cificit\u00e9s culturelles. En choisissant notre entreprise de traduction, vous assurez la r\u00e9ussite de vos relations commerciales \u00e0 l\u2019\u00e9tranger.<\/p>\n\n\n\n<h2 class=\"wp-block-heading\">Vos documents commerciaux en italien<\/h2>\n\n\n\n<p>Notre cabinet de traduction se sp\u00e9cialise dans un large \u00e9ventail de documents commerciaux. Ci-dessous, une liste de certains de ces documents :<\/p>\n\n\n\n<ul class=\"wp-block-list\"><li>Plaquettes<\/li><li>Brochures<\/li><li>Cartes de visite<\/li><li>Campagnes<\/li><li>Communiqu\u00e9s<\/li><li>Sites web<\/li><li>Pr\u00e9sentations<\/li><li>Catalogues<\/li><li>\u00c9tudes de march\u00e9<\/li><li>Supports publicitaires<\/li><li>Lettres d\u2019information commerciales<\/li><li>Publicit\u00e9s<\/li><li>Livres blancs<\/li><\/ul>\n","protected":false},"excerpt":{"rendered":"<p>La traduction commerciale italien &#8211; fran\u00e7ais, un choix strat\u00e9gique Vous avez besoin des services de notre agence de traduction ? Les entreprises qui souhaitent acqu\u00e9rir [&#8230;]<\/p>\n<p><a class=\"btn btn-secondary understrap-read-more-link\" href=\"https:\/\/culturesconnection.com\/fr\/services-de-traduction-italien\/traduction-commerciale-italien\/\">Lire la suite\u2026<span class=\"screen-reader-text\"> from Agence de traduction commerciale en italien<\/span><\/a><\/p>\n","protected":false},"author":26,"featured_media":24329,"parent":5623,"menu_order":0,"comment_status":"closed","ping_status":"closed","template":"","meta":{"_acf_changed":false,"_editorskit_title_hidden":false,"_editorskit_reading_time":0,"_editorskit_is_block_options_detached":false,"_editorskit_block_options_position":"{}","footnotes":""},"class_list":["post-5449","page","type-page","status-publish","has-post-thumbnail","hentry"],"acf":[],"_links":{"self":[{"href":"https:\/\/culturesconnection.com\/fr\/wp-json\/wp\/v2\/pages\/5449","targetHints":{"allow":["GET"]}}],"collection":[{"href":"https:\/\/culturesconnection.com\/fr\/wp-json\/wp\/v2\/pages"}],"about":[{"href":"https:\/\/culturesconnection.com\/fr\/wp-json\/wp\/v2\/types\/page"}],"author":[{"embeddable":true,"href":"https:\/\/culturesconnection.com\/fr\/wp-json\/wp\/v2\/users\/26"}],"replies":[{"embeddable":true,"href":"https:\/\/culturesconnection.com\/fr\/wp-json\/wp\/v2\/comments?post=5449"}],"version-history":[{"count":0,"href":"https:\/\/culturesconnection.com\/fr\/wp-json\/wp\/v2\/pages\/5449\/revisions"}],"up":[{"embeddable":true,"href":"https:\/\/culturesconnection.com\/fr\/wp-json\/wp\/v2\/pages\/5623"}],"wp:featuredmedia":[{"embeddable":true,"href":"https:\/\/culturesconnection.com\/fr\/wp-json\/wp\/v2\/media\/24329"}],"wp:attachment":[{"href":"https:\/\/culturesconnection.com\/fr\/wp-json\/wp\/v2\/media?parent=5449"}],"curies":[{"name":"wp","href":"https:\/\/api.w.org\/{rel}","templated":true}]}}