{"id":5447,"date":"2016-04-28T21:35:34","date_gmt":"2016-04-28T19:35:34","guid":{"rendered":"http:\/\/culturesconnection.com\/fr\/?page_id=5447"},"modified":"2022-11-23T15:59:14","modified_gmt":"2022-11-23T14:59:14","slug":"traduction-commerciale-espagnol","status":"publish","type":"page","link":"https:\/\/culturesconnection.com\/fr\/services-de-traduction-espagnol\/traduction-commerciale-espagnol\/","title":{"rendered":"Agence de traduction commerciale en espagnol"},"content":{"rendered":"\n<h2 class=\"wp-block-heading\">La traduction commerciale espagnol &#8211; fran\u00e7ais, pour une meilleure cr\u00e9dibilit\u00e9<\/h2>\n\n\n\n<p>Vous souhaitez faire appel \u00e0 notre <a href=\"https:\/\/culturesconnection.com\/fr\/\">agence de traduction<\/a> ? La traduction commerciale depuis et vers l\u2019espagnol repr\u00e9sente un d\u00e9fi crucial pour toute entreprise d\u00e9sirant se d\u00e9velopper dans les pays hispanophones. Proposer \u00e0 vos partenaires commerciaux des documents traduits dans leur langue maternelle repr\u00e9sente un atout ind\u00e9niable. Cela vous permettra de mettre en valeur votre soci\u00e9t\u00e9 tout en vous assurant une plus grande cr\u00e9dibilit\u00e9. Autre point \u00e0 ne pas n\u00e9gliger : les cultures d\u2019entreprise varient en fonction des pays. Par exemple, la signature d\u2019un contrat en Espagne ou dans un pays d&rsquo;Am\u00e9rique latine ne se d\u00e9roulera pas de la m\u00eame mani\u00e8re qu\u2019en France ou en Belgique. C\u2019est pourquoi ces <a href=\"https:\/\/culturesconnection.com\/fr\/services-de-traduction\/\">services de traduction<\/a>\u00a0doivent absolument \u00eatre r\u00e9alis\u00e9s par un professionnel de la <a href=\"https:\/\/culturesconnection.com\/fr\/traduction-commerciale\/\">traduction commerciale<\/a> en espagnol qui ma\u00eetrise suffisamment la culture marchande des pays en question.<\/p>\n\n\n\n<h2 class=\"wp-block-heading\">Notre agence de traduction<\/h2>\n\n\n\n<p>Notre soci\u00e9t\u00e9 de traduction peut compter sur un important carnet d\u2019adresses de traducteurs commerciaux exp\u00e9riment\u00e9s qui travaillent en respectant nos standards de qualit\u00e9. Ils ma\u00eetrisent l\u2019espagnol et le fran\u00e7ais et travaillent toujours vers leur langue maternelle. Ils ont tous \u00e9t\u00e9 recrut\u00e9s sur base de leur dipl\u00f4me universitaire, leur exp\u00e9rience et leurs qualifications. Ils sont \u00e9galement soumis \u00e0 divers tests afin d\u2019\u00e9valuer r\u00e9guli\u00e8rement l\u2019\u00e9volution de leurs comp\u00e9tences.<\/p>\n\n\n\n<h2 class=\"wp-block-heading\">Vos documents commerciaux en espagnol<\/h2>\n\n\n\n<p>Nous traduisons une vaste gamme de documents commerciaux, ce qui nous permet de vous accompagner dans votre d\u00e9veloppement \u00e0 l\u2019international. Voici une liste d\u2019exemples de contenus que Cultures Connection traduit fr\u00e9quemment depuis et vers l\u2019espagnol :<\/p>\n\n\n\n<ul class=\"wp-block-list\"><li>Publicit\u00e9s<\/li><li>Livres blancs<\/li><li>Lettres d\u2019informations commerciales<\/li><li>Plaquettes<\/li><li>Cartes de visite<\/li><li>Brochures publicitaires<\/li><li>Communiqu\u00e9s de presse<\/li><li>Campagnes<\/li><li>Supports publicitaires<\/li><li>\u00c9tudes de march\u00e9<\/li><li>Catalogues<\/li><li>Sites\u00a0internet, blogs<\/li><li>Pr\u00e9sentations<\/li><\/ul>\n","protected":false},"excerpt":{"rendered":"<p>La traduction commerciale espagnol &#8211; fran\u00e7ais, pour une meilleure cr\u00e9dibilit\u00e9 Vous souhaitez faire appel \u00e0 notre agence de traduction ? La traduction commerciale depuis et [&#8230;]<\/p>\n<p><a class=\"btn btn-secondary understrap-read-more-link\" href=\"https:\/\/culturesconnection.com\/fr\/services-de-traduction-espagnol\/traduction-commerciale-espagnol\/\">Lire la suite\u2026<span class=\"screen-reader-text\"> from Agence de traduction commerciale en espagnol<\/span><\/a><\/p>\n","protected":false},"author":26,"featured_media":24329,"parent":5622,"menu_order":0,"comment_status":"closed","ping_status":"closed","template":"","meta":{"_acf_changed":false,"_editorskit_title_hidden":false,"_editorskit_reading_time":0,"_editorskit_is_block_options_detached":false,"_editorskit_block_options_position":"{}","footnotes":""},"class_list":["post-5447","page","type-page","status-publish","has-post-thumbnail","hentry"],"acf":[],"_links":{"self":[{"href":"https:\/\/culturesconnection.com\/fr\/wp-json\/wp\/v2\/pages\/5447","targetHints":{"allow":["GET"]}}],"collection":[{"href":"https:\/\/culturesconnection.com\/fr\/wp-json\/wp\/v2\/pages"}],"about":[{"href":"https:\/\/culturesconnection.com\/fr\/wp-json\/wp\/v2\/types\/page"}],"author":[{"embeddable":true,"href":"https:\/\/culturesconnection.com\/fr\/wp-json\/wp\/v2\/users\/26"}],"replies":[{"embeddable":true,"href":"https:\/\/culturesconnection.com\/fr\/wp-json\/wp\/v2\/comments?post=5447"}],"version-history":[{"count":0,"href":"https:\/\/culturesconnection.com\/fr\/wp-json\/wp\/v2\/pages\/5447\/revisions"}],"up":[{"embeddable":true,"href":"https:\/\/culturesconnection.com\/fr\/wp-json\/wp\/v2\/pages\/5622"}],"wp:featuredmedia":[{"embeddable":true,"href":"https:\/\/culturesconnection.com\/fr\/wp-json\/wp\/v2\/media\/24329"}],"wp:attachment":[{"href":"https:\/\/culturesconnection.com\/fr\/wp-json\/wp\/v2\/media?parent=5447"}],"curies":[{"name":"wp","href":"https:\/\/api.w.org\/{rel}","templated":true}]}}