{"id":5445,"date":"2016-04-19T19:36:32","date_gmt":"2016-04-19T17:36:32","guid":{"rendered":"http:\/\/culturesconnection.com\/fr\/?page_id=5445"},"modified":"2022-11-24T14:45:24","modified_gmt":"2022-11-24T13:45:24","slug":"traduction-juridique-neerlandais","status":"publish","type":"page","link":"https:\/\/culturesconnection.com\/fr\/services-de-traduction-neerlandais\/traduction-juridique-neerlandais\/","title":{"rendered":"Agence de traduction juridique en n\u00e9erlandais"},"content":{"rendered":"\n<h2 class=\"wp-block-heading\"><span style=\"color: revert; font-size: 2rem; background-color: var(--bs-body-bg); font-family: var(--bs-body-font-family); text-align: var(--bs-body-text-align);\">Une traduction juridique n\u00e9erlandais &#8211; fran\u00e7ais<\/span> <span style=\"color: revert; font-size: 2rem; background-color: var(--bs-body-bg); font-family: var(--bs-body-font-family); text-align: var(--bs-body-text-align);\">r\u00e9alis\u00e9e par des sp\u00e9cialistes<\/span><\/h2>\n\n\n\n<p>Loin d\u2019\u00eatre un exercice \u00e9vident, la traduction juridique demande de nombreuses connaissances. En effet, selon les pays et les juridictions, les concepts ne sont pas les m\u00eames partout. Les termes varient \u00e9galement d\u2019une langue \u00e0 l\u2019autre, et dans certains cas, il n\u2019existe tout simplement pas d\u2019\u00e9quivalent. Les erreurs de traduction dans ce domaine peuvent s\u2019av\u00e9rer tr\u00e8s f\u00e2cheuses pour une entreprise, et plus particuli\u00e8rement dans le milieu du droit des soci\u00e9t\u00e9s. La pr\u00e9cision du langage utilis\u00e9 est pour cette raison capitale. Notre <a href=\"https:\/\/culturesconnection.com\/fr\/\">agence de traduction<\/a> travaille avec des traducteurs juridiques qui connaissent parfaitement les questions l\u00e9gales qui se trouvent \u00e0 la fois dans le texte cible et dans le texte source.<\/p>\n\n\n\n<h2 class=\"wp-block-heading\">Notre agence de traduction juridique<\/h2>\n\n\n\n<p>Cultures Connection allie fiabilit\u00e9, pr\u00e9cision et rapidit\u00e9. En choisissant nos <a href=\"https:\/\/culturesconnection.com\/fr\/services-de-traduction\/\">services de traduction<\/a> pour vos projets juridiques en n\u00e9erlandais vous faites le bon choix. Nous avons une grande exp\u00e9rience dans ce domaine et traduisons une grande vari\u00e9t\u00e9 de documents juridiques en n\u00e9erlandais. Nous respectons de hauts standards de qualit\u00e9. Notre \u00e9quipe de traducteurs et de relecteurs professionnels, sp\u00e9cialistes en traduction juridique, s\u2019occupe des projets que vous nous confiez. Les langues fran\u00e7aise et n\u00e9erlandaise n\u2019ont aucun secret pour eux; ils en connaissent toutes les subtilit\u00e9s. Ils sont \u00e9galement sp\u00e9cialis\u00e9s dans ce domaine apr\u00e8s y avoir travaill\u00e9, en tant qu\u2019avocats, juristes ou autre, ou apr\u00e8s avoir suivi une formation intensive. Le prix de ce genre de prestation n\u2019est pas le m\u00eame que pour un service de traduction classique, tout traducteur ne peut pas s\u2019inventer traducteur juridique, et ceci explique son co\u00fbt g\u00e9n\u00e9ralement un peu plus \u00e9lev\u00e9.<\/p>\n\n\n\n<h2 class=\"wp-block-heading\">Vos documents juridiques en n\u00e9erlandais<\/h2>\n\n\n\n<p>Vous trouverez ci-dessous une liste de quelques exemples de documents que notre soci\u00e9t\u00e9 de <a href=\"https:\/\/culturesconnection.com\/fr\/traduction-juridique\/\">traduction juridique<\/a> a d\u00e9j\u00e0 traduits :<\/p>\n\n\n\n<ul class=\"wp-block-list\"><li>Contrats de distribution, de vente et de travail<\/li><li>D\u00e9p\u00f4ts de plaintes<\/li><li>Proc\u00e9dures judiciaires<\/li><li>Conditions g\u00e9n\u00e9rales<\/li><li>Rapports d\u2019expertises<\/li><li>R\u00e9glementation<\/li><li>Dossiers d\u2019h\u00e9ritage<\/li><li>Demandes de divorce<\/li><li>Clauses de non-concurrence et de non-confidentialit\u00e9<\/li><li>Lettres d\u2019intention<\/li><li>Procurations<\/li><li>Mainlev\u00e9es judiciaires<\/li><li>Statuts de soci\u00e9t\u00e9<\/li><\/ul>\n","protected":false},"excerpt":{"rendered":"<p>Une traduction juridique n\u00e9erlandais &#8211; fran\u00e7ais r\u00e9alis\u00e9e par des sp\u00e9cialistes Loin d\u2019\u00eatre un exercice \u00e9vident, la traduction juridique demande de nombreuses connaissances. En effet, selon [&#8230;]<\/p>\n<p><a class=\"btn btn-secondary understrap-read-more-link\" href=\"https:\/\/culturesconnection.com\/fr\/services-de-traduction-neerlandais\/traduction-juridique-neerlandais\/\">Lire la suite\u2026<span class=\"screen-reader-text\"> from Agence de traduction juridique en n\u00e9erlandais<\/span><\/a><\/p>\n","protected":false},"author":32,"featured_media":24329,"parent":5627,"menu_order":0,"comment_status":"closed","ping_status":"closed","template":"","meta":{"_acf_changed":false,"_editorskit_title_hidden":false,"_editorskit_reading_time":0,"_editorskit_is_block_options_detached":false,"_editorskit_block_options_position":"{}","footnotes":""},"class_list":["post-5445","page","type-page","status-publish","has-post-thumbnail","hentry"],"acf":[],"yoast_head":"<!-- This site is optimized with the Yoast SEO Premium plugin v23.4 (Yoast SEO v27.3) - https:\/\/yoast.com\/product\/yoast-seo-premium-wordpress\/ -->\n<title>Services de traduction juridique n\u00e9erlandais<\/title>\n<meta name=\"description\" content=\"\u00c0 la recherche d\u2019un traducteur juridique ? Cultures Connection propose ses services de traduction juridique n\u00e9erlandais fran\u00e7ais. Devis gratuit ici.\" \/>\n<meta name=\"robots\" content=\"index, follow, max-snippet:-1, max-image-preview:large, max-video-preview:-1\" \/>\n<link rel=\"canonical\" href=\"https:\/\/culturesconnection.com\/dutch-translation-services\/dutch-legal-translation-services\/\" \/>\n<meta property=\"og:locale\" content=\"fr_FR\" \/>\n<meta property=\"og:type\" content=\"article\" \/>\n<meta property=\"og:title\" content=\"Agence de traduction juridique en n\u00e9erlandais\" \/>\n<meta property=\"og:description\" content=\"\u00c0 la recherche d\u2019un traducteur juridique ? Cultures Connection propose ses services de traduction juridique n\u00e9erlandais fran\u00e7ais. Devis gratuit ici.\" \/>\n<meta property=\"og:url\" content=\"https:\/\/culturesconnection.com\/dutch-translation-services\/dutch-legal-translation-services\/\" \/>\n<meta property=\"og:site_name\" content=\"Cultures Connection\" \/>\n<meta property=\"article:publisher\" content=\"https:\/\/www.facebook.com\/CulturesConnection\" \/>\n<meta property=\"article:modified_time\" content=\"2022-11-24T13:45:24+00:00\" \/>\n<meta property=\"og:image\" content=\"https:\/\/culturesconnection.com\/wp-content\/uploads\/2020\/09\/P\u00e1gina_Subservicios_de_traducci\u00f3n_por_idioma.png\" \/>\n\t<meta property=\"og:image:width\" content=\"1417\" \/>\n\t<meta property=\"og:image:height\" content=\"561\" \/>\n\t<meta property=\"og:image:type\" content=\"image\/png\" \/>\n<meta name=\"twitter:card\" content=\"summary_large_image\" \/>\n<meta name=\"twitter:site\" content=\"@CulturesCo_\" \/>\n<meta name=\"twitter:label1\" content=\"Dur\u00e9e de lecture estim\u00e9e\" \/>\n\t<meta name=\"twitter:data1\" content=\"2 minutes\" \/>\n<script type=\"application\/ld+json\" class=\"yoast-schema-graph\">{\"@context\":\"https:\\\/\\\/schema.org\",\"@graph\":[{\"@type\":\"WebPage\",\"@id\":\"https:\\\/\\\/culturesconnection.com\\\/dutch-translation-services\\\/dutch-legal-translation-services\\\/\",\"url\":\"https:\\\/\\\/culturesconnection.com\\\/dutch-translation-services\\\/dutch-legal-translation-services\\\/\",\"name\":\"Services de traduction juridique n\u00e9erlandais\",\"isPartOf\":{\"@id\":\"https:\\\/\\\/culturesconnection.com\\\/fr\\\/#website\"},\"primaryImageOfPage\":{\"@id\":\"https:\\\/\\\/culturesconnection.com\\\/dutch-translation-services\\\/dutch-legal-translation-services\\\/#primaryimage\"},\"image\":{\"@id\":\"https:\\\/\\\/culturesconnection.com\\\/dutch-translation-services\\\/dutch-legal-translation-services\\\/#primaryimage\"},\"thumbnailUrl\":\"https:\\\/\\\/culturesconnection.com\\\/wp-content\\\/uploads\\\/2020\\\/09\\\/P\u00e1gina_Subservicios_de_traducci\u00f3n_por_idioma.png\",\"datePublished\":\"2016-04-19T17:36:32+00:00\",\"dateModified\":\"2022-11-24T13:45:24+00:00\",\"description\":\"\u00c0 la recherche d\u2019un traducteur juridique ? Cultures Connection propose ses services de traduction juridique n\u00e9erlandais fran\u00e7ais. Devis gratuit ici.\",\"breadcrumb\":{\"@id\":\"https:\\\/\\\/culturesconnection.com\\\/dutch-translation-services\\\/dutch-legal-translation-services\\\/#breadcrumb\"},\"inLanguage\":\"fr-FR\",\"potentialAction\":[{\"@type\":\"ReadAction\",\"target\":[\"https:\\\/\\\/culturesconnection.com\\\/dutch-translation-services\\\/dutch-legal-translation-services\\\/\"]}]},{\"@type\":\"ImageObject\",\"inLanguage\":\"fr-FR\",\"@id\":\"https:\\\/\\\/culturesconnection.com\\\/dutch-translation-services\\\/dutch-legal-translation-services\\\/#primaryimage\",\"url\":\"https:\\\/\\\/culturesconnection.com\\\/wp-content\\\/uploads\\\/2020\\\/09\\\/P\u00e1gina_Subservicios_de_traducci\u00f3n_por_idioma.png\",\"contentUrl\":\"https:\\\/\\\/culturesconnection.com\\\/wp-content\\\/uploads\\\/2020\\\/09\\\/P\u00e1gina_Subservicios_de_traducci\u00f3n_por_idioma.png\",\"width\":1417,\"height\":561},{\"@type\":\"BreadcrumbList\",\"@id\":\"https:\\\/\\\/culturesconnection.com\\\/dutch-translation-services\\\/dutch-legal-translation-services\\\/#breadcrumb\",\"itemListElement\":[{\"@type\":\"ListItem\",\"position\":1,\"name\":\"Home\",\"item\":\"https:\\\/\\\/culturesconnection.com\\\/fr\\\/\"},{\"@type\":\"ListItem\",\"position\":2,\"name\":\"Agence de traduction en n\u00e9erlandais\",\"item\":\"https:\\\/\\\/culturesconnection.com\\\/fr\\\/services-de-traduction-neerlandais\\\/\"},{\"@type\":\"ListItem\",\"position\":3,\"name\":\"Agence de traduction juridique en n\u00e9erlandais\"}]},{\"@type\":\"WebSite\",\"@id\":\"https:\\\/\\\/culturesconnection.com\\\/fr\\\/#website\",\"url\":\"https:\\\/\\\/culturesconnection.com\\\/fr\\\/\",\"name\":\"Cultures Connection\",\"description\":\"Cultures Connection is a translation agency dedicated to the success of its international clients.\",\"publisher\":{\"@id\":\"https:\\\/\\\/culturesconnection.com\\\/fr\\\/#organization\"},\"potentialAction\":[{\"@type\":\"SearchAction\",\"target\":{\"@type\":\"EntryPoint\",\"urlTemplate\":\"https:\\\/\\\/culturesconnection.com\\\/fr\\\/?s={search_term_string}\"},\"query-input\":{\"@type\":\"PropertyValueSpecification\",\"valueRequired\":true,\"valueName\":\"search_term_string\"}}],\"inLanguage\":\"fr-FR\"},{\"@type\":\"Organization\",\"@id\":\"https:\\\/\\\/culturesconnection.com\\\/fr\\\/#organization\",\"name\":\"Cultures Connection\",\"url\":\"https:\\\/\\\/culturesconnection.com\\\/fr\\\/\",\"logo\":{\"@type\":\"ImageObject\",\"inLanguage\":\"fr-FR\",\"@id\":\"https:\\\/\\\/culturesconnection.com\\\/fr\\\/#\\\/schema\\\/logo\\\/image\\\/\",\"url\":\"https:\\\/\\\/culturesconnection.com\\\/wp-content\\\/uploads\\\/2022\\\/06\\\/cropped-favicon512x512.png\",\"contentUrl\":\"https:\\\/\\\/culturesconnection.com\\\/wp-content\\\/uploads\\\/2022\\\/06\\\/cropped-favicon512x512.png\",\"width\":512,\"height\":512,\"caption\":\"Cultures Connection\"},\"image\":{\"@id\":\"https:\\\/\\\/culturesconnection.com\\\/fr\\\/#\\\/schema\\\/logo\\\/image\\\/\"},\"sameAs\":[\"https:\\\/\\\/www.facebook.com\\\/CulturesConnection\",\"https:\\\/\\\/x.com\\\/CulturesCo_\"]}]}<\/script>\n<!-- \/ Yoast SEO Premium plugin. -->","yoast_head_json":{"title":"Services de traduction juridique n\u00e9erlandais","description":"\u00c0 la recherche d\u2019un traducteur juridique ? Cultures Connection propose ses services de traduction juridique n\u00e9erlandais fran\u00e7ais. Devis gratuit ici.","robots":{"index":"index","follow":"follow","max-snippet":"max-snippet:-1","max-image-preview":"max-image-preview:large","max-video-preview":"max-video-preview:-1"},"canonical":"https:\/\/culturesconnection.com\/dutch-translation-services\/dutch-legal-translation-services\/","og_locale":"fr_FR","og_type":"article","og_title":"Agence de traduction juridique en n\u00e9erlandais","og_description":"\u00c0 la recherche d\u2019un traducteur juridique ? Cultures Connection propose ses services de traduction juridique n\u00e9erlandais fran\u00e7ais. Devis gratuit ici.","og_url":"https:\/\/culturesconnection.com\/dutch-translation-services\/dutch-legal-translation-services\/","og_site_name":"Cultures Connection","article_publisher":"https:\/\/www.facebook.com\/CulturesConnection","article_modified_time":"2022-11-24T13:45:24+00:00","og_image":[{"width":1417,"height":561,"url":"https:\/\/culturesconnection.com\/wp-content\/uploads\/2020\/09\/P\u00e1gina_Subservicios_de_traducci\u00f3n_por_idioma.png","type":"image\/png"}],"twitter_card":"summary_large_image","twitter_site":"@CulturesCo_","twitter_misc":{"Dur\u00e9e de lecture estim\u00e9e":"2 minutes"},"schema":{"@context":"https:\/\/schema.org","@graph":[{"@type":"WebPage","@id":"https:\/\/culturesconnection.com\/dutch-translation-services\/dutch-legal-translation-services\/","url":"https:\/\/culturesconnection.com\/dutch-translation-services\/dutch-legal-translation-services\/","name":"Services de traduction juridique n\u00e9erlandais","isPartOf":{"@id":"https:\/\/culturesconnection.com\/fr\/#website"},"primaryImageOfPage":{"@id":"https:\/\/culturesconnection.com\/dutch-translation-services\/dutch-legal-translation-services\/#primaryimage"},"image":{"@id":"https:\/\/culturesconnection.com\/dutch-translation-services\/dutch-legal-translation-services\/#primaryimage"},"thumbnailUrl":"https:\/\/culturesconnection.com\/wp-content\/uploads\/2020\/09\/P\u00e1gina_Subservicios_de_traducci\u00f3n_por_idioma.png","datePublished":"2016-04-19T17:36:32+00:00","dateModified":"2022-11-24T13:45:24+00:00","description":"\u00c0 la recherche d\u2019un traducteur juridique ? Cultures Connection propose ses services de traduction juridique n\u00e9erlandais fran\u00e7ais. Devis gratuit ici.","breadcrumb":{"@id":"https:\/\/culturesconnection.com\/dutch-translation-services\/dutch-legal-translation-services\/#breadcrumb"},"inLanguage":"fr-FR","potentialAction":[{"@type":"ReadAction","target":["https:\/\/culturesconnection.com\/dutch-translation-services\/dutch-legal-translation-services\/"]}]},{"@type":"ImageObject","inLanguage":"fr-FR","@id":"https:\/\/culturesconnection.com\/dutch-translation-services\/dutch-legal-translation-services\/#primaryimage","url":"https:\/\/culturesconnection.com\/wp-content\/uploads\/2020\/09\/P\u00e1gina_Subservicios_de_traducci\u00f3n_por_idioma.png","contentUrl":"https:\/\/culturesconnection.com\/wp-content\/uploads\/2020\/09\/P\u00e1gina_Subservicios_de_traducci\u00f3n_por_idioma.png","width":1417,"height":561},{"@type":"BreadcrumbList","@id":"https:\/\/culturesconnection.com\/dutch-translation-services\/dutch-legal-translation-services\/#breadcrumb","itemListElement":[{"@type":"ListItem","position":1,"name":"Home","item":"https:\/\/culturesconnection.com\/fr\/"},{"@type":"ListItem","position":2,"name":"Agence de traduction en n\u00e9erlandais","item":"https:\/\/culturesconnection.com\/fr\/services-de-traduction-neerlandais\/"},{"@type":"ListItem","position":3,"name":"Agence de traduction juridique en n\u00e9erlandais"}]},{"@type":"WebSite","@id":"https:\/\/culturesconnection.com\/fr\/#website","url":"https:\/\/culturesconnection.com\/fr\/","name":"Cultures Connection","description":"Cultures Connection is a translation agency dedicated to the success of its international clients.","publisher":{"@id":"https:\/\/culturesconnection.com\/fr\/#organization"},"potentialAction":[{"@type":"SearchAction","target":{"@type":"EntryPoint","urlTemplate":"https:\/\/culturesconnection.com\/fr\/?s={search_term_string}"},"query-input":{"@type":"PropertyValueSpecification","valueRequired":true,"valueName":"search_term_string"}}],"inLanguage":"fr-FR"},{"@type":"Organization","@id":"https:\/\/culturesconnection.com\/fr\/#organization","name":"Cultures Connection","url":"https:\/\/culturesconnection.com\/fr\/","logo":{"@type":"ImageObject","inLanguage":"fr-FR","@id":"https:\/\/culturesconnection.com\/fr\/#\/schema\/logo\/image\/","url":"https:\/\/culturesconnection.com\/wp-content\/uploads\/2022\/06\/cropped-favicon512x512.png","contentUrl":"https:\/\/culturesconnection.com\/wp-content\/uploads\/2022\/06\/cropped-favicon512x512.png","width":512,"height":512,"caption":"Cultures Connection"},"image":{"@id":"https:\/\/culturesconnection.com\/fr\/#\/schema\/logo\/image\/"},"sameAs":["https:\/\/www.facebook.com\/CulturesConnection","https:\/\/x.com\/CulturesCo_"]}]}},"_links":{"self":[{"href":"https:\/\/culturesconnection.com\/fr\/wp-json\/wp\/v2\/pages\/5445","targetHints":{"allow":["GET"]}}],"collection":[{"href":"https:\/\/culturesconnection.com\/fr\/wp-json\/wp\/v2\/pages"}],"about":[{"href":"https:\/\/culturesconnection.com\/fr\/wp-json\/wp\/v2\/types\/page"}],"author":[{"embeddable":true,"href":"https:\/\/culturesconnection.com\/fr\/wp-json\/wp\/v2\/users\/32"}],"replies":[{"embeddable":true,"href":"https:\/\/culturesconnection.com\/fr\/wp-json\/wp\/v2\/comments?post=5445"}],"version-history":[{"count":0,"href":"https:\/\/culturesconnection.com\/fr\/wp-json\/wp\/v2\/pages\/5445\/revisions"}],"up":[{"embeddable":true,"href":"https:\/\/culturesconnection.com\/fr\/wp-json\/wp\/v2\/pages\/5627"}],"wp:featuredmedia":[{"embeddable":true,"href":"https:\/\/culturesconnection.com\/fr\/wp-json\/wp\/v2\/media\/24329"}],"wp:attachment":[{"href":"https:\/\/culturesconnection.com\/fr\/wp-json\/wp\/v2\/media?parent=5445"}],"curies":[{"name":"wp","href":"https:\/\/api.w.org\/{rel}","templated":true}]}}