{"id":5439,"date":"2016-04-28T22:19:04","date_gmt":"2016-04-28T20:19:04","guid":{"rendered":"http:\/\/culturesconnection.com\/fr\/?page_id=5439"},"modified":"2022-12-05T10:24:16","modified_gmt":"2022-12-05T09:24:16","slug":"traduction-commerciale-anglais","status":"publish","type":"page","link":"https:\/\/culturesconnection.com\/fr\/traduction-commerciale-anglais\/","title":{"rendered":"Agence de traduction commerciale en anglais"},"content":{"rendered":"\n<h2 class=\"wp-block-heading\">La traduction commerciale anglais \u2013 fran\u00e7ais, gage de votre expansion \u00e0 l\u2019international<\/h2>\n\n\n\n<p>La mondialisation des \u00e9changes est aujourd\u2019hui une r\u00e9alit\u00e9, la traduction commerciale repr\u00e9sente par cons\u00e9quent un d\u00e9fi majeur pour les entreprises qui d\u00e9sirent conqu\u00e9rir des march\u00e9s \u00e0 l\u2019international. En effet, les cultures commerciales varient d\u2019un pays \u00e0 l\u2019autre. La signature d\u2019un contrat \u00e0 Paris, \u00e0 Londres ou \u00e0 New-York ne se d\u00e9roule pas de la m\u00eame mani\u00e8re. Quelle est donc la solution pour pallier ces diff\u00e9rences culturelles ? Comment communiquer avec l\u2019ensemble de vos partenaires commerciaux ? Faites traduire vos documents commerciaux en anglais par notre&nbsp;<a href=\"https:\/\/culturesconnection.com\/fr\/\">agence de traduction<\/a>&nbsp;professionnelle !<\/p>\n\n\n\n<h2 class=\"wp-block-heading\">Des traducteurs anglais \u00e0 votre service<\/h2>\n\n\n\n<p>Si vous \u00eates \u00e0 la recherche de&nbsp;<a href=\"https:\/\/culturesconnection.com\/fr\/services-de-traduction\/\">services de traduction<\/a>&nbsp;de qualit\u00e9, faites confiance \u00e0 notre agence de traduction. Nous sommes sp\u00e9cialis\u00e9s dans ce domaine d\u2019activit\u00e9 et mettons \u00e0 votre disposition notre r\u00e9seau de traducteurs et r\u00e9viseurs exp\u00e9riment\u00e9s. Ils sont tous forts d\u2019une exp\u00e9rience prouv\u00e9e dans la traduction de documents commerciaux, et ma\u00eetrisent parfaitement l\u2019anglais et le fran\u00e7ais. Ils traduisent tous vers leur langue maternelle et ont \u00e9t\u00e9 soumis \u00e0 de rigoureux tests avant d\u2019int\u00e9grer notre agence de traduction.<\/p>\n\n\n\n<h2 class=\"wp-block-heading\">Vos documents commerciaux en anglais<\/h2>\n\n\n\n<p>Notre cabinet de traduction vous accompagne dans votre d\u00e9veloppement \u00e0 l\u2019international en traduisant tous vos documents commerciaux. Voici quelques exemples des projets de&nbsp;<a href=\"https:\/\/culturesconnection.com\/fr\/traduction-commerciale\/\">traduction commerciale<\/a>&nbsp;en anglais&nbsp;les plus souvent trait\u00e9s :<\/p>\n\n\n\n<ul class=\"wp-block-list\"><li>Brochures<\/li><li>Plaquettes<\/li><li>Cartes de visite<\/li><li>Communiqu\u00e9s<\/li><li>Campagnes<\/li><li>Sites web<\/li><li>Catalogues<\/li><li>Pr\u00e9sentations<\/li><li>Supports publicitaires<\/li><li>\u00c9tudes de march\u00e9<\/li><li>Lettres d\u2019information commerciales<\/li><li>Livres blancs<\/li><li>Publicit\u00e9s<\/li><\/ul>\n","protected":false},"excerpt":{"rendered":"<p>La traduction commerciale anglais \u2013 fran\u00e7ais, gage de votre expansion \u00e0 l\u2019international La mondialisation des \u00e9changes est aujourd\u2019hui une r\u00e9alit\u00e9, la traduction commerciale repr\u00e9sente par [&#8230;]<\/p>\n<p><a class=\"btn btn-secondary understrap-read-more-link\" href=\"https:\/\/culturesconnection.com\/fr\/traduction-commerciale-anglais\/\">Lire la suite\u2026<span class=\"screen-reader-text\"> from Agence de traduction commerciale en anglais<\/span><\/a><\/p>\n","protected":false},"author":26,"featured_media":24329,"parent":0,"menu_order":0,"comment_status":"closed","ping_status":"closed","template":"","meta":{"_acf_changed":false,"_editorskit_title_hidden":false,"_editorskit_reading_time":1,"_editorskit_is_block_options_detached":false,"_editorskit_block_options_position":"{}","footnotes":""},"class_list":["post-5439","page","type-page","status-publish","has-post-thumbnail","hentry"],"acf":[],"_links":{"self":[{"href":"https:\/\/culturesconnection.com\/fr\/wp-json\/wp\/v2\/pages\/5439","targetHints":{"allow":["GET"]}}],"collection":[{"href":"https:\/\/culturesconnection.com\/fr\/wp-json\/wp\/v2\/pages"}],"about":[{"href":"https:\/\/culturesconnection.com\/fr\/wp-json\/wp\/v2\/types\/page"}],"author":[{"embeddable":true,"href":"https:\/\/culturesconnection.com\/fr\/wp-json\/wp\/v2\/users\/26"}],"replies":[{"embeddable":true,"href":"https:\/\/culturesconnection.com\/fr\/wp-json\/wp\/v2\/comments?post=5439"}],"version-history":[{"count":0,"href":"https:\/\/culturesconnection.com\/fr\/wp-json\/wp\/v2\/pages\/5439\/revisions"}],"wp:featuredmedia":[{"embeddable":true,"href":"https:\/\/culturesconnection.com\/fr\/wp-json\/wp\/v2\/media\/24329"}],"wp:attachment":[{"href":"https:\/\/culturesconnection.com\/fr\/wp-json\/wp\/v2\/media?parent=5439"}],"curies":[{"name":"wp","href":"https:\/\/api.w.org\/{rel}","templated":true}]}}