{"id":5438,"date":"2016-04-19T19:17:58","date_gmt":"2016-04-19T17:17:58","guid":{"rendered":"http:\/\/culturesconnection.com\/fr\/?page_id=5438"},"modified":"2022-11-17T10:43:35","modified_gmt":"2022-11-17T09:43:35","slug":"traduction-juridique-portugais","status":"publish","type":"page","link":"https:\/\/culturesconnection.com\/fr\/services-de-traduction-portugais\/traduction-juridique-portugais\/","title":{"rendered":"Agence de traduction juridique en portugais"},"content":{"rendered":"\n<h2 class=\"wp-block-heading\">Des professionnels de la traduction juridique en portugais \u00e0 votre service<\/h2>\n\n\n\n<p>La traduction juridique est un exercice technique et complexe. Seul un traducteur qualifi\u00e9 et exp\u00e9riment\u00e9 pourra vous fournir un r\u00e9sultat \u00e0 la hauteur de vos esp\u00e9rances. En effet, ce type de travail exige des connaissances linguistiques accrues et un savoir pointu dans les domaines juridiques. La technicit\u00e9 et la pr\u00e9cision de la terminologie impliquent un travail de recherche, et surtout, beaucoup de rigueur. Pour vous promettre des r\u00e9sultats rapides et fiables, nous mettons \u00e0 votre disposition notre vaste r\u00e9seau de traducteurs sp\u00e9cialis\u00e9s dans la traduction juridique en portugais minutieusement s\u00e9lectionn\u00e9s sur la base de leurs dipl\u00f4mes et leur exp\u00e9rience dans ce secteur.<\/p>\n\n\n\n<h2 class=\"wp-block-heading\">Notre agence de traduction juridique<\/h2>\n\n\n\n<p>Choisir Cultures Connection, c\u2019est choisir la qualit\u00e9, la rapidit\u00e9 et la pr\u00e9cision. Notre <a href=\"https:\/\/culturesconnection.com\/fr\/\">cabinet de traduction<\/a> juridique profite d\u2019une exp\u00e9rience prouv\u00e9e dans le secteur de la traduction de documents juridiques en portugais. Nous respectons des crit\u00e8res et des standards tr\u00e8s \u00e9lev\u00e9s, toujours dans l\u2019optique de respecter nos valeurs : transparence, qualit\u00e9, rapidit\u00e9 et adaptabilit\u00e9. Tous les projets que notre soci\u00e9t\u00e9 de traduction prend en charge sont confi\u00e9s \u00e0 nos \u00e9quipes de traducteurs et de r\u00e9viseurs hautement qualifi\u00e9s dans les domaines juridique et l\u00e9gal. Ces experts ont tous travaill\u00e9 dans ce milieu (en tant qu\u2019avocats, juristes) ou ont suivi une formation intensive. Nos <a href=\"https:\/\/culturesconnection.com\/fr\/services-de-traduction\/\">services de traduction<\/a> sont de haute qualit\u00e9.<\/p>\n\n\n\n<h2 class=\"wp-block-heading\">Vos documents juridiques en portugais<\/h2>\n\n\n\n<p>Voici quelques exemples de types de <a href=\"https:\/\/culturesconnection.com\/fr\/traduction-juridique\/\">documents juridiques<\/a> en portugais que notre soci\u00e9t\u00e9 de traduction a l\u2019habitude de traiter :<\/p>\n\n\n\n<ul class=\"wp-block-list\"><li>Contrats de distribution, de vente et de travail<\/li><li>D\u00e9p\u00f4ts de plaintes<\/li><li>Proc\u00e9dures judiciaires<\/li><li>Conditions g\u00e9n\u00e9rales<\/li><li>Rapports d\u2019expertises<\/li><li>R\u00e9glementation<\/li><li>Dossiers d\u2019h\u00e9ritage<\/li><li>Demandes de divorce<\/li><li>Clauses de non-concurrence et de non-confidentialit\u00e9<\/li><li>Lettres d\u2019intention<\/li><li>Procurations<\/li><li>Mainlev\u00e9es judiciaires<\/li><li>Statuts de soci\u00e9t\u00e9<\/li><\/ul>\n","protected":false},"excerpt":{"rendered":"<p>Des professionnels de la traduction juridique en portugais \u00e0 votre service La traduction juridique est un exercice technique et complexe. Seul un traducteur qualifi\u00e9 et [&#8230;]<\/p>\n<p><a class=\"btn btn-secondary understrap-read-more-link\" href=\"https:\/\/culturesconnection.com\/fr\/services-de-traduction-portugais\/traduction-juridique-portugais\/\">Lire la suite\u2026<span class=\"screen-reader-text\"> from Agence de traduction juridique en portugais<\/span><\/a><\/p>\n","protected":false},"author":32,"featured_media":24329,"parent":5631,"menu_order":0,"comment_status":"closed","ping_status":"closed","template":"","meta":{"_acf_changed":false,"_editorskit_title_hidden":false,"_editorskit_reading_time":0,"_editorskit_is_block_options_detached":false,"_editorskit_block_options_position":"{}","footnotes":""},"class_list":["post-5438","page","type-page","status-publish","has-post-thumbnail","hentry"],"acf":[],"yoast_head":"<!-- This site is optimized with the Yoast SEO Premium plugin v23.4 (Yoast SEO v27.3) - https:\/\/yoast.com\/product\/yoast-seo-premium-wordpress\/ -->\n<title>Services de traduction juridique portugais<\/title>\n<meta name=\"description\" content=\"Besoin d&#039;une traduction juridique portugais fran\u00e7ais ? Choisir Cultures Connection est la cl\u00e9 d&#039;une traduction r\u00e9ussie. Obtenez ici votre devis gratuit.\" \/>\n<meta name=\"robots\" content=\"index, follow, max-snippet:-1, max-image-preview:large, max-video-preview:-1\" \/>\n<link rel=\"canonical\" href=\"https:\/\/culturesconnection.com\/portuguese-translation-services\/portuguese-legal-translation-services\/\" \/>\n<meta property=\"og:locale\" content=\"fr_FR\" \/>\n<meta property=\"og:type\" content=\"article\" \/>\n<meta property=\"og:title\" content=\"Agence de traduction juridique en portugais\" \/>\n<meta property=\"og:description\" content=\"Besoin d&#039;une traduction juridique portugais fran\u00e7ais ? Choisir Cultures Connection est la cl\u00e9 d&#039;une traduction r\u00e9ussie. Obtenez ici votre devis gratuit.\" \/>\n<meta property=\"og:url\" content=\"https:\/\/culturesconnection.com\/portuguese-translation-services\/portuguese-legal-translation-services\/\" \/>\n<meta property=\"og:site_name\" content=\"Cultures Connection\" \/>\n<meta property=\"article:publisher\" content=\"https:\/\/www.facebook.com\/CulturesConnection\" \/>\n<meta property=\"article:modified_time\" content=\"2022-11-17T09:43:35+00:00\" \/>\n<meta property=\"og:image\" content=\"https:\/\/culturesconnection.com\/wp-content\/uploads\/2020\/09\/P\u00e1gina_Subservicios_de_traducci\u00f3n_por_idioma.png\" \/>\n\t<meta property=\"og:image:width\" content=\"1417\" \/>\n\t<meta property=\"og:image:height\" content=\"561\" \/>\n\t<meta property=\"og:image:type\" content=\"image\/png\" \/>\n<meta name=\"twitter:card\" content=\"summary_large_image\" \/>\n<meta name=\"twitter:site\" content=\"@CulturesCo_\" \/>\n<meta name=\"twitter:label1\" content=\"Dur\u00e9e de lecture estim\u00e9e\" \/>\n\t<meta name=\"twitter:data1\" content=\"2 minutes\" \/>\n<script type=\"application\/ld+json\" class=\"yoast-schema-graph\">{\"@context\":\"https:\\\/\\\/schema.org\",\"@graph\":[{\"@type\":\"WebPage\",\"@id\":\"https:\\\/\\\/culturesconnection.com\\\/portuguese-translation-services\\\/portuguese-legal-translation-services\\\/\",\"url\":\"https:\\\/\\\/culturesconnection.com\\\/portuguese-translation-services\\\/portuguese-legal-translation-services\\\/\",\"name\":\"Services de traduction juridique portugais\",\"isPartOf\":{\"@id\":\"https:\\\/\\\/culturesconnection.com\\\/fr\\\/#website\"},\"primaryImageOfPage\":{\"@id\":\"https:\\\/\\\/culturesconnection.com\\\/portuguese-translation-services\\\/portuguese-legal-translation-services\\\/#primaryimage\"},\"image\":{\"@id\":\"https:\\\/\\\/culturesconnection.com\\\/portuguese-translation-services\\\/portuguese-legal-translation-services\\\/#primaryimage\"},\"thumbnailUrl\":\"https:\\\/\\\/culturesconnection.com\\\/wp-content\\\/uploads\\\/2020\\\/09\\\/P\u00e1gina_Subservicios_de_traducci\u00f3n_por_idioma.png\",\"datePublished\":\"2016-04-19T17:17:58+00:00\",\"dateModified\":\"2022-11-17T09:43:35+00:00\",\"description\":\"Besoin d'une traduction juridique portugais fran\u00e7ais ? Choisir Cultures Connection est la cl\u00e9 d'une traduction r\u00e9ussie. Obtenez ici votre devis gratuit.\",\"breadcrumb\":{\"@id\":\"https:\\\/\\\/culturesconnection.com\\\/portuguese-translation-services\\\/portuguese-legal-translation-services\\\/#breadcrumb\"},\"inLanguage\":\"fr-FR\",\"potentialAction\":[{\"@type\":\"ReadAction\",\"target\":[\"https:\\\/\\\/culturesconnection.com\\\/portuguese-translation-services\\\/portuguese-legal-translation-services\\\/\"]}]},{\"@type\":\"ImageObject\",\"inLanguage\":\"fr-FR\",\"@id\":\"https:\\\/\\\/culturesconnection.com\\\/portuguese-translation-services\\\/portuguese-legal-translation-services\\\/#primaryimage\",\"url\":\"https:\\\/\\\/culturesconnection.com\\\/wp-content\\\/uploads\\\/2020\\\/09\\\/P\u00e1gina_Subservicios_de_traducci\u00f3n_por_idioma.png\",\"contentUrl\":\"https:\\\/\\\/culturesconnection.com\\\/wp-content\\\/uploads\\\/2020\\\/09\\\/P\u00e1gina_Subservicios_de_traducci\u00f3n_por_idioma.png\",\"width\":1417,\"height\":561},{\"@type\":\"BreadcrumbList\",\"@id\":\"https:\\\/\\\/culturesconnection.com\\\/portuguese-translation-services\\\/portuguese-legal-translation-services\\\/#breadcrumb\",\"itemListElement\":[{\"@type\":\"ListItem\",\"position\":1,\"name\":\"Home\",\"item\":\"https:\\\/\\\/culturesconnection.com\\\/fr\\\/\"},{\"@type\":\"ListItem\",\"position\":2,\"name\":\"Agence de traduction en portugais\",\"item\":\"https:\\\/\\\/culturesconnection.com\\\/fr\\\/services-de-traduction-portugais\\\/\"},{\"@type\":\"ListItem\",\"position\":3,\"name\":\"Agence de traduction juridique en portugais\"}]},{\"@type\":\"WebSite\",\"@id\":\"https:\\\/\\\/culturesconnection.com\\\/fr\\\/#website\",\"url\":\"https:\\\/\\\/culturesconnection.com\\\/fr\\\/\",\"name\":\"Cultures Connection\",\"description\":\"Cultures Connection is a translation agency dedicated to the success of its international clients.\",\"publisher\":{\"@id\":\"https:\\\/\\\/culturesconnection.com\\\/fr\\\/#organization\"},\"potentialAction\":[{\"@type\":\"SearchAction\",\"target\":{\"@type\":\"EntryPoint\",\"urlTemplate\":\"https:\\\/\\\/culturesconnection.com\\\/fr\\\/?s={search_term_string}\"},\"query-input\":{\"@type\":\"PropertyValueSpecification\",\"valueRequired\":true,\"valueName\":\"search_term_string\"}}],\"inLanguage\":\"fr-FR\"},{\"@type\":\"Organization\",\"@id\":\"https:\\\/\\\/culturesconnection.com\\\/fr\\\/#organization\",\"name\":\"Cultures Connection\",\"url\":\"https:\\\/\\\/culturesconnection.com\\\/fr\\\/\",\"logo\":{\"@type\":\"ImageObject\",\"inLanguage\":\"fr-FR\",\"@id\":\"https:\\\/\\\/culturesconnection.com\\\/fr\\\/#\\\/schema\\\/logo\\\/image\\\/\",\"url\":\"https:\\\/\\\/culturesconnection.com\\\/wp-content\\\/uploads\\\/2022\\\/06\\\/cropped-favicon512x512.png\",\"contentUrl\":\"https:\\\/\\\/culturesconnection.com\\\/wp-content\\\/uploads\\\/2022\\\/06\\\/cropped-favicon512x512.png\",\"width\":512,\"height\":512,\"caption\":\"Cultures Connection\"},\"image\":{\"@id\":\"https:\\\/\\\/culturesconnection.com\\\/fr\\\/#\\\/schema\\\/logo\\\/image\\\/\"},\"sameAs\":[\"https:\\\/\\\/www.facebook.com\\\/CulturesConnection\",\"https:\\\/\\\/x.com\\\/CulturesCo_\"]}]}<\/script>\n<!-- \/ Yoast SEO Premium plugin. -->","yoast_head_json":{"title":"Services de traduction juridique portugais","description":"Besoin d'une traduction juridique portugais fran\u00e7ais ? Choisir Cultures Connection est la cl\u00e9 d'une traduction r\u00e9ussie. Obtenez ici votre devis gratuit.","robots":{"index":"index","follow":"follow","max-snippet":"max-snippet:-1","max-image-preview":"max-image-preview:large","max-video-preview":"max-video-preview:-1"},"canonical":"https:\/\/culturesconnection.com\/portuguese-translation-services\/portuguese-legal-translation-services\/","og_locale":"fr_FR","og_type":"article","og_title":"Agence de traduction juridique en portugais","og_description":"Besoin d'une traduction juridique portugais fran\u00e7ais ? Choisir Cultures Connection est la cl\u00e9 d'une traduction r\u00e9ussie. Obtenez ici votre devis gratuit.","og_url":"https:\/\/culturesconnection.com\/portuguese-translation-services\/portuguese-legal-translation-services\/","og_site_name":"Cultures Connection","article_publisher":"https:\/\/www.facebook.com\/CulturesConnection","article_modified_time":"2022-11-17T09:43:35+00:00","og_image":[{"width":1417,"height":561,"url":"https:\/\/culturesconnection.com\/wp-content\/uploads\/2020\/09\/P\u00e1gina_Subservicios_de_traducci\u00f3n_por_idioma.png","type":"image\/png"}],"twitter_card":"summary_large_image","twitter_site":"@CulturesCo_","twitter_misc":{"Dur\u00e9e de lecture estim\u00e9e":"2 minutes"},"schema":{"@context":"https:\/\/schema.org","@graph":[{"@type":"WebPage","@id":"https:\/\/culturesconnection.com\/portuguese-translation-services\/portuguese-legal-translation-services\/","url":"https:\/\/culturesconnection.com\/portuguese-translation-services\/portuguese-legal-translation-services\/","name":"Services de traduction juridique portugais","isPartOf":{"@id":"https:\/\/culturesconnection.com\/fr\/#website"},"primaryImageOfPage":{"@id":"https:\/\/culturesconnection.com\/portuguese-translation-services\/portuguese-legal-translation-services\/#primaryimage"},"image":{"@id":"https:\/\/culturesconnection.com\/portuguese-translation-services\/portuguese-legal-translation-services\/#primaryimage"},"thumbnailUrl":"https:\/\/culturesconnection.com\/wp-content\/uploads\/2020\/09\/P\u00e1gina_Subservicios_de_traducci\u00f3n_por_idioma.png","datePublished":"2016-04-19T17:17:58+00:00","dateModified":"2022-11-17T09:43:35+00:00","description":"Besoin d'une traduction juridique portugais fran\u00e7ais ? Choisir Cultures Connection est la cl\u00e9 d'une traduction r\u00e9ussie. Obtenez ici votre devis gratuit.","breadcrumb":{"@id":"https:\/\/culturesconnection.com\/portuguese-translation-services\/portuguese-legal-translation-services\/#breadcrumb"},"inLanguage":"fr-FR","potentialAction":[{"@type":"ReadAction","target":["https:\/\/culturesconnection.com\/portuguese-translation-services\/portuguese-legal-translation-services\/"]}]},{"@type":"ImageObject","inLanguage":"fr-FR","@id":"https:\/\/culturesconnection.com\/portuguese-translation-services\/portuguese-legal-translation-services\/#primaryimage","url":"https:\/\/culturesconnection.com\/wp-content\/uploads\/2020\/09\/P\u00e1gina_Subservicios_de_traducci\u00f3n_por_idioma.png","contentUrl":"https:\/\/culturesconnection.com\/wp-content\/uploads\/2020\/09\/P\u00e1gina_Subservicios_de_traducci\u00f3n_por_idioma.png","width":1417,"height":561},{"@type":"BreadcrumbList","@id":"https:\/\/culturesconnection.com\/portuguese-translation-services\/portuguese-legal-translation-services\/#breadcrumb","itemListElement":[{"@type":"ListItem","position":1,"name":"Home","item":"https:\/\/culturesconnection.com\/fr\/"},{"@type":"ListItem","position":2,"name":"Agence de traduction en portugais","item":"https:\/\/culturesconnection.com\/fr\/services-de-traduction-portugais\/"},{"@type":"ListItem","position":3,"name":"Agence de traduction juridique en portugais"}]},{"@type":"WebSite","@id":"https:\/\/culturesconnection.com\/fr\/#website","url":"https:\/\/culturesconnection.com\/fr\/","name":"Cultures Connection","description":"Cultures Connection is a translation agency dedicated to the success of its international clients.","publisher":{"@id":"https:\/\/culturesconnection.com\/fr\/#organization"},"potentialAction":[{"@type":"SearchAction","target":{"@type":"EntryPoint","urlTemplate":"https:\/\/culturesconnection.com\/fr\/?s={search_term_string}"},"query-input":{"@type":"PropertyValueSpecification","valueRequired":true,"valueName":"search_term_string"}}],"inLanguage":"fr-FR"},{"@type":"Organization","@id":"https:\/\/culturesconnection.com\/fr\/#organization","name":"Cultures Connection","url":"https:\/\/culturesconnection.com\/fr\/","logo":{"@type":"ImageObject","inLanguage":"fr-FR","@id":"https:\/\/culturesconnection.com\/fr\/#\/schema\/logo\/image\/","url":"https:\/\/culturesconnection.com\/wp-content\/uploads\/2022\/06\/cropped-favicon512x512.png","contentUrl":"https:\/\/culturesconnection.com\/wp-content\/uploads\/2022\/06\/cropped-favicon512x512.png","width":512,"height":512,"caption":"Cultures Connection"},"image":{"@id":"https:\/\/culturesconnection.com\/fr\/#\/schema\/logo\/image\/"},"sameAs":["https:\/\/www.facebook.com\/CulturesConnection","https:\/\/x.com\/CulturesCo_"]}]}},"_links":{"self":[{"href":"https:\/\/culturesconnection.com\/fr\/wp-json\/wp\/v2\/pages\/5438","targetHints":{"allow":["GET"]}}],"collection":[{"href":"https:\/\/culturesconnection.com\/fr\/wp-json\/wp\/v2\/pages"}],"about":[{"href":"https:\/\/culturesconnection.com\/fr\/wp-json\/wp\/v2\/types\/page"}],"author":[{"embeddable":true,"href":"https:\/\/culturesconnection.com\/fr\/wp-json\/wp\/v2\/users\/32"}],"replies":[{"embeddable":true,"href":"https:\/\/culturesconnection.com\/fr\/wp-json\/wp\/v2\/comments?post=5438"}],"version-history":[{"count":0,"href":"https:\/\/culturesconnection.com\/fr\/wp-json\/wp\/v2\/pages\/5438\/revisions"}],"up":[{"embeddable":true,"href":"https:\/\/culturesconnection.com\/fr\/wp-json\/wp\/v2\/pages\/5631"}],"wp:featuredmedia":[{"embeddable":true,"href":"https:\/\/culturesconnection.com\/fr\/wp-json\/wp\/v2\/media\/24329"}],"wp:attachment":[{"href":"https:\/\/culturesconnection.com\/fr\/wp-json\/wp\/v2\/media?parent=5438"}],"curies":[{"name":"wp","href":"https:\/\/api.w.org\/{rel}","templated":true}]}}