{"id":5437,"date":"2016-04-19T19:10:22","date_gmt":"2016-04-19T17:10:22","guid":{"rendered":"http:\/\/culturesconnection.com\/fr\/?page_id=5437"},"modified":"2022-11-15T13:36:34","modified_gmt":"2022-11-15T12:36:34","slug":"traduction-juridique-arabe","status":"publish","type":"page","link":"https:\/\/culturesconnection.com\/fr\/services-de-traduction-arabe\/traduction-juridique-arabe\/","title":{"rendered":"Agence de traduction juridique en arabe"},"content":{"rendered":"\n<h2 class=\"wp-block-heading\">La traduction juridique arabe, un vrai challenge<\/h2>\n\n\n\n<p>La traduction juridique depuis ou vers l\u2019arabe repr\u00e9sente de nombreux d\u00e9fis et obstacles. Seul un traducteur arabe professionnel hautement qualifi\u00e9 a l\u2019\u00e9toffe pour s\u2019en charger. En effet, ce type d\u2019exercice requiert des connaissances linguistiques pointues et des qualifications accrues dans les domaines juridique et l\u00e9gal. La technicit\u00e9 de la terminologie juridique implique un travail de recherche cons\u00e9quent, une pr\u00e9cision et une rigueur incomparable. Si vous recherchez un r\u00e9sultat fiable, adressez-vous directement \u00e0 un traducteur professionnel sp\u00e9cialis\u00e9 dans la traduction juridique en arabe. Notre <a href=\"https:\/\/culturesconnection.com\/fr\/\">agence de traduction<\/a> est l\u00e0 pour vous accompagner !<\/p>\n\n\n\n<h2 class=\"wp-block-heading\">Notre agence de traduction juridique<\/h2>\n\n\n\n<p>Pour rendre un <a href=\"https:\/\/culturesconnection.com\/fr\/services-de-traduction\/\">service de traduction<\/a> de qualit\u00e9, notre cabinet professionnel fait appel \u00e0 un important r\u00e9seau de traducteurs professionnels. Ces experts de la traduction juridique en arabe ont \u00e9t\u00e9 s\u00e9lectionn\u00e9s par nos soins sur base de leurs dipl\u00f4mes, de leurs qualifications et de leur exp\u00e9rience dans le domaine juridique. Ils r\u00e9pondent \u00e0 des crit\u00e8res stricts et rigoureux, sans compter qu\u2019ils sont tous test\u00e9s afin de s\u2019assurer que leurs comp\u00e9tences soient au niveau des attentes du client. \u00c9videmment, ils sont tous forts d\u2019une exp\u00e9rience de plusieurs ann\u00e9es dans le secteur de la traduction juridique arabe. Ils peuvent ainsi fournir au client un r\u00e9sultat digne de ses exigences, c\u2019est-\u00e0-dire un travail pr\u00e9cis, fiable, qualitatif et coh\u00e9rent. Nos clients savent qu&rsquo;ils peuvent compter sur notre expertise.<\/p>\n\n\n\n<h2 class=\"wp-block-heading\">Vos documents juridiques en arabe<\/h2>\n\n\n\n<p>Les supports de nos traductions de <a href=\"https:\/\/culturesconnection.com\/fr\/traduction-juridique\/\">documents juridiques<\/a> en arabe sont tr\u00e8s vari\u00e9s. Vous trouverez ci-dessous une liste non-exhaustive des documents que notre agence traduit fr\u00e9quemment :<\/p>\n\n\n\n<ul class=\"wp-block-list\"><li>Contrats de distribution, de vente et de travail<\/li><li>D\u00e9p\u00f4ts de plaintes<\/li><li>Proc\u00e9dures judiciaires<\/li><li>Conditions g\u00e9n\u00e9rales<\/li><li>Rapports d\u2019expertises<\/li><li>R\u00e9glementation<\/li><li>Dossiers d\u2019h\u00e9ritage<\/li><li>Demandes de divorce<\/li><li>Clauses de non-concurrence et de non-confidentialit\u00e9<\/li><li>Lettres d\u2019intention<\/li><li>Procurations<\/li><li>Mainlev\u00e9es judiciaires<\/li><li>Statuts de soci\u00e9t\u00e9<\/li><\/ul>\n","protected":false},"excerpt":{"rendered":"<p>La traduction juridique arabe, un vrai challenge La traduction juridique depuis ou vers l\u2019arabe repr\u00e9sente de nombreux d\u00e9fis et obstacles. Seul un traducteur arabe professionnel [&#8230;]<\/p>\n<p><a class=\"btn btn-secondary understrap-read-more-link\" href=\"https:\/\/culturesconnection.com\/fr\/services-de-traduction-arabe\/traduction-juridique-arabe\/\">Lire la suite\u2026<span class=\"screen-reader-text\"> from Agence de traduction juridique en arabe<\/span><\/a><\/p>\n","protected":false},"author":32,"featured_media":24329,"parent":5602,"menu_order":0,"comment_status":"closed","ping_status":"closed","template":"","meta":{"_acf_changed":false,"_editorskit_title_hidden":false,"_editorskit_reading_time":0,"_editorskit_is_block_options_detached":false,"_editorskit_block_options_position":"{}","footnotes":""},"class_list":["post-5437","page","type-page","status-publish","has-post-thumbnail","hentry"],"acf":[],"_links":{"self":[{"href":"https:\/\/culturesconnection.com\/fr\/wp-json\/wp\/v2\/pages\/5437","targetHints":{"allow":["GET"]}}],"collection":[{"href":"https:\/\/culturesconnection.com\/fr\/wp-json\/wp\/v2\/pages"}],"about":[{"href":"https:\/\/culturesconnection.com\/fr\/wp-json\/wp\/v2\/types\/page"}],"author":[{"embeddable":true,"href":"https:\/\/culturesconnection.com\/fr\/wp-json\/wp\/v2\/users\/32"}],"replies":[{"embeddable":true,"href":"https:\/\/culturesconnection.com\/fr\/wp-json\/wp\/v2\/comments?post=5437"}],"version-history":[{"count":0,"href":"https:\/\/culturesconnection.com\/fr\/wp-json\/wp\/v2\/pages\/5437\/revisions"}],"up":[{"embeddable":true,"href":"https:\/\/culturesconnection.com\/fr\/wp-json\/wp\/v2\/pages\/5602"}],"wp:featuredmedia":[{"embeddable":true,"href":"https:\/\/culturesconnection.com\/fr\/wp-json\/wp\/v2\/media\/24329"}],"wp:attachment":[{"href":"https:\/\/culturesconnection.com\/fr\/wp-json\/wp\/v2\/media?parent=5437"}],"curies":[{"name":"wp","href":"https:\/\/api.w.org\/{rel}","templated":true}]}}