{"id":5433,"date":"2016-04-29T21:18:28","date_gmt":"2016-04-29T19:18:28","guid":{"rendered":"http:\/\/culturesconnection.com\/fr\/?page_id=5433"},"modified":"2022-11-17T10:11:50","modified_gmt":"2022-11-17T09:11:50","slug":"traduction-de-site-web-en-arabe","status":"publish","type":"page","link":"https:\/\/culturesconnection.com\/fr\/services-de-traduction-arabe\/traduction-de-site-web-en-arabe\/","title":{"rendered":"Agence de traduction de site web en arabe"},"content":{"rendered":"\n<h2 class=\"wp-block-heading\">Traduction de sites web\u00a0en arabe : lancez-vous sur d\u2019autres march\u00e9s<\/h2>\n\n\n\n<p>Vous avez pour ambition de trouver de nouveaux clients provenant de pays arabophones ? En Alg\u00e9rie, aux \u00c9mirats arabes unis ou encore en \u00c9gypte ? \u00c9vitez d\u2019uniquement faire traduire votre site internet en anglais, vous atteindrez davantage de clients potentiels si vous leur offrez un contenu dans leur langue maternelle. La traduction de votre site web en arabe repr\u00e9sentera donc le premier pas vers la progression de vos ventes et l\u2019internationalisation de votre entreprise. Il s\u2019agit d\u2019un avantage pr\u00e9cieux \u00e0 ne pas n\u00e9gliger ! Faites confiance \u00e0 notre <a href=\"https:\/\/culturesconnection.com\/fr\/\">cabinet de traduction<\/a>, nous vous accompagnons dans ce projet d\u2019expansion.<\/p>\n\n\n\n<h2 class=\"wp-block-heading\">Notre agence de traduction et d\u2019adaptation culturelle<\/h2>\n\n\n\n<p>Si votre objectif est de v\u00e9ritablement convaincre les internautes arabophones de faire confiance \u00e0 votre entreprise et de vous acheter des services ou des produits, vous devrez trouver un traducteur arabe &#8211; fran\u00e7ais ou un traducteur fran\u00e7ais &#8211; arabe capable d\u2019adapter votre message \u00e0 la culture d\u2019arriv\u00e9e. Par exemple, la culture fran\u00e7aise et la culture \u00e9gyptienne sont loin d\u2019\u00eatre similaires. En cons\u00e9quence, votre traducteur arabe se devra d\u2019adapter le contenu de votre site web afin que votre public cible puisse comprendre et interpr\u00e9ter correctement vos intentions et vos propositions. Les diff\u00e9rences culturelles sont r\u00e9guli\u00e8rement source de malentendus et d\u2019incompr\u00e9hensions qu\u2019il faut \u00e9viter \u00e0 tout prix. Notre \u00e9quipe de professionnels de la traduction de sites web se charge de mener \u00e0 bien votre projet.Nous vous assurons des <a href=\"https:\/\/culturesconnection.com\/fr\/services-de-traduction\/\">services de traduction<\/a> de qualit\u00e9.<\/p>\n\n\n\n<h2 class=\"wp-block-heading\">Votre site web en arabe<\/h2>\n\n\n\n<p>Nous r\u00e9alisons des <a href=\"https:\/\/culturesconnection.com\/fr\/traduction-site-internet\/\">traductions de site web<\/a>. Voici quelques exemples de pages web que nous traduisons en arabe :<\/p>\n\n\n\n<ul class=\"wp-block-list\"><li>Contenus web<\/li><li>Sites e-commerce<\/li><li>Applications mobiles<\/li><li>Plateformes marchandes<\/li><li>Fiches produits<\/li><\/ul>\n","protected":false},"excerpt":{"rendered":"<p>Traduction de sites web\u00a0en arabe : lancez-vous sur d\u2019autres march\u00e9s Vous avez pour ambition de trouver de nouveaux clients provenant de pays arabophones ? En [&#8230;]<\/p>\n<p><a class=\"btn btn-secondary understrap-read-more-link\" href=\"https:\/\/culturesconnection.com\/fr\/services-de-traduction-arabe\/traduction-de-site-web-en-arabe\/\">Lire la suite\u2026<span class=\"screen-reader-text\"> from Agence de traduction de site web en arabe<\/span><\/a><\/p>\n","protected":false},"author":29,"featured_media":24329,"parent":5602,"menu_order":0,"comment_status":"closed","ping_status":"closed","template":"","meta":{"_acf_changed":false,"_editorskit_title_hidden":false,"_editorskit_reading_time":1,"_editorskit_is_block_options_detached":false,"_editorskit_block_options_position":"{}","footnotes":""},"class_list":["post-5433","page","type-page","status-publish","has-post-thumbnail","hentry"],"acf":[],"_links":{"self":[{"href":"https:\/\/culturesconnection.com\/fr\/wp-json\/wp\/v2\/pages\/5433","targetHints":{"allow":["GET"]}}],"collection":[{"href":"https:\/\/culturesconnection.com\/fr\/wp-json\/wp\/v2\/pages"}],"about":[{"href":"https:\/\/culturesconnection.com\/fr\/wp-json\/wp\/v2\/types\/page"}],"author":[{"embeddable":true,"href":"https:\/\/culturesconnection.com\/fr\/wp-json\/wp\/v2\/users\/29"}],"replies":[{"embeddable":true,"href":"https:\/\/culturesconnection.com\/fr\/wp-json\/wp\/v2\/comments?post=5433"}],"version-history":[{"count":0,"href":"https:\/\/culturesconnection.com\/fr\/wp-json\/wp\/v2\/pages\/5433\/revisions"}],"up":[{"embeddable":true,"href":"https:\/\/culturesconnection.com\/fr\/wp-json\/wp\/v2\/pages\/5602"}],"wp:featuredmedia":[{"embeddable":true,"href":"https:\/\/culturesconnection.com\/fr\/wp-json\/wp\/v2\/media\/24329"}],"wp:attachment":[{"href":"https:\/\/culturesconnection.com\/fr\/wp-json\/wp\/v2\/media?parent=5433"}],"curies":[{"name":"wp","href":"https:\/\/api.w.org\/{rel}","templated":true}]}}