{"id":5430,"date":"2016-04-22T23:36:24","date_gmt":"2016-04-22T21:36:24","guid":{"rendered":"http:\/\/culturesconnection.com\/fr\/?page_id=5430"},"modified":"2022-11-25T09:50:22","modified_gmt":"2022-11-25T08:50:22","slug":"traduction-site-web-chinois","status":"publish","type":"page","link":"https:\/\/culturesconnection.com\/fr\/services-de-traduction-chinois\/traduction-site-web-chinois\/","title":{"rendered":"Agence de traduction de site web en chinois"},"content":{"rendered":"\n<h2 class=\"wp-block-heading\">Traduction de sites web en chinois pour se d\u00e9velopper en Chine <\/h2>\n\n\n\n<p>Vous aimeriez atteindre des clients potentiels en Chine ? Avant toute chose, vous devrez proc\u00e9der \u00e0 la traduction de votre site internet en chinois. Tout effort d\u2019implantation sur un march\u00e9 \u00e9tranger doit \u00eatre accompagn\u00e9 par la traduction et la localisation de votre site web. Il s\u2019agit d\u2019un v\u00e9ritable atout que de nombreuses entreprises ont tendance \u00e0 sous-estimer. Il est vrai qu\u2019\u00e0 travers le monde, la majorit\u00e9 des individus lisent et comprennent l\u2019anglais, mais ce n\u2019est pas le cas en Chine o\u00f9 le mandarin et le cantonais dominent. Rappelez-vous qu\u2019un client sera toujours plus enclin \u00e0 vous acheter un produit ou un service si vous lui fournissez les informations dans sa langue maternelle. Comment proc\u00e9der ? La r\u00e9ponse est simple. Confiez-nous votre projet et notre <a href=\"https:\/\/culturesconnection.com\/fr\/\">agence de traduction<\/a> se chargera du reste.<\/p>\n\n\n\n<h2 class=\"wp-block-heading\">Notre agence de traduction adapte vos contenus<\/h2>\n\n\n\n<p>La traduction d\u2019un site internet en chinois n\u00e9cessite une certaine adaptation \u00e0 la culture chinoise. Les diff\u00e9rences culturelles entre la France et la Chine exigent la localisation de votre contenu. Pour ce faire, vous devrez vous adresser \u00e0 un sp\u00e9cialiste du fran\u00e7ais, du chinois, et plus particuli\u00e8rement des m\u0153urs et coutumes respectives de ces pays. Notre cabinet de traduction se charge de trouver le traducteur fran\u00e7ais &#8211; chinois ou chinois &#8211; fran\u00e7ais le plus adapt\u00e9 \u00e0 votre projet. Nous avons \u00e9tabli un vaste r\u00e9seau d\u2019experts de la traduction de pages web en chinois, ce qui nous permet d\u2019\u00eatre \u00e0 m\u00eame de vous proposer les services du traducteur le plus comp\u00e9tent et donc des <a href=\"https:\/\/culturesconnection.com\/fr\/services-de-traduction\/\">services de traduction<\/a> de qualit\u00e9. Donnez une visibilit\u00e9 globale \u00e0 votre entreprise et faites progresser vos ventes ! Faites confiance \u00e0 Cultures Connection.<\/p>\n\n\n\n<h2 class=\"wp-block-heading\">Votre site internet en chinois<\/h2>\n\n\n\n<p>Chez Cultures Connection, nous sommes sp\u00e9cialistes de la <a href=\"https:\/\/culturesconnection.com\/fr\/traduction-site-internet\/\">traduction de site web<\/a>. Nous traduisons de nombreux types de projets en chinois :<\/p>\n\n\n\n<ul class=\"wp-block-list\"><li>Contenus web<\/li><li>Sites e-commerce<\/li><li>Applications mobiles<\/li><li>Plateformes marchandes<\/li><li>Fiches produits<\/li><\/ul>\n","protected":false},"excerpt":{"rendered":"<p>Traduction de sites web en chinois pour se d\u00e9velopper en Chine Vous aimeriez atteindre des clients potentiels en Chine ? Avant toute chose, vous devrez [&#8230;]<\/p>\n<p><a class=\"btn btn-secondary understrap-read-more-link\" href=\"https:\/\/culturesconnection.com\/fr\/services-de-traduction-chinois\/traduction-site-web-chinois\/\">Lire la suite\u2026<span class=\"screen-reader-text\"> from Agence de traduction de site web en chinois<\/span><\/a><\/p>\n","protected":false},"author":29,"featured_media":24329,"parent":5618,"menu_order":0,"comment_status":"closed","ping_status":"closed","template":"","meta":{"_acf_changed":false,"_editorskit_title_hidden":false,"_editorskit_reading_time":1,"_editorskit_is_block_options_detached":false,"_editorskit_block_options_position":"{}","footnotes":""},"class_list":["post-5430","page","type-page","status-publish","has-post-thumbnail","hentry"],"acf":[],"_links":{"self":[{"href":"https:\/\/culturesconnection.com\/fr\/wp-json\/wp\/v2\/pages\/5430","targetHints":{"allow":["GET"]}}],"collection":[{"href":"https:\/\/culturesconnection.com\/fr\/wp-json\/wp\/v2\/pages"}],"about":[{"href":"https:\/\/culturesconnection.com\/fr\/wp-json\/wp\/v2\/types\/page"}],"author":[{"embeddable":true,"href":"https:\/\/culturesconnection.com\/fr\/wp-json\/wp\/v2\/users\/29"}],"replies":[{"embeddable":true,"href":"https:\/\/culturesconnection.com\/fr\/wp-json\/wp\/v2\/comments?post=5430"}],"version-history":[{"count":0,"href":"https:\/\/culturesconnection.com\/fr\/wp-json\/wp\/v2\/pages\/5430\/revisions"}],"up":[{"embeddable":true,"href":"https:\/\/culturesconnection.com\/fr\/wp-json\/wp\/v2\/pages\/5618"}],"wp:featuredmedia":[{"embeddable":true,"href":"https:\/\/culturesconnection.com\/fr\/wp-json\/wp\/v2\/media\/24329"}],"wp:attachment":[{"href":"https:\/\/culturesconnection.com\/fr\/wp-json\/wp\/v2\/media?parent=5430"}],"curies":[{"name":"wp","href":"https:\/\/api.w.org\/{rel}","templated":true}]}}