{"id":5429,"date":"2016-04-28T21:38:27","date_gmt":"2016-04-28T19:38:27","guid":{"rendered":"http:\/\/culturesconnection.com\/fr\/?page_id=5429"},"modified":"2022-11-17T09:51:34","modified_gmt":"2022-11-17T08:51:34","slug":"traduction-commerciale-arabe","status":"publish","type":"page","link":"https:\/\/culturesconnection.com\/fr\/services-de-traduction-arabe\/traduction-commerciale-arabe\/","title":{"rendered":"Agence de traduction commerciale en arabe"},"content":{"rendered":"\n<h2 class=\"wp-block-heading\">La traduction commerciale arabe &#8211; fran\u00e7ais, gage d\u2019une expansion \u00e0 l\u2019international r\u00e9ussie<\/h2>\n\n\n\n<p>De nos jours, les \u00e9changes commerciaux sont de plus en plus mondialis\u00e9s. Il est par cons\u00e9quent primordial de surmonter les barri\u00e8res linguistiques et assurer ainsi une communication simplifi\u00e9e entre les diff\u00e9rents pays. Vous devez envoyer des documents commerciaux \u00e0 des partenaires arabes ? Confiez-les sans plus attendre \u00e0 nos professionnels de la traduction commerciale en arabe. Il en va de l\u2019avenir, de la r\u00e9putation et de la cr\u00e9dibilit\u00e9 de votre entreprise.<\/p>\n\n\n\n<h2 class=\"wp-block-heading\">Des traducteurs arabe &#8211; fran\u00e7ais experts \u00e0 votre service<\/h2>\n\n\n\n<p>Notre <a href=\"https:\/\/culturesconnection.com\/fr\/\">cabinet de traduction<\/a> vous propose les services de son vaste r\u00e9seau de professionnels de la traduction commerciale en arabe. Nos traducteurs arabe &#8211; fran\u00e7ais sont tous s\u00e9lectionn\u00e9s sur base de leur exp\u00e9rience dans le domaine, leurs dipl\u00f4mes et leurs qualifications. Ils sont soumis \u00e0 une s\u00e9rie de tests de traduction afin d\u2019\u00e9valuer leurs comp\u00e9tences et proposer \u00e0 nos clients des <a href=\"https:\/\/culturesconnection.com\/fr\/services-de-traduction\/\">services de traduction<\/a> fiables. La <a href=\"https:\/\/culturesconnection.com\/fr\/traduction-commerciale\/\">traduction de vos documents commerciaux<\/a> vous permettra de gagner plus facilement la confiance de vos partenaires commerciaux arabes, ce qui repr\u00e9sente un atout non-n\u00e9gligeable.<\/p>\n\n\n\n<h2 class=\"wp-block-heading\">Vos documents commerciaux traduits en arabe<\/h2>\n\n\n\n<p>Nous traduisons de nombreux types de documents commerciaux depuis et vers l\u2019arabe. Ci-dessous se trouve une liste de quelques exemples des textes que nous traitons r\u00e9guli\u00e8rement :<\/p>\n\n\n\n<ul class=\"wp-block-list\"><li>Cartes de visite<\/li><li>Campagnes<\/li><li>Brochures<\/li><li>Plaquettes publicitaires<\/li><li>Catalogues publicitaires<\/li><li>Sites web<\/li><li>Communiqu\u00e9s<\/li><li>Pr\u00e9sentations<\/li><li>Lettres d&rsquo;information commerciales<\/li><li>Supports publicitaires<\/li><li>Publicit\u00e9s<\/li><li>\u00c9tudes de march\u00e9<\/li><li>Livres blancs<\/li><\/ul>\n","protected":false},"excerpt":{"rendered":"<p>La traduction commerciale arabe &#8211; fran\u00e7ais, gage d\u2019une expansion \u00e0 l\u2019international r\u00e9ussie De nos jours, les \u00e9changes commerciaux sont de plus en plus mondialis\u00e9s. Il [&#8230;]<\/p>\n<p><a class=\"btn btn-secondary understrap-read-more-link\" href=\"https:\/\/culturesconnection.com\/fr\/services-de-traduction-arabe\/traduction-commerciale-arabe\/\">Lire la suite\u2026<span class=\"screen-reader-text\"> from Agence de traduction commerciale en arabe<\/span><\/a><\/p>\n","protected":false},"author":26,"featured_media":24329,"parent":5602,"menu_order":0,"comment_status":"closed","ping_status":"closed","template":"","meta":{"_acf_changed":false,"_editorskit_title_hidden":false,"_editorskit_reading_time":0,"_editorskit_is_block_options_detached":false,"_editorskit_block_options_position":"{}","footnotes":""},"class_list":["post-5429","page","type-page","status-publish","has-post-thumbnail","hentry"],"acf":[],"_links":{"self":[{"href":"https:\/\/culturesconnection.com\/fr\/wp-json\/wp\/v2\/pages\/5429","targetHints":{"allow":["GET"]}}],"collection":[{"href":"https:\/\/culturesconnection.com\/fr\/wp-json\/wp\/v2\/pages"}],"about":[{"href":"https:\/\/culturesconnection.com\/fr\/wp-json\/wp\/v2\/types\/page"}],"author":[{"embeddable":true,"href":"https:\/\/culturesconnection.com\/fr\/wp-json\/wp\/v2\/users\/26"}],"replies":[{"embeddable":true,"href":"https:\/\/culturesconnection.com\/fr\/wp-json\/wp\/v2\/comments?post=5429"}],"version-history":[{"count":0,"href":"https:\/\/culturesconnection.com\/fr\/wp-json\/wp\/v2\/pages\/5429\/revisions"}],"up":[{"embeddable":true,"href":"https:\/\/culturesconnection.com\/fr\/wp-json\/wp\/v2\/pages\/5602"}],"wp:featuredmedia":[{"embeddable":true,"href":"https:\/\/culturesconnection.com\/fr\/wp-json\/wp\/v2\/media\/24329"}],"wp:attachment":[{"href":"https:\/\/culturesconnection.com\/fr\/wp-json\/wp\/v2\/media?parent=5429"}],"curies":[{"name":"wp","href":"https:\/\/api.w.org\/{rel}","templated":true}]}}