{"id":5428,"date":"2016-04-29T21:15:46","date_gmt":"2016-04-29T19:15:46","guid":{"rendered":"http:\/\/culturesconnection.com\/fr\/?page_id=5428"},"modified":"2022-12-05T14:58:32","modified_gmt":"2022-12-05T13:58:32","slug":"traduction-de-site-web-en-allemand","status":"publish","type":"page","link":"https:\/\/culturesconnection.com\/fr\/services-de-traduction-allemand\/traduction-de-site-web-en-allemand\/","title":{"rendered":"Agence de traduction de site web en allemand"},"content":{"rendered":"\n<h2 class=\"wp-block-heading\">Traduction de site web en allemand : rapprochez-vous de vos clients \u00e9trangers<\/h2>\n\n\n\n<p>Vous projetez d\u2019\u00e9largir votre client\u00e8le \u00e0 l\u2019Allemagne ? De toute \u00e9vidence, la premi\u00e8re \u00e9tape pour y parvenir sera de faire traduire votre site internet en allemand. Vous parviendrez ainsi \u00e0 atteindre des clients potentiels outre-Rhin et \u00e0 faire progresser vos ventes. Bien que l\u2019anglais soit aujourd\u2019hui compris par une grande partie de la population mondiale, gardez bien \u00e0 l\u2019esprit que les internautes pr\u00e9f\u00e9reront toujours avoir acc\u00e8s aux informations dans leur langue maternelle. Par ailleurs, ils auront davantage tendance \u00e0 acheter un produit ou un service s\u2019il leur est pr\u00e9sent\u00e9 dans leur propre langue.<\/p>\n\n\n\n<h2 class=\"wp-block-heading\">Confiez \u00e0 notre soci\u00e9t\u00e9 de traduction vos projets en allemand et en fran\u00e7ais<\/h2>\n\n\n\n<p>D\u2019autres facteurs sont \u00e0 prendre en compte pour une traduction de sites internet r\u00e9ussie. Pensez-vous qu\u2019un Allemand et un Fran\u00e7ais comprennent et interpr\u00e8tent un message de la m\u00eame mani\u00e8re ? Pas forc\u00e9ment ! En effet, \u00e0 partir du moment o\u00f9 deux cultures diff\u00e8rent, il convient d\u2019adapter et de localiser le message que vous d\u00e9sirez transmettre. C\u2019est pour quoi, notre <a href=\"https:\/\/culturesconnection.com\/fr\/\">agence de traduction<\/a> collabore uniquement avec des traducteurs allemand &#8211; fran\u00e7ais ou fran\u00e7ais &#8211; allemand sp\u00e9cialis\u00e9s en traduction de sites web, dans le but de vous rendre le meilleur<a href=\"https:\/\/culturesconnection.com\/fr\/services-de-traduction\/\"> service de traduction<\/a>. Ils ma\u00eetrisent parfaitement l\u2019allemand, le fran\u00e7ais et leurs cultures respectives. Nos traducteurs professionnels s\u2019assureront toujours que le contenu de votre site soit parfaitement adapt\u00e9 \u00e0 votre public cible.<\/p>\n\n\n\n<h2 class=\"wp-block-heading\">Nos services de traduction de site internet en allemand<\/h2>\n\n\n\n<p>Notre soci\u00e9t\u00e9 de traduction est sp\u00e9cialis\u00e9e dans la <a href=\"https:\/\/culturesconnection.com\/fr\/traduction-site-internet\/\">traduction de site web<\/a> :<\/p>\n\n\n\n<ul class=\"wp-block-list\"><li>Contenus web<\/li><li>Sites e-commerce<\/li><li>Applications mobiles<\/li><li>Plateformes marchandes<\/li><li>Fiches produits<\/li><\/ul>\n","protected":false},"excerpt":{"rendered":"<p>Traduction de site web en allemand : rapprochez-vous de vos clients \u00e9trangers Vous projetez d\u2019\u00e9largir votre client\u00e8le \u00e0 l\u2019Allemagne ? De toute \u00e9vidence, la premi\u00e8re [&#8230;]<\/p>\n<p><a class=\"btn btn-secondary understrap-read-more-link\" href=\"https:\/\/culturesconnection.com\/fr\/services-de-traduction-allemand\/traduction-de-site-web-en-allemand\/\">Lire la suite\u2026<span class=\"screen-reader-text\"> from Agence de traduction de site web en allemand<\/span><\/a><\/p>\n","protected":false},"author":29,"featured_media":24329,"parent":5601,"menu_order":0,"comment_status":"closed","ping_status":"closed","template":"","meta":{"_acf_changed":false,"_editorskit_title_hidden":false,"_editorskit_reading_time":0,"_editorskit_is_block_options_detached":false,"_editorskit_block_options_position":"{}","footnotes":""},"class_list":["post-5428","page","type-page","status-publish","has-post-thumbnail","hentry"],"acf":[],"_links":{"self":[{"href":"https:\/\/culturesconnection.com\/fr\/wp-json\/wp\/v2\/pages\/5428","targetHints":{"allow":["GET"]}}],"collection":[{"href":"https:\/\/culturesconnection.com\/fr\/wp-json\/wp\/v2\/pages"}],"about":[{"href":"https:\/\/culturesconnection.com\/fr\/wp-json\/wp\/v2\/types\/page"}],"author":[{"embeddable":true,"href":"https:\/\/culturesconnection.com\/fr\/wp-json\/wp\/v2\/users\/29"}],"replies":[{"embeddable":true,"href":"https:\/\/culturesconnection.com\/fr\/wp-json\/wp\/v2\/comments?post=5428"}],"version-history":[{"count":0,"href":"https:\/\/culturesconnection.com\/fr\/wp-json\/wp\/v2\/pages\/5428\/revisions"}],"up":[{"embeddable":true,"href":"https:\/\/culturesconnection.com\/fr\/wp-json\/wp\/v2\/pages\/5601"}],"wp:featuredmedia":[{"embeddable":true,"href":"https:\/\/culturesconnection.com\/fr\/wp-json\/wp\/v2\/media\/24329"}],"wp:attachment":[{"href":"https:\/\/culturesconnection.com\/fr\/wp-json\/wp\/v2\/media?parent=5428"}],"curies":[{"name":"wp","href":"https:\/\/api.w.org\/{rel}","templated":true}]}}