{"id":5426,"date":"2016-05-03T17:18:37","date_gmt":"2016-05-03T15:18:37","guid":{"rendered":"http:\/\/culturesconnection.com\/fr\/?page_id=5426"},"modified":"2022-11-23T16:06:03","modified_gmt":"2022-11-23T15:06:03","slug":"traduction-financiere-espagnol","status":"publish","type":"page","link":"https:\/\/culturesconnection.com\/fr\/services-de-traduction-espagnol\/traduction-financiere-espagnol\/","title":{"rendered":"Agence de traduction financi\u00e8re en espagnol"},"content":{"rendered":"\n<h2 class=\"wp-block-heading\">Un service de traduction financi\u00e8re fourni par des experts en espagnol &#8211; fran\u00e7ais<\/h2>\n\n\n\n<p>La technicit\u00e9 des documents financiers exige un savoir-faire et une connaissance irr\u00e9prochable des concepts et des termes \u00e0 employer. Pour un r\u00e9sultat sans pareil, une seule solution s\u2019offre \u00e0 vous : faire appel \u00e0 un professionnel de la traduction financi\u00e8re en espagnol. Lui et lui seul poss\u00e8de les qualifications requises pour abattre un tel travail de pr\u00e9cision et de fid\u00e9lit\u00e9. Pour devenir traducteur financier, il est indispensable de conna\u00eetre les ficelles du m\u00e9tier et de compter sur plusieurs ann\u00e9es d\u2019exp\u00e9rience. Notre <a href=\"https:\/\/culturesconnection.com\/fr\/\">agence de traduction<\/a> est au fait de ces exigences et a \u00e9tabli un r\u00e9seau de traducteurs professionnels \u00e0 cet effet. \u00c0 chaque projet son traducteur : nous prenons soin de les s\u00e9lectionner sur base de leurs comp\u00e9tences et de leurs qualifications dans le domaine d\u2019activit\u00e9 de votre projet.<\/p>\n\n\n\n<h2 class=\"wp-block-heading\">Notre cabinet de traduction<\/h2>\n\n\n\n<p>Cultures Connection vous offre de nombreux <a href=\"https:\/\/culturesconnection.com\/fr\/services-de-traduction\/\">services de traduction<\/a>. Notre entreprise de traduction a su se construire une r\u00e9putation gr\u00e2ce \u00e0 son exp\u00e9rience et aux nombreux clients qui lui accordent leur confiance. Chez Cultures Connection, nous savons pertinemment que les traductions de vos documents financiers refl\u00e8tent l\u2019image de votre entreprise et que toute erreur ou impr\u00e9cision aura des r\u00e9percussions lourdes sur la cr\u00e9dibilit\u00e9 de cette derni\u00e8re. C\u2019est pourquoi nous veillons \u00e0 ce que nos <a href=\"https:\/\/culturesconnection.com\/fr\/traduction-financiere\/\">traductions financi\u00e8res<\/a> depuis et vers l\u2019espagnol soient toujours irr\u00e9prochables en termes de fid\u00e9lit\u00e9, d\u2019exactitude et de qualit\u00e9.<\/p>\n\n\n\n<h2 class=\"wp-block-heading\">Vos documents financiers en espagnol<\/h2>\n\n\n\n<p>Voici quelques exemples de documents financiers que nous traduisons depuis et vers l\u2019espagnol pour de nombreux clients :<\/p>\n\n\n\n<ul class=\"wp-block-list\"><li>Documents de gestion du risque et d\u2019actifs<\/li><li>Prospectus<\/li><li>Documents d\u2019informations cl\u00e9s pour l\u2019investisseur (DICI)<\/li><li>Prospectus<\/li><li>Lettres bancaires<\/li><li>Documents d\u2019informations financi\u00e8res<\/li><li>Papiers de recherche<\/li><li>Rapports de fonds d\u2019investissement<\/li><li>Rapports d\u2019activit\u00e9<\/li><li>Bilans<\/li><li>Rapports d\u2019audits<\/li><li>Documents de fusions et d\u2019acquisitions<\/li><li>Bourse<\/li><\/ul>\n","protected":false},"excerpt":{"rendered":"<p>Un service de traduction financi\u00e8re fourni par des experts en espagnol &#8211; fran\u00e7ais La technicit\u00e9 des documents financiers exige un savoir-faire et une connaissance irr\u00e9prochable [&#8230;]<\/p>\n<p><a class=\"btn btn-secondary understrap-read-more-link\" href=\"https:\/\/culturesconnection.com\/fr\/services-de-traduction-espagnol\/traduction-financiere-espagnol\/\">Lire la suite\u2026<span class=\"screen-reader-text\"> from Agence de traduction financi\u00e8re en espagnol<\/span><\/a><\/p>\n","protected":false},"author":32,"featured_media":24329,"parent":5622,"menu_order":0,"comment_status":"closed","ping_status":"closed","template":"","meta":{"_acf_changed":false,"_editorskit_title_hidden":false,"_editorskit_reading_time":1,"_editorskit_is_block_options_detached":false,"_editorskit_block_options_position":"{}","footnotes":""},"class_list":["post-5426","page","type-page","status-publish","has-post-thumbnail","hentry"],"acf":[],"_links":{"self":[{"href":"https:\/\/culturesconnection.com\/fr\/wp-json\/wp\/v2\/pages\/5426","targetHints":{"allow":["GET"]}}],"collection":[{"href":"https:\/\/culturesconnection.com\/fr\/wp-json\/wp\/v2\/pages"}],"about":[{"href":"https:\/\/culturesconnection.com\/fr\/wp-json\/wp\/v2\/types\/page"}],"author":[{"embeddable":true,"href":"https:\/\/culturesconnection.com\/fr\/wp-json\/wp\/v2\/users\/32"}],"replies":[{"embeddable":true,"href":"https:\/\/culturesconnection.com\/fr\/wp-json\/wp\/v2\/comments?post=5426"}],"version-history":[{"count":0,"href":"https:\/\/culturesconnection.com\/fr\/wp-json\/wp\/v2\/pages\/5426\/revisions"}],"up":[{"embeddable":true,"href":"https:\/\/culturesconnection.com\/fr\/wp-json\/wp\/v2\/pages\/5622"}],"wp:featuredmedia":[{"embeddable":true,"href":"https:\/\/culturesconnection.com\/fr\/wp-json\/wp\/v2\/media\/24329"}],"wp:attachment":[{"href":"https:\/\/culturesconnection.com\/fr\/wp-json\/wp\/v2\/media?parent=5426"}],"curies":[{"name":"wp","href":"https:\/\/api.w.org\/{rel}","templated":true}]}}