{"id":5417,"date":"2016-05-03T17:30:23","date_gmt":"2016-05-03T15:30:23","guid":{"rendered":"http:\/\/culturesconnection.com\/fr\/?page_id=5417"},"modified":"2022-12-08T10:23:54","modified_gmt":"2022-12-08T09:23:54","slug":"traduction-financiere-turc","status":"publish","type":"page","link":"https:\/\/culturesconnection.com\/fr\/services-de-traduction-en-turc\/traduction-financiere-turc\/","title":{"rendered":"Agence de traduction financi\u00e8re en turc"},"content":{"rendered":"\n<h2 class=\"wp-block-heading\">Des professionnels de la traduction financi\u00e8re turc &#8211; fran\u00e7ais \u00e0 votre service<\/h2>\n\n\n\n<p>Exactitude et rigueur sont les ma\u00eetres mots de la traduction de documents financiers en turc. Le traducteur doit avoir une connaissance approfondie du milieu de la finance, de la terminologie qui lui est propre et des r\u00e9glementations qui le r\u00e9gissent. Une simple erreur de traduction pourrait avoir de graves cons\u00e9quences, surtout \u00e9conomiques, car elle emp\u00eacherait la bonne compr\u00e9hension du texte et entraverait la prise de d\u00e9cision. C\u2019est surtout le cas pour les documents d\u2019assurance : une personne pourrait perdre les garanties qui lui sont octroy\u00e9es dans ce document en cas de traduction mal faite. Pour ne pas avoir \u00e0 subir ce genre de situation, il est important de bien choisir son <a href=\"https:\/\/culturesconnection.com\/fr\/\">entreprise de traduction.<\/a><\/p>\n\n\n\n<h2 class=\"wp-block-heading\">Notre agence de traduction financi\u00e8re<\/h2>\n\n\n\n<p>Cultures Connection a su s\u2019entourer des meilleurs traducteurs financiers sp\u00e9cialis\u00e9s en langue turque. Ces derniers sont recrut\u00e9s en fonction de leurs dipl\u00f4mes et de leur exp\u00e9rience dans le domaine. Ils ont acquis cette derni\u00e8re par un parcours professionnel dans le domaine des finances et ma\u00eetrisent parfaitement leurs langues de travail, le fran\u00e7ais et le turc. Nos traducteurs professionnels s\u2019occupent de vos projets avec beaucoup de s\u00e9rieux et ne travaillent que vers leur langue maternelle. Cultures Connection veille \u00e9galement \u00e0 la stricte confidentialit\u00e9 de vos documents financiers. Choisir nos <a href=\"https:\/\/culturesconnection.com\/fr\/services-de-traduction\/\">services de traduction<\/a>, c\u2019est faire le meilleur choix pour la traduction en turc de vos <a href=\"https:\/\/culturesconnection.com\/fr\/traduction-financiere\/\">documents financiers<\/a> par des professionnels.<\/p>\n\n\n\n<h2 class=\"wp-block-heading\">Vos documents financiers en turc<\/h2>\n\n\n\n<p>Ci-dessous, nous vous pr\u00e9sentons quelques exemples de documents financiers et \u00e9conomiques que notre agence de traduction traduit en turc :<\/p>\n\n\n\n<ul class=\"wp-block-list\">\n<li>Documents d\u2019informations cl\u00e9s pour l\u2019investisseur (DICI)<\/li>\n\n\n\n<li>Documents bancaires<\/li>\n\n\n\n<li>Documents d\u2019informations financi\u00e8res<\/li>\n\n\n\n<li>Rapports d\u2019audits<\/li>\n\n\n\n<li>Papiers de recherche<\/li>\n\n\n\n<li>Prospectus<\/li>\n\n\n\n<li>Rapports de fonds d\u2019investissement<\/li>\n\n\n\n<li>Rapports d\u2019activit\u00e9<\/li>\n\n\n\n<li>Bilans<\/li>\n\n\n\n<li>Bourse<\/li>\n\n\n\n<li>Articles de recherche<\/li>\n\n\n\n<li>Documents de gestion du risque et d\u2019actifs<\/li>\n\n\n\n<li>Textes de fusions et d\u2019acquisitions<\/li>\n<\/ul>\n","protected":false},"excerpt":{"rendered":"<p>Des professionnels de la traduction financi\u00e8re turc &#8211; fran\u00e7ais \u00e0 votre service Exactitude et rigueur sont les ma\u00eetres mots de la traduction de documents financiers [&#8230;]<\/p>\n<p><a class=\"btn btn-secondary understrap-read-more-link\" href=\"https:\/\/culturesconnection.com\/fr\/services-de-traduction-en-turc\/traduction-financiere-turc\/\">Lire la suite\u2026<span class=\"screen-reader-text\"> from Agence de traduction financi\u00e8re en turc<\/span><\/a><\/p>\n","protected":false},"author":32,"featured_media":24329,"parent":5634,"menu_order":0,"comment_status":"closed","ping_status":"closed","template":"","meta":{"_acf_changed":false,"_editorskit_title_hidden":false,"_editorskit_reading_time":1,"_editorskit_is_block_options_detached":false,"_editorskit_block_options_position":"{}","footnotes":""},"class_list":["post-5417","page","type-page","status-publish","has-post-thumbnail","hentry"],"acf":[],"_links":{"self":[{"href":"https:\/\/culturesconnection.com\/fr\/wp-json\/wp\/v2\/pages\/5417","targetHints":{"allow":["GET"]}}],"collection":[{"href":"https:\/\/culturesconnection.com\/fr\/wp-json\/wp\/v2\/pages"}],"about":[{"href":"https:\/\/culturesconnection.com\/fr\/wp-json\/wp\/v2\/types\/page"}],"author":[{"embeddable":true,"href":"https:\/\/culturesconnection.com\/fr\/wp-json\/wp\/v2\/users\/32"}],"replies":[{"embeddable":true,"href":"https:\/\/culturesconnection.com\/fr\/wp-json\/wp\/v2\/comments?post=5417"}],"version-history":[{"count":0,"href":"https:\/\/culturesconnection.com\/fr\/wp-json\/wp\/v2\/pages\/5417\/revisions"}],"up":[{"embeddable":true,"href":"https:\/\/culturesconnection.com\/fr\/wp-json\/wp\/v2\/pages\/5634"}],"wp:featuredmedia":[{"embeddable":true,"href":"https:\/\/culturesconnection.com\/fr\/wp-json\/wp\/v2\/media\/24329"}],"wp:attachment":[{"href":"https:\/\/culturesconnection.com\/fr\/wp-json\/wp\/v2\/media?parent=5417"}],"curies":[{"name":"wp","href":"https:\/\/api.w.org\/{rel}","templated":true}]}}