{"id":5414,"date":"2016-05-03T17:32:25","date_gmt":"2016-05-03T15:32:25","guid":{"rendered":"http:\/\/culturesconnection.com\/fr\/?page_id=5414"},"modified":"2022-11-24T15:06:52","modified_gmt":"2022-11-24T14:06:52","slug":"traduction-financiere-neerlandais","status":"publish","type":"page","link":"https:\/\/culturesconnection.com\/fr\/services-de-traduction-neerlandais\/traduction-financiere-neerlandais\/","title":{"rendered":"Agence de traduction financi\u00e8re en n\u00e9erlandais"},"content":{"rendered":"\n<h2 class=\"wp-block-heading\">Des professionnels de la traduction financi\u00e8re n\u00e9erlandais &#8211; fran\u00e7ais \u00e0 votre service<\/h2>\n\n\n\n<p>La traduction de documents financiers demande exactitude et rigueur. Le traducteur doit conna\u00eetre le milieu de la finance dans ses moindres d\u00e9tails, ainsi que la terminologie et les r\u00e9glementations qui vont avec. La moindre erreur, aussi petite soit-elle, peut avoir de lourdes cons\u00e9quences, surtout d\u2019ordre \u00e9conomique. Une maladresse ou un manque de pr\u00e9cision pourraient emp\u00eacher un client de comprendre un texte et donc influencer n\u00e9gativement sa prise de d\u00e9cision. Choisir la bonne <a href=\"https:\/\/culturesconnection.com\/fr\/\" class=\"ek-link\">agence de traduction<\/a> pour effectuer la traduction de vos documents financiers en n\u00e9erlandais est donc primordial. Notre \u00e9quipe r\u00e9alise de nombreux <a href=\"https:\/\/culturesconnection.com\/fr\/services-de-traduction\/\">services de traduction<\/a>.<\/p>\n\n\n\n<h2 class=\"wp-block-heading\">Notre cabinet de traduction<\/h2>\n\n\n\n<p>Cultures Connection travaille avec les meilleurs traducteurs et relecteurs dans le domaine de la finance. Leur recrutement s\u2019op\u00e8re sur la base de leurs dipl\u00f4mes et de leur exp\u00e9rience professionnelle. L&rsquo;exp\u00e9rience de ces traducteurs vient notamment de leur parcours professionnel dans le milieu financier ou de formations intensives. Leurs langues de travail n\u2019ont aucun secret pour eux. Ils dominent le fran\u00e7ais et le n\u00e9erlandais parfaitement et ne travaillent que vers leur langue maternelle afin de respecter les r\u00e8gles impos\u00e9es en traduction. Vos projets de\u00a0<a href=\"https:\/\/culturesconnection.com\/fr\/traduction-financiere\/\">traduction financi\u00e8re<\/a>\u00a0sont entre les mains de professionnels qui s\u2019en occuperont avec beaucoup de s\u00e9rieux et d\u2019expertise. Nous veillons \u00e9galement \u00e0 la confidentialit\u00e9 des documents financiers que vous nous confiez tout au long du processus de traduction. Choisir notre agence pour la traduction d\u2019un document financier du fran\u00e7ais vers le n\u00e9erlandais ou du n\u00e9erlandais vers le fran\u00e7ais, c\u2019est faire le choix de la qualit\u00e9.<\/p>\n\n\n\n<h2 class=\"wp-block-heading\">Vos documents financiers en n\u00e9erlandais<\/h2>\n\n\n\n<p>Voici une liste non-exhaustive d\u2019exemples de documents financiers et \u00e9conomiques que Cultures Connection traduit en n\u00e9erlandais pour ses clients :<\/p>\n\n\n\n<ul class=\"wp-block-list\"><li>Rapports de fonds d\u2019investissement<\/li><li>Rapports d\u2019activit\u00e9<\/li><li>Bourse<\/li><li>Prospectus<\/li><li>Documents d\u2019informations financi\u00e8res<\/li><li>Lettres bancaires<\/li><li>Documents de gestion du risque et de gestion d\u2019actifs<\/li><li>Documents de fusions et d\u2019acquisitions<\/li><li>Papiers de recherche<\/li><li>Rapports d\u2019audits<\/li><li>Rapports d\u2019activit\u00e9<\/li><li>Bilans<\/li><li>Documents d\u2019informations financi\u00e8res<\/li><li>Documents d\u2019informations cl\u00e9s pour l\u2019investisseur (DICI)<\/li><\/ul>\n","protected":false},"excerpt":{"rendered":"<p>Des professionnels de la traduction financi\u00e8re n\u00e9erlandais &#8211; fran\u00e7ais \u00e0 votre service La traduction de documents financiers demande exactitude et rigueur. Le traducteur doit conna\u00eetre [&#8230;]<\/p>\n<p><a class=\"btn btn-secondary understrap-read-more-link\" href=\"https:\/\/culturesconnection.com\/fr\/services-de-traduction-neerlandais\/traduction-financiere-neerlandais\/\">Lire la suite\u2026<span class=\"screen-reader-text\"> from Agence de traduction financi\u00e8re en n\u00e9erlandais<\/span><\/a><\/p>\n","protected":false},"author":32,"featured_media":24329,"parent":5627,"menu_order":0,"comment_status":"closed","ping_status":"closed","template":"","meta":{"_acf_changed":false,"_editorskit_title_hidden":false,"_editorskit_reading_time":1,"_editorskit_is_block_options_detached":false,"_editorskit_block_options_position":"{}","footnotes":""},"class_list":["post-5414","page","type-page","status-publish","has-post-thumbnail","hentry"],"acf":[],"_links":{"self":[{"href":"https:\/\/culturesconnection.com\/fr\/wp-json\/wp\/v2\/pages\/5414","targetHints":{"allow":["GET"]}}],"collection":[{"href":"https:\/\/culturesconnection.com\/fr\/wp-json\/wp\/v2\/pages"}],"about":[{"href":"https:\/\/culturesconnection.com\/fr\/wp-json\/wp\/v2\/types\/page"}],"author":[{"embeddable":true,"href":"https:\/\/culturesconnection.com\/fr\/wp-json\/wp\/v2\/users\/32"}],"replies":[{"embeddable":true,"href":"https:\/\/culturesconnection.com\/fr\/wp-json\/wp\/v2\/comments?post=5414"}],"version-history":[{"count":0,"href":"https:\/\/culturesconnection.com\/fr\/wp-json\/wp\/v2\/pages\/5414\/revisions"}],"up":[{"embeddable":true,"href":"https:\/\/culturesconnection.com\/fr\/wp-json\/wp\/v2\/pages\/5627"}],"wp:featuredmedia":[{"embeddable":true,"href":"https:\/\/culturesconnection.com\/fr\/wp-json\/wp\/v2\/media\/24329"}],"wp:attachment":[{"href":"https:\/\/culturesconnection.com\/fr\/wp-json\/wp\/v2\/media?parent=5414"}],"curies":[{"name":"wp","href":"https:\/\/api.w.org\/{rel}","templated":true}]}}