{"id":5408,"date":"2016-04-25T22:55:22","date_gmt":"2016-04-25T20:55:22","guid":{"rendered":"http:\/\/culturesconnection.com\/fr\/?page_id=5408"},"modified":"2023-08-16T23:10:54","modified_gmt":"2023-08-16T21:10:54","slug":"traduction-jeux-video-en-russe","status":"publish","type":"page","link":"https:\/\/culturesconnection.com\/fr\/services-de-traduction-russe\/traduction-jeux-video-en-russe\/","title":{"rendered":"Traduction de jeux vid\u00e9o en russe"},"content":{"rendered":"\n<h2 class=\"wp-block-heading\">TRADUCTION DE JEUX VID\u00c9O EN RUSSE<\/h2>\n\n\n\n<p>Lorsqu\u2019ils jouent \u00e0 un jeu vid\u00e9o, les joueurs russes aiment g\u00e9n\u00e9ralement que celui-ci soit dans leur langue maternelle afin de pouvoir en comprendre les r\u00e9pliques et les subtilit\u00e9s. Ils s\u2019immergent ainsi dans ce monde virtuel et voient leur exp\u00e9rience optimis\u00e9e. La traduction de vos jeux vid\u00e9o\u00a0en russe est donc une \u00e9tape essentielle pour leur diffusion. Le travail d\u2019adaptation doit \u00eatre r\u00e9alis\u00e9 par des personnes comp\u00e9tentes ayant de l\u2019exp\u00e9rience dans ce domaine, et connaissant la culture du march\u00e9 sur lequel vous voulez lancer votre jeu. Pour qu\u2019une localisation soit r\u00e9ussie, il faut qu\u2019elle corresponde \u00e0 la culture locale.<\/p>\n\n\n\n<h2 class=\"wp-block-heading\">LA LOCALISATION DE VOS JEUX VID\u00c9O EN RUSSE<\/h2>\n\n\n\n<p>Notre\u00a0<a href=\"\/fr\/\" class=\"ek-link\">agence de traduction<\/a>\u00a0s\u2019est entour\u00e9e de vrais sp\u00e9cialistes de la localisation de jeux vid\u00e9o en russe. Nos localisateurs sont issus de ce march\u00e9 et sont eux-m\u00eames passionn\u00e9s par cet univers. Et ils peuvent bien l\u2019\u00eatre, car en plus de traduire le contenu du script, ils doivent \u00e9galement s\u2019occuper de l\u2019interface et des supports de communication. Nous ne nous contentons pas de traduire vos jeux vid\u00e9o en russe, nous les adaptons \u00e0 la culture locale tout en respectant le sens original que le d\u00e9veloppeur a donn\u00e9 \u00e0 son jeu. Notre soci\u00e9t\u00e9 de traduction, c\u2019est l\u2019assurance d\u2019un\u00a0<a href=\"\/fr\/services-de-traduction\/\" class=\"ek-link\">service de traduction<\/a>\u00a0bien fait, r\u00e9alis\u00e9 par des experts en la mati\u00e8re.<\/p>\n\n\n\n<h2 class=\"wp-block-heading\">NOS SERVICES DE TRADUCTION DE JEUX VID\u00c9O<\/h2>\n\n\n\n<p>Les\u00a0<a href=\"\/fr\/traduction-localisation-jeux-video\/\" class=\"ek-link\">services de traduction et de localisation\u00a0<\/a>que nous proposons sont les suivants :<\/p>\n\n\n\n<ul class=\"wp-block-list\">\n<li>Traduction de jeux vid\u00e9o<\/li>\n\n\n\n<li>Localisation de jeux vid\u00e9o<\/li>\n\n\n\n<li>Gestion de projet<\/li>\n\n\n\n<li>Sous-titrage<\/li>\n\n\n\n<li>Enregistrement et doublage<\/li>\n\n\n\n<li>Contr\u00f4le qualit\u00e9<\/li>\n<\/ul>\n","protected":false},"excerpt":{"rendered":"<p>TRADUCTION DE JEUX VID\u00c9O EN RUSSE Lorsqu\u2019ils jouent \u00e0 un jeu vid\u00e9o, les joueurs russes aiment g\u00e9n\u00e9ralement que celui-ci soit dans leur langue maternelle afin [&#8230;]<\/p>\n<p><a class=\"btn btn-secondary understrap-read-more-link\" href=\"https:\/\/culturesconnection.com\/fr\/services-de-traduction-russe\/traduction-jeux-video-en-russe\/\">Lire la suite\u2026<span class=\"screen-reader-text\"> from Traduction de jeux vid\u00e9o en russe<\/span><\/a><\/p>\n","protected":false},"author":29,"featured_media":24329,"parent":5632,"menu_order":0,"comment_status":"closed","ping_status":"closed","template":"","meta":{"_acf_changed":false,"_editorskit_title_hidden":false,"_editorskit_reading_time":0,"_editorskit_is_block_options_detached":false,"_editorskit_block_options_position":"{}","footnotes":""},"class_list":["post-5408","page","type-page","status-publish","has-post-thumbnail","hentry"],"acf":[],"_links":{"self":[{"href":"https:\/\/culturesconnection.com\/fr\/wp-json\/wp\/v2\/pages\/5408","targetHints":{"allow":["GET"]}}],"collection":[{"href":"https:\/\/culturesconnection.com\/fr\/wp-json\/wp\/v2\/pages"}],"about":[{"href":"https:\/\/culturesconnection.com\/fr\/wp-json\/wp\/v2\/types\/page"}],"author":[{"embeddable":true,"href":"https:\/\/culturesconnection.com\/fr\/wp-json\/wp\/v2\/users\/29"}],"replies":[{"embeddable":true,"href":"https:\/\/culturesconnection.com\/fr\/wp-json\/wp\/v2\/comments?post=5408"}],"version-history":[{"count":0,"href":"https:\/\/culturesconnection.com\/fr\/wp-json\/wp\/v2\/pages\/5408\/revisions"}],"up":[{"embeddable":true,"href":"https:\/\/culturesconnection.com\/fr\/wp-json\/wp\/v2\/pages\/5632"}],"wp:featuredmedia":[{"embeddable":true,"href":"https:\/\/culturesconnection.com\/fr\/wp-json\/wp\/v2\/media\/24329"}],"wp:attachment":[{"href":"https:\/\/culturesconnection.com\/fr\/wp-json\/wp\/v2\/media?parent=5408"}],"curies":[{"name":"wp","href":"https:\/\/api.w.org\/{rel}","templated":true}]}}