{"id":5407,"date":"2016-04-26T15:21:44","date_gmt":"2016-04-26T13:21:44","guid":{"rendered":"http:\/\/culturesconnection.com\/fr\/?page_id=5407"},"modified":"2022-11-28T13:43:42","modified_gmt":"2022-11-28T12:43:42","slug":"traduction-jeux-video-en-japonais","status":"publish","type":"page","link":"https:\/\/culturesconnection.com\/fr\/services-de-traduction-japonais\/traduction-jeux-video-en-japonais\/","title":{"rendered":"Agence de traduction de jeux vid\u00e9o en japonais"},"content":{"rendered":"\n<h2 class=\"wp-block-heading\">Traduction de jeux vid\u00e9o japonais vers fran\u00e7ais et fran\u00e7ais vers japonais<\/h2>\n\n\n\n<p>Afin d\u2019optimiser aussi l\u2019exp\u00e9rience de vos joueurs issus d\u2019autres march\u00e9s, pourquoi ne pas avoir recours \u00e0 la traduction de vos jeux vid\u00e9o ? Le terme traduction n\u2019est en fait pas le plus adapt\u00e9, car ce travail implique bien plus que la simple transposition. La dimension culturelle doit \u00eatre adapt\u00e9e au public cible, il y a des restrictions d\u2019espace pour le texte affich\u00e9 \u00e0 l\u2019\u00e9cran, et apr\u00e8s traduction du script, encore faut-il proc\u00e9der \u00e0 son enregistrement. C\u2019est un travail de longue haleine. Notre agence Cultures Connection vous propose ses meilleurs traducteurs localisateurs pour vos projets de traduction.<\/p>\n\n\n\n<h2 class=\"wp-block-heading\">La localisation de vos jeux vid\u00e9o du et vers le japonais<\/h2>\n\n\n\n<p>Le Japon dispose d&rsquo;une importante culture de jeux vid\u00e9o et la plupart des jeux sont traduits depuis le japonais vers une autre langue. La concurrence est rude et aucun d\u00e9tail ne doit donc \u00eatre laiss\u00e9 au hasard lors de la localisation de jeux vid\u00e9o en japonais. Notre <a href=\"https:\/\/culturesconnection.com\/fr\/\">agence de traduction<\/a> est sp\u00e9cialis\u00e9e dans ce domaine, et travaille avec des traducteurs de jeux vid\u00e9o passionn\u00e9s par leur travail. En effet, ces localisateurs sont eux-m\u00eames des joueurs inv\u00e9t\u00e9r\u00e9s et sont donc les mieux plac\u00e9s pour mener \u00e0 bien vos projets. Tout au long de leur travail, ils sont \u00e9paul\u00e9s par le chef de projet et par des testeurs. \u00c0 la fin de celui-ci, un contr\u00f4le de qualit\u00e9 est effectu\u00e9. Vos projets sont donc entre de bonnes mains avec Cultures Connection.<\/p>\n\n\n\n<h2 class=\"wp-block-heading\">Nos services de traduction de jeux vid\u00e9o en japonais<\/h2>\n\n\n\n<p>Voici les diff\u00e9rents types de <a href=\"https:\/\/culturesconnection.com\/fr\/services-de-traduction\/\">services de traduction<\/a> et de <a href=\"https:\/\/culturesconnection.com\/fr\/traduction-localisation-jeux-video\/\">localisation de jeux vid\u00e9o<\/a> propos\u00e9s par Cultures Connection :<\/p>\n\n\n\n<ul class=\"wp-block-list\"><li>Traduction de jeux vid\u00e9o<\/li><li>Localisation de jeux vid\u00e9o<\/li><li>Gestion de projet<\/li><li>Sous-titrage<\/li><li>Enregistrement et doublage<\/li><li>Contr\u00f4le qualit\u00e9<\/li><\/ul>\n","protected":false},"excerpt":{"rendered":"<p>Traduction de jeux vid\u00e9o japonais vers fran\u00e7ais et fran\u00e7ais vers japonais Afin d\u2019optimiser aussi l\u2019exp\u00e9rience de vos joueurs issus d\u2019autres march\u00e9s, pourquoi ne pas avoir [&#8230;]<\/p>\n<p><a class=\"btn btn-secondary understrap-read-more-link\" href=\"https:\/\/culturesconnection.com\/fr\/services-de-traduction-japonais\/traduction-jeux-video-en-japonais\/\">Lire la suite\u2026<span class=\"screen-reader-text\"> from Agence de traduction de jeux vid\u00e9o en japonais<\/span><\/a><\/p>\n","protected":false},"author":29,"featured_media":24329,"parent":5625,"menu_order":0,"comment_status":"closed","ping_status":"closed","template":"","meta":{"_acf_changed":false,"_editorskit_title_hidden":false,"_editorskit_reading_time":0,"_editorskit_is_block_options_detached":false,"_editorskit_block_options_position":"{}","footnotes":""},"class_list":["post-5407","page","type-page","status-publish","has-post-thumbnail","hentry"],"acf":[],"_links":{"self":[{"href":"https:\/\/culturesconnection.com\/fr\/wp-json\/wp\/v2\/pages\/5407","targetHints":{"allow":["GET"]}}],"collection":[{"href":"https:\/\/culturesconnection.com\/fr\/wp-json\/wp\/v2\/pages"}],"about":[{"href":"https:\/\/culturesconnection.com\/fr\/wp-json\/wp\/v2\/types\/page"}],"author":[{"embeddable":true,"href":"https:\/\/culturesconnection.com\/fr\/wp-json\/wp\/v2\/users\/29"}],"replies":[{"embeddable":true,"href":"https:\/\/culturesconnection.com\/fr\/wp-json\/wp\/v2\/comments?post=5407"}],"version-history":[{"count":0,"href":"https:\/\/culturesconnection.com\/fr\/wp-json\/wp\/v2\/pages\/5407\/revisions"}],"up":[{"embeddable":true,"href":"https:\/\/culturesconnection.com\/fr\/wp-json\/wp\/v2\/pages\/5625"}],"wp:featuredmedia":[{"embeddable":true,"href":"https:\/\/culturesconnection.com\/fr\/wp-json\/wp\/v2\/media\/24329"}],"wp:attachment":[{"href":"https:\/\/culturesconnection.com\/fr\/wp-json\/wp\/v2\/media?parent=5407"}],"curies":[{"name":"wp","href":"https:\/\/api.w.org\/{rel}","templated":true}]}}