{"id":5393,"date":"2016-04-25T22:35:35","date_gmt":"2016-04-25T20:35:35","guid":{"rendered":"http:\/\/culturesconnection.com\/fr\/?page_id=5393"},"modified":"2022-11-25T09:28:38","modified_gmt":"2022-11-25T08:28:38","slug":"traduction-jeux-video-en-chinois","status":"publish","type":"page","link":"https:\/\/culturesconnection.com\/fr\/services-de-traduction-chinois\/traduction-jeux-video-en-chinois\/","title":{"rendered":"Agence de traduction de jeux vid\u00e9o en chinois"},"content":{"rendered":"\n<h2 class=\"wp-block-heading\">Traduction de jeux vid\u00e9o en chinois : pour la meilleure exp\u00e9rience de jeu<\/h2>\n\n\n\n<p>La population chinoise pourrait tr\u00e8s bien s\u2019int\u00e9resser \u00e0 votre jeu vid\u00e9o, ce qui vous permettrait de le diffuser \u00e0 l\u2019\u00e9tranger ! Mais pour le savoir et entamer le processus de progression de vos ventes, il faudra passer par l\u2019\u00e9tape de la traduction et de la localisation de votre jeu. Pour ce faire, il vous suffit de confier le contenu \u00e0 notre <a href=\"https:\/\/culturesconnection.com\/fr\/\">agence de traduction<\/a>, qui assignera alors le projet \u00e0 un professionnel de la traduction de jeux vid\u00e9o en chinois. Les experts avec qui nous collaborons sont tous s\u00e9lectionn\u00e9s en fonction de leurs formations, de leurs exp\u00e9riences et de leurs qualifications dans le domaine recherch\u00e9. Nous vous proposerons toujours le traducteur professionnel le plus adapt\u00e9 \u00e0 votre projet et \u00e0 vos exigences.<\/p>\n\n\n\n<h2 class=\"wp-block-heading\">Notre agence de traduction et de localisation de jeux vid\u00e9o<\/h2>\n\n\n\n<p>Au sein de Cultures Connection, nous visons des r\u00e9sultats de qualit\u00e9. Les moqueries concernant des traductions douteuses dans les jeux vid\u00e9o foisonnent sur la toile. Notre \u00e9quipe veille \u00e0 \u00e9viter ce genre de situation embarrassante et \u00e0 assurer un maximum de cr\u00e9dibilit\u00e9 \u00e0 tous les d\u00e9veloppeurs de jeux qui optent pour notre entreprise de traduction. \u00c0 ces fins, nos traducteurs chinois &#8211; fran\u00e7ais et fran\u00e7ais &#8211; chinois se chargent \u00e9galement de localiser votre contenu. En d\u2019autres termes, ils l\u2019adaptent \u00e0 la culture cible afin d\u2019\u00e9viter tout malentendu. Vous pouvez faire confiance \u00e0 nos <a href=\"https:\/\/culturesconnection.com\/fr\/services-de-traduction\/\">services de traduction<\/a>, notre exp\u00e9rience prouv\u00e9e dans le domaine nous permet d\u2019\u00eatre fiables, rapides et r\u00e9actifs.<\/p>\n\n\n\n<h2 class=\"wp-block-heading\">Nos services de traduction de jeux vid\u00e9o en chinois<\/h2>\n\n\n\n<p>Cultures Connection propose des services de <a href=\"https:\/\/culturesconnection.com\/fr\/traduction-localisation-jeux-video\/\">traduction et de localisation de jeux vid\u00e9o<\/a>, et plus encore :<\/p>\n\n\n\n<ul class=\"wp-block-list\"><li>Traduction de jeux vid\u00e9o<\/li><li>Localisation de jeux vid\u00e9o<\/li><li>Gestion de projet<\/li><li>Sous-titrage<\/li><li>Enregistrement et doublage<\/li><li>Contr\u00f4le qualit\u00e9<\/li><\/ul>\n","protected":false},"excerpt":{"rendered":"<p>Traduction de jeux vid\u00e9o en chinois : pour la meilleure exp\u00e9rience de jeu La population chinoise pourrait tr\u00e8s bien s\u2019int\u00e9resser \u00e0 votre jeu vid\u00e9o, ce [&#8230;]<\/p>\n<p><a class=\"btn btn-secondary understrap-read-more-link\" href=\"https:\/\/culturesconnection.com\/fr\/services-de-traduction-chinois\/traduction-jeux-video-en-chinois\/\">Lire la suite\u2026<span class=\"screen-reader-text\"> from Agence de traduction de jeux vid\u00e9o en chinois<\/span><\/a><\/p>\n","protected":false},"author":29,"featured_media":24329,"parent":5618,"menu_order":0,"comment_status":"closed","ping_status":"closed","template":"","meta":{"_acf_changed":false,"_editorskit_title_hidden":false,"_editorskit_reading_time":0,"_editorskit_is_block_options_detached":false,"_editorskit_block_options_position":"{}","footnotes":""},"class_list":["post-5393","page","type-page","status-publish","has-post-thumbnail","hentry"],"acf":[],"_links":{"self":[{"href":"https:\/\/culturesconnection.com\/fr\/wp-json\/wp\/v2\/pages\/5393","targetHints":{"allow":["GET"]}}],"collection":[{"href":"https:\/\/culturesconnection.com\/fr\/wp-json\/wp\/v2\/pages"}],"about":[{"href":"https:\/\/culturesconnection.com\/fr\/wp-json\/wp\/v2\/types\/page"}],"author":[{"embeddable":true,"href":"https:\/\/culturesconnection.com\/fr\/wp-json\/wp\/v2\/users\/29"}],"replies":[{"embeddable":true,"href":"https:\/\/culturesconnection.com\/fr\/wp-json\/wp\/v2\/comments?post=5393"}],"version-history":[{"count":0,"href":"https:\/\/culturesconnection.com\/fr\/wp-json\/wp\/v2\/pages\/5393\/revisions"}],"up":[{"embeddable":true,"href":"https:\/\/culturesconnection.com\/fr\/wp-json\/wp\/v2\/pages\/5618"}],"wp:featuredmedia":[{"embeddable":true,"href":"https:\/\/culturesconnection.com\/fr\/wp-json\/wp\/v2\/media\/24329"}],"wp:attachment":[{"href":"https:\/\/culturesconnection.com\/fr\/wp-json\/wp\/v2\/media?parent=5393"}],"curies":[{"name":"wp","href":"https:\/\/api.w.org\/{rel}","templated":true}]}}