{"id":5392,"date":"2016-05-02T20:11:31","date_gmt":"2016-05-02T18:11:31","guid":{"rendered":"http:\/\/culturesconnection.com\/fr\/?page_id=5392"},"modified":"2022-11-24T15:43:04","modified_gmt":"2022-11-24T14:43:04","slug":"traduction-audiovisuelle-chinois","status":"publish","type":"page","link":"https:\/\/culturesconnection.com\/fr\/services-de-traduction-chinois\/traduction-audiovisuelle-chinois\/","title":{"rendered":"Agence de traduction audiovisuelle en chinois"},"content":{"rendered":"\n<h2 class=\"wp-block-heading\">Traduction audiovisuelle chinois &#8211; fran\u00e7ais : la version \u00e9trang\u00e8re de vos m\u00e9dias pour la Chine<\/h2>\n\n\n\n<p>Les m\u00e9dias repr\u00e9sentent un acteur incontournable de notre soci\u00e9t\u00e9. Nous passons beaucoup de temps devant les \u00e9crans : \u00e9crans de cin\u00e9ma, d\u2019ordinateur, de t\u00e9l\u00e9vision\u2026 Comme c&rsquo;est le cas pour tous les moyens de communication destin\u00e9s \u00e0 des lecteurs et auditeurs de langues et cultures diff\u00e9rentes, nos amis les traducteurs entrent en sc\u00e8ne pour nous aider \u00e0 rester interconnect\u00e9s. Votre entreprise a besoin de diffuser un contenu multim\u00e9dia en Chine ? Confiez-nous ce contenu et notre <a href=\"https:\/\/culturesconnection.com\/fr\/\">agence de traduction<\/a> se chargera de le rendre accessible et compr\u00e9hensible \u00e0 la population chinoise. De plus, nous vous assurons des <a href=\"https:\/\/culturesconnection.com\/fr\/services-de-traduction\/\">services de traduction<\/a> de qualit\u00e9.<\/p>\n\n\n\n<h2 class=\"wp-block-heading\">Nos services de sous-titrage en chinois<\/h2>\n\n\n\n<p>Les transferts linguistiques audiovisuels ne sont pas une t\u00e2che facile. Pour cette raison, Cultures Connection s\u2019est charg\u00e9e de s\u00e9lectionner pour vous les professionnels de la <a href=\"https:\/\/culturesconnection.com\/fr\/traduction-audiovisuelle\/\">traduction audiovisuelle<\/a> en chinois les plus qualifi\u00e9s. Ils ma\u00eetrisent parfaitement le fran\u00e7ais, le chinois et traduisent toujours vers leur langue maternelle. Ces traducteurs sp\u00e9cialis\u00e9s et nos techniciens audiovisuels collaborent afin de vous fournir le meilleur des r\u00e9sultats. Que recherchez-vous ? Transcription, sous-titrage, voix off ? Nous nous chargeons de vous livrer un r\u00e9sultat optimal.<\/p>\n\n\n\n<h2 class=\"wp-block-heading\">Les contenus audiovisuels que notre agence traduit en chinois<\/h2>\n\n\n\n<p>Quel type de support souhaitez-vous faire traduire ? Nos clients nous confient de nombreux type de contenus diff\u00e9rents. En voici quelques exemples :<\/p>\n\n\n\n<ul class=\"wp-block-list\"><li>Textes audio<\/li><li>Vid\u00e9os commerciales et publicitaires<\/li><li>Vid\u00e9os institutionnelles<\/li><li>Interviews<\/li><li>Documentaires<\/li><li>Jeux vid\u00e9o<\/li><li>Films d\u2019entreprise<\/li><\/ul>\n","protected":false},"excerpt":{"rendered":"<p>Traduction audiovisuelle chinois &#8211; fran\u00e7ais : la version \u00e9trang\u00e8re de vos m\u00e9dias pour la Chine Les m\u00e9dias repr\u00e9sentent un acteur incontournable de notre soci\u00e9t\u00e9. Nous [&#8230;]<\/p>\n<p><a class=\"btn btn-secondary understrap-read-more-link\" href=\"https:\/\/culturesconnection.com\/fr\/services-de-traduction-chinois\/traduction-audiovisuelle-chinois\/\">Lire la suite\u2026<span class=\"screen-reader-text\"> from Agence de traduction audiovisuelle en chinois<\/span><\/a><\/p>\n","protected":false},"author":26,"featured_media":24329,"parent":5618,"menu_order":0,"comment_status":"closed","ping_status":"closed","template":"","meta":{"_acf_changed":false,"_editorskit_title_hidden":false,"_editorskit_reading_time":1,"_editorskit_is_block_options_detached":false,"_editorskit_block_options_position":"{}","footnotes":""},"class_list":["post-5392","page","type-page","status-publish","has-post-thumbnail","hentry"],"acf":[],"_links":{"self":[{"href":"https:\/\/culturesconnection.com\/fr\/wp-json\/wp\/v2\/pages\/5392","targetHints":{"allow":["GET"]}}],"collection":[{"href":"https:\/\/culturesconnection.com\/fr\/wp-json\/wp\/v2\/pages"}],"about":[{"href":"https:\/\/culturesconnection.com\/fr\/wp-json\/wp\/v2\/types\/page"}],"author":[{"embeddable":true,"href":"https:\/\/culturesconnection.com\/fr\/wp-json\/wp\/v2\/users\/26"}],"replies":[{"embeddable":true,"href":"https:\/\/culturesconnection.com\/fr\/wp-json\/wp\/v2\/comments?post=5392"}],"version-history":[{"count":0,"href":"https:\/\/culturesconnection.com\/fr\/wp-json\/wp\/v2\/pages\/5392\/revisions"}],"up":[{"embeddable":true,"href":"https:\/\/culturesconnection.com\/fr\/wp-json\/wp\/v2\/pages\/5618"}],"wp:featuredmedia":[{"embeddable":true,"href":"https:\/\/culturesconnection.com\/fr\/wp-json\/wp\/v2\/media\/24329"}],"wp:attachment":[{"href":"https:\/\/culturesconnection.com\/fr\/wp-json\/wp\/v2\/media?parent=5392"}],"curies":[{"name":"wp","href":"https:\/\/api.w.org\/{rel}","templated":true}]}}